{"id":142,"date":"2023-10-18T15:09:58","date_gmt":"2023-10-18T13:09:58","guid":{"rendered":"https:\/\/portal.fairmuse.eu\/?page_id=142"},"modified":"2025-05-28T16:39:59","modified_gmt":"2025-05-28T14:39:59","slug":"fair-muse-portal","status":"publish","type":"page","link":"https:\/\/portal.fairmuse.eu\/da","title":{"rendered":"Fair MusE Portal"},"content":{"rendered":"<div data-elementor-type=\"wp-page\" data-elementor-id=\"142\" class=\"elementor elementor-142\" data-elementor-post-type=\"page\">\n\t\t\t\t<div class=\"elementor-element elementor-element-affc08f e-con-full e-flex e-con e-parent\" data-id=\"affc08f\" data-element_type=\"container\" data-settings=\"{&quot;background_background&quot;:&quot;classic&quot;}\">\n\t\t\t\t<div class=\"elementor-element elementor-element-711d701 elementor-widget elementor-widget-text-editor\" data-id=\"711d701\" data-element_type=\"widget\" data-widget_type=\"text-editor.default\">\n\t\t\t\t<div class=\"elementor-widget-container\">\n\t\t\t\t\t\t\t\t\t<h1><strong>Hj\u00e6lp os ved at dele din lytte-historik!<\/strong><\/h1>\t\t\t\t\t\t\t\t<\/div>\n\t\t\t\t<\/div>\n\t\t\t\t<\/div>\n\t\t<div class=\"elementor-element elementor-element-323ccf5 e-flex e-con-boxed e-con e-parent\" data-id=\"323ccf5\" data-element_type=\"container\">\n\t\t\t\t\t<div class=\"e-con-inner\">\n\t\t\t\t<div class=\"elementor-element elementor-element-ddae92b elementor-widget elementor-widget-spacer\" data-id=\"ddae92b\" data-element_type=\"widget\" data-widget_type=\"spacer.default\">\n\t\t\t\t<div class=\"elementor-widget-container\">\n\t\t\t\t\t\t\t<div class=\"elementor-spacer\">\n\t\t\t<div class=\"elementor-spacer-inner\"><\/div>\n\t\t<\/div>\n\t\t\t\t\t\t<\/div>\n\t\t\t\t<\/div>\n\t\t\t\t<div class=\"elementor-element elementor-element-6c5d43a elementor-widget elementor-widget-shortcode\" data-id=\"6c5d43a\" data-element_type=\"widget\" data-widget_type=\"shortcode.default\">\n\t\t\t\t<div class=\"elementor-widget-container\">\n\t\t\t\t\t\t\t<div class=\"elementor-shortcode\"> <div class=\"trp_language_switcher_shortcode\">\n<div class=\"trp-language-switcher trp-language-switcher-container\" data-no-translation>\n    <div class=\"trp-ls-shortcode-current-language\">\n        <a href=\"#\" class=\"trp-ls-shortcode-disabled-language trp-ls-disabled-language\" title=\"Dansk\" onclick=\"event.preventDefault()\">\n\t\t\t<img decoding=\"async\" class=\"trp-flag-image\" src=\"https:\/\/portal.fairmuse.eu\/wp-content\/plugins\/translatepress-multilingual\/assets\/images\/flags\/da_DK.png\" width=\"18\" height=\"12\" alt=\"da_DK\" title=\"Dansk\"> DA\t\t<\/a>\n    <\/div>\n    <div class=\"trp-ls-shortcode-language\">\n                <a href=\"#\" class=\"trp-ls-shortcode-disabled-language trp-ls-disabled-language\"  title=\"Dansk\" onclick=\"event.preventDefault()\">\n\t\t\t<img decoding=\"async\" class=\"trp-flag-image\" src=\"https:\/\/portal.fairmuse.eu\/wp-content\/plugins\/translatepress-multilingual\/assets\/images\/flags\/da_DK.png\" width=\"18\" height=\"12\" alt=\"da_DK\" title=\"Dansk\"> DA\t\t<\/a>\n                    <a href=\"https:\/\/portal.fairmuse.eu\/da\/wp-json\/wp\/v2\/pages\/142\" title=\"Deutsch\">\n            <img decoding=\"async\" class=\"trp-flag-image\" src=\"https:\/\/portal.fairmuse.eu\/wp-content\/plugins\/translatepress-multilingual\/assets\/images\/flags\/de_DE.png\" width=\"18\" height=\"12\" alt=\"de_DE\" title=\"Deutsch\"> DE        <\/a>\n\n            <a href=\"https:\/\/portal.fairmuse.eu\/da\/wp-json\/wp\/v2\/pages\/142\" title=\"English (UK)\">\n            <img decoding=\"async\" class=\"trp-flag-image\" src=\"https:\/\/portal.fairmuse.eu\/wp-content\/plugins\/translatepress-multilingual\/assets\/images\/flags\/en_GB.png\" width=\"18\" height=\"12\" alt=\"en_GB\" title=\"English (UK)\"> EN        <\/a>\n\n            <a href=\"https:\/\/portal.fairmuse.eu\/da\/wp-json\/wp\/v2\/pages\/142\" title=\"\u0395\u03bb\u03bb\u03b7\u03bd\u03b9\u03ba\u03ac\">\n            <img loading=\"lazy\" decoding=\"async\" class=\"trp-flag-image\" src=\"https:\/\/portal.fairmuse.eu\/wp-content\/plugins\/translatepress-multilingual\/assets\/images\/flags\/el.png\" width=\"18\" height=\"12\" alt=\"el\" title=\"\u0395\u03bb\u03bb\u03b7\u03bd\u03b9\u03ba\u03ac\"> EL        <\/a>\n\n            <a href=\"https:\/\/portal.fairmuse.eu\/da\/wp-json\/wp\/v2\/pages\/142\" title=\"Espa\u00f1ol\">\n            <img loading=\"lazy\" decoding=\"async\" class=\"trp-flag-image\" src=\"https:\/\/portal.fairmuse.eu\/wp-content\/plugins\/translatepress-multilingual\/assets\/images\/flags\/es_ES.png\" width=\"18\" height=\"12\" alt=\"es_ES\" title=\"Espa\u00f1ol\"> ES        <\/a>\n\n            <a href=\"https:\/\/portal.fairmuse.eu\/da\/wp-json\/wp\/v2\/pages\/142\" title=\"Fran\u00e7ais\">\n            <img loading=\"lazy\" decoding=\"async\" class=\"trp-flag-image\" src=\"https:\/\/portal.fairmuse.eu\/wp-content\/plugins\/translatepress-multilingual\/assets\/images\/flags\/fr_FR.png\" width=\"18\" height=\"12\" alt=\"fr_FR\" title=\"Fran\u00e7ais\"> FR        <\/a>\n\n            <a href=\"https:\/\/portal.fairmuse.eu\/da\/wp-json\/wp\/v2\/pages\/142\" title=\"Italiano\">\n            <img loading=\"lazy\" decoding=\"async\" class=\"trp-flag-image\" src=\"https:\/\/portal.fairmuse.eu\/wp-content\/plugins\/translatepress-multilingual\/assets\/images\/flags\/it_IT.png\" width=\"18\" height=\"12\" alt=\"it_IT\" title=\"Italiano\"> IT        <\/a>\n\n            <a href=\"https:\/\/portal.fairmuse.eu\/da\/wp-json\/wp\/v2\/pages\/142\" title=\"Portugu\u00eas\">\n            <img loading=\"lazy\" decoding=\"async\" class=\"trp-flag-image\" src=\"https:\/\/portal.fairmuse.eu\/wp-content\/plugins\/translatepress-multilingual\/assets\/images\/flags\/pt_PT.png\" width=\"18\" height=\"12\" alt=\"pt_PT\" title=\"Portugu\u00eas\"> PT        <\/a>\n\n        <\/div>\n    <script type=\"application\/javascript\">\n        \/\/ need to have the same with set from JS on both divs. Otherwise it can push stuff around in HTML\n        var trp_ls_shortcodes = document.querySelectorAll('.trp_language_switcher_shortcode .trp-language-switcher');\n        if ( trp_ls_shortcodes.length > 0) {\n            \/\/ get the last language switcher added\n            var trp_el = trp_ls_shortcodes[trp_ls_shortcodes.length - 1];\n\n            var trp_shortcode_language_item = trp_el.querySelector( '.trp-ls-shortcode-language' )\n            \/\/ set width\n            var trp_ls_shortcode_width                                               = trp_shortcode_language_item.offsetWidth + 16;\n            trp_shortcode_language_item.style.width                                  = trp_ls_shortcode_width + 'px';\n            trp_el.querySelector( '.trp-ls-shortcode-current-language' ).style.width = trp_ls_shortcode_width + 'px';\n\n            \/\/ We're putting this on display: none after we have its width.\n            trp_shortcode_language_item.style.display = 'none';\n        }\n    <\/script>\n<\/div>\n<\/div><\/div>\n\t\t\t\t\t\t<\/div>\n\t\t\t\t<\/div>\n\t\t\t\t\t<\/div>\n\t\t\t\t<\/div>\n\t\t<div class=\"elementor-element elementor-element-21a8816 e-flex e-con-boxed e-con e-parent\" data-id=\"21a8816\" data-element_type=\"container\">\n\t\t\t\t\t<div class=\"e-con-inner\">\n\t\t<div class=\"elementor-element elementor-element-a6474ba e-con-full e-flex e-con e-child\" data-id=\"a6474ba\" data-element_type=\"container\">\n\t\t\t\t<div class=\"elementor-element elementor-element-37d7234 elementor-widget__width-initial elementor-widget elementor-widget-image\" data-id=\"37d7234\" data-element_type=\"widget\" data-widget_type=\"image.default\">\n\t\t\t\t<div class=\"elementor-widget-container\">\n\t\t\t\t\t\t\t\t\t\t\t\t\t\t\t<img loading=\"lazy\" decoding=\"async\" width=\"1653\" height=\"1653\" src=\"https:\/\/portal.fairmuse.eu\/wp-content\/uploads\/2023\/11\/datashare-icon.png\" class=\"attachment-full size-full wp-image-1850\" alt=\"FairMusE Portal\" srcset=\"https:\/\/portal.fairmuse.eu\/wp-content\/uploads\/2023\/11\/datashare-icon.png 1653w, https:\/\/portal.fairmuse.eu\/wp-content\/uploads\/2023\/11\/datashare-icon-300x300.png 300w, https:\/\/portal.fairmuse.eu\/wp-content\/uploads\/2023\/11\/datashare-icon-1024x1024.png 1024w, https:\/\/portal.fairmuse.eu\/wp-content\/uploads\/2023\/11\/datashare-icon-150x150.png 150w, https:\/\/portal.fairmuse.eu\/wp-content\/uploads\/2023\/11\/datashare-icon-768x768.png 768w, https:\/\/portal.fairmuse.eu\/wp-content\/uploads\/2023\/11\/datashare-icon-1536x1536.png 1536w\" sizes=\"(max-width: 1653px) 100vw, 1653px\" \/>\t\t\t\t\t\t\t\t\t\t\t\t\t\t\t<\/div>\n\t\t\t\t<\/div>\n\t\t\t\t<\/div>\n\t\t<div class=\"elementor-element elementor-element-a95be85 e-con-full e-flex e-con e-child\" data-id=\"a95be85\" data-element_type=\"container\">\n\t\t\t\t<div class=\"elementor-element elementor-element-6651f5e elementor-widget__width-initial elementor-widget elementor-widget-text-editor\" data-id=\"6651f5e\" data-element_type=\"widget\" data-widget_type=\"text-editor.default\">\n\t\t\t\t<div class=\"elementor-widget-container\">\n\t\t\t\t\t\t\t\t\t<h3><strong>V\u00e6r med til at skabe en bedre musiksektor I Europa<\/strong><\/h3><p>K\u00e6re streaming-bruger,<\/p><p><span style=\"font-weight: 400;\">Vi har brug for din hj\u00e6lp! Vi vil i dette forskningsprojekt gerne unders\u00f8ge musiktjenesters algoritmer, for at forst\u00e5 hvordan de anbefaler musik til brugere og hvor fair denne praksis er.<\/span><\/p><p><span style=\"font-weight: 400;\">Du kan hj\u00e6lpe os ved at bede din streamingtjeneste (Spotify, Apple Music eller YouTube) om dine musikstreaming data. Ved at dele din data bringer du os et skridt t\u00e6ttere p\u00e5 at forst\u00e5 streamingtjenesternes algoritmer!<\/span><\/p><p><span style=\"font-weight: 400;\">I denne portal guider vi dig i processen - fra hvordan du henter dine data samt hvordan du donerer dem til dette forskningsprojekt.<\/span><\/p><p><span style=\"font-weight: 400;\">Fair MusE er et forskningsprojekt under Horizon Europe, der har til form\u00e5l at g\u00f8re musiksektoren i Europa mere effektiv, mere konkurrencedygtig og mere b\u00e6redygtig. Fair MusE-teamet fors\u00f8ger at kaste lys over, hvordan musikalgoritmer, dataindsamling og udnyttelsesmodeller p\u00e5 sociale medier og streamingplatforme p\u00e5virker musikskabere og lyttere<\/span><\/p>\t\t\t\t\t\t\t\t<\/div>\n\t\t\t\t<\/div>\n\t\t\t\t<div class=\"elementor-element elementor-element-1bf278f elementor-align-left elementor-mobile-align-right elementor-widget elementor-widget-button\" data-id=\"1bf278f\" data-element_type=\"widget\" data-widget_type=\"button.default\">\n\t\t\t\t<div class=\"elementor-widget-container\">\n\t\t\t\t\t\t\t\t\t<div class=\"elementor-button-wrapper\">\n\t\t\t\t\t<a class=\"elementor-button elementor-button-link elementor-size-sm\" href=\"https:\/\/portal.fairmuse.eu\/da\/hjem\/\">\n\t\t\t\t\t\t<span class=\"elementor-button-content-wrapper\">\n\t\t\t\t\t\t<span class=\"elementor-button-icon\">\n\t\t\t\t<i aria-hidden=\"true\" class=\"fas fa-arrow-right\"><\/i>\t\t\t<\/span>\n\t\t\t\t\t\t\t\t\t<span class=\"elementor-button-text\">L\u00e6s mere her<\/span>\n\t\t\t\t\t<\/span>\n\t\t\t\t\t<\/a>\n\t\t\t\t<\/div>\n\t\t\t\t\t\t\t\t<\/div>\n\t\t\t\t<\/div>\n\t\t\t\t<\/div>\n\t\t\t\t\t<\/div>\n\t\t\t\t<\/div>\n\t\t<div class=\"elementor-element elementor-element-94b64c5 e-con-full e-flex e-con e-parent\" data-id=\"94b64c5\" data-element_type=\"container\">\n\t\t\t\t<div class=\"elementor-element elementor-element-bb03b67 elementor-widget elementor-widget-spacer\" data-id=\"bb03b67\" data-element_type=\"widget\" data-widget_type=\"spacer.default\">\n\t\t\t\t<div class=\"elementor-widget-container\">\n\t\t\t\t\t\t\t<div class=\"elementor-spacer\">\n\t\t\t<div class=\"elementor-spacer-inner\"><\/div>\n\t\t<\/div>\n\t\t\t\t\t\t<\/div>\n\t\t\t\t<\/div>\n\t\t\t\t<div class=\"elementor-element elementor-element-1878b47 elementor-widget__width-initial elementor-widget elementor-widget-video\" data-id=\"1878b47\" data-element_type=\"widget\" data-settings=\"{&quot;youtube_url&quot;:&quot;https:\\\/\\\/www.youtube.com\\\/watch?v=ebqvWWOcDa8&quot;,&quot;video_type&quot;:&quot;youtube&quot;,&quot;controls&quot;:&quot;yes&quot;}\" data-widget_type=\"video.default\">\n\t\t\t\t<div class=\"elementor-widget-container\">\n\t\t\t\t\t\t\t<div class=\"elementor-wrapper elementor-open-inline\">\n\t\t\t<div class=\"elementor-video\"><\/div>\t\t<\/div>\n\t\t\t\t\t\t<\/div>\n\t\t\t\t<\/div>\n\t\t\t\t<div class=\"elementor-element elementor-element-d6a98b8 elementor-widget elementor-widget-spacer\" data-id=\"d6a98b8\" data-element_type=\"widget\" data-widget_type=\"spacer.default\">\n\t\t\t\t<div class=\"elementor-widget-container\">\n\t\t\t\t\t\t\t<div class=\"elementor-spacer\">\n\t\t\t<div class=\"elementor-spacer-inner\"><\/div>\n\t\t<\/div>\n\t\t\t\t\t\t<\/div>\n\t\t\t\t<\/div>\n\t\t\t\t<\/div>\n\t\t\t\t<\/div>","protected":false},"excerpt":{"rendered":"<p>Hj\u00e6lp os med dine musiklyttedata V\u00e6r med til at forme en bedre musiksektor i Europa K\u00e6re streamingbruger, Vi vil gerne have din hj\u00e6lp til et forskningsprojekt. Vi analyserer musikstreamingdata fra brugere af forskellige streamingtjenester i Europa. Du kan hj\u00e6lpe os ved at sp\u00f8rge din streamingtjeneste (Spotify, Apple [...]<\/p>","protected":false},"author":2,"featured_media":3064,"parent":0,"menu_order":0,"comment_status":"closed","ping_status":"closed","template":"elementor_header_footer","meta":{"_acf_changed":false,"footnotes":""},"class_list":["post-142","page","type-page","status-publish","has-post-thumbnail","hentry"],"acf":[],"_links":{"self":[{"href":"https:\/\/portal.fairmuse.eu\/da\/wp-json\/wp\/v2\/pages\/142","targetHints":{"allow":["GET"]}}],"collection":[{"href":"https:\/\/portal.fairmuse.eu\/da\/wp-json\/wp\/v2\/pages"}],"about":[{"href":"https:\/\/portal.fairmuse.eu\/da\/wp-json\/wp\/v2\/types\/page"}],"author":[{"embeddable":true,"href":"https:\/\/portal.fairmuse.eu\/da\/wp-json\/wp\/v2\/users\/2"}],"replies":[{"embeddable":true,"href":"https:\/\/portal.fairmuse.eu\/da\/wp-json\/wp\/v2\/comments?post=142"}],"version-history":[{"count":606,"href":"https:\/\/portal.fairmuse.eu\/da\/wp-json\/wp\/v2\/pages\/142\/revisions"}],"predecessor-version":[{"id":10834,"href":"https:\/\/portal.fairmuse.eu\/da\/wp-json\/wp\/v2\/pages\/142\/revisions\/10834"}],"wp:featuredmedia":[{"embeddable":true,"href":"https:\/\/portal.fairmuse.eu\/da\/wp-json\/wp\/v2\/media\/3064"}],"wp:attachment":[{"href":"https:\/\/portal.fairmuse.eu\/da\/wp-json\/wp\/v2\/media?parent=142"}],"curies":[{"name":"wp","href":"https:\/\/api.w.org\/{rel}","templated":true}]}}