{"id":1478,"date":"2023-11-07T15:38:40","date_gmt":"2023-11-07T14:38:40","guid":{"rendered":"https:\/\/portal.fairmuse.eu\/?page_id=1478"},"modified":"2024-05-31T12:16:56","modified_gmt":"2024-05-31T10:16:56","slug":"apple-instruktioner","status":"publish","type":"page","link":"https:\/\/portal.fairmuse.eu\/da\/apple-instruktioner\/","title":{"rendered":"Apple Instruktioner"},"content":{"rendered":"<div data-elementor-type=\"wp-page\" data-elementor-id=\"1478\" class=\"elementor elementor-1478\" data-elementor-post-type=\"page\">\n\t\t\t\t<div class=\"elementor-element elementor-element-d0b8a49 e-flex e-con-boxed e-con e-parent\" data-id=\"d0b8a49\" data-element_type=\"container\">\n\t\t\t\t\t<div class=\"e-con-inner\">\n\t\t\t\t<div class=\"elementor-element elementor-element-9969cf3 elementor-widget elementor-widget-spacer\" data-id=\"9969cf3\" data-element_type=\"widget\" data-widget_type=\"spacer.default\">\n\t\t\t\t<div class=\"elementor-widget-container\">\n\t\t\t\t\t\t\t<div class=\"elementor-spacer\">\n\t\t\t<div class=\"elementor-spacer-inner\"><\/div>\n\t\t<\/div>\n\t\t\t\t\t\t<\/div>\n\t\t\t\t<\/div>\n\t\t\t\t\t<\/div>\n\t\t\t\t<\/div>\n\t\t<div class=\"elementor-element elementor-element-6ffb99f e-flex e-con-boxed e-con e-parent\" data-id=\"6ffb99f\" data-element_type=\"container\">\n\t\t\t\t\t<div class=\"e-con-inner\">\n\t\t<div class=\"elementor-element elementor-element-cb35101 e-con-full e-flex e-con e-child\" data-id=\"cb35101\" data-element_type=\"container\">\n\t\t\t\t<div class=\"elementor-element elementor-element-fbe000b elementor-widget__width-initial elementor-widget elementor-widget-image\" data-id=\"fbe000b\" data-element_type=\"widget\" data-widget_type=\"image.default\">\n\t\t\t\t<div class=\"elementor-widget-container\">\n\t\t\t\t\t\t\t\t\t\t\t\t\t\t\t<img decoding=\"async\" width=\"150\" height=\"150\" src=\"https:\/\/portal.fairmuse.eu\/wp-content\/uploads\/2023\/11\/datashare-icon-150x150.png\" class=\"attachment-thumbnail size-thumbnail wp-image-1850\" alt=\"FairMusE Portal\" srcset=\"https:\/\/portal.fairmuse.eu\/wp-content\/uploads\/2023\/11\/datashare-icon-150x150.png 150w, https:\/\/portal.fairmuse.eu\/wp-content\/uploads\/2023\/11\/datashare-icon-300x300.png 300w, https:\/\/portal.fairmuse.eu\/wp-content\/uploads\/2023\/11\/datashare-icon-1024x1024.png 1024w, https:\/\/portal.fairmuse.eu\/wp-content\/uploads\/2023\/11\/datashare-icon-768x768.png 768w, https:\/\/portal.fairmuse.eu\/wp-content\/uploads\/2023\/11\/datashare-icon-1536x1536.png 1536w, https:\/\/portal.fairmuse.eu\/wp-content\/uploads\/2023\/11\/datashare-icon.png 1653w\" sizes=\"(max-width: 150px) 100vw, 150px\" \/>\t\t\t\t\t\t\t\t\t\t\t\t\t\t\t<\/div>\n\t\t\t\t<\/div>\n\t\t\t\t<\/div>\n\t\t<div class=\"elementor-element elementor-element-799ed29 e-con-full e-flex e-con e-child\" data-id=\"799ed29\" data-element_type=\"container\" data-settings=\"{&quot;background_background&quot;:&quot;classic&quot;}\">\n\t\t\t\t<div class=\"elementor-element elementor-element-230dcb4 elementor-widget__width-initial elementor-widget elementor-widget-heading\" data-id=\"230dcb4\" data-element_type=\"widget\" data-widget_type=\"heading.default\">\n\t\t\t\t<div class=\"elementor-widget-container\">\n\t\t\t\t\t<h2 class=\"elementor-heading-title elementor-size-default\">F\u00e5 din Apple Music lytte-historik<\/h2>\t\t\t\t<\/div>\n\t\t\t\t<\/div>\n\t\t\t\t<\/div>\n\t\t\t\t\t<\/div>\n\t\t\t\t<\/div>\n\t\t<div class=\"elementor-element elementor-element-1723de2 e-con-full e-flex e-con e-parent\" data-id=\"1723de2\" data-element_type=\"container\">\n\t\t<div class=\"elementor-element elementor-element-db4e473 e-con-full e-flex e-con e-child\" data-id=\"db4e473\" data-element_type=\"container\">\n\t\t\t\t<div class=\"elementor-element elementor-element-5cb2397 elementor-widget elementor-widget-text-editor\" data-id=\"5cb2397\" data-element_type=\"widget\" data-widget_type=\"text-editor.default\">\n\t\t\t\t<div class=\"elementor-widget-container\">\n\t\t\t\t\t\t\t\t\t<p><span style=\"font-weight: 400;\">Hvis du har et Apple Music-abonnement, skal du f\u00f8lge nedenst\u00e5ende trin.<\/span><\/p><p>Hvis du har sp\u00f8rgsm\u00e5l eller tekniske problemer, <a style=\"text-align: var(--text-align); color: #000000; text-decoration: underline;\" href=\"https:\/\/portal.fairmuse.eu\/da\/kontakt\/\">s\u00e5 send os en besked!<\/a><\/p>\t\t\t\t\t\t\t\t<\/div>\n\t\t\t\t<\/div>\n\t\t\t\t<div class=\"elementor-element elementor-element-891adbf elementor-widget__width-initial elementor-widget elementor-widget-eael-adv-accordion\" data-id=\"891adbf\" data-element_type=\"widget\" data-widget_type=\"eael-adv-accordion.default\">\n\t\t\t\t<div class=\"elementor-widget-container\">\n\t\t\t\t\t        <div class=\"eael-adv-accordion\" id=\"eael-adv-accordion-891adbf\" data-scroll-on-click=\"no\" data-scroll-speed=\"300\" data-accordion-id=\"891adbf\" data-accordion-type=\"accordion\" data-toogle-speed=\"300\">\n    <div class=\"eael-accordion-list\">\n                <div id=\"1-log-in-with-your-apple-id\" class=\"elementor-tab-title eael-accordion-header active-default\" tabindex=\"0\" data-tab=\"1\" aria-controls=\"elementor-tab-content-1431\"><p class=\"eael-accordion-tab-title\">1. Log ind med dit Apple ID<\/p><i aria-hidden=\"true\" class=\"fa-toggle fas fa-arrow-right\"><\/i><\/div><div id=\"elementor-tab-content-1431\" class=\"eael-accordion-content clearfix active-default\" data-tab=\"1\" aria-labelledby=\"1-log-in-with-your-apple-id\"><table bgcolor=\"ffffff\"><tbody><tr><td style=\"background-color: #ffffff; border: 0;\"><p class=\"translation-block\">1. Brug <span style=\"color: black\">dette link<\/span> for at komme til Apples dashboard for databeskyttelse:<\/p><p><span style=\"text-decoration: underline;\"><span style=\"color: #000000;\"><a style=\"color: #000000; text-decoration: underline;\" href=\"https:\/\/privacy.apple.com\/\" target=\"_blank\" rel=\"noopener\">https:\/\/privacy.apple.com\/<\/a><\/span><\/span><\/p><p>\u00a0<\/p><p>2. Log ind med dit Apple ID.<\/p><\/td><\/tr><tr><td style=\"background-color: #ffffff; border: 0;\"><img fetchpriority=\"high\" decoding=\"async\" class=\"wp-image-1486 size-large aligncenter\" src=\"https:\/\/portal.fairmuse.eu\/wp-content\/uploads\/2023\/11\/Step-1-Apple-1024x559.jpg\" alt=\"\" width=\"800\" height=\"437\" srcset=\"https:\/\/portal.fairmuse.eu\/wp-content\/uploads\/2023\/11\/Step-1-Apple-1024x559.jpg 1024w, https:\/\/portal.fairmuse.eu\/wp-content\/uploads\/2023\/11\/Step-1-Apple-300x164.jpg 300w, https:\/\/portal.fairmuse.eu\/wp-content\/uploads\/2023\/11\/Step-1-Apple-768x419.jpg 768w, https:\/\/portal.fairmuse.eu\/wp-content\/uploads\/2023\/11\/Step-1-Apple.jpg 1258w\" sizes=\"(max-width: 800px) 100vw, 800px\" \/><\/td><\/tr><\/tbody><\/table><\/div>\n                <\/div><div class=\"eael-accordion-list\">\n                <div id=\"2-request-your-apple-music-data\" class=\"elementor-tab-title eael-accordion-header\" tabindex=\"0\" data-tab=\"2\" aria-controls=\"elementor-tab-content-1432\"><p class=\"eael-accordion-tab-title\">2. Anmod om dine Apple Music-data<\/p><i aria-hidden=\"true\" class=\"fa-toggle fas fa-arrow-right\"><\/i><\/div><div id=\"elementor-tab-content-1432\" class=\"eael-accordion-content clearfix\" data-tab=\"2\" aria-labelledby=\"2-request-your-apple-music-data\"><table bgcolor=\"ffffff\"><tbody><tr><td style=\"background-color: #ffffff; border: 0;\"><p>1. V\u00e6lg \"Anmod om en kopi af dine data\".<\/p><p>\u00a0<\/p><p>2. V\u00e6lg kun \"Apple Media Services Information\" p\u00e5 det n\u00e6ste sk\u00e6rmbillede.<\/p><p>\u00a0<\/p><p>3. Rul til bunden, og klik p\u00e5 Forts\u00e6t.<\/p><\/td><\/tr><tr><td style=\"background-color: #ffffff; border: 0;\"><img decoding=\"async\" class=\"wp-image-3324 aligncenter\" src=\"https:\/\/portal.fairmuse.eu\/wp-content\/uploads\/2023\/12\/Step-2-Apple.jpg\" alt=\"\" width=\"489\" height=\"400\" srcset=\"https:\/\/portal.fairmuse.eu\/wp-content\/uploads\/2023\/12\/Step-2-Apple.jpg 853w, https:\/\/portal.fairmuse.eu\/wp-content\/uploads\/2023\/12\/Step-2-Apple-300x245.jpg 300w, https:\/\/portal.fairmuse.eu\/wp-content\/uploads\/2023\/12\/Step-2-Apple-768x628.jpg 768w\" sizes=\"(max-width: 489px) 100vw, 489px\" \/><\/td><\/tr><tr><td style=\"background-color: #ffffff; border: 0;\"><img loading=\"lazy\" decoding=\"async\" class=\"wp-image-3323 aligncenter\" src=\"https:\/\/portal.fairmuse.eu\/wp-content\/uploads\/2023\/12\/Step-2.5-Apple.jpg\" alt=\"\" width=\"658\" height=\"400\" srcset=\"https:\/\/portal.fairmuse.eu\/wp-content\/uploads\/2023\/12\/Step-2.5-Apple.jpg 1006w, https:\/\/portal.fairmuse.eu\/wp-content\/uploads\/2023\/12\/Step-2.5-Apple-300x183.jpg 300w, https:\/\/portal.fairmuse.eu\/wp-content\/uploads\/2023\/12\/Step-2.5-Apple-768x467.jpg 768w\" sizes=\"(max-width: 658px) 100vw, 658px\" \/><\/td><\/tr><\/tbody><\/table><\/div>\n                <\/div><div class=\"eael-accordion-list\">\n                <div id=\"3-confirm-your-request\" class=\"elementor-tab-title eael-accordion-header\" tabindex=\"0\" data-tab=\"3\" aria-controls=\"elementor-tab-content-1433\"><p class=\"eael-accordion-tab-title\">3. Bekr\u00e6ft din anmodning<\/p><i aria-hidden=\"true\" class=\"fa-toggle fas fa-arrow-right\"><\/i><\/div><div id=\"elementor-tab-content-1433\" class=\"eael-accordion-content clearfix\" data-tab=\"3\" aria-labelledby=\"3-confirm-your-request\"><p>V\u00e6lg en maksimal filst\u00f8rrelse.<\/p><table bgcolor=\"ffffff\"><tbody><tr><td style=\"background-color: #ffffff; border: 0;\"><p>1. Dine data vil blive leveret i en eller flere pakker. Vi anbefaler en filst\u00f8rrelse p\u00e5 1 GB.<\/p><p>\u00a0<\/p><p>2. Dine valg b\u00f8r kun omfatte \"1 app eller tjeneste\".<\/p><p>\u00a0<\/p><p>3. Nu skal du vente, indtil dine data er klar til at blive downloadet.<\/p><p>\u00a0<\/p><p>Du vil modtage en e-mail fra Apple med besked om, at de er ved at forberede dine data til download. Denne proces kan tage mellem et par dage og en uge, s\u00e5 Apple kan bekr\u00e6fte, at anmodningen kom fra dig, og sikre dine datas sikkerhed. Bem\u00e6rk, at download typisk kun er tilg\u00e6ngelig i en uge. Det er derfor vigtigt, at du ofte tjekker dine e-mails fra Apple.<\/p><p>Hvis du gerne vil have en p\u00e5mindelse om at uploade dine data, skal du klikke p\u00e5 f\u00f8lgende link: <span style=\"text-decoration: underline;\"><span style=\"color: #000000;\"><a style=\"color: #000000; text-decoration: underline;\" href=\"https:\/\/portal.fairmuse.eu\/da\/pamindelse\/\" target=\"_blank\" rel=\"noopener\">https:\/\/portal.fairmuse.eu\/reminder\/<\/a><\/span><\/span><\/p><p>\u00a0<\/p><p>Det er alt for nu. Tak fordi du anmodede om dine data. Du kan lukke denne side og komme tilbage, n\u00e5r du har modtaget din e-mail.<\/p><\/td><\/tr><tr><td style=\"background-color: #ffffff; border: 0;\"><img loading=\"lazy\" decoding=\"async\" class=\"wp-image-1496 size-large aligncenter\" src=\"https:\/\/portal.fairmuse.eu\/wp-content\/uploads\/2023\/11\/Step-3-Apple-1024x565.jpg\" alt=\"\" width=\"800\" height=\"441\" srcset=\"https:\/\/portal.fairmuse.eu\/wp-content\/uploads\/2023\/11\/Step-3-Apple-1024x565.jpg 1024w, https:\/\/portal.fairmuse.eu\/wp-content\/uploads\/2023\/11\/Step-3-Apple-300x165.jpg 300w, https:\/\/portal.fairmuse.eu\/wp-content\/uploads\/2023\/11\/Step-3-Apple-768x423.jpg 768w, https:\/\/portal.fairmuse.eu\/wp-content\/uploads\/2023\/11\/Step-3-Apple.jpg 1264w\" sizes=\"(max-width: 800px) 100vw, 800px\" \/><\/td><\/tr><\/tbody><\/table><\/div>\n                <\/div><div class=\"eael-accordion-list\">\n                <div id=\"4-download-your-apple-music-data\" class=\"elementor-tab-title eael-accordion-header\" tabindex=\"0\" data-tab=\"4\" aria-controls=\"elementor-tab-content-1434\"><p class=\"eael-accordion-tab-title\">4. Download dine Apple Music-data<\/p><i aria-hidden=\"true\" class=\"fa-toggle fas fa-arrow-right\"><\/i><\/div><div id=\"elementor-tab-content-1434\" class=\"eael-accordion-content clearfix\" data-tab=\"4\" aria-labelledby=\"4-download-your-apple-music-data\"><p>\u00c5bn din e-mail, og naviger til e-mailen fra Apple med titlen \"Din download anmodning er gennemf\u00f8rt.\"<\/p><table bgcolor=\"ffffff\"><tbody><tr><td style=\"background-color: #ffffff; border: 0;\"><p>Apple sender en e-mail med et link til dine data, som kan downloades i cirka to uger.<\/p><p>Hvis du ikke downloader dataene i denne periode, skal du starte anmodningsprocessen forfra.<\/p><p>(Dataene vil h\u00f8jst sandsynligt blive downloadet til din downloads-mappe)<\/p><\/td><\/tr><tr><td style=\"background-color: #ffffff; border: 0;\"><img loading=\"lazy\" decoding=\"async\" class=\"wp-image-1501 aligncenter\" src=\"https:\/\/portal.fairmuse.eu\/wp-content\/uploads\/2023\/11\/Step-5-Apple-1024x923.jpg\" alt=\"\" width=\"700\" height=\"631\" srcset=\"https:\/\/portal.fairmuse.eu\/wp-content\/uploads\/2023\/11\/Step-5-Apple-1024x923.jpg 1024w, https:\/\/portal.fairmuse.eu\/wp-content\/uploads\/2023\/11\/Step-5-Apple-300x270.jpg 300w, https:\/\/portal.fairmuse.eu\/wp-content\/uploads\/2023\/11\/Step-5-Apple-768x692.jpg 768w, https:\/\/portal.fairmuse.eu\/wp-content\/uploads\/2023\/11\/Step-5-Apple.jpg 1113w\" sizes=\"(max-width: 700px) 100vw, 700px\" \/><\/td><\/tr><\/tbody><\/table><\/div>\n                <\/div><div class=\"eael-accordion-list\">\n                <div id=\"5-upload-your-apple-music-data\" class=\"elementor-tab-title eael-accordion-header\" tabindex=\"0\" data-tab=\"5\" aria-controls=\"elementor-tab-content-1435\"><p class=\"eael-accordion-tab-title\">5. Upload dine Apple Music-data<\/p><i aria-hidden=\"true\" class=\"fa-toggle fas fa-arrow-right\"><\/i><\/div><div id=\"elementor-tab-content-1435\" class=\"eael-accordion-content clearfix\" data-tab=\"5\" aria-labelledby=\"5-upload-your-apple-music-data\"><p style=\"text-align: center;\">Find det sted p\u00e5 din computer, hvor du har gemt dataene, sandsynligvis er det mappen Downloads.<\/p><p style=\"text-align: center;\">Du kan s\u00f8ge efter den fil, der hedder \"Apple Media Services information.zip\".<\/p><p>\u00a0<\/p><p style=\"text-align: center;\">Vi filtrerer og fjerner alle data, der ikke vedr\u00f8rer dine musikvaner.<\/p><p style=\"text-align: center;\">Tryk p\u00e5 knappen nedenfor for at uploade dine musikdata.<\/p><p style=\"text-align: center;\">Tak fordi du gennemf\u00f8rte processen med at anmode om data!<\/p><\/div>\n                <\/div><\/div>\t\t\t\t<\/div>\n\t\t\t\t<\/div>\n\t\t\t\t<div class=\"elementor-element elementor-element-cb0e224 elementor-align-center elementor-widget elementor-widget-button\" data-id=\"cb0e224\" data-element_type=\"widget\" data-widget_type=\"button.default\">\n\t\t\t\t<div class=\"elementor-widget-container\">\n\t\t\t\t\t\t\t\t\t<div class=\"elementor-button-wrapper\">\n\t\t\t\t\t<a class=\"elementor-button elementor-button-link elementor-size-sm\" href=\"https:\/\/portal.fairmuse.eu\/da\/upload\/\" target=\"_blank\">\n\t\t\t\t\t\t<span class=\"elementor-button-content-wrapper\">\n\t\t\t\t\t\t\t\t\t<span class=\"elementor-button-text\">Upload dine data<\/span>\n\t\t\t\t\t<\/span>\n\t\t\t\t\t<\/a>\n\t\t\t\t<\/div>\n\t\t\t\t\t\t\t\t<\/div>\n\t\t\t\t<\/div>\n\t\t\t\t<\/div>\n\t\t\t\t<\/div>\n\t\t<div class=\"elementor-element elementor-element-3c5d548 e-con-full e-flex e-con e-parent\" data-id=\"3c5d548\" data-element_type=\"container\">\n\t\t\t\t<div class=\"elementor-element elementor-element-d63599b elementor-widget elementor-widget-spacer\" data-id=\"d63599b\" data-element_type=\"widget\" data-widget_type=\"spacer.default\">\n\t\t\t\t<div class=\"elementor-widget-container\">\n\t\t\t\t\t\t\t<div class=\"elementor-spacer\">\n\t\t\t<div class=\"elementor-spacer-inner\"><\/div>\n\t\t<\/div>\n\t\t\t\t\t\t<\/div>\n\t\t\t\t<\/div>\n\t\t\t\t<\/div>\n\t\t\t\t<\/div>","protected":false},"excerpt":{"rendered":"<p>F\u00e5 din Apple Music-lyttehistorik Hvis du har et Apple Music-abonnement, skal du f\u00f8lge nedenst\u00e5ende trin. Hvis du har sp\u00f8rgsm\u00e5l eller tekniske problemer, s\u00e5 skriv en besked til os! 1. Log ind med dit Apple ID 1. Brug dette link til at komme til Apples databeskyttelsesdashboard: https:\/\/privacy.apple.com\/ 2. Log ind med dit Apple-id. 2. [...]<\/p>","protected":false},"author":2,"featured_media":0,"parent":0,"menu_order":0,"comment_status":"closed","ping_status":"closed","template":"","meta":{"_acf_changed":false,"footnotes":""},"class_list":["post-1478","page","type-page","status-publish","hentry"],"acf":[],"_links":{"self":[{"href":"https:\/\/portal.fairmuse.eu\/da\/wp-json\/wp\/v2\/pages\/1478","targetHints":{"allow":["GET"]}}],"collection":[{"href":"https:\/\/portal.fairmuse.eu\/da\/wp-json\/wp\/v2\/pages"}],"about":[{"href":"https:\/\/portal.fairmuse.eu\/da\/wp-json\/wp\/v2\/types\/page"}],"author":[{"embeddable":true,"href":"https:\/\/portal.fairmuse.eu\/da\/wp-json\/wp\/v2\/users\/2"}],"replies":[{"embeddable":true,"href":"https:\/\/portal.fairmuse.eu\/da\/wp-json\/wp\/v2\/comments?post=1478"}],"version-history":[{"count":276,"href":"https:\/\/portal.fairmuse.eu\/da\/wp-json\/wp\/v2\/pages\/1478\/revisions"}],"predecessor-version":[{"id":8537,"href":"https:\/\/portal.fairmuse.eu\/da\/wp-json\/wp\/v2\/pages\/1478\/revisions\/8537"}],"wp:attachment":[{"href":"https:\/\/portal.fairmuse.eu\/da\/wp-json\/wp\/v2\/media?parent=1478"}],"curies":[{"name":"wp","href":"https:\/\/api.w.org\/{rel}","templated":true}]}}