{"id":1584,"date":"2023-11-09T10:59:44","date_gmt":"2023-11-09T09:59:44","guid":{"rendered":"https:\/\/portal.fairmuse.eu\/?page_id=1584"},"modified":"2024-08-14T11:00:43","modified_gmt":"2024-08-14T09:00:43","slug":"youtube-instruktioner","status":"publish","type":"page","link":"https:\/\/portal.fairmuse.eu\/da\/youtube-instruktioner\/","title":{"rendered":"Instruktioner til YouTube"},"content":{"rendered":"<div data-elementor-type=\"wp-page\" data-elementor-id=\"1584\" class=\"elementor elementor-1584\" data-elementor-post-type=\"page\">\n\t\t\t\t<div class=\"elementor-element elementor-element-d0b8a49 e-flex e-con-boxed e-con e-parent\" data-id=\"d0b8a49\" data-element_type=\"container\">\n\t\t\t\t\t<div class=\"e-con-inner\">\n\t\t\t\t<div class=\"elementor-element elementor-element-9969cf3 elementor-widget elementor-widget-spacer\" data-id=\"9969cf3\" data-element_type=\"widget\" data-widget_type=\"spacer.default\">\n\t\t\t\t<div class=\"elementor-widget-container\">\n\t\t\t\t\t\t\t<div class=\"elementor-spacer\">\n\t\t\t<div class=\"elementor-spacer-inner\"><\/div>\n\t\t<\/div>\n\t\t\t\t\t\t<\/div>\n\t\t\t\t<\/div>\n\t\t\t\t\t<\/div>\n\t\t\t\t<\/div>\n\t\t<div class=\"elementor-element elementor-element-c74fc39 e-flex e-con-boxed e-con e-parent\" data-id=\"c74fc39\" data-element_type=\"container\">\n\t\t\t\t\t<div class=\"e-con-inner\">\n\t\t<div class=\"elementor-element elementor-element-a91330d e-con-full e-flex e-con e-child\" data-id=\"a91330d\" data-element_type=\"container\">\n\t\t\t\t<div class=\"elementor-element elementor-element-6cb9660 elementor-widget__width-initial elementor-widget elementor-widget-image\" data-id=\"6cb9660\" data-element_type=\"widget\" data-widget_type=\"image.default\">\n\t\t\t\t<div class=\"elementor-widget-container\">\n\t\t\t\t\t\t\t\t\t\t\t\t\t\t\t<img decoding=\"async\" width=\"150\" height=\"150\" src=\"https:\/\/portal.fairmuse.eu\/wp-content\/uploads\/2023\/11\/datashare-icon-150x150.png\" class=\"attachment-thumbnail size-thumbnail wp-image-1850\" alt=\"FairMusE Portal\" srcset=\"https:\/\/portal.fairmuse.eu\/wp-content\/uploads\/2023\/11\/datashare-icon-150x150.png 150w, https:\/\/portal.fairmuse.eu\/wp-content\/uploads\/2023\/11\/datashare-icon-300x300.png 300w, https:\/\/portal.fairmuse.eu\/wp-content\/uploads\/2023\/11\/datashare-icon-1024x1024.png 1024w, https:\/\/portal.fairmuse.eu\/wp-content\/uploads\/2023\/11\/datashare-icon-768x768.png 768w, https:\/\/portal.fairmuse.eu\/wp-content\/uploads\/2023\/11\/datashare-icon-1536x1536.png 1536w, https:\/\/portal.fairmuse.eu\/wp-content\/uploads\/2023\/11\/datashare-icon.png 1653w\" sizes=\"(max-width: 150px) 100vw, 150px\" \/>\t\t\t\t\t\t\t\t\t\t\t\t\t\t\t<\/div>\n\t\t\t\t<\/div>\n\t\t\t\t<\/div>\n\t\t<div class=\"elementor-element elementor-element-31082fe e-con-full e-flex e-con e-child\" data-id=\"31082fe\" data-element_type=\"container\" data-settings=\"{&quot;background_background&quot;:&quot;classic&quot;}\">\n\t\t\t\t<div class=\"elementor-element elementor-element-e8c1556 elementor-widget__width-initial elementor-widget elementor-widget-heading\" data-id=\"e8c1556\" data-element_type=\"widget\" data-widget_type=\"heading.default\">\n\t\t\t\t<div class=\"elementor-widget-container\">\n\t\t\t\t\t<h2 class=\"elementor-heading-title elementor-size-default\">F\u00e5 din YouTube lytte-historik<\/h2>\t\t\t\t<\/div>\n\t\t\t\t<\/div>\n\t\t\t\t<\/div>\n\t\t\t\t\t<\/div>\n\t\t\t\t<\/div>\n\t\t<div class=\"elementor-element elementor-element-1723de2 e-con-full e-flex e-con e-parent\" data-id=\"1723de2\" data-element_type=\"container\">\n\t\t<div class=\"elementor-element elementor-element-db4e473 e-con-full e-flex e-con e-child\" data-id=\"db4e473\" data-element_type=\"container\">\n\t\t\t\t<div class=\"elementor-element elementor-element-5cb2397 elementor-widget elementor-widget-text-editor\" data-id=\"5cb2397\" data-element_type=\"widget\" data-widget_type=\"text-editor.default\">\n\t\t\t\t<div class=\"elementor-widget-container\">\n\t\t\t\t\t\t\t\t\t<p>Hvis du betaler for et YouTube Music-abonnement eller bruger YouTube til at lytte til musik, skal du f\u00f8lge trinene <span style=\"font-family: var( --e-global-typography-text-font-family ), Sans-serif; font-size: var( --e-global-typography-text-font-size ); font-style: var( --e-global-typography-text-font-style ); letter-spacing: var( --e-global-typography-text-letter-spacing ); text-transform: var( --e-global-typography-text-text-transform ); word-spacing: var( --e-global-typography-text-word-spacing ); text-decoration: var( --e-global-typography-text-text-decoration ); text-align: var(--text-align);\">nedenfor.<\/span><\/p><p><span style=\"letter-spacing: -0.8px; font-family: var( --e-global-typography-text-font-family ), Sans-serif; font-size: var( --e-global-typography-text-font-size ); font-style: var( --e-global-typography-text-font-style ); text-transform: var( --e-global-typography-text-text-transform ); word-spacing: var( --e-global-typography-text-word-spacing ); text-decoration: var( --e-global-typography-text-text-decoration ); text-align: var(--text-align);\">Hvis du har sp\u00f8rgsm\u00e5l eller tekniske problemer, <\/span><a style=\"letter-spacing: -0.8px; text-align: var(--text-align); color: #000000; text-decoration: underline;\" href=\"https:\/\/portal.fairmuse.eu\/da\/kontakt\/\">s\u00e5 send os en besked!<\/a><\/p>\t\t\t\t\t\t\t\t<\/div>\n\t\t\t\t<\/div>\n\t\t\t\t<div class=\"elementor-element elementor-element-891adbf elementor-widget__width-initial elementor-widget elementor-widget-eael-adv-accordion\" data-id=\"891adbf\" data-element_type=\"widget\" data-widget_type=\"eael-adv-accordion.default\">\n\t\t\t\t<div class=\"elementor-widget-container\">\n\t\t\t\t\t        <div class=\"eael-adv-accordion\" id=\"eael-adv-accordion-891adbf\" data-scroll-on-click=\"no\" data-scroll-speed=\"300\" data-accordion-id=\"891adbf\" data-accordion-type=\"accordion\" data-toogle-speed=\"300\">\n    <div class=\"eael-accordion-list\">\n                <div id=\"1-log-in-to-or-access-google-takeout\" class=\"elementor-tab-title eael-accordion-header active-default\" tabindex=\"0\" data-tab=\"1\" aria-controls=\"elementor-tab-content-1431\"><p class=\"eael-accordion-tab-title\">1. Log ind eller f\u00e5 adgang til Google Takeout<\/p><i aria-hidden=\"true\" class=\"fa-toggle fas fa-arrow-right\"><\/i><\/div><div id=\"elementor-tab-content-1431\" class=\"eael-accordion-content clearfix active-default\" data-tab=\"1\" aria-labelledby=\"1-log-in-to-or-access-google-takeout\"><p>Google er moderselskab for YouTube. For at f\u00e5 adgang til dine YouTube Music-data skal du anmode om dem fra Google. S\u00e5dan g\u00f8r du:<\/p><table bgcolor=\"ffffff\"><tbody><tr><td style=\"background-color: #ffffff; border: 0;\"><p>1. Brug <span style=\"color: black;\">dette link<\/span> for at komme til oversigten over dine kontodata:<\/p><p><span style=\"text-decoration: underline;\"><span style=\"color: #000000;\"><a style=\"color: #000000; text-decoration: underline;\" href=\"https:\/\/takeout.google.com\/\" target=\"_blank\" rel=\"noopener\">https:\/\/takeout.google.com\/<\/a><\/span><\/span><\/p><p>\u00a0<\/p><p>2. Log ind p\u00e5 din Google-konto.<\/p><p>Hvis du har mere end \u00e9n konto, skal du v\u00e6lge den, du bruger mest til YouTube.<\/p><p>\u00a0<\/p><p>3. F\u00f8lg n\u00e6ste trin for at anmode om dine data.<\/p><\/td><\/tr><tr><td style=\"background-color: #ffffff; border: 0;\"><img fetchpriority=\"high\" decoding=\"async\" class=\"wp-image-1597 aligncenter\" src=\"https:\/\/portal.fairmuse.eu\/wp-content\/uploads\/2023\/11\/Step-1-YT.png\" alt=\"\" width=\"600\" height=\"619\" srcset=\"https:\/\/portal.fairmuse.eu\/wp-content\/uploads\/2023\/11\/Step-1-YT.png 900w, https:\/\/portal.fairmuse.eu\/wp-content\/uploads\/2023\/11\/Step-1-YT-291x300.png 291w, https:\/\/portal.fairmuse.eu\/wp-content\/uploads\/2023\/11\/Step-1-YT-768x792.png 768w\" sizes=\"(max-width: 600px) 100vw, 600px\" \/><\/td><\/tr><\/tbody><\/table><\/div>\n                <\/div><div class=\"eael-accordion-list\">\n                <div id=\"2-request-your-youtube-data\" class=\"elementor-tab-title eael-accordion-header\" tabindex=\"0\" data-tab=\"2\" aria-controls=\"elementor-tab-content-1432\"><p class=\"eael-accordion-tab-title\">2. Anmod om dine YouTube-data<\/p><i aria-hidden=\"true\" class=\"fa-toggle fas fa-arrow-right\"><\/i><\/div><div id=\"elementor-tab-content-1432\" class=\"eael-accordion-content clearfix\" data-tab=\"2\" aria-labelledby=\"2-request-your-youtube-data\"><p style=\"text-align: left;\">Eksporter en kopi af dine YouTube Music-data.<\/p><table bgcolor=\"ffffff\"><tbody><tr><td style=\"background-color: #ffffff; border: 0;\"><p>1. Klik p\u00e5 \"Frav\u00e6lg alle\" - ellers f\u00e5r du alle dine Google-data.<\/p><p>\u00a0<\/p><p>2. Rul til bunden, og v\u00e6lg \"YouTube og YouTube Music\".<\/p><p>\u00a0<\/p><p>3. Tryk p\u00e5 \"Flere formater\", og rul ned til \"Historik\", og v\u00e6lg \"JSON\"-formatet.<\/p><p>\u00a0<\/p><p>4. Bekr\u00e6ft, at der kun er valgt \u00e9n, og forts\u00e6t til n\u00e6ste trin.<\/p><\/td><\/tr><tr><td style=\"background-color: #ffffff; border: 0;\"><img decoding=\"async\" class=\"wp-image-1612 size-large aligncenter\" src=\"https:\/\/portal.fairmuse.eu\/wp-content\/uploads\/2023\/11\/Step-2.1-YT-1024x941.png\" alt=\"\" width=\"800\" height=\"735\" srcset=\"https:\/\/portal.fairmuse.eu\/wp-content\/uploads\/2023\/11\/Step-2.1-YT-1024x941.png 1024w, https:\/\/portal.fairmuse.eu\/wp-content\/uploads\/2023\/11\/Step-2.1-YT-300x276.png 300w, https:\/\/portal.fairmuse.eu\/wp-content\/uploads\/2023\/11\/Step-2.1-YT-768x706.png 768w, https:\/\/portal.fairmuse.eu\/wp-content\/uploads\/2023\/11\/Step-2.1-YT.png 1390w\" sizes=\"(max-width: 800px) 100vw, 800px\" \/><\/td><\/tr><tr><td style=\"background-color: #ffffff; border: 0;\"><img loading=\"lazy\" decoding=\"async\" class=\"wp-image-1613 aligncenter\" src=\"https:\/\/portal.fairmuse.eu\/wp-content\/uploads\/2023\/11\/Step-2.5-YT.png\" alt=\"\" width=\"1100\" height=\"397\" srcset=\"https:\/\/portal.fairmuse.eu\/wp-content\/uploads\/2023\/11\/Step-2.5-YT.png 1346w, https:\/\/portal.fairmuse.eu\/wp-content\/uploads\/2023\/11\/Step-2.5-YT-300x108.png 300w, https:\/\/portal.fairmuse.eu\/wp-content\/uploads\/2023\/11\/Step-2.5-YT-1024x370.png 1024w, https:\/\/portal.fairmuse.eu\/wp-content\/uploads\/2023\/11\/Step-2.5-YT-768x277.png 768w\" sizes=\"(max-width: 1100px) 100vw, 1100px\" \/><\/td><\/tr><\/tbody><\/table><\/div>\n                <\/div><div class=\"eael-accordion-list\">\n                <div id=\"3-confirm-your-request\" class=\"elementor-tab-title eael-accordion-header\" tabindex=\"0\" data-tab=\"3\" aria-controls=\"elementor-tab-content-1433\"><p class=\"eael-accordion-tab-title\">3. Bekr\u00e6ft din anmodning<\/p><i aria-hidden=\"true\" class=\"fa-toggle fas fa-arrow-right\"><\/i><\/div><div id=\"elementor-tab-content-1433\" class=\"eael-accordion-content clearfix\" data-tab=\"3\" aria-labelledby=\"3-confirm-your-request\"><p>V\u00e6lg filtype, frekvens og destination.<\/p><table bgcolor=\"ffffff\"><tbody><tr><td style=\"background-color: #ffffff; border: 0;\"><p>1. Standardindstillingerne er tilstr\u00e6kkelige og b\u00f8r omfatte f\u00f8lgende:<\/p><p>- Send download via e-mail<\/p><p>- Eksporter \u00e9n gang<\/p><p>- .zip filtype<\/p><p>- 2 GB filst\u00f8rrelse<\/p><p>\u00a0<\/p><p>2. Bekr\u00e6ft eksporten.<\/p><p>\u00a0<\/p><p>3. Vent nu, til dine data er klar til at blive downloadet.<\/p><p>Du vil modtage en e-mail fra Google, n\u00e5r dine data er klar til at blive downloadet.<\/p><p>Dette vil ske inden for samme dag eller op til en uge afh\u00e6ngigt af filens st\u00f8rrelse. Zip-filen vil v\u00e6re tilg\u00e6ngelig for download i en uge.<\/p><p>Hvis du gerne vil have en p\u00e5mindelse om at uploade dine data, skal du klikke p\u00e5 f\u00f8lgende link:<\/p><p><span style=\"text-decoration: underline;\"><span style=\"color: #000000;\"><a style=\"color: #000000; text-decoration: underline;\" href=\"https:\/\/portal.fairmuse.eu\/da\/pamindelse\/\" target=\"_blank\" rel=\"noopener\">https:\/\/portal.fairmuse.eu\/reminder\/<\/a><\/span><\/span><\/p><p>Det er alt for nu. Tak fordi du anmodede om dine data. Du kan lukke denne side og komme tilbage, n\u00e5r du har modtaget din e-mail.<\/p><\/td><\/tr><tr><td style=\"background-color: #ffffff; border: 0;\"><img loading=\"lazy\" decoding=\"async\" class=\"wp-image-1618 size-full aligncenter\" src=\"https:\/\/portal.fairmuse.eu\/wp-content\/uploads\/2023\/11\/Step-3-YT.png\" alt=\"\" width=\"974\" height=\"1504\" srcset=\"https:\/\/portal.fairmuse.eu\/wp-content\/uploads\/2023\/11\/Step-3-YT.png 974w, https:\/\/portal.fairmuse.eu\/wp-content\/uploads\/2023\/11\/Step-3-YT-194x300.png 194w, https:\/\/portal.fairmuse.eu\/wp-content\/uploads\/2023\/11\/Step-3-YT-663x1024.png 663w, https:\/\/portal.fairmuse.eu\/wp-content\/uploads\/2023\/11\/Step-3-YT-768x1186.png 768w\" sizes=\"(max-width: 974px) 100vw, 974px\" \/><\/td><\/tr><\/tbody><\/table><\/div>\n                <\/div><div class=\"eael-accordion-list\">\n                <div id=\"4-download-your-youtube-data\" class=\"elementor-tab-title eael-accordion-header\" tabindex=\"0\" data-tab=\"4\" aria-controls=\"elementor-tab-content-1434\"><p class=\"eael-accordion-tab-title\">4. Download dine YouTube-data<\/p><i aria-hidden=\"true\" class=\"fa-toggle fas fa-arrow-right\"><\/i><\/div><div id=\"elementor-tab-content-1434\" class=\"eael-accordion-content clearfix\" data-tab=\"4\" aria-labelledby=\"4-download-your-youtube-data\"><p>\u00c5bn din e-mail fra Google med titlen \"Dine Google-data er klar til at blive downloadet.\"<\/p><table bgcolor=\"ffffff\"><tbody><tr><td style=\"background-color: #ffffff; border: 0;\"><p>Klik p\u00e5 \"Download dine filer\", og gem dem p\u00e5 din foretrukne placering p\u00e5 din computer.<\/p><p>(mappen Downloads er den s\u00e6dvanlige standardplacering)<\/p><\/td><\/tr><tr><td style=\"background-color: #ffffff; border: 0;\"><img loading=\"lazy\" decoding=\"async\" class=\"wp-image-1623 size-full aligncenter\" src=\"https:\/\/portal.fairmuse.eu\/wp-content\/uploads\/2023\/11\/Step-5-YT.png\" alt=\"\" width=\"830\" height=\"664\" srcset=\"https:\/\/portal.fairmuse.eu\/wp-content\/uploads\/2023\/11\/Step-5-YT.png 830w, https:\/\/portal.fairmuse.eu\/wp-content\/uploads\/2023\/11\/Step-5-YT-300x240.png 300w, https:\/\/portal.fairmuse.eu\/wp-content\/uploads\/2023\/11\/Step-5-YT-768x614.png 768w\" sizes=\"(max-width: 830px) 100vw, 830px\" \/><\/td><\/tr><\/tbody><\/table><\/div>\n                <\/div><div class=\"eael-accordion-list\">\n                <div id=\"5-upload-your-youtube-data\" class=\"elementor-tab-title eael-accordion-header\" tabindex=\"0\" data-tab=\"5\" aria-controls=\"elementor-tab-content-1435\"><p class=\"eael-accordion-tab-title\">5. Upload dine YouTube-data<\/p><i aria-hidden=\"true\" class=\"fa-toggle fas fa-arrow-right\"><\/i><\/div><div id=\"elementor-tab-content-1435\" class=\"eael-accordion-content clearfix\" data-tab=\"5\" aria-labelledby=\"5-upload-your-youtube-data\"><p style=\"text-align: center;\">Find det sted p\u00e5 computeren, hvor du har gemt dataene (det vil sandsynligvis v\u00e6re i mappen Downloads).<\/p><p style=\"text-align: center;\">Du kan s\u00f8ge efter den fil, der hedder \"takeout-currentdate.zip\"<\/p><p>\u00a0<\/p><p style=\"text-align: center;\">Vi filtrerer og fjerner alle data, der ikke vedr\u00f8rer dine musikvaner.<\/p><p style=\"text-align: center;\">Tryk p\u00e5 knappen nedenfor for at uploade dine musikdata.<\/p><p style=\"text-align: center;\">*V\u00e6r opm\u00e6rksom p\u00e5, om filen er st\u00f8rre end 128 MB. Hvis det er tilf\u00e6ldet, skal du slette alle videoer og pakke filen igen.\u00a0\u00a0<\/p><p style=\"text-align: center;\">Tak fordi du gennemf\u00f8rte processen med at anmode om data!<\/p><\/div>\n                <\/div><\/div>\t\t\t\t<\/div>\n\t\t\t\t<\/div>\n\t\t\t\t<div class=\"elementor-element elementor-element-0dfca5b elementor-align-center elementor-widget elementor-widget-button\" data-id=\"0dfca5b\" data-element_type=\"widget\" data-widget_type=\"button.default\">\n\t\t\t\t<div class=\"elementor-widget-container\">\n\t\t\t\t\t\t\t\t\t<div class=\"elementor-button-wrapper\">\n\t\t\t\t\t<a class=\"elementor-button elementor-button-link elementor-size-sm\" href=\"https:\/\/portal.fairmuse.eu\/da\/upload\/\" target=\"_blank\">\n\t\t\t\t\t\t<span class=\"elementor-button-content-wrapper\">\n\t\t\t\t\t\t\t\t\t<span class=\"elementor-button-text\">Upload dine data<\/span>\n\t\t\t\t\t<\/span>\n\t\t\t\t\t<\/a>\n\t\t\t\t<\/div>\n\t\t\t\t\t\t\t\t<\/div>\n\t\t\t\t<\/div>\n\t\t\t\t<\/div>\n\t\t\t\t<\/div>\n\t\t<div class=\"elementor-element elementor-element-3c5d548 e-con-full e-flex e-con e-parent\" data-id=\"3c5d548\" data-element_type=\"container\">\n\t\t\t\t<div class=\"elementor-element elementor-element-d63599b elementor-widget elementor-widget-spacer\" data-id=\"d63599b\" data-element_type=\"widget\" data-widget_type=\"spacer.default\">\n\t\t\t\t<div class=\"elementor-widget-container\">\n\t\t\t\t\t\t\t<div class=\"elementor-spacer\">\n\t\t\t<div class=\"elementor-spacer-inner\"><\/div>\n\t\t<\/div>\n\t\t\t\t\t\t<\/div>\n\t\t\t\t<\/div>\n\t\t\t\t<\/div>\n\t\t\t\t<\/div>","protected":false},"excerpt":{"rendered":"<p>F\u00e5 din YouTube-lyttehistorik Hvis du betaler for et YouTube Music-abonnement eller bruger YouTube til at lytte til musik, skal du f\u00f8lge nedenst\u00e5ende trin. Hvis du har sp\u00f8rgsm\u00e5l eller tekniske problemer, s\u00e5 skriv en besked til os! 1. Log ind p\u00e5 eller f\u00e5 adgang til Google Takeout Google er moderselskab for YouTube. For at f\u00e5 adgang til dine YouTube Music-data [...]<\/p>","protected":false},"author":2,"featured_media":0,"parent":0,"menu_order":0,"comment_status":"closed","ping_status":"closed","template":"","meta":{"_acf_changed":false,"footnotes":""},"class_list":["post-1584","page","type-page","status-publish","hentry"],"acf":[],"_links":{"self":[{"href":"https:\/\/portal.fairmuse.eu\/da\/wp-json\/wp\/v2\/pages\/1584","targetHints":{"allow":["GET"]}}],"collection":[{"href":"https:\/\/portal.fairmuse.eu\/da\/wp-json\/wp\/v2\/pages"}],"about":[{"href":"https:\/\/portal.fairmuse.eu\/da\/wp-json\/wp\/v2\/types\/page"}],"author":[{"embeddable":true,"href":"https:\/\/portal.fairmuse.eu\/da\/wp-json\/wp\/v2\/users\/2"}],"replies":[{"embeddable":true,"href":"https:\/\/portal.fairmuse.eu\/da\/wp-json\/wp\/v2\/comments?post=1584"}],"version-history":[{"count":223,"href":"https:\/\/portal.fairmuse.eu\/da\/wp-json\/wp\/v2\/pages\/1584\/revisions"}],"predecessor-version":[{"id":9099,"href":"https:\/\/portal.fairmuse.eu\/da\/wp-json\/wp\/v2\/pages\/1584\/revisions\/9099"}],"wp:attachment":[{"href":"https:\/\/portal.fairmuse.eu\/da\/wp-json\/wp\/v2\/media?parent=1584"}],"curies":[{"name":"wp","href":"https:\/\/api.w.org\/{rel}","templated":true}]}}