{"id":3477,"date":"2023-12-21T10:24:57","date_gmt":"2023-12-21T09:24:57","guid":{"rendered":"https:\/\/portal.fairmuse.eu\/?page_id=3477"},"modified":"2024-05-02T11:12:32","modified_gmt":"2024-05-02T09:12:32","slug":"undersogelse","status":"publish","type":"page","link":"https:\/\/portal.fairmuse.eu\/da\/undersogelse\/","title":{"rendered":"Sp\u00f8rgeskema"},"content":{"rendered":"<div data-elementor-type=\"wp-page\" data-elementor-id=\"3477\" class=\"elementor elementor-3477\" data-elementor-post-type=\"page\">\n\t\t\t\t<div class=\"elementor-element elementor-element-39e0d3a e-flex e-con-boxed e-con e-parent\" data-id=\"39e0d3a\" data-element_type=\"container\">\n\t\t\t\t\t<div class=\"e-con-inner\">\n\t\t\t\t<div class=\"elementor-element elementor-element-b7fc241 elementor-widget elementor-widget-spacer\" data-id=\"b7fc241\" data-element_type=\"widget\" data-widget_type=\"spacer.default\">\n\t\t\t\t<div class=\"elementor-widget-container\">\n\t\t\t\t\t\t\t<div class=\"elementor-spacer\">\n\t\t\t<div class=\"elementor-spacer-inner\"><\/div>\n\t\t<\/div>\n\t\t\t\t\t\t<\/div>\n\t\t\t\t<\/div>\n\t\t\t\t\t<\/div>\n\t\t\t\t<\/div>\n\t\t<div class=\"elementor-element elementor-element-16a3b45 e-flex e-con-boxed e-con e-parent\" data-id=\"16a3b45\" data-element_type=\"container\">\n\t\t\t\t\t<div class=\"e-con-inner\">\n\t\t<div class=\"elementor-element elementor-element-b555865 e-flex e-con-boxed e-con e-child\" data-id=\"b555865\" data-element_type=\"container\">\n\t\t\t\t\t<div class=\"e-con-inner\">\n\t\t\t\t<div class=\"elementor-element elementor-element-b34649a elementor-widget__width-initial elementor-widget elementor-widget-heading\" data-id=\"b34649a\" data-element_type=\"widget\" data-widget_type=\"heading.default\">\n\t\t\t\t<div class=\"elementor-widget-container\">\n\t\t\t\t\t<h2 class=\"elementor-heading-title elementor-size-default\">Sp\u00f8rgeskema<\/h2>\t\t\t\t<\/div>\n\t\t\t\t<\/div>\n\t\t\t\t<div class=\"elementor-element elementor-element-bbba4a0 elementor-widget__width-initial elementor-widget elementor-widget-text-editor\" data-id=\"bbba4a0\" data-element_type=\"widget\" data-widget_type=\"text-editor.default\">\n\t\t\t\t<div class=\"elementor-widget-container\">\n\t\t\t\t\t\t\t\t\t<p style=\"text-align: left;\">I dette sp\u00f8rgeskema  vil vi gerne blive klogere p\u00e5, hvordan du bruger din(e) musikstreamingtjeneste(r). Vi vil gerne unders\u00f8ge, hvordan disse tjenester p\u00e5virker vores lyttevaner, og hvordan de p\u00e5virker muligheden for at opdage ny musik. Dine svar vil hj\u00e6lpe os med yderligere at forst\u00e5 dit syn p\u00e5, hvordan retf\u00e6rdighed spiller en rolle p\u00e5 musikstreaming platformene.\u00a0<\/p><p style=\"text-align: left;\">Sp\u00f8rgeskemaet tager ca. 5 minutter at gennemf\u00f8re.<\/p><p style=\"text-align: left;\">Hvis du ikke allerede er tilmeldt eller logget ind, bedes du l\u00e6se oplysningerne om databehandling og samtykkeerkl\u00e6ring for at fuldf\u00f8re processen.<\/p>\t\t\t\t\t\t\t\t<\/div>\n\t\t\t\t<\/div>\n\t\t\t\t<div class=\"elementor-element elementor-element-68888d9 elementor-widget elementor-widget-spacer\" data-id=\"68888d9\" data-element_type=\"widget\" data-widget_type=\"spacer.default\">\n\t\t\t\t<div class=\"elementor-widget-container\">\n\t\t\t\t\t\t\t<div class=\"elementor-spacer\">\n\t\t\t<div class=\"elementor-spacer-inner\"><\/div>\n\t\t<\/div>\n\t\t\t\t\t\t<\/div>\n\t\t\t\t<\/div>\n\t\t\t\t<div class=\"elementor-element elementor-element-0582c0a elementor-align-right elementor-widget elementor-widget-button\" data-id=\"0582c0a\" data-element_type=\"widget\" data-widget_type=\"button.default\">\n\t\t\t\t<div class=\"elementor-widget-container\">\n\t\t\t\t\t\t\t\t\t<div class=\"elementor-button-wrapper\">\n\t\t\t\t\t<a class=\"elementor-button elementor-button-link elementor-size-sm\" href=\"https:\/\/portal.fairmuse.eu\/da\/udfyld-undersogelsen\/\">\n\t\t\t\t\t\t<span class=\"elementor-button-content-wrapper\">\n\t\t\t\t\t\t\t\t\t<span class=\"elementor-button-text\">Udfyld sp\u00f8rgeskemaet<\/span>\n\t\t\t\t\t<\/span>\n\t\t\t\t\t<\/a>\n\t\t\t\t<\/div>\n\t\t\t\t\t\t\t\t<\/div>\n\t\t\t\t<\/div>\n\t\t\t\t\t<\/div>\n\t\t\t\t<\/div>\n\t\t<div class=\"elementor-element elementor-element-de8fc94 e-con-full e-flex e-con e-child\" data-id=\"de8fc94\" data-element_type=\"container\">\n\t\t\t\t<div class=\"elementor-element elementor-element-0b53b22 elementor-widget elementor-widget-spacer\" data-id=\"0b53b22\" data-element_type=\"widget\" data-widget_type=\"spacer.default\">\n\t\t\t\t<div class=\"elementor-widget-container\">\n\t\t\t\t\t\t\t<div class=\"elementor-spacer\">\n\t\t\t<div class=\"elementor-spacer-inner\"><\/div>\n\t\t<\/div>\n\t\t\t\t\t\t<\/div>\n\t\t\t\t<\/div>\n\t\t\t\t<\/div>\n\t\t\t\t\t<\/div>\n\t\t\t\t<\/div>\n\t\t\t\t<\/div>","protected":false},"excerpt":{"rendered":"<p>Unders\u00f8gelse I denne unders\u00f8gelse beder vi dig om at fort\u00e6lle os, hvordan du bruger musikstreamingtjenester. Vi vil gerne unders\u00f8ge, hvordan disse tjenester p\u00e5virker vores lyttevaner, og hvordan de p\u00e5virker muligheden for at opdage ny musik. Dine svar vil hj\u00e6lpe os med yderligere at forst\u00e5 dit syn p\u00e5, hvordan retf\u00e6rdighed spiller en rolle i musikstreaming [...].<\/p>","protected":false},"author":2,"featured_media":0,"parent":0,"menu_order":0,"comment_status":"closed","ping_status":"closed","template":"","meta":{"_acf_changed":false,"footnotes":""},"class_list":["post-3477","page","type-page","status-publish","hentry"],"acf":[],"_links":{"self":[{"href":"https:\/\/portal.fairmuse.eu\/da\/wp-json\/wp\/v2\/pages\/3477","targetHints":{"allow":["GET"]}}],"collection":[{"href":"https:\/\/portal.fairmuse.eu\/da\/wp-json\/wp\/v2\/pages"}],"about":[{"href":"https:\/\/portal.fairmuse.eu\/da\/wp-json\/wp\/v2\/types\/page"}],"author":[{"embeddable":true,"href":"https:\/\/portal.fairmuse.eu\/da\/wp-json\/wp\/v2\/users\/2"}],"replies":[{"embeddable":true,"href":"https:\/\/portal.fairmuse.eu\/da\/wp-json\/wp\/v2\/comments?post=3477"}],"version-history":[{"count":517,"href":"https:\/\/portal.fairmuse.eu\/da\/wp-json\/wp\/v2\/pages\/3477\/revisions"}],"predecessor-version":[{"id":8046,"href":"https:\/\/portal.fairmuse.eu\/da\/wp-json\/wp\/v2\/pages\/3477\/revisions\/8046"}],"wp:attachment":[{"href":"https:\/\/portal.fairmuse.eu\/da\/wp-json\/wp\/v2\/media?parent=3477"}],"curies":[{"name":"wp","href":"https:\/\/api.w.org\/{rel}","templated":true}]}}