{"id":9148,"date":"2024-08-20T15:18:52","date_gmt":"2024-08-20T13:18:52","guid":{"rendered":"https:\/\/portal.local\/?page_id=9148"},"modified":"2024-12-03T09:27:41","modified_gmt":"2024-12-03T08:27:41","slug":"min-musikprofil-som-vikar","status":"publish","type":"page","link":"https:\/\/portal.fairmuse.eu\/da\/min-musikprofil-som-vikar\/","title":{"rendered":"Min musikprofil - Temp"},"content":{"rendered":"<div data-elementor-type=\"wp-page\" data-elementor-id=\"9148\" class=\"elementor elementor-9148\" data-elementor-post-type=\"page\">\n\t\t\t\t<div class=\"elementor-element elementor-element-1653a04 e-flex e-con-boxed e-con e-parent\" data-id=\"1653a04\" data-element_type=\"container\">\n\t\t\t\t\t<div class=\"e-con-inner\">\n\t\t\t\t<div class=\"elementor-element elementor-element-0446c61 elementor-widget elementor-widget-spacer\" data-id=\"0446c61\" data-element_type=\"widget\" data-widget_type=\"spacer.default\">\n\t\t\t\t<div class=\"elementor-widget-container\">\n\t\t\t\t\t\t\t<div class=\"elementor-spacer\">\n\t\t\t<div class=\"elementor-spacer-inner\"><\/div>\n\t\t<\/div>\n\t\t\t\t\t\t<\/div>\n\t\t\t\t<\/div>\n\t\t\t\t<div class=\"elementor-element elementor-element-104c89a elementor-widget__width-initial elementor-widget elementor-widget-heading\" data-id=\"104c89a\" data-element_type=\"widget\" data-widget_type=\"heading.default\">\n\t\t\t\t<div class=\"elementor-widget-container\">\n\t\t\t\t\t<h2 class=\"elementor-heading-title elementor-size-default\">Din musikprofil<\/h2>\t\t\t\t<\/div>\n\t\t\t\t<\/div>\n\t\t\t\t<div class=\"elementor-element elementor-element-afe33da elementor-widget__width-initial elementor-widget elementor-widget-text-editor\" data-id=\"afe33da\" data-element_type=\"widget\" data-widget_type=\"text-editor.default\">\n\t\t\t\t<div class=\"elementor-widget-container\">\n\t\t\t\t\t\t\t\t\t<p style=\"text-align: center;\"><span style=\"text-align: left; font-family: var( --e-global-typography-text-font-family ), Sans-serif; font-size: var( --e-global-typography-text-font-size ); font-style: var( --e-global-typography-text-font-style ); letter-spacing: var( --e-global-typography-text-letter-spacing ); text-transform: var( --e-global-typography-text-text-transform ); word-spacing: var( --e-global-typography-text-word-spacing ); text-decoration: var( --e-global-typography-text-text-decoration );\">Snart vil du kunne se dine musiklyttevaner baseret p\u00e5 de uploadede data, du har delt med os. Vi vil fremvise dine mest lyttede kunstnere, genrer og generelle smag for at finde ud af, hvilken slags lytter du er.<\/span><\/p><p style=\"text-align: center;\"><span style=\"text-align: left; font-family: var( --e-global-typography-text-font-family ), Sans-serif; font-size: var( --e-global-typography-text-font-size ); font-style: var( --e-global-typography-text-font-style ); letter-spacing: var( --e-global-typography-text-letter-spacing ); text-transform: var( --e-global-typography-text-text-transform ); word-spacing: var( --e-global-typography-text-word-spacing ); text-decoration: var( --e-global-typography-text-text-decoration );\">Med disse data vil du ogs\u00e5 kunne vurdere, om dine lyttevaner er fair, sammenligne dem med andre og f\u00e5 indsigt i fairness-landskabet i den europ\u00e6iske musikindustri.<\/span><\/p>\t\t\t\t\t\t\t\t<\/div>\n\t\t\t\t<\/div>\n\t\t\t\t<div class=\"elementor-element elementor-element-7ee2514 elementor-widget elementor-widget-spacer\" data-id=\"7ee2514\" data-element_type=\"widget\" data-widget_type=\"spacer.default\">\n\t\t\t\t<div class=\"elementor-widget-container\">\n\t\t\t\t\t\t\t<div class=\"elementor-spacer\">\n\t\t\t<div class=\"elementor-spacer-inner\"><\/div>\n\t\t<\/div>\n\t\t\t\t\t\t<\/div>\n\t\t\t\t<\/div>\n\t\t\t\t\t<\/div>\n\t\t\t\t<\/div>\n\t\t\t\t<\/div>","protected":false},"excerpt":{"rendered":"<p>Din musikprofil Snart vil du kunne se dine musiklyttevaner baseret p\u00e5 de uploadede data, du har delt med os. Vi vil fremvise dine mest lyttede kunstnere, genrer og generelle smag for at finde ud af, hvilken slags lytter du er. Med disse data vil du ogs\u00e5 kunne vurdere [...]<\/p>","protected":false},"author":1,"featured_media":0,"parent":0,"menu_order":0,"comment_status":"closed","ping_status":"closed","template":"","meta":{"_acf_changed":false,"footnotes":""},"class_list":["post-9148","page","type-page","status-publish","hentry"],"acf":[],"_links":{"self":[{"href":"https:\/\/portal.fairmuse.eu\/da\/wp-json\/wp\/v2\/pages\/9148","targetHints":{"allow":["GET"]}}],"collection":[{"href":"https:\/\/portal.fairmuse.eu\/da\/wp-json\/wp\/v2\/pages"}],"about":[{"href":"https:\/\/portal.fairmuse.eu\/da\/wp-json\/wp\/v2\/types\/page"}],"author":[{"embeddable":true,"href":"https:\/\/portal.fairmuse.eu\/da\/wp-json\/wp\/v2\/users\/1"}],"replies":[{"embeddable":true,"href":"https:\/\/portal.fairmuse.eu\/da\/wp-json\/wp\/v2\/comments?post=9148"}],"version-history":[{"count":10,"href":"https:\/\/portal.fairmuse.eu\/da\/wp-json\/wp\/v2\/pages\/9148\/revisions"}],"predecessor-version":[{"id":10307,"href":"https:\/\/portal.fairmuse.eu\/da\/wp-json\/wp\/v2\/pages\/9148\/revisions\/10307"}],"wp:attachment":[{"href":"https:\/\/portal.fairmuse.eu\/da\/wp-json\/wp\/v2\/media?parent=9148"}],"curies":[{"name":"wp","href":"https:\/\/api.w.org\/{rel}","templated":true}]}}