{"id":9308,"date":"2024-09-04T14:16:20","date_gmt":"2024-09-04T12:16:20","guid":{"rendered":"https:\/\/portal.local\/?page_id=9308"},"modified":"2026-02-12T17:36:51","modified_gmt":"2026-02-12T16:36:51","slug":"hjem","status":"publish","type":"page","link":"https:\/\/portal.fairmuse.eu\/da\/hjem\/","title":{"rendered":"Hjem"},"content":{"rendered":"<div data-elementor-type=\"wp-page\" data-elementor-id=\"9308\" class=\"elementor elementor-9308\" data-elementor-post-type=\"page\">\n\t\t\t\t<div class=\"elementor-element elementor-element-2e02143 e-flex e-con-boxed e-con e-parent\" data-id=\"2e02143\" data-element_type=\"container\">\n\t\t\t\t\t<div class=\"e-con-inner\">\n\t\t\t\t<div class=\"elementor-element elementor-element-db6f10e elementor-widget elementor-widget-spacer\" data-id=\"db6f10e\" data-element_type=\"widget\" data-widget_type=\"spacer.default\">\n\t\t\t\t<div class=\"elementor-widget-container\">\n\t\t\t\t\t\t\t<div class=\"elementor-spacer\">\n\t\t\t<div class=\"elementor-spacer-inner\"><\/div>\n\t\t<\/div>\n\t\t\t\t\t\t<\/div>\n\t\t\t\t<\/div>\n\t\t\t\t\t<\/div>\n\t\t\t\t<\/div>\n\t\t<div class=\"elementor-element elementor-element-549388c e-flex e-con-boxed e-con e-parent\" data-id=\"549388c\" data-element_type=\"container\">\n\t\t\t\t\t<div class=\"e-con-inner\">\n\t\t<div class=\"elementor-element elementor-element-dabd27d e-con-full e-flex e-con e-child\" data-id=\"dabd27d\" data-element_type=\"container\" data-settings=\"{&quot;background_background&quot;:&quot;classic&quot;}\">\n\t\t\t\t<div class=\"elementor-element elementor-element-21b7388 elementor-widget__width-initial elementor-widget elementor-widget-heading\" data-id=\"21b7388\" data-element_type=\"widget\" data-widget_type=\"heading.default\">\n\t\t\t\t<div class=\"elementor-widget-container\">\n\t\t\t\t\t<h2 class=\"elementor-heading-title elementor-size-default\">Del din musikstreaming data<\/h2>\t\t\t\t<\/div>\n\t\t\t\t<\/div>\n\t\t\t\t<\/div>\n\t\t<div class=\"elementor-element elementor-element-f56eb80 e-con-full e-flex e-con e-child\" data-id=\"f56eb80\" data-element_type=\"container\" data-settings=\"{&quot;background_background&quot;:&quot;classic&quot;}\">\n\t\t\t\t<div class=\"elementor-element elementor-element-7fe88e9 elementor-widget-mobile__width-initial elementor-widget elementor-widget-image\" data-id=\"7fe88e9\" data-element_type=\"widget\" data-widget_type=\"image.default\">\n\t\t\t\t<div class=\"elementor-widget-container\">\n\t\t\t\t\t\t\t\t\t\t\t\t\t\t\t<img decoding=\"async\" width=\"150\" height=\"150\" src=\"https:\/\/portal.fairmuse.eu\/wp-content\/uploads\/2023\/11\/datashare-icon-150x150.png\" class=\"attachment-thumbnail size-thumbnail wp-image-1850\" alt=\"FairMusE Portal\" srcset=\"https:\/\/portal.fairmuse.eu\/wp-content\/uploads\/2023\/11\/datashare-icon-150x150.png 150w, https:\/\/portal.fairmuse.eu\/wp-content\/uploads\/2023\/11\/datashare-icon-300x300.png 300w, https:\/\/portal.fairmuse.eu\/wp-content\/uploads\/2023\/11\/datashare-icon-1024x1024.png 1024w, https:\/\/portal.fairmuse.eu\/wp-content\/uploads\/2023\/11\/datashare-icon-768x768.png 768w, https:\/\/portal.fairmuse.eu\/wp-content\/uploads\/2023\/11\/datashare-icon-1536x1536.png 1536w, https:\/\/portal.fairmuse.eu\/wp-content\/uploads\/2023\/11\/datashare-icon.png 1653w\" sizes=\"(max-width: 150px) 100vw, 150px\" \/>\t\t\t\t\t\t\t\t\t\t\t\t\t\t\t<\/div>\n\t\t\t\t<\/div>\n\t\t\t\t<\/div>\n\t\t\t\t\t<\/div>\n\t\t\t\t<\/div>\n\t\t<div class=\"elementor-element elementor-element-a5af692 e-con-full e-flex e-con e-parent\" data-id=\"a5af692\" data-element_type=\"container\">\n\t\t<div class=\"elementor-element elementor-element-642265a e-flex e-con-boxed e-con e-child\" data-id=\"642265a\" data-element_type=\"container\">\n\t\t\t\t\t<div class=\"e-con-inner\">\n\t\t\t\t<div class=\"elementor-element elementor-element-c60b1d6 elementor-widget__width-auto elementor-widget elementor-widget-text-editor\" data-id=\"c60b1d6\" data-element_type=\"widget\" data-widget_type=\"text-editor.default\">\n\t\t\t\t<div class=\"elementor-widget-container\">\n\t\t\t\t\t\t\t\t\t<p><span style=\"color: #000000;\"><span style=\"font-weight: 400;\">Det er ofte blevet sagt, at musiktjenesters algoritmer er uretf\u00e6rdige, men vi har faktisk ikke s\u00e6rligt meget viden om helt pr\u00e6cis hvordan de fungerer, da streaming platformene ikke offentligg\u00f8r dem. S\u00e5 hvor fair er de egentlig? Og hvordan p\u00e5virker de musikere og lytteres oplevelser med platformene?<\/span> I EU-forskningsprojektet \"Fair MusE\" unders\u00f8ger vi dette sp\u00f8rgsm\u00e5l om retf\u00e6rdighed videnskabeligt - med din hj\u00e6lp!<\/span><\/p><p><span style=\"color: #000000;\">Du har derfor lige nu mulighed for at v\u00e6re med til at skabe en mere fair og gennemsigtig musikstreaming sektor ved at dele dine musikstreaming data i vores forskningsprojekt.<\/span><\/p><p><span style=\"color: #000000;\">Ved at analysere dine data og sammenligne dem med data fra 1000 andre brugere p\u00e5 tv\u00e6rs af Europa h\u00e5ber vi at kunne finde ud af, hvordan musiktjenesternes algoritmer fungerer, og om streaming kan blive mere retf\u00e6rdigt.<\/span><\/p><p><span style=\"color: #000000;\"><em>F\u00f8lg blot disse trin!<\/em><b><\/b><\/span><\/p><p><span style=\"color: #000000;\"><b><span style=\"font-family: var( --e-global-typography-text-font-family ), Sans-serif; font-size: var( --e-global-typography-text-font-size ); font-style: var( --e-global-typography-text-font-style ); letter-spacing: var( --e-global-typography-text-letter-spacing ); text-transform: var( --e-global-typography-text-text-transform ); word-spacing: var( --e-global-typography-text-word-spacing ); text-decoration: var( --e-global-typography-text-text-decoration );\"><strong>1. Opret en <a style=\"color: #000000; text-decoration: var( --e-global-typography-text-text-decoration );\" href=\"https:\/\/portal.fairmuse.eu\/da\/tilmeld-dig\/\" target=\"_blank\" rel=\"noopener\">Login<\/a> til portalen<\/strong><\/span><\/b><\/span><\/p><p><span style=\"color: #000000;\"><b><span style=\"font-family: var( --e-global-typography-text-font-family ), Sans-serif; font-size: var( --e-global-typography-text-font-size ); font-style: var( --e-global-typography-text-font-style ); letter-spacing: var( --e-global-typography-text-letter-spacing ); text-transform: var( --e-global-typography-text-text-transform ); word-spacing: var( --e-global-typography-text-word-spacing ); text-decoration: var( --e-global-typography-text-text-decoration );\"><strong>2. V\u00e6lg din streamingtjeneste, og bed om dine data (se instruktionerne nedenfor for specifikke streamingtjenester)<\/strong><\/span><span style=\"font-family: var( --e-global-typography-text-font-family ), Sans-serif; font-size: var( --e-global-typography-text-font-size ); font-style: var( --e-global-typography-text-font-style ); letter-spacing: var( --e-global-typography-text-letter-spacing ); text-transform: var( --e-global-typography-text-text-transform ); word-spacing: var( --e-global-typography-text-word-spacing ); text-decoration: var( --e-global-typography-text-text-decoration );\"><br \/><\/span><\/b><\/span><\/p><p><span style=\"color: #000000;\"><strong>3. Vent p\u00e5, at dataene bliver klar til download<\/strong><\/span><\/p><p><span style=\"color: #000000;\"><strong>4. Upload dataene til denne portal<\/strong><\/span><\/p><p><span style=\"color: #000000;\"><strong>5. Se dine musikvaner visualiseret: udforsk din personlige musikprofil, og se din lyttehistorik i et helt nyt perspektiv!\u00a0<\/strong><\/span><\/p><p><span style=\"font-weight: 400; color: #000000;\">N\u00e5r du uploader dine data, sletter vi automatisk alle oplysninger, der ikke handler om musikken og din lytning. Du kan se de data, vi opbevarer for hver streamingplatform, i vejledningen nedenfor. Vi kigger ikke i dine data uden dit samtykke. Vi bruger data til at lave statistik, hvor enkeltpersoner ikke kan identificeres. Dine personlige musikdata bruges kun inden for Fair MusE-projektet. Vi overholder GDPR for sikker opbevaring og behandling af dine oplysninger.<\/span><\/p>\t\t\t\t\t\t\t\t<\/div>\n\t\t\t\t<\/div>\n\t\t\t\t<div class=\"elementor-element elementor-element-01e42cf elementor-widget elementor-widget-spacer\" data-id=\"01e42cf\" data-element_type=\"widget\" data-widget_type=\"spacer.default\">\n\t\t\t\t<div class=\"elementor-widget-container\">\n\t\t\t\t\t\t\t<div class=\"elementor-spacer\">\n\t\t\t<div class=\"elementor-spacer-inner\"><\/div>\n\t\t<\/div>\n\t\t\t\t\t\t<\/div>\n\t\t\t\t<\/div>\n\t\t\t\t\t<\/div>\n\t\t\t\t<\/div>\n\t\t\t\t<\/div>\n\t\t<div class=\"elementor-element elementor-element-8684b2a e-flex e-con-boxed e-con e-parent\" data-id=\"8684b2a\" data-element_type=\"container\">\n\t\t\t\t\t<div class=\"e-con-inner\">\n\t\t\t\t<div class=\"elementor-element elementor-element-953da16 elementor-widget__width-initial elementor-widget elementor-widget-heading\" data-id=\"953da16\" data-element_type=\"widget\" data-widget_type=\"heading.default\">\n\t\t\t\t<div class=\"elementor-widget-container\">\n\t\t\t\t\t<h2 class=\"elementor-heading-title elementor-size-default\">Kom i gang: Bed om dine data<\/h2>\t\t\t\t<\/div>\n\t\t\t\t<\/div>\n\t\t\t\t\t<\/div>\n\t\t\t\t<\/div>\n\t\t<div class=\"elementor-element elementor-element-0c9e011 e-flex e-con-boxed e-con e-parent\" data-id=\"0c9e011\" data-element_type=\"container\">\n\t\t\t\t\t<div class=\"e-con-inner\">\n\t\t<div class=\"elementor-element elementor-element-52097fc e-con-full e-flex e-con e-child\" data-id=\"52097fc\" data-element_type=\"container\">\n\t\t\t\t<div class=\"elementor-element elementor-element-39b3ced elementor-widget elementor-widget-image\" data-id=\"39b3ced\" data-element_type=\"widget\" data-widget_type=\"image.default\">\n\t\t\t\t<div class=\"elementor-widget-container\">\n\t\t\t\t\t\t\t\t\t\t\t\t\t\t\t\t<a href=\"https:\/\/portal.fairmuse.eu\/da\/spotify-instruktioner\/\" target=\"_blank\">\n\t\t\t\t\t\t\t<img decoding=\"async\" width=\"104\" height=\"100\" src=\"https:\/\/portal.fairmuse.eu\/wp-content\/uploads\/2023\/10\/Spotify-Logo.jpg\" class=\"attachment-large size-large wp-image-74\" alt=\"\" \/>\t\t\t\t\t\t\t\t<\/a>\n\t\t\t\t\t\t\t\t\t\t\t\t\t\t\t<\/div>\n\t\t\t\t<\/div>\n\t\t<div class=\"elementor-element elementor-element-8e726c9 e-con-full e-flex e-con e-child\" data-id=\"8e726c9\" data-element_type=\"container\">\n\t\t\t\t<div class=\"elementor-element elementor-element-1b242b5 elementor-widget elementor-widget-text-editor\" data-id=\"1b242b5\" data-element_type=\"widget\" data-widget_type=\"text-editor.default\">\n\t\t\t\t<div class=\"elementor-widget-container\">\n\t\t\t\t\t\t\t\t\t<p style=\"text-align: center;\"><strong><span style=\"color: #000000;\"><a style=\"color: #000000; text-decoration: underline;\" href=\"https:\/\/portal.fairmuse.eu\/da\/spotify-instruktioner\/\" target=\"_blank\" rel=\"noopener\"><b>Spotify<\/b><\/a><\/span><\/strong><\/p>\t\t\t\t\t\t\t\t<\/div>\n\t\t\t\t<\/div>\n\t\t\t\t<\/div>\n\t\t\t\t<\/div>\n\t\t<div class=\"elementor-element elementor-element-246b90f e-con-full e-flex e-con e-child\" data-id=\"246b90f\" data-element_type=\"container\">\n\t\t\t\t<div class=\"elementor-element elementor-element-04941b5 elementor-widget elementor-widget-image\" data-id=\"04941b5\" data-element_type=\"widget\" data-widget_type=\"image.default\">\n\t\t\t\t<div class=\"elementor-widget-container\">\n\t\t\t\t\t\t\t\t\t\t\t\t\t\t\t\t<a href=\"https:\/\/portal.fairmuse.eu\/da\/apple-instruktioner\/\" target=\"_blank\">\n\t\t\t\t\t\t\t<img decoding=\"async\" width=\"208\" height=\"61\" src=\"https:\/\/portal.fairmuse.eu\/wp-content\/uploads\/2023\/10\/Apple-Music-Logo.jpg\" class=\"attachment-large size-large wp-image-75\" alt=\"\" \/>\t\t\t\t\t\t\t\t<\/a>\n\t\t\t\t\t\t\t\t\t\t\t\t\t\t\t<\/div>\n\t\t\t\t<\/div>\n\t\t<div class=\"elementor-element elementor-element-62d1dd6 e-con-full e-flex e-con e-child\" data-id=\"62d1dd6\" data-element_type=\"container\">\n\t\t\t\t<div class=\"elementor-element elementor-element-8dd1a4e elementor-widget elementor-widget-text-editor\" data-id=\"8dd1a4e\" data-element_type=\"widget\" data-widget_type=\"text-editor.default\">\n\t\t\t\t<div class=\"elementor-widget-container\">\n\t\t\t\t\t\t\t\t\t<p style=\"text-align: center;\"><strong><span style=\"text-decoration: underline; color: #000000;\"><a style=\"color: #000000; text-decoration: underline;\" href=\"https:\/\/portal.fairmuse.eu\/da\/apple-instruktioner\/\" target=\"_blank\" rel=\"noopener\"><b>Apple musik<\/b><\/a><\/span><\/strong><\/p>\t\t\t\t\t\t\t\t<\/div>\n\t\t\t\t<\/div>\n\t\t\t\t<\/div>\n\t\t\t\t<\/div>\n\t\t<div class=\"elementor-element elementor-element-d70a634 e-con-full e-flex e-con e-child\" data-id=\"d70a634\" data-element_type=\"container\">\n\t\t\t\t<div class=\"elementor-element elementor-element-4f1753f elementor-widget elementor-widget-image\" data-id=\"4f1753f\" data-element_type=\"widget\" data-widget_type=\"image.default\">\n\t\t\t\t<div class=\"elementor-widget-container\">\n\t\t\t\t\t\t\t\t\t\t\t\t\t\t\t\t<a href=\"https:\/\/portal.fairmuse.eu\/da\/youtube-instruktioner\/\" target=\"_blank\">\n\t\t\t\t\t\t\t<img loading=\"lazy\" decoding=\"async\" width=\"104\" height=\"100\" src=\"https:\/\/portal.fairmuse.eu\/wp-content\/uploads\/2023\/10\/YouTube-Music-Logo.jpg\" class=\"attachment-large size-large wp-image-73\" alt=\"\" \/>\t\t\t\t\t\t\t\t<\/a>\n\t\t\t\t\t\t\t\t\t\t\t\t\t\t\t<\/div>\n\t\t\t\t<\/div>\n\t\t<div class=\"elementor-element elementor-element-a0f85ba e-con-full e-flex e-con e-child\" data-id=\"a0f85ba\" data-element_type=\"container\">\n\t\t\t\t<div class=\"elementor-element elementor-element-d13a6cc elementor-widget elementor-widget-text-editor\" data-id=\"d13a6cc\" data-element_type=\"widget\" data-widget_type=\"text-editor.default\">\n\t\t\t\t<div class=\"elementor-widget-container\">\n\t\t\t\t\t\t\t\t\t<p style=\"text-align: center;\"><strong><span style=\"text-decoration: underline; color: #000000;\"><a style=\"color: #000000; text-decoration: underline;\" href=\"https:\/\/portal.fairmuse.eu\/da\/youtube-instruktioner\/\" target=\"_blank\" rel=\"noopener\"><b>YouTube Musik<\/b><\/a><\/span><\/strong><\/p>\t\t\t\t\t\t\t\t<\/div>\n\t\t\t\t<\/div>\n\t\t\t\t<\/div>\n\t\t\t\t<\/div>\n\t\t\t\t\t<\/div>\n\t\t\t\t<\/div>\n\t\t<div class=\"elementor-element elementor-element-8ee42ec e-flex e-con-boxed e-con e-parent\" data-id=\"8ee42ec\" data-element_type=\"container\">\n\t\t\t\t\t<div class=\"e-con-inner\">\n\t\t\t\t<div class=\"elementor-element elementor-element-c818c7f elementor-widget elementor-widget-spacer\" data-id=\"c818c7f\" data-element_type=\"widget\" data-widget_type=\"spacer.default\">\n\t\t\t\t<div class=\"elementor-widget-container\">\n\t\t\t\t\t\t\t<div class=\"elementor-spacer\">\n\t\t\t<div class=\"elementor-spacer-inner\"><\/div>\n\t\t<\/div>\n\t\t\t\t\t\t<\/div>\n\t\t\t\t<\/div>\n\t\t\t\t\t<\/div>\n\t\t\t\t<\/div>\n\t\t<div class=\"elementor-element elementor-element-e868af4 e-con-full e-flex e-con e-parent\" data-id=\"e868af4\" data-element_type=\"container\">\n\t\t<div class=\"elementor-element elementor-element-4d57780 e-con-full e-flex e-con e-child\" data-id=\"4d57780\" data-element_type=\"container\" data-settings=\"{&quot;background_background&quot;:&quot;classic&quot;}\">\n\t\t\t\t<div class=\"elementor-element elementor-element-06801ac elementor-widget elementor-widget-heading\" data-id=\"06801ac\" data-element_type=\"widget\" data-widget_type=\"heading.default\">\n\t\t\t\t<div class=\"elementor-widget-container\">\n\t\t\t\t\t<h2 class=\"elementor-heading-title elementor-size-default\">Interview<\/h2>\t\t\t\t<\/div>\n\t\t\t\t<\/div>\n\t\t<div class=\"elementor-element elementor-element-a3e9ddf e-con-full e-flex e-con e-child\" data-id=\"a3e9ddf\" data-element_type=\"container\">\n\t\t\t\t<div class=\"elementor-element elementor-element-6d1cac6 elementor-widget elementor-widget-text-editor\" data-id=\"6d1cac6\" data-element_type=\"widget\" data-widget_type=\"text-editor.default\">\n\t\t\t\t<div class=\"elementor-widget-container\">\n\t\t\t\t\t\t\t\t\t<p class=\"translation-block\">Hvordan oplever du platformene som lytter? Og hvad vil retf\u00e6rdighed sige, n\u00e5r vi snakker musik - set fra dit perspektiv? Del dine tanker med os!.<\/p>\t\t\t\t\t\t\t\t<\/div>\n\t\t\t\t<\/div>\n\t\t\t\t<\/div>\n\t\t<div class=\"elementor-element elementor-element-e312521 e-con-full e-flex e-con e-child\" data-id=\"e312521\" data-element_type=\"container\" data-settings=\"{&quot;background_background&quot;:&quot;classic&quot;}\">\n\t\t\t\t<div class=\"elementor-element elementor-element-dc6e28b elementor-widget__width-inherit elementor-widget-mobile__width-initial elementor-widget elementor-widget-text-editor\" data-id=\"dc6e28b\" data-element_type=\"widget\" data-widget_type=\"text-editor.default\">\n\t\t\t\t<div class=\"elementor-widget-container\">\n\t\t\t\t\t\t\t\t\t<p><a href=\"https:\/\/portal.fairmuse.eu\/da\/interview-da\/\" target=\"_blank\" rel=\"noopener\">Bliv kontaktet<\/a><\/p>\t\t\t\t\t\t\t\t<\/div>\n\t\t\t\t<\/div>\n\t\t\t\t<div class=\"elementor-element elementor-element-8303581 elementor-widget__width-auto elementor-widget-mobile__width-initial elementor-view-default elementor-widget elementor-widget-icon\" data-id=\"8303581\" data-element_type=\"widget\" data-widget_type=\"icon.default\">\n\t\t\t\t<div class=\"elementor-widget-container\">\n\t\t\t\t\t\t\t<div class=\"elementor-icon-wrapper\">\n\t\t\t<a class=\"elementor-icon\" href=\"https:\/\/portal.fairmuse.eu\/da\/interview-da\/\" target=\"_blank\">\n\t\t\t<i aria-hidden=\"true\" class=\"fas fa-arrow-right\"><\/i>\t\t\t<\/a>\n\t\t<\/div>\n\t\t\t\t\t\t<\/div>\n\t\t\t\t<\/div>\n\t\t\t\t<\/div>\n\t\t\t\t<\/div>\n\t\t\t\t<div class=\"elementor-element elementor-element-f4ad77c elementor-widget elementor-widget-spacer\" data-id=\"f4ad77c\" data-element_type=\"widget\" data-widget_type=\"spacer.default\">\n\t\t\t\t<div class=\"elementor-widget-container\">\n\t\t\t\t\t\t\t<div class=\"elementor-spacer\">\n\t\t\t<div class=\"elementor-spacer-inner\"><\/div>\n\t\t<\/div>\n\t\t\t\t\t\t<\/div>\n\t\t\t\t<\/div>\n\t\t<div class=\"elementor-element elementor-element-1d31282 e-con-full e-flex e-con e-child\" data-id=\"1d31282\" data-element_type=\"container\" data-settings=\"{&quot;background_background&quot;:&quot;classic&quot;}\">\n\t\t\t\t<div class=\"elementor-element elementor-element-7833f45 elementor-widget__width-inherit elementor-widget elementor-widget-heading\" data-id=\"7833f45\" data-element_type=\"widget\" data-widget_type=\"heading.default\">\n\t\t\t\t<div class=\"elementor-widget-container\">\n\t\t\t\t\t<h2 class=\"elementor-heading-title elementor-size-default\">Sp\u00f8rgeskema<\/h2>\t\t\t\t<\/div>\n\t\t\t\t<\/div>\n\t\t<div class=\"elementor-element elementor-element-2d4ed28 e-con-full e-flex e-con e-child\" data-id=\"2d4ed28\" data-element_type=\"container\">\n\t\t\t\t<div class=\"elementor-element elementor-element-37ca646 elementor-widget elementor-widget-text-editor\" data-id=\"37ca646\" data-element_type=\"widget\" data-widget_type=\"text-editor.default\">\n\t\t\t\t<div class=\"elementor-widget-container\">\n\t\t\t\t\t\t\t\t\t<p>Fort\u00e6l os, hvordan du finder ny musik, og hvor forskellig eller ens den skal v\u00e6re i forhold til dine pr\u00e6ferencer.<\/p>\t\t\t\t\t\t\t\t<\/div>\n\t\t\t\t<\/div>\n\t\t\t\t<\/div>\n\t\t<div class=\"elementor-element elementor-element-fcb7f14 e-con-full e-flex e-con e-child\" data-id=\"fcb7f14\" data-element_type=\"container\" data-settings=\"{&quot;background_background&quot;:&quot;classic&quot;}\">\n\t\t\t\t<div class=\"elementor-element elementor-element-be7842a elementor-widget__width-auto elementor-widget-mobile__width-initial elementor-widget elementor-widget-text-editor\" data-id=\"be7842a\" data-element_type=\"widget\" data-widget_type=\"text-editor.default\">\n\t\t\t\t<div class=\"elementor-widget-container\">\n\t\t\t\t\t\t\t\t\t<p style=\"text-align: left;\"><a href=\"https:\/\/portal.fairmuse.eu\/da\/undersogelse\/\" target=\"_blank\" rel=\"noopener\"><span style=\"color: #ffffff;\">Udfyld sp\u00f8rgeskemaet<\/span><\/a><\/p>\t\t\t\t\t\t\t\t<\/div>\n\t\t\t\t<\/div>\n\t\t\t\t<div class=\"elementor-element elementor-element-2203706 elementor-widget__width-inherit elementor-widget-mobile__width-initial elementor-view-default elementor-widget elementor-widget-icon\" data-id=\"2203706\" data-element_type=\"widget\" data-widget_type=\"icon.default\">\n\t\t\t\t<div class=\"elementor-widget-container\">\n\t\t\t\t\t\t\t<div class=\"elementor-icon-wrapper\">\n\t\t\t<a class=\"elementor-icon\" href=\"https:\/\/portal.fairmuse.eu\/da\/undersogelse\/\" target=\"_blank\">\n\t\t\t<i aria-hidden=\"true\" class=\"fas fa-arrow-right\"><\/i>\t\t\t<\/a>\n\t\t<\/div>\n\t\t\t\t\t\t<\/div>\n\t\t\t\t<\/div>\n\t\t\t\t<\/div>\n\t\t\t\t<\/div>\n\t\t\t\t<div class=\"elementor-element elementor-element-862cba1 elementor-widget elementor-widget-spacer\" data-id=\"862cba1\" data-element_type=\"widget\" data-widget_type=\"spacer.default\">\n\t\t\t\t<div class=\"elementor-widget-container\">\n\t\t\t\t\t\t\t<div class=\"elementor-spacer\">\n\t\t\t<div class=\"elementor-spacer-inner\"><\/div>\n\t\t<\/div>\n\t\t\t\t\t\t<\/div>\n\t\t\t\t<\/div>\n\t\t<div class=\"elementor-element elementor-element-38f82f8 e-con-full e-flex e-con e-child\" data-id=\"38f82f8\" data-element_type=\"container\" data-settings=\"{&quot;background_background&quot;:&quot;classic&quot;}\">\n\t\t\t\t<div class=\"elementor-element elementor-element-f969715 elementor-widget elementor-widget-heading\" data-id=\"f969715\" data-element_type=\"widget\" data-widget_type=\"heading.default\">\n\t\t\t\t<div class=\"elementor-widget-container\">\n\t\t\t\t\t<h2 class=\"elementor-heading-title elementor-size-default\">Se vores musikdata<\/h2>\t\t\t\t<\/div>\n\t\t\t\t<\/div>\n\t\t<div class=\"elementor-element elementor-element-22abbd2 e-con-full e-flex e-con e-child\" data-id=\"22abbd2\" data-element_type=\"container\">\n\t\t\t\t<div class=\"elementor-element elementor-element-5eb47ac elementor-widget elementor-widget-text-editor\" data-id=\"5eb47ac\" data-element_type=\"widget\" data-widget_type=\"text-editor.default\">\n\t\t\t\t<div class=\"elementor-widget-container\">\n\t\t\t\t\t\t\t\t\t<p><span style=\"font-weight: 400;\">Udforsk visualiseringer af dine lyttevaner og se, hvor forskelligartet Fair MusE-lytning er.<\/span><\/p>\t\t\t\t\t\t\t\t<\/div>\n\t\t\t\t<\/div>\n\t\t<div class=\"elementor-element elementor-element-8b257cc e-con-full e-flex e-con e-child\" data-id=\"8b257cc\" data-element_type=\"container\" data-settings=\"{&quot;background_background&quot;:&quot;classic&quot;}\">\n\t\t\t\t<div class=\"elementor-element elementor-element-a6f84ce elementor-widget__width-auto elementor-widget-mobile__width-initial elementor-widget elementor-widget-text-editor\" data-id=\"a6f84ce\" data-element_type=\"widget\" data-widget_type=\"text-editor.default\">\n\t\t\t\t<div class=\"elementor-widget-container\">\n\t\t\t\t\t\t\t\t\t<p><a href=\"https:\/\/portal.fairmuse.eu\/da\/min-musikprofil-som-vikar\/\" target=\"_blank\" rel=\"noopener\"><span style=\"color: #ffffff;\">Kommer snart<\/span><\/a><\/p>\t\t\t\t\t\t\t\t<\/div>\n\t\t\t\t<\/div>\n\t\t\t\t<div class=\"elementor-element elementor-element-913bee2 elementor-widget__width-inherit elementor-widget-mobile__width-initial elementor-view-default elementor-widget elementor-widget-icon\" data-id=\"913bee2\" data-element_type=\"widget\" data-widget_type=\"icon.default\">\n\t\t\t\t<div class=\"elementor-widget-container\">\n\t\t\t\t\t\t\t<div class=\"elementor-icon-wrapper\">\n\t\t\t<a class=\"elementor-icon\" href=\"https:\/\/portal.fairmuse.eu\/da\/min-musikprofil-som-vikar\/\" target=\"_blank\">\n\t\t\t<i aria-hidden=\"true\" class=\"fas fa-arrow-right\"><\/i>\t\t\t<\/a>\n\t\t<\/div>\n\t\t\t\t\t\t<\/div>\n\t\t\t\t<\/div>\n\t\t\t\t<\/div>\n\t\t\t\t<\/div>\n\t\t\t\t<\/div>\n\t\t\t\t<\/div>\n\t\t<div class=\"elementor-element elementor-element-6d0d74b e-flex e-con-boxed e-con e-parent\" data-id=\"6d0d74b\" data-element_type=\"container\">\n\t\t\t\t\t<div class=\"e-con-inner\">\n\t\t\t\t<div class=\"elementor-element elementor-element-debb1f2 elementor-widget elementor-widget-spacer\" data-id=\"debb1f2\" data-element_type=\"widget\" data-widget_type=\"spacer.default\">\n\t\t\t\t<div class=\"elementor-widget-container\">\n\t\t\t\t\t\t\t<div class=\"elementor-spacer\">\n\t\t\t<div class=\"elementor-spacer-inner\"><\/div>\n\t\t<\/div>\n\t\t\t\t\t\t<\/div>\n\t\t\t\t<\/div>\n\t\t\t\t\t<\/div>\n\t\t\t\t<\/div>\n\t\t\t\t<\/div>","protected":false},"excerpt":{"rendered":"<p>Del dine musikstreamingdata Det h\u00e6vdes ofte, at musikstreamingtjenester mangler retf\u00e6rdighed, og at anbefalingsalgoritmer forv\u00e6rrer dette problem. I EU-forskningsprojektet \"Fair MusE\" unders\u00f8ger vi dette sp\u00f8rgsm\u00e5l om retf\u00e6rdighed videnskabeligt - med din hj\u00e6lp! Du kan hj\u00e6lpe med at opn\u00e5 mere retf\u00e6rdighed for musikskabere ved at dele dine musikstreamingdata [...]<\/p>","protected":false},"author":1,"featured_media":0,"parent":0,"menu_order":0,"comment_status":"closed","ping_status":"closed","template":"elementor_header_footer","meta":{"_acf_changed":false,"footnotes":""},"class_list":["post-9308","page","type-page","status-publish","hentry"],"acf":[],"_links":{"self":[{"href":"https:\/\/portal.fairmuse.eu\/da\/wp-json\/wp\/v2\/pages\/9308","targetHints":{"allow":["GET"]}}],"collection":[{"href":"https:\/\/portal.fairmuse.eu\/da\/wp-json\/wp\/v2\/pages"}],"about":[{"href":"https:\/\/portal.fairmuse.eu\/da\/wp-json\/wp\/v2\/types\/page"}],"author":[{"embeddable":true,"href":"https:\/\/portal.fairmuse.eu\/da\/wp-json\/wp\/v2\/users\/1"}],"replies":[{"embeddable":true,"href":"https:\/\/portal.fairmuse.eu\/da\/wp-json\/wp\/v2\/comments?post=9308"}],"version-history":[{"count":88,"href":"https:\/\/portal.fairmuse.eu\/da\/wp-json\/wp\/v2\/pages\/9308\/revisions"}],"predecessor-version":[{"id":10911,"href":"https:\/\/portal.fairmuse.eu\/da\/wp-json\/wp\/v2\/pages\/9308\/revisions\/10911"}],"wp:attachment":[{"href":"https:\/\/portal.fairmuse.eu\/da\/wp-json\/wp\/v2\/media?parent=9308"}],"curies":[{"name":"wp","href":"https:\/\/api.w.org\/{rel}","templated":true}]}}