{"id":974,"date":"2023-10-24T15:02:05","date_gmt":"2023-10-24T13:02:05","guid":{"rendered":"https:\/\/portal.fairmuse.eu\/?page_id=974"},"modified":"2024-08-14T10:29:19","modified_gmt":"2024-08-14T08:29:19","slug":"spotify-instruktioner","status":"publish","type":"page","link":"https:\/\/portal.fairmuse.eu\/da\/spotify-instruktioner\/","title":{"rendered":"Spotify-instruktioner"},"content":{"rendered":"<div data-elementor-type=\"wp-page\" data-elementor-id=\"974\" class=\"elementor elementor-974\" data-elementor-post-type=\"page\">\n\t\t\t\t<div class=\"elementor-element elementor-element-d0b8a49 e-flex e-con-boxed e-con e-parent\" data-id=\"d0b8a49\" data-element_type=\"container\">\n\t\t\t\t\t<div class=\"e-con-inner\">\n\t\t\t\t<div class=\"elementor-element elementor-element-9969cf3 elementor-widget elementor-widget-spacer\" data-id=\"9969cf3\" data-element_type=\"widget\" data-widget_type=\"spacer.default\">\n\t\t\t\t<div class=\"elementor-widget-container\">\n\t\t\t\t\t\t\t<div class=\"elementor-spacer\">\n\t\t\t<div class=\"elementor-spacer-inner\"><\/div>\n\t\t<\/div>\n\t\t\t\t\t\t<\/div>\n\t\t\t\t<\/div>\n\t\t\t\t\t<\/div>\n\t\t\t\t<\/div>\n\t\t<div class=\"elementor-element elementor-element-774d823 e-flex e-con-boxed e-con e-parent\" data-id=\"774d823\" data-element_type=\"container\">\n\t\t\t\t\t<div class=\"e-con-inner\">\n\t\t<div class=\"elementor-element elementor-element-3b3bd09 e-con-full e-flex e-con e-child\" data-id=\"3b3bd09\" data-element_type=\"container\">\n\t\t\t\t<div class=\"elementor-element elementor-element-ac1abcf elementor-widget__width-initial elementor-widget elementor-widget-image\" data-id=\"ac1abcf\" data-element_type=\"widget\" data-widget_type=\"image.default\">\n\t\t\t\t<div class=\"elementor-widget-container\">\n\t\t\t\t\t\t\t\t\t\t\t\t\t\t\t<img decoding=\"async\" width=\"150\" height=\"150\" src=\"https:\/\/portal.fairmuse.eu\/wp-content\/uploads\/2023\/11\/datashare-icon-150x150.png\" class=\"attachment-thumbnail size-thumbnail wp-image-1850\" alt=\"FairMusE Portal\" srcset=\"https:\/\/portal.fairmuse.eu\/wp-content\/uploads\/2023\/11\/datashare-icon-150x150.png 150w, https:\/\/portal.fairmuse.eu\/wp-content\/uploads\/2023\/11\/datashare-icon-300x300.png 300w, https:\/\/portal.fairmuse.eu\/wp-content\/uploads\/2023\/11\/datashare-icon-1024x1024.png 1024w, https:\/\/portal.fairmuse.eu\/wp-content\/uploads\/2023\/11\/datashare-icon-768x768.png 768w, https:\/\/portal.fairmuse.eu\/wp-content\/uploads\/2023\/11\/datashare-icon-1536x1536.png 1536w, https:\/\/portal.fairmuse.eu\/wp-content\/uploads\/2023\/11\/datashare-icon.png 1653w\" sizes=\"(max-width: 150px) 100vw, 150px\" \/>\t\t\t\t\t\t\t\t\t\t\t\t\t\t\t<\/div>\n\t\t\t\t<\/div>\n\t\t\t\t<\/div>\n\t\t<div class=\"elementor-element elementor-element-310be2f e-con-full e-flex e-con e-child\" data-id=\"310be2f\" data-element_type=\"container\" data-settings=\"{&quot;background_background&quot;:&quot;classic&quot;}\">\n\t\t\t\t<div class=\"elementor-element elementor-element-95574d7 elementor-widget__width-initial elementor-widget elementor-widget-heading\" data-id=\"95574d7\" data-element_type=\"widget\" data-widget_type=\"heading.default\">\n\t\t\t\t<div class=\"elementor-widget-container\">\n\t\t\t\t\t<h2 class=\"elementor-heading-title elementor-size-default\">F\u00e5 din Spotify-lyttehistorik<\/h2>\t\t\t\t<\/div>\n\t\t\t\t<\/div>\n\t\t\t\t<\/div>\n\t\t\t\t\t<\/div>\n\t\t\t\t<\/div>\n\t\t<div class=\"elementor-element elementor-element-1723de2 e-con-full e-flex e-con e-parent\" data-id=\"1723de2\" data-element_type=\"container\">\n\t\t<div class=\"elementor-element elementor-element-db4e473 e-con-full e-flex e-con e-child\" data-id=\"db4e473\" data-element_type=\"container\">\n\t\t\t\t<div class=\"elementor-element elementor-element-5cb2397 elementor-widget elementor-widget-text-editor\" data-id=\"5cb2397\" data-element_type=\"widget\" data-widget_type=\"text-editor.default\">\n\t\t\t\t<div class=\"elementor-widget-container\">\n\t\t\t\t\t\t\t\t\t<p>Hvis du bruger Spotify, kan du f\u00f8lge nedenst\u00e5ende trin for at bede om dine data. Vi anbefaler, at du bruger en computer, da du ikke kan g\u00f8re det via Spotify-appen.<\/p><p>Hvis du har sp\u00f8rgsm\u00e5l eller tekniske problemer, <a style=\"color: #000000; text-decoration: underline;\" href=\"https:\/\/portal.fairmuse.eu\/da\/kontakt\/\">s\u00e5 send os en besked!<\/a><\/p>\t\t\t\t\t\t\t\t<\/div>\n\t\t\t\t<\/div>\n\t\t\t\t<div class=\"elementor-element elementor-element-891adbf elementor-widget__width-initial elementor-widget elementor-widget-eael-adv-accordion\" data-id=\"891adbf\" data-element_type=\"widget\" data-widget_type=\"eael-adv-accordion.default\">\n\t\t\t\t<div class=\"elementor-widget-container\">\n\t\t\t\t\t        <div class=\"eael-adv-accordion\" id=\"eael-adv-accordion-891adbf\" data-scroll-on-click=\"no\" data-scroll-speed=\"300\" data-accordion-id=\"891adbf\" data-accordion-type=\"accordion\" data-toogle-speed=\"300\">\n    <div class=\"eael-accordion-list\">\n                <div id=\"1-log-in-to-spotify\" class=\"elementor-tab-title eael-accordion-header active-default\" tabindex=\"0\" data-tab=\"1\" aria-controls=\"elementor-tab-content-1431\"><p class=\"eael-accordion-tab-title\">1. Log ind p\u00e5 Spotify<\/p><i aria-hidden=\"true\" class=\"fa-toggle fas fa-arrow-right\"><\/i><\/div><div id=\"elementor-tab-content-1431\" class=\"eael-accordion-content clearfix active-default\" data-tab=\"1\" aria-labelledby=\"1-log-in-to-spotify\"><table bgcolor=\"ffffff\"><tbody><tr><td style=\"background-color: #ffffff; border: 0;\"><p>1. G\u00e5 til:<\/p><p><span style=\"text-decoration: underline;\"><a style=\"color: black; text-decoration: underline;\" href=\"https:\/\/accounts.spotify.com\/\" target=\"_blank\" rel=\"noopener\">https:\/\/accounts.spotify.com\/<\/a><\/span><\/p><p>\u00a0<\/p><p>2. Log ind p\u00e5 din Spotify-konto for at f\u00e5 adgang til din kontooversigt.<\/p><p>\u00a0<\/p><p>3. Rul ned og klik p\u00e5 \"Privatlivsindstillinger\".<\/p><\/td><\/tr><tr><td style=\"background-color: #ffffff; border: 0;\"><img fetchpriority=\"high\" decoding=\"async\" class=\"aligncenter wp-image-1102\" src=\"https:\/\/portal.fairmuse.eu\/wp-content\/uploads\/2023\/10\/Step1-Spotify.jpg\" alt=\"\" width=\"500\" height=\"413\" \/><\/td><\/tr><\/tbody><\/table><\/div>\n                <\/div><div class=\"eael-accordion-list\">\n                <div id=\"2-ask-for-your-spotify-data\" class=\"elementor-tab-title eael-accordion-header\" tabindex=\"0\" data-tab=\"2\" aria-controls=\"elementor-tab-content-1432\"><p class=\"eael-accordion-tab-title\">2. Bed om dine Spotify-data<\/p><i aria-hidden=\"true\" class=\"fa-toggle fas fa-arrow-right\"><\/i><\/div><div id=\"elementor-tab-content-1432\" class=\"eael-accordion-content clearfix\" data-tab=\"2\" aria-labelledby=\"2-ask-for-your-spotify-data\"><p style=\"text-align: left;\">Rul lidt ned p\u00e5 siden til det afsnit, der hedder \"Download dine data\" (eller lignende)<\/p><table bgcolor=\"ffffff\"><tbody><tr><td style=\"background-color: #ffffff; border: 0;\"><p>1. S\u00e6t kryds i boksen \"<strong>Select<\/strong> <strong>Extended streaming history<\/strong>.&#8221;\u00a0<\/p><p>\u00a0<\/p><p>2. Fjern markeringen i boksen \"<strong>Select<\/strong> <strong>Account data<\/strong>.&#8221;<\/p><p>\u00a0<\/p><p>3. Tryk p\u00e5 den gr\u00f8nne knap \"<strong>Request data<\/strong>.&#8221;<\/p><p>\u00a0<\/p><p>4. Spotify sender dig nu en e-mail, hvor du skal bekr\u00e6fte bestillingen.<\/p><p>\u00a0<\/p><\/td><\/tr><tr><td style=\"background-color: #ffffff; border: 0;\"><img decoding=\"async\" class=\"aligncenter wp-image-7490 size-full\" src=\"https:\/\/portal.fairmuse.eu\/wp-content\/uploads\/2024\/04\/Step-2-Spotify.jpg\" alt=\"\" width=\"1326\" height=\"1118\" srcset=\"https:\/\/portal.fairmuse.eu\/wp-content\/uploads\/2024\/04\/Step-2-Spotify.jpg 1326w, https:\/\/portal.fairmuse.eu\/wp-content\/uploads\/2024\/04\/Step-2-Spotify-300x253.jpg 300w, https:\/\/portal.fairmuse.eu\/wp-content\/uploads\/2024\/04\/Step-2-Spotify-1024x863.jpg 1024w, https:\/\/portal.fairmuse.eu\/wp-content\/uploads\/2024\/04\/Step-2-Spotify-768x648.jpg 768w, https:\/\/portal.fairmuse.eu\/wp-content\/uploads\/2024\/04\/Step-2-Spotify-14x12.jpg 14w\" sizes=\"(max-width: 1326px) 100vw, 1326px\" \/><\/td><\/tr><\/tbody><\/table><\/div>\n                <\/div><div class=\"eael-accordion-list\">\n                <div id=\"3-confirm-your-request-and-wait\" class=\"elementor-tab-title eael-accordion-header\" tabindex=\"0\" data-tab=\"3\" aria-controls=\"elementor-tab-content-1433\"><p class=\"eael-accordion-tab-title\">3. Bekr\u00e6ft din anmodning, og vent<\/p><i aria-hidden=\"true\" class=\"fa-toggle fas fa-arrow-right\"><\/i><\/div><div id=\"elementor-tab-content-1433\" class=\"eael-accordion-content clearfix\" data-tab=\"3\" aria-labelledby=\"3-confirm-your-request-and-wait\"><table bgcolor=\"ffffff\"><tbody><tr><td style=\"background-color: #ffffff; border: 0;\"><p>1. \u00c5bn den e-mail, du bruger til din Spotify-konto. Bekr\u00e6ft din anmodning. Hvis du ikke f\u00e5r nogen e-mail, skal du tjekke din spam-mappe.<\/p><p>\u00a0<\/p><p>2. N\u00e5r det er bekr\u00e6ftet, f\u00e5r du besked om, at din anmodning er gennemf\u00f8rt.<\/p><p>\u00a0<\/p><p>3. Nu vil Spotify forberede dine data til download. Det tager lidt tid, typisk en til fire uger, afh\u00e6ngigt af hvor meget du har brugt Spotify.<\/p><p>\u00a0<\/p><p>4. Vi kan sende dig en p\u00e5mindelsesmail, n\u00e5r vi mener, at dine data er klar til at blive downloadet. Du kan tilmelde dig her: <a style=\"color: black; text-decoration: underline;\" href=\"https:\/\/portal.fairmuse.eu\/da\/pamindelse\/\">https:\/\/portal.fairmuse.eu\/reminder\/<\/a><\/p><p>\u00a0<\/p><p>5. N\u00e5r dataene er klar til download, sender Spotify dig en e-mail.<\/p><p>\u00a0<\/p><\/td><\/tr><tr><td style=\"background-color: #ffffff; border: 0;\"><img loading=\"lazy\" decoding=\"async\" class=\"wp-image-1119 aligncenter\" src=\"https:\/\/portal.fairmuse.eu\/wp-content\/uploads\/2023\/10\/Step3-Spotify.jpg\" alt=\"\" width=\"443\" height=\"500\" srcset=\"https:\/\/portal.fairmuse.eu\/wp-content\/uploads\/2023\/10\/Step3-Spotify.jpg 798w, https:\/\/portal.fairmuse.eu\/wp-content\/uploads\/2023\/10\/Step3-Spotify-266x300.jpg 266w, https:\/\/portal.fairmuse.eu\/wp-content\/uploads\/2023\/10\/Step3-Spotify-768x866.jpg 768w\" sizes=\"(max-width: 443px) 100vw, 443px\" \/><\/td><\/tr><tr><td style=\"background-color: #ffffff; border: 0;\"><img loading=\"lazy\" decoding=\"async\" class=\"wp-image-1123 aligncenter\" src=\"https:\/\/portal.fairmuse.eu\/wp-content\/uploads\/2023\/10\/Step3.5-Spotify.jpg\" alt=\"\" width=\"564\" height=\"500\" srcset=\"https:\/\/portal.fairmuse.eu\/wp-content\/uploads\/2023\/10\/Step3.5-Spotify.jpg 799w, https:\/\/portal.fairmuse.eu\/wp-content\/uploads\/2023\/10\/Step3.5-Spotify-300x266.jpg 300w, https:\/\/portal.fairmuse.eu\/wp-content\/uploads\/2023\/10\/Step3.5-Spotify-768x681.jpg 768w\" sizes=\"(max-width: 564px) 100vw, 564px\" \/><\/td><\/tr><\/tbody><\/table><\/div>\n                <\/div><div class=\"eael-accordion-list\">\n                <div id=\"4-download-your-spotify-data\" class=\"elementor-tab-title eael-accordion-header\" tabindex=\"0\" data-tab=\"4\" aria-controls=\"elementor-tab-content-1434\"><p class=\"eael-accordion-tab-title\">4. Download dine Spotify-data<\/p><i aria-hidden=\"true\" class=\"fa-toggle fas fa-arrow-right\"><\/i><\/div><div id=\"elementor-tab-content-1434\" class=\"eael-accordion-content clearfix\" data-tab=\"4\" aria-labelledby=\"4-download-your-spotify-data\"><p>N\u00e5r dine data er klar til download, modtager du en e-mail fra Spotify med din udvidede lytte-historik.<\/p><table bgcolor=\"ffffff\"><tbody><tr><td style=\"background-color: #ffffff; border: 0;\"><p>Find e-mailen fra Spotify med titlen \"Din udvidede streaminghistorik er klar til at blive downloadet.\"<\/p><p>Download dine data til din computer. \"Downloads-mappen\" er det s\u00e6dvanlige sted for downloads.<\/p><\/td><\/tr><tr><td style=\"background-color: #ffffff; border: 0;\"><img loading=\"lazy\" decoding=\"async\" class=\"wp-image-1436 size-full aligncenter\" src=\"https:\/\/portal.fairmuse.eu\/wp-content\/uploads\/2023\/11\/Step-5.5-Spotify.jpg\" alt=\"\" width=\"549\" height=\"738\" srcset=\"https:\/\/portal.fairmuse.eu\/wp-content\/uploads\/2023\/11\/Step-5.5-Spotify.jpg 549w, https:\/\/portal.fairmuse.eu\/wp-content\/uploads\/2023\/11\/Step-5.5-Spotify-223x300.jpg 223w\" sizes=\"(max-width: 549px) 100vw, 549px\" \/><\/td><\/tr><tr><td style=\"background-color: #ffffff; border: 0;\">\u00a0<\/td><\/tr><\/tbody><\/table><\/div>\n                <\/div><div class=\"eael-accordion-list\">\n                <div id=\"5-upload-your-spotify-data\" class=\"elementor-tab-title eael-accordion-header\" tabindex=\"0\" data-tab=\"5\" aria-controls=\"elementor-tab-content-1435\"><p class=\"eael-accordion-tab-title\">5. Upload dine Spotify-data<\/p><i aria-hidden=\"true\" class=\"fa-toggle fas fa-arrow-right\"><\/i><\/div><div id=\"elementor-tab-content-1435\" class=\"eael-accordion-content clearfix\" data-tab=\"5\" aria-labelledby=\"5-upload-your-spotify-data\"><p style=\"text-align: center;\">N\u00e5r du har downloadet dataene fra Spotify, er du klar til at uploade dem til Fair MusE-forskningsprojektet. Filen, der skal uploades, hedder \"SpotifyExtendedStreamingHistory.zip\".<\/p><p>\u00a0<\/p><p style=\"text-align: center;\">Vi filtrerer og fjerner alle data, der ikke vedr\u00f8rer dine musikvaner.<\/p><p style=\"text-align: center;\">Tryk p\u00e5 knappen nedenfor for at uploade dine musikdata.<\/p><p style=\"text-align: center;\">Tak fordi du gennemf\u00f8rte processen med at anmode om data!<\/p><\/div>\n                <\/div><\/div>\t\t\t\t<\/div>\n\t\t\t\t<\/div>\n\t\t\t\t<div class=\"elementor-element elementor-element-917afc0 elementor-align-center elementor-widget elementor-widget-button\" data-id=\"917afc0\" data-element_type=\"widget\" data-widget_type=\"button.default\">\n\t\t\t\t<div class=\"elementor-widget-container\">\n\t\t\t\t\t\t\t\t\t<div class=\"elementor-button-wrapper\">\n\t\t\t\t\t<a class=\"elementor-button elementor-button-link elementor-size-sm\" href=\"https:\/\/portal.fairmuse.eu\/da\/upload\/\" target=\"_blank\">\n\t\t\t\t\t\t<span class=\"elementor-button-content-wrapper\">\n\t\t\t\t\t\t\t\t\t<span class=\"elementor-button-text\">Upload dine data<\/span>\n\t\t\t\t\t<\/span>\n\t\t\t\t\t<\/a>\n\t\t\t\t<\/div>\n\t\t\t\t\t\t\t\t<\/div>\n\t\t\t\t<\/div>\n\t\t\t\t<\/div>\n\t\t\t\t<\/div>\n\t\t<div class=\"elementor-element elementor-element-3c5d548 e-con-full e-flex e-con e-parent\" data-id=\"3c5d548\" data-element_type=\"container\">\n\t\t\t\t<div class=\"elementor-element elementor-element-d63599b elementor-widget elementor-widget-spacer\" data-id=\"d63599b\" data-element_type=\"widget\" data-widget_type=\"spacer.default\">\n\t\t\t\t<div class=\"elementor-widget-container\">\n\t\t\t\t\t\t\t<div class=\"elementor-spacer\">\n\t\t\t<div class=\"elementor-spacer-inner\"><\/div>\n\t\t<\/div>\n\t\t\t\t\t\t<\/div>\n\t\t\t\t<\/div>\n\t\t\t\t<\/div>\n\t\t\t\t<\/div>","protected":false},"excerpt":{"rendered":"<p>F\u00e5 din Spotify-lyttehistorik Hvis du bruger Spotify, skal du f\u00f8lge nedenst\u00e5ende trin for at bede om dine data. Vi anbefaler, at du bruger en computer, da du ikke kan g\u00f8re det via Spotify-appen. Hvis du har sp\u00f8rgsm\u00e5l eller tekniske problemer, s\u00e5 skriv en besked til os! 1. Log ind p\u00e5 Spotify 1. G\u00e5 til: https:\/\/accounts.spotify.com\/ 2. [...]<\/p>","protected":false},"author":2,"featured_media":0,"parent":0,"menu_order":0,"comment_status":"closed","ping_status":"closed","template":"","meta":{"_acf_changed":false,"footnotes":""},"class_list":["post-974","page","type-page","status-publish","hentry"],"acf":[],"_links":{"self":[{"href":"https:\/\/portal.fairmuse.eu\/da\/wp-json\/wp\/v2\/pages\/974","targetHints":{"allow":["GET"]}}],"collection":[{"href":"https:\/\/portal.fairmuse.eu\/da\/wp-json\/wp\/v2\/pages"}],"about":[{"href":"https:\/\/portal.fairmuse.eu\/da\/wp-json\/wp\/v2\/types\/page"}],"author":[{"embeddable":true,"href":"https:\/\/portal.fairmuse.eu\/da\/wp-json\/wp\/v2\/users\/2"}],"replies":[{"embeddable":true,"href":"https:\/\/portal.fairmuse.eu\/da\/wp-json\/wp\/v2\/comments?post=974"}],"version-history":[{"count":736,"href":"https:\/\/portal.fairmuse.eu\/da\/wp-json\/wp\/v2\/pages\/974\/revisions"}],"predecessor-version":[{"id":9096,"href":"https:\/\/portal.fairmuse.eu\/da\/wp-json\/wp\/v2\/pages\/974\/revisions\/9096"}],"wp:attachment":[{"href":"https:\/\/portal.fairmuse.eu\/da\/wp-json\/wp\/v2\/media?parent=974"}],"curies":[{"name":"wp","href":"https:\/\/api.w.org\/{rel}","templated":true}]}}