{"id":1478,"date":"2023-11-07T15:38:40","date_gmt":"2023-11-07T14:38:40","guid":{"rendered":"https:\/\/portal.fairmuse.eu\/?page_id=1478"},"modified":"2024-05-31T12:16:56","modified_gmt":"2024-05-31T10:16:56","slug":"apple-anleitung","status":"publish","type":"page","link":"https:\/\/portal.fairmuse.eu\/de\/apple-anleitung\/","title":{"rendered":"Apple Anweisungen"},"content":{"rendered":"<div data-elementor-type=\"wp-page\" data-elementor-id=\"1478\" class=\"elementor elementor-1478\" data-elementor-post-type=\"page\">\n\t\t\t\t<div class=\"elementor-element elementor-element-d0b8a49 e-flex e-con-boxed e-con e-parent\" data-id=\"d0b8a49\" data-element_type=\"container\">\n\t\t\t\t\t<div class=\"e-con-inner\">\n\t\t\t\t<div class=\"elementor-element elementor-element-9969cf3 elementor-widget elementor-widget-spacer\" data-id=\"9969cf3\" data-element_type=\"widget\" data-widget_type=\"spacer.default\">\n\t\t\t\t<div class=\"elementor-widget-container\">\n\t\t\t\t\t\t\t<div class=\"elementor-spacer\">\n\t\t\t<div class=\"elementor-spacer-inner\"><\/div>\n\t\t<\/div>\n\t\t\t\t\t\t<\/div>\n\t\t\t\t<\/div>\n\t\t\t\t\t<\/div>\n\t\t\t\t<\/div>\n\t\t<div class=\"elementor-element elementor-element-6ffb99f e-flex e-con-boxed e-con e-parent\" data-id=\"6ffb99f\" data-element_type=\"container\">\n\t\t\t\t\t<div class=\"e-con-inner\">\n\t\t<div class=\"elementor-element elementor-element-cb35101 e-con-full e-flex e-con e-child\" data-id=\"cb35101\" data-element_type=\"container\">\n\t\t\t\t<div class=\"elementor-element elementor-element-fbe000b elementor-widget__width-initial elementor-widget elementor-widget-image\" data-id=\"fbe000b\" data-element_type=\"widget\" data-widget_type=\"image.default\">\n\t\t\t\t<div class=\"elementor-widget-container\">\n\t\t\t\t\t\t\t\t\t\t\t\t\t\t\t<img decoding=\"async\" width=\"150\" height=\"150\" src=\"https:\/\/portal.fairmuse.eu\/wp-content\/uploads\/2023\/11\/datashare-icon-150x150.png\" class=\"attachment-thumbnail size-thumbnail wp-image-1850\" alt=\"FairMusE Portal\" srcset=\"https:\/\/portal.fairmuse.eu\/wp-content\/uploads\/2023\/11\/datashare-icon-150x150.png 150w, https:\/\/portal.fairmuse.eu\/wp-content\/uploads\/2023\/11\/datashare-icon-300x300.png 300w, https:\/\/portal.fairmuse.eu\/wp-content\/uploads\/2023\/11\/datashare-icon-1024x1024.png 1024w, https:\/\/portal.fairmuse.eu\/wp-content\/uploads\/2023\/11\/datashare-icon-768x768.png 768w, https:\/\/portal.fairmuse.eu\/wp-content\/uploads\/2023\/11\/datashare-icon-1536x1536.png 1536w, https:\/\/portal.fairmuse.eu\/wp-content\/uploads\/2023\/11\/datashare-icon.png 1653w\" sizes=\"(max-width: 150px) 100vw, 150px\" \/>\t\t\t\t\t\t\t\t\t\t\t\t\t\t\t<\/div>\n\t\t\t\t<\/div>\n\t\t\t\t<\/div>\n\t\t<div class=\"elementor-element elementor-element-799ed29 e-con-full e-flex e-con e-child\" data-id=\"799ed29\" data-element_type=\"container\" data-settings=\"{&quot;background_background&quot;:&quot;classic&quot;}\">\n\t\t\t\t<div class=\"elementor-element elementor-element-230dcb4 elementor-widget__width-initial elementor-widget elementor-widget-heading\" data-id=\"230dcb4\" data-element_type=\"widget\" data-widget_type=\"heading.default\">\n\t\t\t\t<div class=\"elementor-widget-container\">\n\t\t\t\t\t<h2 class=\"elementor-heading-title elementor-size-default\">Holen Sie sich Ihren Apple Music-Verlauf<\/h2>\t\t\t\t<\/div>\n\t\t\t\t<\/div>\n\t\t\t\t<\/div>\n\t\t\t\t\t<\/div>\n\t\t\t\t<\/div>\n\t\t<div class=\"elementor-element elementor-element-1723de2 e-con-full e-flex e-con e-parent\" data-id=\"1723de2\" data-element_type=\"container\">\n\t\t<div class=\"elementor-element elementor-element-db4e473 e-con-full e-flex e-con e-child\" data-id=\"db4e473\" data-element_type=\"container\">\n\t\t\t\t<div class=\"elementor-element elementor-element-5cb2397 elementor-widget elementor-widget-text-editor\" data-id=\"5cb2397\" data-element_type=\"widget\" data-widget_type=\"text-editor.default\">\n\t\t\t\t<div class=\"elementor-widget-container\">\n\t\t\t\t\t\t\t\t\t<p><span style=\"font-weight: 400;\">Wenn Sie ein Apple Music-Abonnement haben, f\u00fchren Sie die folgenden Schritte durch.<\/span><\/p><p>Wenn Sie Fragen oder technische Probleme haben, <a style=\"text-align: var(--text-align); color: #000000; text-decoration: underline;\" href=\"https:\/\/portal.fairmuse.eu\/de\/kontakt-de\/\">Schreiben Sie uns eine Nachricht!<\/a><\/p>\t\t\t\t\t\t\t\t<\/div>\n\t\t\t\t<\/div>\n\t\t\t\t<div class=\"elementor-element elementor-element-891adbf elementor-widget__width-initial elementor-widget elementor-widget-eael-adv-accordion\" data-id=\"891adbf\" data-element_type=\"widget\" data-widget_type=\"eael-adv-accordion.default\">\n\t\t\t\t<div class=\"elementor-widget-container\">\n\t\t\t\t\t        <div class=\"eael-adv-accordion\" id=\"eael-adv-accordion-891adbf\" data-scroll-on-click=\"no\" data-scroll-speed=\"300\" data-accordion-id=\"891adbf\" data-accordion-type=\"accordion\" data-toogle-speed=\"300\">\n    <div class=\"eael-accordion-list\">\n                <div id=\"1-log-in-with-your-apple-id\" class=\"elementor-tab-title eael-accordion-header active-default\" tabindex=\"0\" data-tab=\"1\" aria-controls=\"elementor-tab-content-1431\"><p class=\"eael-accordion-tab-title\">1. Melden Sie sich mit Ihrer Apple ID an<\/p><i aria-hidden=\"true\" class=\"fa-toggle fas fa-arrow-right\"><\/i><\/div><div id=\"elementor-tab-content-1431\" class=\"eael-accordion-content clearfix active-default\" data-tab=\"1\" aria-labelledby=\"1-log-in-with-your-apple-id\"><table bgcolor=\"ffffff\"><tbody><tr><td style=\"background-color: #ffffff; border: 0;\"><p class=\"translation-block\">1. Verwenden Sie diesen Link, um das Datenschutz-Dashboard von Apple abzurufen:<\/p><p><span style=\"text-decoration: underline;\"><span style=\"color: #000000;\"><a style=\"color: #000000; text-decoration: underline;\" href=\"https:\/\/privacy.apple.com\/\" target=\"_blank\" rel=\"noopener\">https:\/\/privacy.apple.com\/<\/a><\/span><\/span><\/p><p>\u00a0<\/p><p>2. Melden Sie sich mit Ihrer Apple ID an.<\/p><\/td><\/tr><tr><td style=\"background-color: #ffffff; border: 0;\"><img fetchpriority=\"high\" decoding=\"async\" class=\"wp-image-1486 size-large aligncenter\" src=\"https:\/\/portal.fairmuse.eu\/wp-content\/uploads\/2023\/11\/Step-1-Apple-1024x559.jpg\" alt=\"\" width=\"800\" height=\"437\" srcset=\"https:\/\/portal.fairmuse.eu\/wp-content\/uploads\/2023\/11\/Step-1-Apple-1024x559.jpg 1024w, https:\/\/portal.fairmuse.eu\/wp-content\/uploads\/2023\/11\/Step-1-Apple-300x164.jpg 300w, https:\/\/portal.fairmuse.eu\/wp-content\/uploads\/2023\/11\/Step-1-Apple-768x419.jpg 768w, https:\/\/portal.fairmuse.eu\/wp-content\/uploads\/2023\/11\/Step-1-Apple.jpg 1258w\" sizes=\"(max-width: 800px) 100vw, 800px\" \/><\/td><\/tr><\/tbody><\/table><\/div>\n                <\/div><div class=\"eael-accordion-list\">\n                <div id=\"2-request-your-apple-music-data\" class=\"elementor-tab-title eael-accordion-header\" tabindex=\"0\" data-tab=\"2\" aria-controls=\"elementor-tab-content-1432\"><p class=\"eael-accordion-tab-title\">2. Ihre Apple Music-Daten anfordern<\/p><i aria-hidden=\"true\" class=\"fa-toggle fas fa-arrow-right\"><\/i><\/div><div id=\"elementor-tab-content-1432\" class=\"eael-accordion-content clearfix\" data-tab=\"2\" aria-labelledby=\"2-request-your-apple-music-data\"><table bgcolor=\"ffffff\"><tbody><tr><td style=\"background-color: #ffffff; border: 0;\"><p>1. W\u00e4hlen Sie \"Kopie deiner Daten anfordern\".<\/p><p>\u00a0<\/p><p>2. W\u00e4hlen Sie auf dem n\u00e4chsten Bildschirm nur \"Informationen zu Apple-Mediendiensten\".<\/p><p>\u00a0<\/p><p>3. Scrollen Sie bis zum Ende und klicken Sie auf Weiter.<\/p><\/td><\/tr><tr><td style=\"background-color: #ffffff; border: 0;\"><img decoding=\"async\" class=\"wp-image-3324 aligncenter\" src=\"https:\/\/portal.fairmuse.eu\/wp-content\/uploads\/2023\/12\/Step-2-Apple.jpg\" alt=\"\" width=\"489\" height=\"400\" srcset=\"https:\/\/portal.fairmuse.eu\/wp-content\/uploads\/2023\/12\/Step-2-Apple.jpg 853w, https:\/\/portal.fairmuse.eu\/wp-content\/uploads\/2023\/12\/Step-2-Apple-300x245.jpg 300w, https:\/\/portal.fairmuse.eu\/wp-content\/uploads\/2023\/12\/Step-2-Apple-768x628.jpg 768w\" sizes=\"(max-width: 489px) 100vw, 489px\" \/><\/td><\/tr><tr><td style=\"background-color: #ffffff; border: 0;\"><img loading=\"lazy\" decoding=\"async\" class=\"wp-image-3323 aligncenter\" src=\"https:\/\/portal.fairmuse.eu\/wp-content\/uploads\/2023\/12\/Step-2.5-Apple.jpg\" alt=\"\" width=\"658\" height=\"400\" srcset=\"https:\/\/portal.fairmuse.eu\/wp-content\/uploads\/2023\/12\/Step-2.5-Apple.jpg 1006w, https:\/\/portal.fairmuse.eu\/wp-content\/uploads\/2023\/12\/Step-2.5-Apple-300x183.jpg 300w, https:\/\/portal.fairmuse.eu\/wp-content\/uploads\/2023\/12\/Step-2.5-Apple-768x467.jpg 768w\" sizes=\"(max-width: 658px) 100vw, 658px\" \/><\/td><\/tr><\/tbody><\/table><\/div>\n                <\/div><div class=\"eael-accordion-list\">\n                <div id=\"3-confirm-your-request\" class=\"elementor-tab-title eael-accordion-header\" tabindex=\"0\" data-tab=\"3\" aria-controls=\"elementor-tab-content-1433\"><p class=\"eael-accordion-tab-title\">3. Best\u00e4tigen Sie Ihre Anfrage<\/p><i aria-hidden=\"true\" class=\"fa-toggle fas fa-arrow-right\"><\/i><\/div><div id=\"elementor-tab-content-1433\" class=\"eael-accordion-content clearfix\" data-tab=\"3\" aria-labelledby=\"3-confirm-your-request\"><p>W\u00e4hlen Sie eine maximale Dateigr\u00f6\u00dfe.<\/p><table bgcolor=\"ffffff\"><tbody><tr><td style=\"background-color: #ffffff; border: 0;\"><p>1. Ihre Daten werden in einem oder mehreren Paketen geliefert. Wir empfehlen eine Dateigr\u00f6\u00dfe von 1 GB.<\/p><p>\u00a0<\/p><p>2. Ihre Auswahl sollte nur \"1 Anwendung oder Dienst\" enthalten.<\/p><p>\u00a0<\/p><p>3. Jetzt m\u00fcssen Sie warten, bis Ihre Daten zum Herunterladen bereit sind.<\/p><p>\u00a0<\/p><p>Sie erhalten von Apple eine E-Mail, in der Ihnen mitgeteilt wird, dass Ihre Daten zum Download vorbereitet werden. Dieser Vorgang kann einige Tage bis zu einer Woche dauern, damit Apple \u00fcberpr\u00fcfen kann, ob die Anfrage von Ihnen gestellt wurde und die Sicherheit Ihrer Daten gew\u00e4hrleistet ist.<\/p><p>Wenn Sie eine Erinnerung zum Hochladen Ihrer Daten w\u00fcnschen, klicken Sie bitte auf den folgenden Link: <span style=\"text-decoration: underline;\"><span style=\"color: #000000;\"><a style=\"color: #000000; text-decoration: underline;\" href=\"https:\/\/portal.fairmuse.eu\/de\/erinnerung\/\" target=\"_blank\" rel=\"noopener\">https:\/\/portal.fairmuse.eu\/reminder\/<\/a><\/span><\/span><\/p><p>\u00a0<\/p><p>Das ist alles f\u00fcr den Moment. Vielen Dank, dass Sie Ihre Daten angefordert haben. Sie k\u00f6nnen diese Seite schlie\u00dfen und wiederkommen, wenn Sie Ihre E-Mail erhalten haben.<\/p><\/td><\/tr><tr><td style=\"background-color: #ffffff; border: 0;\"><img loading=\"lazy\" decoding=\"async\" class=\"wp-image-1496 size-large aligncenter\" src=\"https:\/\/portal.fairmuse.eu\/wp-content\/uploads\/2023\/11\/Step-3-Apple-1024x565.jpg\" alt=\"\" width=\"800\" height=\"441\" srcset=\"https:\/\/portal.fairmuse.eu\/wp-content\/uploads\/2023\/11\/Step-3-Apple-1024x565.jpg 1024w, https:\/\/portal.fairmuse.eu\/wp-content\/uploads\/2023\/11\/Step-3-Apple-300x165.jpg 300w, https:\/\/portal.fairmuse.eu\/wp-content\/uploads\/2023\/11\/Step-3-Apple-768x423.jpg 768w, https:\/\/portal.fairmuse.eu\/wp-content\/uploads\/2023\/11\/Step-3-Apple.jpg 1264w\" sizes=\"(max-width: 800px) 100vw, 800px\" \/><\/td><\/tr><\/tbody><\/table><\/div>\n                <\/div><div class=\"eael-accordion-list\">\n                <div id=\"4-download-your-apple-music-data\" class=\"elementor-tab-title eael-accordion-header\" tabindex=\"0\" data-tab=\"4\" aria-controls=\"elementor-tab-content-1434\"><p class=\"eael-accordion-tab-title\">4. Laden Sie Ihre Apple Music-Daten runter<\/p><i aria-hidden=\"true\" class=\"fa-toggle fas fa-arrow-right\"><\/i><\/div><div id=\"elementor-tab-content-1434\" class=\"eael-accordion-content clearfix\" data-tab=\"4\" aria-labelledby=\"4-download-your-apple-music-data\"><p>\u00d6ffnen Sie Ihre E-Mail und rufen Sie die E-Mail von Apple mit einem Titel wie \"Ihre Download-Anfrage ist vollst\u00e4ndig\" ab.<\/p><table bgcolor=\"ffffff\"><tbody><tr><td style=\"background-color: #ffffff; border: 0;\"><p>Apple schickt Ihnen eine E-Mail mit einem Link zu Ihren Daten, die Sie f\u00fcr etwa zwei Wochen herunterladen k\u00f6nnen.<\/p><p>Wenn Sie die Daten nicht innerhalb dieses Zeitraums herunterladen, m\u00fcssen Sie den Antragsprozess von vorne beginnen.<\/p><p>(Die Daten werden h\u00f6chstwahrscheinlich in Ihren \u201cDownloads\u201d Ordner heruntergeladen)<\/p><\/td><\/tr><tr><td style=\"background-color: #ffffff; border: 0;\"><img loading=\"lazy\" decoding=\"async\" class=\"wp-image-1501 aligncenter\" src=\"https:\/\/portal.fairmuse.eu\/wp-content\/uploads\/2023\/11\/Step-5-Apple-1024x923.jpg\" alt=\"\" width=\"700\" height=\"631\" srcset=\"https:\/\/portal.fairmuse.eu\/wp-content\/uploads\/2023\/11\/Step-5-Apple-1024x923.jpg 1024w, https:\/\/portal.fairmuse.eu\/wp-content\/uploads\/2023\/11\/Step-5-Apple-300x270.jpg 300w, https:\/\/portal.fairmuse.eu\/wp-content\/uploads\/2023\/11\/Step-5-Apple-768x692.jpg 768w, https:\/\/portal.fairmuse.eu\/wp-content\/uploads\/2023\/11\/Step-5-Apple.jpg 1113w\" sizes=\"(max-width: 700px) 100vw, 700px\" \/><\/td><\/tr><\/tbody><\/table><\/div>\n                <\/div><div class=\"eael-accordion-list\">\n                <div id=\"5-upload-your-apple-music-data\" class=\"elementor-tab-title eael-accordion-header\" tabindex=\"0\" data-tab=\"5\" aria-controls=\"elementor-tab-content-1435\"><p class=\"eael-accordion-tab-title\">5. Laden Sie Ihre Apple Music-Daten hoch<\/p><i aria-hidden=\"true\" class=\"fa-toggle fas fa-arrow-right\"><\/i><\/div><div id=\"elementor-tab-content-1435\" class=\"eael-accordion-content clearfix\" data-tab=\"5\" aria-labelledby=\"5-upload-your-apple-music-data\"><p style=\"text-align: center;\">Suchen Sie den Ort auf Ihrem Computer, an dem Sie die Daten gespeichert haben, h\u00f6chstwahrscheinlich ist es der Ordner \"Downloads\".<\/p><p style=\"text-align: center;\">Sie k\u00f6nnen nach der Datei mit dem Namen \"Apple Media Services information.zip\" suchen.<\/p><p>\u00a0<\/p><p style=\"text-align: center;\">Wir werden alle Daten herausfiltern und entfernen, die nicht zu Ihren H\u00f6rgewohnheiten geh\u00f6ren.<\/p><p style=\"text-align: center;\">Klicken Sie auf die Schaltfl\u00e4che unten, um Ihre Musikdaten hochzuladen.<\/p><p style=\"text-align: center;\">Vielen Dank, dass Sie die Datenanforderung durchgef\u00fchrt haben!<\/p><\/div>\n                <\/div><\/div>\t\t\t\t<\/div>\n\t\t\t\t<\/div>\n\t\t\t\t<div class=\"elementor-element elementor-element-cb0e224 elementor-align-center elementor-widget elementor-widget-button\" data-id=\"cb0e224\" data-element_type=\"widget\" data-widget_type=\"button.default\">\n\t\t\t\t<div class=\"elementor-widget-container\">\n\t\t\t\t\t\t\t\t\t<div class=\"elementor-button-wrapper\">\n\t\t\t\t\t<a class=\"elementor-button elementor-button-link elementor-size-sm\" href=\"https:\/\/portal.fairmuse.eu\/de\/hochladen\/\" target=\"_blank\">\n\t\t\t\t\t\t<span class=\"elementor-button-content-wrapper\">\n\t\t\t\t\t\t\t\t\t<span class=\"elementor-button-text\">Hochladen Ihrer Daten<\/span>\n\t\t\t\t\t<\/span>\n\t\t\t\t\t<\/a>\n\t\t\t\t<\/div>\n\t\t\t\t\t\t\t\t<\/div>\n\t\t\t\t<\/div>\n\t\t\t\t<\/div>\n\t\t\t\t<\/div>\n\t\t<div class=\"elementor-element elementor-element-3c5d548 e-con-full e-flex e-con e-parent\" data-id=\"3c5d548\" data-element_type=\"container\">\n\t\t\t\t<div class=\"elementor-element elementor-element-d63599b elementor-widget elementor-widget-spacer\" data-id=\"d63599b\" data-element_type=\"widget\" data-widget_type=\"spacer.default\">\n\t\t\t\t<div class=\"elementor-widget-container\">\n\t\t\t\t\t\t\t<div class=\"elementor-spacer\">\n\t\t\t<div class=\"elementor-spacer-inner\"><\/div>\n\t\t<\/div>\n\t\t\t\t\t\t<\/div>\n\t\t\t\t<\/div>\n\t\t\t\t<\/div>\n\t\t\t\t<\/div>","protected":false},"excerpt":{"rendered":"<p>Abrufen des Apple Music-H\u00f6rverlaufs Wenn Sie ein Apple Music-Abonnement haben, f\u00fchren Sie die folgenden Schritte aus. Wenn Sie Fragen oder technische Probleme haben, schreiben Sie uns eine Nachricht! 1. Melden Sie sich mit Ihrer Apple ID an 1. Verwenden Sie diesen Link, um das Datenschutz-Dashboard von Apple zu erreichen: https:\/\/privacy.apple.com\/ 2. Melden Sie sich mit Ihrer Apple ID an. 2. [...]<\/p>","protected":false},"author":2,"featured_media":0,"parent":0,"menu_order":0,"comment_status":"closed","ping_status":"closed","template":"","meta":{"_acf_changed":false,"footnotes":""},"class_list":["post-1478","page","type-page","status-publish","hentry"],"acf":[],"_links":{"self":[{"href":"https:\/\/portal.fairmuse.eu\/de\/wp-json\/wp\/v2\/pages\/1478","targetHints":{"allow":["GET"]}}],"collection":[{"href":"https:\/\/portal.fairmuse.eu\/de\/wp-json\/wp\/v2\/pages"}],"about":[{"href":"https:\/\/portal.fairmuse.eu\/de\/wp-json\/wp\/v2\/types\/page"}],"author":[{"embeddable":true,"href":"https:\/\/portal.fairmuse.eu\/de\/wp-json\/wp\/v2\/users\/2"}],"replies":[{"embeddable":true,"href":"https:\/\/portal.fairmuse.eu\/de\/wp-json\/wp\/v2\/comments?post=1478"}],"version-history":[{"count":276,"href":"https:\/\/portal.fairmuse.eu\/de\/wp-json\/wp\/v2\/pages\/1478\/revisions"}],"predecessor-version":[{"id":8537,"href":"https:\/\/portal.fairmuse.eu\/de\/wp-json\/wp\/v2\/pages\/1478\/revisions\/8537"}],"wp:attachment":[{"href":"https:\/\/portal.fairmuse.eu\/de\/wp-json\/wp\/v2\/media?parent=1478"}],"curies":[{"name":"wp","href":"https:\/\/api.w.org\/{rel}","templated":true}]}}