{"id":1584,"date":"2023-11-09T10:59:44","date_gmt":"2023-11-09T09:59:44","guid":{"rendered":"https:\/\/portal.fairmuse.eu\/?page_id=1584"},"modified":"2024-08-14T11:00:43","modified_gmt":"2024-08-14T09:00:43","slug":"youtube-anleitung","status":"publish","type":"page","link":"https:\/\/portal.fairmuse.eu\/de\/youtube-anleitung\/","title":{"rendered":"YouTube-Anleitung"},"content":{"rendered":"<div data-elementor-type=\"wp-page\" data-elementor-id=\"1584\" class=\"elementor elementor-1584\" data-elementor-post-type=\"page\">\n\t\t\t\t<div class=\"elementor-element elementor-element-d0b8a49 e-flex e-con-boxed e-con e-parent\" data-id=\"d0b8a49\" data-element_type=\"container\">\n\t\t\t\t\t<div class=\"e-con-inner\">\n\t\t\t\t<div class=\"elementor-element elementor-element-9969cf3 elementor-widget elementor-widget-spacer\" data-id=\"9969cf3\" data-element_type=\"widget\" data-widget_type=\"spacer.default\">\n\t\t\t\t<div class=\"elementor-widget-container\">\n\t\t\t\t\t\t\t<div class=\"elementor-spacer\">\n\t\t\t<div class=\"elementor-spacer-inner\"><\/div>\n\t\t<\/div>\n\t\t\t\t\t\t<\/div>\n\t\t\t\t<\/div>\n\t\t\t\t\t<\/div>\n\t\t\t\t<\/div>\n\t\t<div class=\"elementor-element elementor-element-c74fc39 e-flex e-con-boxed e-con e-parent\" data-id=\"c74fc39\" data-element_type=\"container\">\n\t\t\t\t\t<div class=\"e-con-inner\">\n\t\t<div class=\"elementor-element elementor-element-a91330d e-con-full e-flex e-con e-child\" data-id=\"a91330d\" data-element_type=\"container\">\n\t\t\t\t<div class=\"elementor-element elementor-element-6cb9660 elementor-widget__width-initial elementor-widget elementor-widget-image\" data-id=\"6cb9660\" data-element_type=\"widget\" data-widget_type=\"image.default\">\n\t\t\t\t<div class=\"elementor-widget-container\">\n\t\t\t\t\t\t\t\t\t\t\t\t\t\t\t<img decoding=\"async\" width=\"150\" height=\"150\" src=\"https:\/\/portal.fairmuse.eu\/wp-content\/uploads\/2023\/11\/datashare-icon-150x150.png\" class=\"attachment-thumbnail size-thumbnail wp-image-1850\" alt=\"FairMusE Portal\" srcset=\"https:\/\/portal.fairmuse.eu\/wp-content\/uploads\/2023\/11\/datashare-icon-150x150.png 150w, https:\/\/portal.fairmuse.eu\/wp-content\/uploads\/2023\/11\/datashare-icon-300x300.png 300w, https:\/\/portal.fairmuse.eu\/wp-content\/uploads\/2023\/11\/datashare-icon-1024x1024.png 1024w, https:\/\/portal.fairmuse.eu\/wp-content\/uploads\/2023\/11\/datashare-icon-768x768.png 768w, https:\/\/portal.fairmuse.eu\/wp-content\/uploads\/2023\/11\/datashare-icon-1536x1536.png 1536w, https:\/\/portal.fairmuse.eu\/wp-content\/uploads\/2023\/11\/datashare-icon.png 1653w\" sizes=\"(max-width: 150px) 100vw, 150px\" \/>\t\t\t\t\t\t\t\t\t\t\t\t\t\t\t<\/div>\n\t\t\t\t<\/div>\n\t\t\t\t<\/div>\n\t\t<div class=\"elementor-element elementor-element-31082fe e-con-full e-flex e-con e-child\" data-id=\"31082fe\" data-element_type=\"container\" data-settings=\"{&quot;background_background&quot;:&quot;classic&quot;}\">\n\t\t\t\t<div class=\"elementor-element elementor-element-e8c1556 elementor-widget__width-initial elementor-widget elementor-widget-heading\" data-id=\"e8c1556\" data-element_type=\"widget\" data-widget_type=\"heading.default\">\n\t\t\t\t<div class=\"elementor-widget-container\">\n\t\t\t\t\t<h2 class=\"elementor-heading-title elementor-size-default\">Erhalten Sie Ihren Youtube Music-Verlauf<\/h2>\t\t\t\t<\/div>\n\t\t\t\t<\/div>\n\t\t\t\t<\/div>\n\t\t\t\t\t<\/div>\n\t\t\t\t<\/div>\n\t\t<div class=\"elementor-element elementor-element-1723de2 e-con-full e-flex e-con e-parent\" data-id=\"1723de2\" data-element_type=\"container\">\n\t\t<div class=\"elementor-element elementor-element-db4e473 e-con-full e-flex e-con e-child\" data-id=\"db4e473\" data-element_type=\"container\">\n\t\t\t\t<div class=\"elementor-element elementor-element-5cb2397 elementor-widget elementor-widget-text-editor\" data-id=\"5cb2397\" data-element_type=\"widget\" data-widget_type=\"text-editor.default\">\n\t\t\t\t<div class=\"elementor-widget-container\">\n\t\t\t\t\t\t\t\t\t<p>Wenn Sie f\u00fcr ein YouTube-Musikabonnement bezahlen oder YouTube zum Musikh\u00f6ren nutzen, folgen Sie den Schritten <span style=\"font-family: var( --e-global-typography-text-font-family ), Sans-serif; font-size: var( --e-global-typography-text-font-size ); font-style: var( --e-global-typography-text-font-style ); letter-spacing: var( --e-global-typography-text-letter-spacing ); text-transform: var( --e-global-typography-text-text-transform ); word-spacing: var( --e-global-typography-text-word-spacing ); text-decoration: var( --e-global-typography-text-text-decoration ); text-align: var(--text-align);\">unten.<\/span><\/p><p><span style=\"letter-spacing: -0.8px; font-family: var( --e-global-typography-text-font-family ), Sans-serif; font-size: var( --e-global-typography-text-font-size ); font-style: var( --e-global-typography-text-font-style ); text-transform: var( --e-global-typography-text-text-transform ); word-spacing: var( --e-global-typography-text-word-spacing ); text-decoration: var( --e-global-typography-text-text-decoration ); text-align: var(--text-align);\">Wenn Sie Fragen oder technische Probleme haben, <\/span><a style=\"letter-spacing: -0.8px; text-align: var(--text-align); color: #000000; text-decoration: underline;\" href=\"https:\/\/portal.fairmuse.eu\/de\/kontakt-de\/\">Schreiben Sie uns eine Nachricht!<\/a><\/p>\t\t\t\t\t\t\t\t<\/div>\n\t\t\t\t<\/div>\n\t\t\t\t<div class=\"elementor-element elementor-element-891adbf elementor-widget__width-initial elementor-widget elementor-widget-eael-adv-accordion\" data-id=\"891adbf\" data-element_type=\"widget\" data-widget_type=\"eael-adv-accordion.default\">\n\t\t\t\t<div class=\"elementor-widget-container\">\n\t\t\t\t\t        <div class=\"eael-adv-accordion\" id=\"eael-adv-accordion-891adbf\" data-scroll-on-click=\"no\" data-scroll-speed=\"300\" data-accordion-id=\"891adbf\" data-accordion-type=\"accordion\" data-toogle-speed=\"300\">\n    <div class=\"eael-accordion-list\">\n                <div id=\"1-log-in-to-or-access-google-takeout\" class=\"elementor-tab-title eael-accordion-header active-default\" tabindex=\"0\" data-tab=\"1\" aria-controls=\"elementor-tab-content-1431\"><p class=\"eael-accordion-tab-title\">1. Melden Sie sich bei Google Takeout an bzw. besuchen Sie die Website<\/p><i aria-hidden=\"true\" class=\"fa-toggle fas fa-arrow-right\"><\/i><\/div><div id=\"elementor-tab-content-1431\" class=\"eael-accordion-content clearfix active-default\" data-tab=\"1\" aria-labelledby=\"1-log-in-to-or-access-google-takeout\"><p>Google ist die Muttergesellschaft von YouTube. Um auf Ihre YouTube Music-Daten zuzugreifen, m\u00fcssen Sie diese bei Google anfordern. So geht's:<\/p><table bgcolor=\"ffffff\"><tbody><tr><td style=\"background-color: #ffffff; border: 0;\"><p>1. Verwenden Sie <span style=\"color: black;\">diesen Link,<\/span> um zur \u00dcbersicht Ihrer Kontodaten zu gelangen:<\/p><p><span style=\"text-decoration: underline;\"><span style=\"color: #000000;\"><a style=\"color: #000000; text-decoration: underline;\" href=\"https:\/\/takeout.google.com\/\" target=\"_blank\" rel=\"noopener\">https:\/\/takeout.google.com\/<\/a><\/span><\/span><\/p><p>\u00a0<\/p><p>2. Melden Sie sich bei Ihrem Google-Konto an.<\/p><p>Wenn Sie mehr als ein Konto haben, w\u00e4hlen Sie das Konto aus, das Sie haupts\u00e4chlich f\u00fcr YouTube verwenden.<\/p><p>\u00a0<\/p><p>3. Um Ihre Daten anzufordern, folgen Sie dem n\u00e4chsten Schritt.<\/p><\/td><\/tr><tr><td style=\"background-color: #ffffff; border: 0;\"><img fetchpriority=\"high\" decoding=\"async\" class=\"wp-image-1597 aligncenter\" src=\"https:\/\/portal.fairmuse.eu\/wp-content\/uploads\/2023\/11\/Step-1-YT.png\" alt=\"\" width=\"600\" height=\"619\" srcset=\"https:\/\/portal.fairmuse.eu\/wp-content\/uploads\/2023\/11\/Step-1-YT.png 900w, https:\/\/portal.fairmuse.eu\/wp-content\/uploads\/2023\/11\/Step-1-YT-291x300.png 291w, https:\/\/portal.fairmuse.eu\/wp-content\/uploads\/2023\/11\/Step-1-YT-768x792.png 768w\" sizes=\"(max-width: 600px) 100vw, 600px\" \/><\/td><\/tr><\/tbody><\/table><\/div>\n                <\/div><div class=\"eael-accordion-list\">\n                <div id=\"2-request-your-youtube-data\" class=\"elementor-tab-title eael-accordion-header\" tabindex=\"0\" data-tab=\"2\" aria-controls=\"elementor-tab-content-1432\"><p class=\"eael-accordion-tab-title\">2. Fordern Sie Ihre Youtube-Daten an<\/p><i aria-hidden=\"true\" class=\"fa-toggle fas fa-arrow-right\"><\/i><\/div><div id=\"elementor-tab-content-1432\" class=\"eael-accordion-content clearfix\" data-tab=\"2\" aria-labelledby=\"2-request-your-youtube-data\"><p style=\"text-align: left;\">Exportieren Sie eine Kopie Ihrer YouTube Music Daten.<\/p><table bgcolor=\"ffffff\"><tbody><tr><td style=\"background-color: #ffffff; border: 0;\"><p>1. Klicken Sie auf \"Alle abw\u00e4hlen\" - sonst erhalten Sie alle Ihre Google-Daten.<\/p><p>\u00a0<\/p><p>2. Scrollen Sie nach unten und w\u00e4hlen Sie \"YouTube und YouTube Music\".<\/p><p>\u00a0<\/p><p>3. Dr\u00fccken Sie auf die Option \"Mehrere Formate\", bl\u00e4ttern Sie nach unten zu \"Verlauf\" und w\u00e4hlen Sie das Format \"JSON\".<\/p><p>\u00a0<\/p><p>4. Best\u00e4tigen Sie, dass nur eine Option ausgew\u00e4hlt ist und fahren Sie mit dem n\u00e4chsten Schritt fort<\/p><\/td><\/tr><tr><td style=\"background-color: #ffffff; border: 0;\"><img decoding=\"async\" class=\"wp-image-1612 size-large aligncenter\" src=\"https:\/\/portal.fairmuse.eu\/wp-content\/uploads\/2023\/11\/Step-2.1-YT-1024x941.png\" alt=\"\" width=\"800\" height=\"735\" srcset=\"https:\/\/portal.fairmuse.eu\/wp-content\/uploads\/2023\/11\/Step-2.1-YT-1024x941.png 1024w, https:\/\/portal.fairmuse.eu\/wp-content\/uploads\/2023\/11\/Step-2.1-YT-300x276.png 300w, https:\/\/portal.fairmuse.eu\/wp-content\/uploads\/2023\/11\/Step-2.1-YT-768x706.png 768w, https:\/\/portal.fairmuse.eu\/wp-content\/uploads\/2023\/11\/Step-2.1-YT.png 1390w\" sizes=\"(max-width: 800px) 100vw, 800px\" \/><\/td><\/tr><tr><td style=\"background-color: #ffffff; border: 0;\"><img loading=\"lazy\" decoding=\"async\" class=\"wp-image-1613 aligncenter\" src=\"https:\/\/portal.fairmuse.eu\/wp-content\/uploads\/2023\/11\/Step-2.5-YT.png\" alt=\"\" width=\"1100\" height=\"397\" srcset=\"https:\/\/portal.fairmuse.eu\/wp-content\/uploads\/2023\/11\/Step-2.5-YT.png 1346w, https:\/\/portal.fairmuse.eu\/wp-content\/uploads\/2023\/11\/Step-2.5-YT-300x108.png 300w, https:\/\/portal.fairmuse.eu\/wp-content\/uploads\/2023\/11\/Step-2.5-YT-1024x370.png 1024w, https:\/\/portal.fairmuse.eu\/wp-content\/uploads\/2023\/11\/Step-2.5-YT-768x277.png 768w\" sizes=\"(max-width: 1100px) 100vw, 1100px\" \/><\/td><\/tr><\/tbody><\/table><\/div>\n                <\/div><div class=\"eael-accordion-list\">\n                <div id=\"3-confirm-your-request\" class=\"elementor-tab-title eael-accordion-header\" tabindex=\"0\" data-tab=\"3\" aria-controls=\"elementor-tab-content-1433\"><p class=\"eael-accordion-tab-title\">3. Best\u00e4tigen Sie Ihre Anfrage<\/p><i aria-hidden=\"true\" class=\"fa-toggle fas fa-arrow-right\"><\/i><\/div><div id=\"elementor-tab-content-1433\" class=\"eael-accordion-content clearfix\" data-tab=\"3\" aria-labelledby=\"3-confirm-your-request\"><p>W\u00e4hlen Sie Dateityp, H\u00e4ufigkeit und Zielort.<\/p><table bgcolor=\"ffffff\"><tbody><tr><td style=\"background-color: #ffffff; border: 0;\"><p>1. Die Standardoptionen sind ausreichend und sollten Folgendes umfassen:<\/p><p>- Download per E-Mail versenden<\/p><p>- Einmal exportieren<\/p><p>- .zip Dateityp<\/p><p>- 2GB Dateigr\u00f6\u00dfe<\/p><p>\u00a0<\/p><p>2. Best\u00e4tigen Sie den Export.<\/p><p>\u00a0<\/p><p>3. Warten Sie nun, bis Ihre Daten zum Herunterladen bereit sind.<\/p><p>Sie erhalten eine E-Mail von Google, sobald Ihre Daten zum Download bereitstehen.<\/p><p>Dies geschieht innerhalb desselben Tages oder bis zu einer Woche, je nach Gr\u00f6\u00dfe der Datei. Die .zip-Datei steht eine Woche lang zum Herunterladen zur Verf\u00fcgung.<\/p><p>Wenn Sie eine Erinnerung zum Hochladen Ihrer Daten w\u00fcnschen, klicken Sie bitte auf den folgenden Link:<\/p><p><span style=\"text-decoration: underline;\"><span style=\"color: #000000;\"><a style=\"color: #000000; text-decoration: underline;\" href=\"https:\/\/portal.fairmuse.eu\/de\/erinnerung\/\" target=\"_blank\" rel=\"noopener\">https:\/\/portal.fairmuse.eu\/reminder\/<\/a><\/span><\/span><\/p><p>Das ist alles f\u00fcr den Moment. Vielen Dank, dass Sie Ihre Daten angefordert haben. Sie k\u00f6nnen diese Seite schlie\u00dfen und wiederkommen, wenn Sie Ihre E-Mail erhalten haben.<\/p><\/td><\/tr><tr><td style=\"background-color: #ffffff; border: 0;\"><img loading=\"lazy\" decoding=\"async\" class=\"wp-image-1618 size-full aligncenter\" src=\"https:\/\/portal.fairmuse.eu\/wp-content\/uploads\/2023\/11\/Step-3-YT.png\" alt=\"\" width=\"974\" height=\"1504\" srcset=\"https:\/\/portal.fairmuse.eu\/wp-content\/uploads\/2023\/11\/Step-3-YT.png 974w, https:\/\/portal.fairmuse.eu\/wp-content\/uploads\/2023\/11\/Step-3-YT-194x300.png 194w, https:\/\/portal.fairmuse.eu\/wp-content\/uploads\/2023\/11\/Step-3-YT-663x1024.png 663w, https:\/\/portal.fairmuse.eu\/wp-content\/uploads\/2023\/11\/Step-3-YT-768x1186.png 768w\" sizes=\"(max-width: 974px) 100vw, 974px\" \/><\/td><\/tr><\/tbody><\/table><\/div>\n                <\/div><div class=\"eael-accordion-list\">\n                <div id=\"4-download-your-youtube-data\" class=\"elementor-tab-title eael-accordion-header\" tabindex=\"0\" data-tab=\"4\" aria-controls=\"elementor-tab-content-1434\"><p class=\"eael-accordion-tab-title\">4. Laden Sie Ihre YouTube-Daten herunter<\/p><i aria-hidden=\"true\" class=\"fa-toggle fas fa-arrow-right\"><\/i><\/div><div id=\"elementor-tab-content-1434\" class=\"eael-accordion-content clearfix\" data-tab=\"4\" aria-labelledby=\"4-download-your-youtube-data\"><p>\u00d6ffnen Sie die E-Mail von Google mit dem Titel \"Ihre Google-Daten stehen zum Download bereit.\"<\/p><table bgcolor=\"ffffff\"><tbody><tr><td style=\"background-color: #ffffff; border: 0;\"><p>Klicken Sie auf \"Ihre Dateien herunterladen\" und speichern Sie die Dateien an dem von Ihnen gew\u00fcnschten Ort auf Ihrem Computer.<\/p><p>(Der Ordner \u201cDownloads\u201d ist der \u00fcbliche Standard)<\/p><\/td><\/tr><tr><td style=\"background-color: #ffffff; border: 0;\"><img loading=\"lazy\" decoding=\"async\" class=\"wp-image-1623 size-full aligncenter\" src=\"https:\/\/portal.fairmuse.eu\/wp-content\/uploads\/2023\/11\/Step-5-YT.png\" alt=\"\" width=\"830\" height=\"664\" srcset=\"https:\/\/portal.fairmuse.eu\/wp-content\/uploads\/2023\/11\/Step-5-YT.png 830w, https:\/\/portal.fairmuse.eu\/wp-content\/uploads\/2023\/11\/Step-5-YT-300x240.png 300w, https:\/\/portal.fairmuse.eu\/wp-content\/uploads\/2023\/11\/Step-5-YT-768x614.png 768w\" sizes=\"(max-width: 830px) 100vw, 830px\" \/><\/td><\/tr><\/tbody><\/table><\/div>\n                <\/div><div class=\"eael-accordion-list\">\n                <div id=\"5-upload-your-youtube-data\" class=\"elementor-tab-title eael-accordion-header\" tabindex=\"0\" data-tab=\"5\" aria-controls=\"elementor-tab-content-1435\"><p class=\"eael-accordion-tab-title\">5. Laden Sie Ihre Youtube-Daten hoch<\/p><i aria-hidden=\"true\" class=\"fa-toggle fas fa-arrow-right\"><\/i><\/div><div id=\"elementor-tab-content-1435\" class=\"eael-accordion-content clearfix\" data-tab=\"5\" aria-labelledby=\"5-upload-your-youtube-data\"><p style=\"text-align: center;\">Suchen Sie den Ort auf Ihrem Computer, an dem Sie die Daten gespeichert haben (h\u00f6chstwahrscheinlich ist es der Ordner \u201cDownloads\u201d).<\/p><p style=\"text-align: center;\">Sie k\u00f6nnen nach der Datei mit dem Namen \"takeout-currentdate.zip\" suchen.<\/p><p>\u00a0<\/p><p style=\"text-align: center;\">Wir werden alle Daten herausfiltern und entfernen, die nicht zu Ihren H\u00f6rgewohnheiten geh\u00f6ren.<\/p><p style=\"text-align: center;\">Klicken Sie auf die Schaltfl\u00e4che unten, um Ihre Musikdaten hochzuladen.<\/p><p style=\"text-align: center;\">*Bitte beachten Sie, ob die Datei gr\u00f6\u00dfer als 128 MB ist. Wenn ja, l\u00f6schen Sie alle Videos und zippen Sie die Datei neu.\u00a0\u00a0<\/p><p style=\"text-align: center;\">Vielen Dank, dass Sie die Datenanforderung durchgef\u00fchrt haben!<\/p><\/div>\n                <\/div><\/div>\t\t\t\t<\/div>\n\t\t\t\t<\/div>\n\t\t\t\t<div class=\"elementor-element elementor-element-0dfca5b elementor-align-center elementor-widget elementor-widget-button\" data-id=\"0dfca5b\" data-element_type=\"widget\" data-widget_type=\"button.default\">\n\t\t\t\t<div class=\"elementor-widget-container\">\n\t\t\t\t\t\t\t\t\t<div class=\"elementor-button-wrapper\">\n\t\t\t\t\t<a class=\"elementor-button elementor-button-link elementor-size-sm\" href=\"https:\/\/portal.fairmuse.eu\/de\/hochladen\/\" target=\"_blank\">\n\t\t\t\t\t\t<span class=\"elementor-button-content-wrapper\">\n\t\t\t\t\t\t\t\t\t<span class=\"elementor-button-text\">Hochladen Ihrer Daten<\/span>\n\t\t\t\t\t<\/span>\n\t\t\t\t\t<\/a>\n\t\t\t\t<\/div>\n\t\t\t\t\t\t\t\t<\/div>\n\t\t\t\t<\/div>\n\t\t\t\t<\/div>\n\t\t\t\t<\/div>\n\t\t<div class=\"elementor-element elementor-element-3c5d548 e-con-full e-flex e-con e-parent\" data-id=\"3c5d548\" data-element_type=\"container\">\n\t\t\t\t<div class=\"elementor-element elementor-element-d63599b elementor-widget elementor-widget-spacer\" data-id=\"d63599b\" data-element_type=\"widget\" data-widget_type=\"spacer.default\">\n\t\t\t\t<div class=\"elementor-widget-container\">\n\t\t\t\t\t\t\t<div class=\"elementor-spacer\">\n\t\t\t<div class=\"elementor-spacer-inner\"><\/div>\n\t\t<\/div>\n\t\t\t\t\t\t<\/div>\n\t\t\t\t<\/div>\n\t\t\t\t<\/div>\n\t\t\t\t<\/div>","protected":false},"excerpt":{"rendered":"<p>Holen Sie sich Ihren YouTube-H\u00f6rverlauf Wenn Sie f\u00fcr ein YouTube-Musikabonnement bezahlen oder YouTube zum Musikh\u00f6ren nutzen, folgen Sie den unten stehenden Schritten. Wenn du Fragen oder technische Probleme hast, schreibe uns eine Nachricht! 1. Melden Sie sich bei Google Takeout an oder greifen Sie darauf zu. Google ist die Muttergesellschaft von YouTube. Um auf deine YouTube-Musikdaten zuzugreifen [...]<\/p>","protected":false},"author":2,"featured_media":0,"parent":0,"menu_order":0,"comment_status":"closed","ping_status":"closed","template":"","meta":{"_acf_changed":false,"footnotes":""},"class_list":["post-1584","page","type-page","status-publish","hentry"],"acf":[],"_links":{"self":[{"href":"https:\/\/portal.fairmuse.eu\/de\/wp-json\/wp\/v2\/pages\/1584","targetHints":{"allow":["GET"]}}],"collection":[{"href":"https:\/\/portal.fairmuse.eu\/de\/wp-json\/wp\/v2\/pages"}],"about":[{"href":"https:\/\/portal.fairmuse.eu\/de\/wp-json\/wp\/v2\/types\/page"}],"author":[{"embeddable":true,"href":"https:\/\/portal.fairmuse.eu\/de\/wp-json\/wp\/v2\/users\/2"}],"replies":[{"embeddable":true,"href":"https:\/\/portal.fairmuse.eu\/de\/wp-json\/wp\/v2\/comments?post=1584"}],"version-history":[{"count":223,"href":"https:\/\/portal.fairmuse.eu\/de\/wp-json\/wp\/v2\/pages\/1584\/revisions"}],"predecessor-version":[{"id":9099,"href":"https:\/\/portal.fairmuse.eu\/de\/wp-json\/wp\/v2\/pages\/1584\/revisions\/9099"}],"wp:attachment":[{"href":"https:\/\/portal.fairmuse.eu\/de\/wp-json\/wp\/v2\/media?parent=1584"}],"curies":[{"name":"wp","href":"https:\/\/api.w.org\/{rel}","templated":true}]}}