{"id":2848,"date":"2023-12-14T13:54:57","date_gmt":"2023-12-14T12:54:57","guid":{"rendered":"https:\/\/portal.fairmuse.eu\/?page_id=2848"},"modified":"2024-12-03T09:25:29","modified_gmt":"2024-12-03T08:25:29","slug":"fullprofil","status":"publish","type":"page","link":"https:\/\/portal.fairmuse.eu\/de\/fullprofil\/","title":{"rendered":"Profile Fill"},"content":{"rendered":"<div data-elementor-type=\"wp-page\" data-elementor-id=\"2848\" class=\"elementor elementor-2848\" data-elementor-post-type=\"page\">\n\t\t\t\t<div class=\"elementor-element elementor-element-29d5d87 e-flex e-con-boxed e-con e-parent\" data-id=\"29d5d87\" data-element_type=\"container\">\n\t\t\t\t\t<div class=\"e-con-inner\">\n\t\t\t\t<div class=\"elementor-element elementor-element-8cc7c8b elementor-widget elementor-widget-spacer\" data-id=\"8cc7c8b\" data-element_type=\"widget\" data-widget_type=\"spacer.default\">\n\t\t\t\t<div class=\"elementor-widget-container\">\n\t\t\t\t\t\t\t<div class=\"elementor-spacer\">\n\t\t\t<div class=\"elementor-spacer-inner\"><\/div>\n\t\t<\/div>\n\t\t\t\t\t\t<\/div>\n\t\t\t\t<\/div>\n\t\t\t\t\t<\/div>\n\t\t\t\t<\/div>\n\t\t<div class=\"elementor-element elementor-element-949b990 e-flex e-con-boxed e-con e-parent\" data-id=\"949b990\" data-element_type=\"container\">\n\t\t\t\t\t<div class=\"e-con-inner\">\n\t\t\t\t<div class=\"elementor-element elementor-element-44dd9fe elementor-widget__width-initial elementor-widget elementor-widget-heading\" data-id=\"44dd9fe\" data-element_type=\"widget\" data-widget_type=\"heading.default\">\n\t\t\t\t<div class=\"elementor-widget-container\">\n\t\t\t\t\t<h2 class=\"elementor-heading-title elementor-size-default\">Ihr Profil<\/h2>\t\t\t\t<\/div>\n\t\t\t\t<\/div>\n\t\t\t\t<div class=\"elementor-element elementor-element-5620ef5 elementor-widget__width-initial elementor-widget elementor-widget-text-editor\" data-id=\"5620ef5\" data-element_type=\"widget\" data-widget_type=\"text-editor.default\">\n\t\t\t\t<div class=\"elementor-widget-container\">\n\t\t\t\t\t\t\t\t\t<p>Vielen Dank, dass Sie sich f\u00fcr das Fair MusE Portal angemeldet haben!\u00a0<\/p><p>Bei dem Forschungsprojekt Fair Muse geht es um Vielfalt. Es zielt daher darauf ab, Nutzer aus verschiedenen europ\u00e4ischen L\u00e4ndern unterschiedlichen Alters und Geschlechts zu haben. Deshalb bitten wir Sie, uns mitzuteilen, wo Sie wohnen, wie alt Sie sind und welchem Geschlecht Sie sich zugeh\u00f6rig f\u00fchlen.<\/p><p>Sie k\u00f6nnen sie jederzeit bearbeiten!<\/p>\t\t\t\t\t\t\t\t<\/div>\n\t\t\t\t<\/div>\n\t\t\t\t<div class=\"elementor-element elementor-element-89438c0 elementor-widget elementor-widget-spacer\" data-id=\"89438c0\" data-element_type=\"widget\" data-widget_type=\"spacer.default\">\n\t\t\t\t<div class=\"elementor-widget-container\">\n\t\t\t\t\t\t\t<div class=\"elementor-spacer\">\n\t\t\t<div class=\"elementor-spacer-inner\"><\/div>\n\t\t<\/div>\n\t\t\t\t\t\t<\/div>\n\t\t\t\t<\/div>\n\t\t\t\t\t<\/div>\n\t\t\t\t<\/div>\n\t\t\t\t<\/div>","protected":false},"excerpt":{"rendered":"<p>Ihr Profil Vielen Dank, dass Sie sich beim Fair MusE Portal angemeldet haben!  Bei dem Forschungsprojekt Fair Muse geht es um Vielfalt. Es zielt daher darauf ab, Nutzer aus verschiedenen europ\u00e4ischen L\u00e4ndern unterschiedlichen Alters und Geschlechts zu haben. Daher bitten wir Sie, uns mitzuteilen, wo Sie wohnen, wie alt Sie sind und welchem Geschlecht Sie sich zugeh\u00f6rig f\u00fchlen. F\u00fchlen Sie sich [...]<\/p>","protected":false},"author":2,"featured_media":0,"parent":0,"menu_order":0,"comment_status":"closed","ping_status":"closed","template":"","meta":{"_acf_changed":false,"footnotes":""},"class_list":["post-2848","page","type-page","status-publish","hentry"],"acf":[],"_links":{"self":[{"href":"https:\/\/portal.fairmuse.eu\/de\/wp-json\/wp\/v2\/pages\/2848","targetHints":{"allow":["GET"]}}],"collection":[{"href":"https:\/\/portal.fairmuse.eu\/de\/wp-json\/wp\/v2\/pages"}],"about":[{"href":"https:\/\/portal.fairmuse.eu\/de\/wp-json\/wp\/v2\/types\/page"}],"author":[{"embeddable":true,"href":"https:\/\/portal.fairmuse.eu\/de\/wp-json\/wp\/v2\/users\/2"}],"replies":[{"embeddable":true,"href":"https:\/\/portal.fairmuse.eu\/de\/wp-json\/wp\/v2\/comments?post=2848"}],"version-history":[{"count":52,"href":"https:\/\/portal.fairmuse.eu\/de\/wp-json\/wp\/v2\/pages\/2848\/revisions"}],"predecessor-version":[{"id":10298,"href":"https:\/\/portal.fairmuse.eu\/de\/wp-json\/wp\/v2\/pages\/2848\/revisions\/10298"}],"wp:attachment":[{"href":"https:\/\/portal.fairmuse.eu\/de\/wp-json\/wp\/v2\/media?parent=2848"}],"curies":[{"name":"wp","href":"https:\/\/api.w.org\/{rel}","templated":true}]}}