{"id":3,"date":"2023-10-13T06:13:02","date_gmt":"2023-10-13T06:13:02","guid":{"rendered":"https:\/\/portal.fairmuse.eu\/?page_id=3"},"modified":"2026-02-26T16:36:01","modified_gmt":"2026-02-26T15:36:01","slug":"zustimmung-der-nutzer","status":"publish","type":"page","link":"https:\/\/portal.fairmuse.eu\/de\/zustimmung-der-nutzer\/","title":{"rendered":"Zustimmung der Benutzer"},"content":{"rendered":"<div data-elementor-type=\"wp-page\" data-elementor-id=\"3\" class=\"elementor elementor-3\" data-elementor-post-type=\"page\">\n\t\t\t\t<div class=\"elementor-element elementor-element-6b2eded1 e-flex e-con-boxed e-con e-parent\" data-id=\"6b2eded1\" data-element_type=\"container\">\n\t\t\t\t\t<div class=\"e-con-inner\">\n\t\t\t\t<div class=\"elementor-element elementor-element-470378c elementor-widget elementor-widget-spacer\" data-id=\"470378c\" data-element_type=\"widget\" data-widget_type=\"spacer.default\">\n\t\t\t\t<div class=\"elementor-widget-container\">\n\t\t\t\t\t\t\t<div class=\"elementor-spacer\">\n\t\t\t<div class=\"elementor-spacer-inner\"><\/div>\n\t\t<\/div>\n\t\t\t\t\t\t<\/div>\n\t\t\t\t<\/div>\n\t\t\t\t<div class=\"elementor-element elementor-element-c22ae6b elementor-widget-mobile__width-initial elementor-widget elementor-widget-heading\" data-id=\"c22ae6b\" data-element_type=\"widget\" data-widget_type=\"heading.default\">\n\t\t\t\t<div class=\"elementor-widget-container\">\n\t\t\t\t\t<h2 class=\"elementor-heading-title elementor-size-xl\">INFORMATIONEN \u00dcBER DIE DATENVERARBEITUNG UND <br>EINVERST\u00c4NDNISERKL\u00c4RUNG<\/h2>\t\t\t\t<\/div>\n\t\t\t\t<\/div>\n\t\t\t\t<div class=\"elementor-element elementor-element-1aaccdb elementor-widget elementor-widget-spacer\" data-id=\"1aaccdb\" data-element_type=\"widget\" data-widget_type=\"spacer.default\">\n\t\t\t\t<div class=\"elementor-widget-container\">\n\t\t\t\t\t\t\t<div class=\"elementor-spacer\">\n\t\t\t<div class=\"elementor-spacer-inner\"><\/div>\n\t\t<\/div>\n\t\t\t\t\t\t<\/div>\n\t\t\t\t<\/div>\n\t\t\t\t<div class=\"elementor-element elementor-element-2ca0ccfd elementor-widget__width-initial elementor-widget elementor-widget-text-editor\" data-id=\"2ca0ccfd\" data-element_type=\"widget\" data-widget_type=\"text-editor.default\">\n\t\t\t\t<div class=\"elementor-widget-container\">\n\t\t\t\t\t\t\t\t\t<h2>EINLEITUNG<\/h2>\n<p><!-- \/wp:heading --><!-- wp:paragraph --><\/p>\n<div title=\"Seite 1\">\n<div>\n<div>\n<p>Fair MusE sch\u00e4tzt Ihre Privatsph\u00e4re und verarbeitet Ihre pers\u00f6nlichen Daten in \u00dcbereinstimmung mit der EU <a style=\"color: #000000; text-decoration: underline;\" href=\"https:\/\/eur-lex.europa.eu\/eli\/reg\/2016\/679\/oj\" target=\"_blank\" rel=\"noopener\">Allgemeine Datenschutzverordnung<\/a>: Verordnung (EU) 2016\/679 zum Schutz nat\u00fcrlicher Personen bei der Verarbeitung personenbezogener Daten und zum freien Datenverkehr (im Folgenden \"DSGVO\").<\/p>\n<div title=\"Seite 1\">\n<div>\n<div>\n<p>Ihre <i>personenbezogenen Daten<\/i> sind s\u00e4mliche Informationen, die Sie betreffen. <i>Verarbeitung<\/i> ist jede Handlung, die mit den Daten durchgef\u00fchrt wird.<\/p>\n<p>Gem\u00e4\u00df dem Transparenzprinzip erhalten Sie mit diesem Dokument Informationen \u00fcber die Verarbeitung Ihrer personenbezogenen Daten, wie es die Art. 12, 13 und 14 der Datenschutz-Grundverordnung vorschreiben.<\/p>\n<\/div>\n<\/div>\n<\/div>\n<\/div>\n<\/div>\n<\/div>\n<p><!-- \/wp:paragraph --><!-- wp:heading --><\/p>\n<h3>\u00a0<\/h3>\n<h3>Zu welchem Zweck greifen wir auf Ihre Daten zu?<\/h3>\n<div title=\"Seite 1\">\n<div>\n<div>\n<p>Ihre Daten werden im Rahmen des Fair MusE-Projekts verarbeitet.<\/p>\n<p>\u00a0<\/p>\n<\/div>\n<div title=\"Seite 1\">\n<div>\n<div>\n<h3>\u00a0<\/h3>\n<h3>Wer sind wir und wie k\u00f6nnen Sie uns kontaktieren?<\/h3>\n<\/div>\n<\/div>\n<\/div>\n<\/div>\n<\/div>\n<p><!-- \/wp:heading --><!-- wp:paragraph --><\/p>\n<div title=\"Seite 1\">\n<div>\n<div>\n<p>Die Universit\u00e4t Aalborg (AAU) und die Universit\u00e4t Lille handeln als f\u00fcr die Datenverarbeitung Verantwortliche im Sinne der DSGVO f\u00fcr Teilnehmerdaten im Zusammenhang mit dem Projekt \"Fair MusE\", Arbeitspaket 4, <span style=\"text-decoration: underline;\"><span style=\"color: #000000; text-decoration: underline;\"><a style=\"color: #000000; text-decoration: underline;\" href=\"https:\/\/fairmuse.eu\" target=\"_blank\" rel=\"noopener\">https:\/\/fairmuse.eu<\/a><\/span><\/span> Finanzhilfevereinbarung ID: 101095088.<\/p>\n<p>Wir bitten Sie um Ihre Zustimmung zur Verarbeitung Ihrer personenbezogenen Daten. Zweck der Datenverarbeitung ist es, im Rahmen des EU Horizont Europa Projekts \"Fair MusE\" den Grad der Fairness im europ\u00e4ischen Musik-\u00d6kosystem zu verstehen. Durch die Untersuchung von Daten \u00fcber Musikstreaming-Aktivit\u00e4ten (Ihre Playlists und Ihr H\u00f6rverhalten) und deren Verkn\u00fcpfung mit verschiedenen Datens\u00e4tzen, z. B. \u00fcber die Vielfalt unter Musikern, wollen wir einen \"Fairness-Score\" erstellen, der verschiedene Dimensionen der Fairness f\u00fcr Musiker (K\u00fcnstler, Komponisten usw.) oder f\u00fcr Nutzer von Streaming-Plattformen in Europa aufzeigt. Dar\u00fcber hinaus wird die Verarbeitung von Daten, die Sie in Umfragen auf dem Fair MusE-Teilnehmerportal zur Verf\u00fcgung gestellt haben oder die von dort aus verlinkt sind, unser Verst\u00e4ndnis von Fairness f\u00fcr Musiker in Europa verbessern.<\/p>\n<p><span style=\"text-align: var(--text-align);\">Die Daten, die Sie \u00fcber das Teilnehmerportal hochladen, werden niemals ver\u00f6ffentlicht oder an Personen au\u00dferhalb des Fair MusE-Projekts weitergegeben. Die Mitarbeiter des Fair MusE-Projekts und die mit ihnen verbundenen Studenten der Universit\u00e4t Aalborg, der Universit\u00e4t Lille und der Vrije Universiteit Brussel werden unter der Aufsicht der gemeinsamen Datenverantwortlichen Zugang zu Ihren Daten haben. Wir werden verschiedene Statistiken und Diagramme ver\u00f6ffentlichen, die die Daten auf einer aggregierten Ebene zeigen, auf der einzelne Personen nicht identifiziert werden k\u00f6nnen. Ihre Daten werden nicht sichtbar sein und Ihre Identit\u00e4t oder Ihre Musikgewohnheiten werden durch diese Ver\u00f6ffentlichungen nicht identifizierbar sein.\u00a0<\/span><span style=\"font-family: var( --e-global-typography-text-font-family ), Sans-serif; font-size: var( --e-global-typography-text-font-size ); font-style: var( --e-global-typography-text-font-style ); letter-spacing: var( --e-global-typography-text-letter-spacing ); text-transform: var( --e-global-typography-text-text-transform ); word-spacing: var( --e-global-typography-text-word-spacing ); text-decoration: var( --e-global-typography-text-text-decoration ); text-align: var(--text-align);\">.<\/span><\/p>\n<p class=\"translation-block\">Mit der Anmeldung zu diesem Teilnehmerportal <a style=\"color: #000000;text-decoration: underline\" href=\"https:\/\/portal.fairmuse.eu\/de\/)\/\" target=\"_blank\" rel=\"noopener\">(https:\/\/portal.fairmuse.eu\/)<\/a>, willigen Sie ein, uns Folgendes zu gestatten:<\/p>\n<div title=\"Seite 1\">\n<div>\n<div>\n<ul>\n<li class=\"translation-block\">Daten Ihrer Musikstreaming-Aktivit\u00e4ten, die Sie \u00fcber das \"Fair MusE\" Teilnehmerportal hochladen, zu verarbeiten.  Die von uns gesammelten Daten \u00fcber Musikstreaming-Aktivit\u00e4ten bestehen aus 1) Ihren Playlists und 2) der Musik, die \u00fcber Ihr Konto abgespielt wurde. Alle anderen hochgeladenen Daten werden w\u00e4hrend des Hochladevorgangs und vor der \u00dcbertragung vom Teilnehmerportal in die Datenbank herausgefiltert und gel\u00f6scht. Die Daten \u00fcber Ihre Musikstreaming-Aktivit\u00e4ten werden in einer Datenbank gespeichert, die sich physisch beim \"Fair MusE\"-Projektpartner, der Universit\u00e4t Lille, Frankreich, befindet.<\/li>\n<li>\n<div title=\"Seite 1\">\n<div>\n<div>\n<p class=\"translation-block\">Daten zu verarbeiten, die Sie im Rahmen von Umfragen, welche direkt auf dem \"Fair MusE\"-Teilnehmerportal zur Verf\u00fcgung gestellt werden oder von dort aus verlinkt sind, um unser Verst\u00e4ndnis von Fairness f\u00fcr Musiker in Europa zu verbessern. Wenn Sie sich entscheiden, uns zus\u00e4tzliche qualitative Informationen zur Verf\u00fcgung zu stellen, z. B. durch die Teilnahme an Interviews, Fokusgruppen oder Workshops, sind Ihre Rechte nach der Datenschutz-Grundverordnung ebenfalls durch diese Einwilligungserkl\u00e4rung abgedeckt.<\/p>\n<\/div>\n<\/div>\n<\/div>\n<\/li>\n<li>\n<div title=\"Seite 2\">\n<div>\n<div>\n<p>Ihre E-Mail-Adresse zu verarbeiten, um ein Benutzer-Login f\u00fcr das Teilnehmerportal \"Fair MusE\" zu erstellen, mit Ihnen \u00fcber Ihren Daten-Upload-Prozess zu kommunizieren und Sie \u00fcber Ihre Teilnahme am Projekt Fair MusE zu informieren.<\/p>\n<\/div>\n<\/div>\n<\/div>\n<\/li>\n<li>\n<div title=\"Seite 2\">\n<div>\n<div>\n<p>Cookies in Ihrem Webbrowser zu speichern, um das Einloggen in das Fair MusE Teilnehmerportal zu erleichtern.<\/p>\n<\/div>\n<\/div>\n<\/div>\n<\/li>\n<li>\n<div title=\"Seite 2\">\n<div>\n<div>\n<p class=\"translation-block\">Die Daten, die Sie \u00fcber das Teilnehmerportal hochladen, werden niemals ver\u00f6ffentlicht oder mit anderen geteilt. Nur Fair MusE-Projektmitarbeiter der Universit\u00e4t Aalborg, der Universit\u00e4t Lille und der Vrije Universiteit Brussel werden Zugang zu Ihren Daten haben. Wir werden jedoch verschiedene Statistiken und Diagramme ver\u00f6ffentlichen, die die Daten auf einer aggregierten Ebene zeigen, auf der einzelne Personen nicht identifiziert werden k\u00f6nnen. Ihre Daten werden nicht sichtbar und Ihre Identit\u00e4t oder Ihre Musikgewohnheiten werden durch diese Ver\u00f6ffentlichungen nicht identifizierbar sein.<\/p>\n<\/div>\n<\/div>\n<\/div>\n<\/li>\n<li>\n<div title=\"Seite 2\">\n<div>\n<div>\n<p>Die Wiederverwendung der Daten in unserer Forschung zur Fairness im europ\u00e4ischen Musik-\u00d6kosystem ist bis zum 1. M\u00e4rz 2027 geplant, ein Jahr nach dem Ende des Fair MusE-Projekts am 28. Februar 2026.<\/p>\n<\/div>\n<\/div>\n<\/div>\n<\/li>\n<li>\n<div title=\"Seite 2\">\n<div>\n<div>\n<p>Eine Weitergabe von personenbezogenen Daten an andere Organisationen ist nicht vorgesehen.<\/p>\n<\/div>\n<\/div>\n<\/div>\n<\/li>\n<li>\n<div title=\"Seite 2\">\n<div>\n<div>\n<p>Ihre Daten werden nicht au\u00dferhalb des Europ\u00e4ischen Wirtschaftsraums \u00fcbermittelt.<\/p>\n<\/div>\n<\/div>\n<\/div>\n<\/li>\n<li>\n<div title=\"Seite 2\">\n<div>\n<div>\n<p>Ihre Daten werden nicht zur Profilerstellung oder f\u00fcr automatisierte Entscheidungsfindungen verwendet.<\/p>\n<\/div>\n<\/div>\n<\/div>\n<\/li>\n<\/ul>\n<div title=\"Seite 2\">\n<div>\n<div>\n<p>Die Daten der Musikstreaming-Aktivit\u00e4ten werden an der Universit\u00e4t Lille sicher gespeichert.<\/p>\n<p>Die von Ihnen zur Verf\u00fcgung gestellten Umfragedaten und Ihre Benutzerdaten f\u00fcr das Teilnehmerportal (z. B. E-Mail-Adresse, Passwort und Benutzer-ID) werden sicher an der Universit\u00e4t Aalborg gespeichert. Dar\u00fcber hinaus werden diese Daten ausschlie\u00dflich f\u00fcr die Zwecke dieser Studie verwendet und vom wissenschaftlichen Leiter oder ihm unterstellten Personen, die zur Vertraulichkeit verpflichtet sind, verarbeitet.<\/p>\n<div title=\"Seite 2\">\n<div>\n<div>\n<p>Sie haben jederzeit das Recht, Ihre Einwilligung zu widerrufen. Wenn Sie Ihre Einwilligung zu einem sp\u00e4teren Zeitpunkt widerrufen m\u00f6chten, k\u00f6nnen Sie eine E-Mail senden an: js@es.aau.dk.<\/p>\n<p>\u00a0<\/p>\n<\/div>\n<\/div>\n<\/div>\n<\/div>\n<\/div>\n<\/div>\n<\/div>\n<\/div>\n<\/div>\n<\/div>\n<\/div>\n<\/div>\n<p><!-- \/wp:paragraph --><!-- wp:heading --><\/p>\n<div title=\"Seite 2\">\n<div>\n<div>\n<h3>\u00a0<\/h3>\n<h3>RECHTSGRUNDLAGE F\u00dcR DIE VERARBEITUNG IHRER DATEN<\/h3>\n<\/div>\n<\/div>\n<\/div>\n<p><!-- \/wp:heading --><!-- wp:paragraph --><\/p>\n<div title=\"Seite 2\">\n<div>\n<div>\n<p>Die Verarbeitung Ihrer Daten erfolgt auf der Grundlage Ihrer Einwilligung (Art. 6(1)(a) DSGVO), die Sie durch die Annahme dieses Hinweises erteilen.<\/p>\n<p>\u00a0<\/p>\n<\/div>\n<\/div>\n<\/div>\n<p><!-- \/wp:paragraph --><!-- wp:heading --><\/p>\n<div title=\"Seite 2\">\n<div>\n<div>\n<h3>\u00a0<\/h3>\n<h3>IHRE RECHTE IN BEZUG AUF DIE VERARBEITUNG IHRER DATEN<\/h3>\n<\/div>\n<\/div>\n<\/div>\n<p><!-- \/wp:heading --><!-- wp:paragraph --><\/p>\n<div title=\"Seite 2\">\n<div>\n<div>\n<p>Die Datenschutz-Grundverordnung gew\u00e4hrt Ihnen bestimmte Rechte in Bezug auf die Verarbeitung Ihrer personenbezogenen Daten. Diese Rechte umfassen:<\/p>\n<ul>\n<li class=\"translation-block\"><strong>Auskunft<\/strong> (Art. 15 DSGVO): Sie haben das Recht, eine Best\u00e4tigung dar\u00fcber zu erhalten, ob wir \u00fcber Ihre personenbezogenen Daten verf\u00fcgen, sowie Informationen dar\u00fcber, wie wir sie verarbeiten. Um Ihr Auskunftsrecht auszu\u00fcben, kontaktieren Sie uns unter contact@fairmuse.eu;<\/li>\n<li><strong>Berichtigung<\/strong> (Art. 16 DSGVO): Wenn Ihre personenbezogenen Daten, die wir verarbeiten, unvollst\u00e4ndig oder unrichtig sind, haben Sie das Recht, die unverz\u00fcgliche Berichtigung dieser Daten zu verlangen. Um Ihr Recht auf Berichtigung auszu\u00fcben, kontaktieren Sie uns unter contact@fairmuse.eu;<\/li>\n<li><strong>L\u00f6schung<\/strong> (\"Recht auf Vergessenwerden\" - Artikel 17 DSGVO): Unter bestimmten Umst\u00e4nden (z. B. wenn Ihre Daten unrechtm\u00e4\u00dfig oder unn\u00f6tig verarbeitet werden) k\u00f6nnen Sie die L\u00f6schung Ihrer personenbezogenen Daten verlangen.<\/li>\n<li><strong>Einschr\u00e4nkung der Verarbeitung<\/strong> (Art. 18 DSGVO): Unter bestimmten Umst\u00e4nden (z. B. wenn Sie die Richtigkeit Ihrer von uns verarbeiteten Daten oder die Rechtm\u00e4\u00dfigkeit der Verarbeitung bestreiten) k\u00f6nnen Sie die Einschr\u00e4nkung der Verarbeitung Ihrer Daten verlangen. Solche Daten werden nicht gel\u00f6scht, sondern k\u00f6nnen grunds\u00e4tzlich nur mit Ihrer Zustimmung verarbeitet werden;<\/li>\n<li><strong>\u00dcbertragbarkeit von Daten<\/strong> (Art. 20 DSGVO): Unter bestimmten Umst\u00e4nden k\u00f6nnen Sie die \u00dcbermittlung Ihrer Daten an einen anderen f\u00fcr die Verarbeitung Verantwortlichen in einem strukturierten, allgemein gebr\u00e4uchlichen und maschinenlesbaren Format verlangen;<\/li>\n<li><strong>Au\u00dferdem haben Sie das Recht, Ihre Zustimmung zur Verarbeitung Ihrer personenbezogenen Daten jederzeit zu widerrufen<\/strong> (Art. 7(3) DSGVO): durch Kontaktaufnahme mit uns unter contact@fairmuse.eu. Der Widerruf der Einwilligung ber\u00fchrt nicht die Rechtm\u00e4\u00dfigkeit der Verarbeitung aufgrund der Einwilligung vor deren Widerruf. Sie k\u00f6nnen als Nutzer von portal.fairmuse.eu eine Beschwerde bei einer Aufsichtsbeh\u00f6rde einreichen.<\/li>\n<\/ul>\n<h3>\u00a0<\/h3>\n<h3>WOLLEN SIE SICH BESCHWEREN?<\/h3>\n<div title=\"Seite 3\">\n<div>\n<div>\n<p>Wir m\u00fcssen und werden diese Regeln stets einhalten. Wenn Sie der Meinung sind, dass wir unserer Verantwortung nicht gerecht werden oder Ihre Daten nicht vorschriftsm\u00e4\u00dfig verarbeiten, k\u00f6nnen Sie eine Beschwerde bei der d\u00e4nischen Datenschutzbeh\u00f6rde einreichen unter <span style=\"text-decoration: underline;\">dt@datatilsynet.dk<\/span> oder bei der franz\u00f6sische Datenschutzbeh\u00f6rde \u00fcber dieses Beschwerdeformular: <span style=\"text-decoration: underline;\"><span style=\"color: #000000;\"><a style=\"color: #000000; text-decoration: underline;\" href=\"https:\/\/www.cnil.fr\/fr\/plaintes\" target=\"_blank\" rel=\"noopener\">https:\/\/www.cnil.fr\/fr\/plaintes<\/a><\/span><\/span><\/p>\n<div title=\"Seite 3\">\n<div>\n<div>\n<p>Wir m\u00f6chten Sie jedoch ermutigen, sich mit uns in Verbindung zu setzen, da wir unser M\u00f6glichstes tun werden, um Ihrer Beschwerde nachzukommen. Datenschutzbeauftragter (DSB) der Universit\u00e9 de Lille: <span style=\"text-decoration: underline;\">Jean-Luc.Tessier@univ- lille.fr.<\/span> Datenschutzbeauftragter (DSB) f\u00fcr die Universit\u00e4t Aalborg: Niels Vase E-Mail: <span style=\"text-decoration: underline;\">dpo@aau.dk.<\/span><\/p>\n<p>\u00a0<\/p>\n<\/div>\n<\/div>\n<\/div>\n<\/div>\n<\/div>\n<\/div>\n<\/div>\n<\/div>\n<\/div>\n<p><!-- \/wp:paragraph --><!-- wp:paragraph --><\/p>\n<div title=\"Seite 3\">\n<div>\n<div>\n<p>Mit freundlichen Gr\u00fc\u00dfen<\/p>\n<p>Jannick Kirk S\u00f8rensen, PhD, Associate Professor<br \/>Arbeitspaketleiter, Fair MusE Arbeitspaket 4 E-Mail: js@es.aau.dk<br \/>Universit\u00e4t Aalborg, DK-9220 Aalborg, CVR-Nr. 2910238<\/p>\n<\/div>\n<\/div>\n<\/div>\n<p><!-- \/wp:paragraph --><!-- wp:heading --><\/p>\n<p><!-- \/wp:paragraph --><\/p>\t\t\t\t\t\t\t\t<\/div>\n\t\t\t\t<\/div>\n\t\t\t\t\t<\/div>\n\t\t\t\t<\/div>\n\t\t<div class=\"elementor-element elementor-element-ab5c7f7 e-flex e-con-boxed e-con e-parent\" data-id=\"ab5c7f7\" data-element_type=\"container\">\n\t\t\t\t\t<div class=\"e-con-inner\">\n\t\t\t\t<div class=\"elementor-element elementor-element-c81d846 elementor-widget elementor-widget-spacer\" data-id=\"c81d846\" data-element_type=\"widget\" data-widget_type=\"spacer.default\">\n\t\t\t\t<div class=\"elementor-widget-container\">\n\t\t\t\t\t\t\t<div class=\"elementor-spacer\">\n\t\t\t<div class=\"elementor-spacer-inner\"><\/div>\n\t\t<\/div>\n\t\t\t\t\t\t<\/div>\n\t\t\t\t<\/div>\n\t\t\t\t<div class=\"elementor-element elementor-element-a7b8aee elementor-align-left elementor-mobile-align-right elementor-widget elementor-widget-button\" data-id=\"a7b8aee\" data-element_type=\"widget\" data-widget_type=\"button.default\">\n\t\t\t\t<div class=\"elementor-widget-container\">\n\t\t\t\t\t\t\t\t\t<div class=\"elementor-button-wrapper\">\n\t\t\t\t\t<a class=\"elementor-button elementor-button-link elementor-size-sm\" href=\"https:\/\/portal.fairmuse.eu\/de\/startseite\/\">\n\t\t\t\t\t\t<span class=\"elementor-button-content-wrapper\">\n\t\t\t\t\t\t<span class=\"elementor-button-icon\">\n\t\t\t\t<i aria-hidden=\"true\" class=\"fas fa-arrow-right\"><\/i>\t\t\t<\/span>\n\t\t\t\t\t\t\t\t\t<span class=\"elementor-button-text\">Weiter<\/span>\n\t\t\t\t\t<\/span>\n\t\t\t\t\t<\/a>\n\t\t\t\t<\/div>\n\t\t\t\t\t\t\t\t<\/div>\n\t\t\t\t<\/div>\n\t\t\t\t<div class=\"elementor-element elementor-element-ce96a9f elementor-widget elementor-widget-spacer\" data-id=\"ce96a9f\" data-element_type=\"widget\" data-widget_type=\"spacer.default\">\n\t\t\t\t<div class=\"elementor-widget-container\">\n\t\t\t\t\t\t\t<div class=\"elementor-spacer\">\n\t\t\t<div class=\"elementor-spacer-inner\"><\/div>\n\t\t<\/div>\n\t\t\t\t\t\t<\/div>\n\t\t\t\t<\/div>\n\t\t\t\t\t<\/div>\n\t\t\t\t<\/div>\n\t\t<div class=\"elementor-element elementor-element-a66023f e-flex e-con-boxed e-con e-parent\" data-id=\"a66023f\" data-element_type=\"container\">\n\t\t\t\t\t<div class=\"e-con-inner\">\n\t\t\t\t\t<\/div>\n\t\t\t\t<\/div>\n\t\t\t\t<\/div>","protected":false},"excerpt":{"rendered":"<p>INFORMATIONEN ZUR DATENVERARBEITUNG UND ZUSTIMMUNGSERKL\u00c4RUNG EINLEITUNG Fair MusE sch\u00e4tzt Ihre Privatsph\u00e4re und verarbeitet Ihre personenbezogenen Daten in \u00dcbereinstimmung mit der EU-Datenschutzgrundverordnung: Verordnung (EU) 2016\/679 zum Schutz nat\u00fcrlicher Personen bei der Verarbeitung personenbezogener Daten und zum freien Datenverkehr (im Folgenden \"DSGVO\"). Ihre [...]<\/p>","protected":false},"author":1,"featured_media":0,"parent":0,"menu_order":0,"comment_status":"closed","ping_status":"closed","template":"","meta":{"_acf_changed":false,"footnotes":""},"class_list":["post-3","page","type-page","status-publish","hentry"],"acf":[],"_links":{"self":[{"href":"https:\/\/portal.fairmuse.eu\/de\/wp-json\/wp\/v2\/pages\/3","targetHints":{"allow":["GET"]}}],"collection":[{"href":"https:\/\/portal.fairmuse.eu\/de\/wp-json\/wp\/v2\/pages"}],"about":[{"href":"https:\/\/portal.fairmuse.eu\/de\/wp-json\/wp\/v2\/types\/page"}],"author":[{"embeddable":true,"href":"https:\/\/portal.fairmuse.eu\/de\/wp-json\/wp\/v2\/users\/1"}],"replies":[{"embeddable":true,"href":"https:\/\/portal.fairmuse.eu\/de\/wp-json\/wp\/v2\/comments?post=3"}],"version-history":[{"count":127,"href":"https:\/\/portal.fairmuse.eu\/de\/wp-json\/wp\/v2\/pages\/3\/revisions"}],"predecessor-version":[{"id":10918,"href":"https:\/\/portal.fairmuse.eu\/de\/wp-json\/wp\/v2\/pages\/3\/revisions\/10918"}],"wp:attachment":[{"href":"https:\/\/portal.fairmuse.eu\/de\/wp-json\/wp\/v2\/media?parent=3"}],"curies":[{"name":"wp","href":"https:\/\/api.w.org\/{rel}","templated":true}]}}