{"id":5922,"date":"2024-02-19T12:37:58","date_gmt":"2024-02-19T11:37:58","guid":{"rendered":"https:\/\/portal.fairmuse.eu\/?page_id=5922"},"modified":"2025-05-22T11:23:06","modified_gmt":"2025-05-22T09:23:06","slug":"erinnerung","status":"publish","type":"page","link":"https:\/\/portal.fairmuse.eu\/de\/erinnerung\/","title":{"rendered":"Erinnerung"},"content":{"rendered":"<div data-elementor-type=\"wp-page\" data-elementor-id=\"5922\" class=\"elementor elementor-5922\" data-elementor-post-type=\"page\">\n\t\t\t\t<div class=\"elementor-element elementor-element-2e27a87 e-flex e-con-boxed e-con e-parent\" data-id=\"2e27a87\" data-element_type=\"container\">\n\t\t\t\t\t<div class=\"e-con-inner\">\n\t\t\t\t<div class=\"elementor-element elementor-element-337a7a8 elementor-widget elementor-widget-spacer\" data-id=\"337a7a8\" data-element_type=\"widget\" data-widget_type=\"spacer.default\">\n\t\t\t\t<div class=\"elementor-widget-container\">\n\t\t\t\t\t\t\t<div class=\"elementor-spacer\">\n\t\t\t<div class=\"elementor-spacer-inner\"><\/div>\n\t\t<\/div>\n\t\t\t\t\t\t<\/div>\n\t\t\t\t<\/div>\n\t\t\t\t<div class=\"elementor-element elementor-element-a46ad03 elementor-widget__width-initial elementor-widget elementor-widget-heading\" data-id=\"a46ad03\" data-element_type=\"widget\" data-widget_type=\"heading.default\">\n\t\t\t\t<div class=\"elementor-widget-container\">\n\t\t\t\t\t<h2 class=\"elementor-heading-title elementor-size-default\">Erinnerungs-E-Mails<\/h2>\t\t\t\t<\/div>\n\t\t\t\t<\/div>\n\t\t\t\t<div class=\"elementor-element elementor-element-ce816c8 elementor-widget__width-initial elementor-widget elementor-widget-text-editor\" data-id=\"ce816c8\" data-element_type=\"widget\" data-widget_type=\"text-editor.default\">\n\t\t\t\t<div class=\"elementor-widget-container\">\n\t\t\t\t\t\t\t\t\t<p style=\"text-align: center;\">Vielen Dank, dass Sie unsere Forschung mit Ihren Musikstreaming-Daten unterst\u00fctzen wollen!<\/p><p dir=\"ltr\" style=\"text-align: left;\">Wenn Sie Ihren Streaming-Dienst nach Ihren Daten gefragt haben, kann es eine Weile dauern, bis Sie sie herunterladen k\u00f6nnen. Das geschieht in Form einer oder mehrerer .zip-Dateien. Zip-Dateien sind komprimierte Dateien, die weniger Platz ben\u00f6tigen.\u00a0<\/p><p dir=\"ltr\" style=\"text-align: left;\">Bitte w\u00e4hlen Sie den Streaming-Dienst aus, von dem Sie Daten angefordert haben, und geben Sie Ihre E-Mail-Adresse an. Dann k\u00f6nnen wir Sie daran erinnern, Ihren Posteingang oder Spam-Ordner zu \u00fcberpr\u00fcfen. Je nach Streaming-Plattform kann es bis zu einen Monat dauern, bis die Zip-Datei mit Ihren Daten fertig ist.<\/p>\t\t\t\t\t\t\t\t<\/div>\n\t\t\t\t<\/div>\n\t\t\t\t<div class=\"elementor-element elementor-element-7a6ba7f elementor-button-align-center elementor-widget__width-initial elementor-widget elementor-widget-form\" data-id=\"7a6ba7f\" data-element_type=\"widget\" data-settings=\"{&quot;step_next_label&quot;:&quot;Next&quot;,&quot;step_previous_label&quot;:&quot;Previous&quot;,&quot;button_width&quot;:&quot;100&quot;,&quot;step_type&quot;:&quot;number_text&quot;,&quot;step_icon_shape&quot;:&quot;circle&quot;}\" data-widget_type=\"form.default\">\n\t\t\t\t<div class=\"elementor-widget-container\">\n\t\t\t\t\t\t\t<form class=\"elementor-form\" method=\"post\" name=\"Reminders\" action=\"\">\n\t\t\t<input type=\"hidden\" name=\"post_id\" value=\"5922\"\/>\n\t\t\t<input type=\"hidden\" name=\"form_id\" value=\"7a6ba7f\"\/>\n\t\t\t<input type=\"hidden\" name=\"referer_title\" value=\"\" \/>\n\n\t\t\t\n\t\t\t<div class=\"elementor-form-fields-wrapper elementor-labels-above\">\n\t\t\t\t\t\t\t\t<div class=\"elementor-field-type-select elementor-field-group elementor-column elementor-field-group-streaming_platform elementor-col-100\">\n\t\t\t\t\t\t\t\t\t\t\t\t<label for=\"form-field-streaming_platform\" class=\"elementor-field-label\">\n\t\t\t\t\t\t\t\tMusikstreaming-Plattform\t\t\t\t\t\t\t<\/label>\n\t\t\t\t\t\t\t\t<div class=\"elementor-field elementor-select-wrapper remove-before\">\n\t\t\t<div class=\"select-caret-down-wrapper\">\n\t\t\t\t<i aria-hidden=\"true\" class=\"eicon-caret-down\"><\/i>\t\t\t<\/div>\n\t\t\t<select name=\"form_fields[streaming_platform]\" id=\"form-field-streaming_platform\" class=\"elementor-field-textual elementor-size-sm\">\n\t\t\t\t\t\t\t\t\t<option value=\"Spotify\">Spotify<\/option>\n\t\t\t\t\t\t\t\t\t<option value=\"Apple Music\">Apple Music<\/option>\n\t\t\t\t\t\t\t\t\t<option value=\"YouTube Music\">YouTube Music<\/option>\n\t\t\t\t\t\t\t<\/select>\n\t\t<\/div>\n\t\t\t\t\t\t<\/div>\n\t\t\t\t\t\t\t\t<div class=\"elementor-field-type-email elementor-field-group elementor-column elementor-field-group-reminder_email elementor-col-100 elementor-field-required\">\n\t\t\t\t\t\t\t\t\t\t\t\t<label for=\"form-field-reminder_email\" class=\"elementor-field-label\">\n\t\t\t\t\t\t\t\tE-Mail\t\t\t\t\t\t\t<\/label>\n\t\t\t\t\t\t\t\t\t\t\t\t\t\t<input size=\"1\" type=\"email\" name=\"form_fields[reminder_email]\" id=\"form-field-reminder_email\" class=\"elementor-field elementor-size-sm  elementor-field-textual\" required=\"required\">\n\t\t\t\t\t\t\t\t\t\t\t<\/div>\n\t\t\t\t\t\t\t\t<div class=\"elementor-field-group elementor-column elementor-field-type-submit elementor-col-100 e-form__buttons\">\n\t\t\t\t\t<button class=\"elementor-button elementor-size-md\" type=\"submit\">\n\t\t\t\t\t\t<span class=\"elementor-button-content-wrapper\">\n\t\t\t\t\t\t\t\t\t\t\t\t\t\t\t\t\t\t\t\t\t\t<span class=\"elementor-button-text\">Abschicken<\/span>\n\t\t\t\t\t\t\t\t\t\t\t\t\t<\/span>\n\t\t\t\t\t<\/button>\n\t\t\t\t<\/div>\n\t\t\t<\/div>\n\t\t<input type=\"hidden\" name=\"trp-form-language\" value=\"de\"\/><\/form>\n\t\t\t\t\t\t<\/div>\n\t\t\t\t<\/div>\n\t\t\t\t\t<\/div>\n\t\t\t\t<\/div>\n\t\t<div class=\"elementor-element elementor-element-55c5c76 e-flex e-con-boxed e-con e-parent\" data-id=\"55c5c76\" data-element_type=\"container\">\n\t\t\t\t\t<div class=\"e-con-inner\">\n\t\t\t\t<div class=\"elementor-element elementor-element-43d2961 elementor-widget elementor-widget-spacer\" data-id=\"43d2961\" data-element_type=\"widget\" data-widget_type=\"spacer.default\">\n\t\t\t\t<div class=\"elementor-widget-container\">\n\t\t\t\t\t\t\t<div class=\"elementor-spacer\">\n\t\t\t<div class=\"elementor-spacer-inner\"><\/div>\n\t\t<\/div>\n\t\t\t\t\t\t<\/div>\n\t\t\t\t<\/div>\n\t\t\t\t\t<\/div>\n\t\t\t\t<\/div>\n\t\t\t\t<\/div>","protected":false},"excerpt":{"rendered":"<p>Erinnerungs-E-Mails Vielen Dank, dass Sie unsere Forschung mit Ihren Musikstreaming-Daten unterst\u00fctzen m\u00f6chten! Wenn Sie Ihren Streaming-Dienst um Ihre Daten gebeten haben, kann es eine Weile dauern, bis Sie sie herunterladen k\u00f6nnen. Sie werden als eine oder mehrere .zip-Datei(en) bereitgestellt. Zip-Dateien sind komprimierte Dateien, die weniger Platz ben\u00f6tigen.  Bitte [...]<\/p>","protected":false},"author":2,"featured_media":0,"parent":0,"menu_order":0,"comment_status":"closed","ping_status":"closed","template":"","meta":{"_acf_changed":false,"footnotes":""},"class_list":["post-5922","page","type-page","status-publish","hentry"],"acf":[],"_links":{"self":[{"href":"https:\/\/portal.fairmuse.eu\/de\/wp-json\/wp\/v2\/pages\/5922","targetHints":{"allow":["GET"]}}],"collection":[{"href":"https:\/\/portal.fairmuse.eu\/de\/wp-json\/wp\/v2\/pages"}],"about":[{"href":"https:\/\/portal.fairmuse.eu\/de\/wp-json\/wp\/v2\/types\/page"}],"author":[{"embeddable":true,"href":"https:\/\/portal.fairmuse.eu\/de\/wp-json\/wp\/v2\/users\/2"}],"replies":[{"embeddable":true,"href":"https:\/\/portal.fairmuse.eu\/de\/wp-json\/wp\/v2\/comments?post=5922"}],"version-history":[{"count":140,"href":"https:\/\/portal.fairmuse.eu\/de\/wp-json\/wp\/v2\/pages\/5922\/revisions"}],"predecessor-version":[{"id":10797,"href":"https:\/\/portal.fairmuse.eu\/de\/wp-json\/wp\/v2\/pages\/5922\/revisions\/10797"}],"wp:attachment":[{"href":"https:\/\/portal.fairmuse.eu\/de\/wp-json\/wp\/v2\/media?parent=5922"}],"curies":[{"name":"wp","href":"https:\/\/api.w.org\/{rel}","templated":true}]}}