{"id":9148,"date":"2024-08-20T15:18:52","date_gmt":"2024-08-20T13:18:52","guid":{"rendered":"https:\/\/portal.local\/?page_id=9148"},"modified":"2024-12-03T09:27:41","modified_gmt":"2024-12-03T08:27:41","slug":"mein-musikprofil-temp","status":"publish","type":"page","link":"https:\/\/portal.fairmuse.eu\/de\/mein-musikprofil-temp\/","title":{"rendered":"Mein Musikprofil - Temp"},"content":{"rendered":"<div data-elementor-type=\"wp-page\" data-elementor-id=\"9148\" class=\"elementor elementor-9148\" data-elementor-post-type=\"page\">\n\t\t\t\t<div class=\"elementor-element elementor-element-1653a04 e-flex e-con-boxed e-con e-parent\" data-id=\"1653a04\" data-element_type=\"container\">\n\t\t\t\t\t<div class=\"e-con-inner\">\n\t\t\t\t<div class=\"elementor-element elementor-element-0446c61 elementor-widget elementor-widget-spacer\" data-id=\"0446c61\" data-element_type=\"widget\" data-widget_type=\"spacer.default\">\n\t\t\t\t<div class=\"elementor-widget-container\">\n\t\t\t\t\t\t\t<div class=\"elementor-spacer\">\n\t\t\t<div class=\"elementor-spacer-inner\"><\/div>\n\t\t<\/div>\n\t\t\t\t\t\t<\/div>\n\t\t\t\t<\/div>\n\t\t\t\t<div class=\"elementor-element elementor-element-104c89a elementor-widget__width-initial elementor-widget elementor-widget-heading\" data-id=\"104c89a\" data-element_type=\"widget\" data-widget_type=\"heading.default\">\n\t\t\t\t<div class=\"elementor-widget-container\">\n\t\t\t\t\t<h2 class=\"elementor-heading-title elementor-size-default\">Ihr Musikprofil<\/h2>\t\t\t\t<\/div>\n\t\t\t\t<\/div>\n\t\t\t\t<div class=\"elementor-element elementor-element-afe33da elementor-widget__width-initial elementor-widget elementor-widget-text-editor\" data-id=\"afe33da\" data-element_type=\"widget\" data-widget_type=\"text-editor.default\">\n\t\t\t\t<div class=\"elementor-widget-container\">\n\t\t\t\t\t\t\t\t\t<p style=\"text-align: center;\"><span style=\"text-align: left; font-family: var( --e-global-typography-text-font-family ), Sans-serif; font-size: var( --e-global-typography-text-font-size ); font-style: var( --e-global-typography-text-font-style ); letter-spacing: var( --e-global-typography-text-letter-spacing ); text-transform: var( --e-global-typography-text-text-transform ); word-spacing: var( --e-global-typography-text-word-spacing ); text-decoration: var( --e-global-typography-text-text-decoration );\">In K\u00fcrze werden Sie Ihre Musikh\u00f6rgewohnheiten anhand der von Ihnen hochgeladenen Daten sehen k\u00f6nnen, die Sie uns mitgeteilt haben. Wir werden Ihre meistgeh\u00f6rten K\u00fcnstler, Genres und Ihren allgemeinen Geschmack pr\u00e4sentieren, um herauszufinden, welche Art von H\u00f6rer Sie sind.<\/span><\/p><p style=\"text-align: center;\"><span style=\"text-align: left; font-family: var( --e-global-typography-text-font-family ), Sans-serif; font-size: var( --e-global-typography-text-font-size ); font-style: var( --e-global-typography-text-font-style ); letter-spacing: var( --e-global-typography-text-letter-spacing ); text-transform: var( --e-global-typography-text-text-transform ); word-spacing: var( --e-global-typography-text-word-spacing ); text-decoration: var( --e-global-typography-text-text-decoration );\">Mit diesen Daten k\u00f6nnen Sie auch die Fairness Ihrer H\u00f6rgewohnheiten bewerten, sie mit anderen vergleichen und Einblicke in die Fairness-Landschaft der europ\u00e4ischen Musikindustrie gewinnen.<\/span><\/p>\t\t\t\t\t\t\t\t<\/div>\n\t\t\t\t<\/div>\n\t\t\t\t<div class=\"elementor-element elementor-element-7ee2514 elementor-widget elementor-widget-spacer\" data-id=\"7ee2514\" data-element_type=\"widget\" data-widget_type=\"spacer.default\">\n\t\t\t\t<div class=\"elementor-widget-container\">\n\t\t\t\t\t\t\t<div class=\"elementor-spacer\">\n\t\t\t<div class=\"elementor-spacer-inner\"><\/div>\n\t\t<\/div>\n\t\t\t\t\t\t<\/div>\n\t\t\t\t<\/div>\n\t\t\t\t\t<\/div>\n\t\t\t\t<\/div>\n\t\t\t\t<\/div>","protected":false},"excerpt":{"rendered":"<p>Ihr Musikprofil In K\u00fcrze k\u00f6nnen Sie anhand der hochgeladenen Daten, die Sie uns zur Verf\u00fcgung gestellt haben, Ihre Musikh\u00f6rgewohnheiten einsehen. Wir werden Ihre meistgeh\u00f6rten K\u00fcnstler, Genres und Ihren allgemeinen Musikgeschmack pr\u00e4sentieren, um herauszufinden, was f\u00fcr ein H\u00f6rertyp Sie sind. Anhand dieser Daten k\u00f6nnen Sie auch die [...]<\/p>","protected":false},"author":1,"featured_media":0,"parent":0,"menu_order":0,"comment_status":"closed","ping_status":"closed","template":"","meta":{"_acf_changed":false,"footnotes":""},"class_list":["post-9148","page","type-page","status-publish","hentry"],"acf":[],"_links":{"self":[{"href":"https:\/\/portal.fairmuse.eu\/de\/wp-json\/wp\/v2\/pages\/9148","targetHints":{"allow":["GET"]}}],"collection":[{"href":"https:\/\/portal.fairmuse.eu\/de\/wp-json\/wp\/v2\/pages"}],"about":[{"href":"https:\/\/portal.fairmuse.eu\/de\/wp-json\/wp\/v2\/types\/page"}],"author":[{"embeddable":true,"href":"https:\/\/portal.fairmuse.eu\/de\/wp-json\/wp\/v2\/users\/1"}],"replies":[{"embeddable":true,"href":"https:\/\/portal.fairmuse.eu\/de\/wp-json\/wp\/v2\/comments?post=9148"}],"version-history":[{"count":10,"href":"https:\/\/portal.fairmuse.eu\/de\/wp-json\/wp\/v2\/pages\/9148\/revisions"}],"predecessor-version":[{"id":10307,"href":"https:\/\/portal.fairmuse.eu\/de\/wp-json\/wp\/v2\/pages\/9148\/revisions\/10307"}],"wp:attachment":[{"href":"https:\/\/portal.fairmuse.eu\/de\/wp-json\/wp\/v2\/media?parent=9148"}],"curies":[{"name":"wp","href":"https:\/\/api.w.org\/{rel}","templated":true}]}}