{"id":974,"date":"2023-10-24T15:02:05","date_gmt":"2023-10-24T13:02:05","guid":{"rendered":"https:\/\/portal.fairmuse.eu\/?page_id=974"},"modified":"2024-08-14T10:29:19","modified_gmt":"2024-08-14T08:29:19","slug":"spotify-anweisungen","status":"publish","type":"page","link":"https:\/\/portal.fairmuse.eu\/de\/spotify-anweisungen\/","title":{"rendered":"Spotify-Anweisungen"},"content":{"rendered":"<div data-elementor-type=\"wp-page\" data-elementor-id=\"974\" class=\"elementor elementor-974\" data-elementor-post-type=\"page\">\n\t\t\t\t<div class=\"elementor-element elementor-element-d0b8a49 e-flex e-con-boxed e-con e-parent\" data-id=\"d0b8a49\" data-element_type=\"container\">\n\t\t\t\t\t<div class=\"e-con-inner\">\n\t\t\t\t<div class=\"elementor-element elementor-element-9969cf3 elementor-widget elementor-widget-spacer\" data-id=\"9969cf3\" data-element_type=\"widget\" data-widget_type=\"spacer.default\">\n\t\t\t\t<div class=\"elementor-widget-container\">\n\t\t\t\t\t\t\t<div class=\"elementor-spacer\">\n\t\t\t<div class=\"elementor-spacer-inner\"><\/div>\n\t\t<\/div>\n\t\t\t\t\t\t<\/div>\n\t\t\t\t<\/div>\n\t\t\t\t\t<\/div>\n\t\t\t\t<\/div>\n\t\t<div class=\"elementor-element elementor-element-774d823 e-flex e-con-boxed e-con e-parent\" data-id=\"774d823\" data-element_type=\"container\">\n\t\t\t\t\t<div class=\"e-con-inner\">\n\t\t<div class=\"elementor-element elementor-element-3b3bd09 e-con-full e-flex e-con e-child\" data-id=\"3b3bd09\" data-element_type=\"container\">\n\t\t\t\t<div class=\"elementor-element elementor-element-ac1abcf elementor-widget__width-initial elementor-widget elementor-widget-image\" data-id=\"ac1abcf\" data-element_type=\"widget\" data-widget_type=\"image.default\">\n\t\t\t\t<div class=\"elementor-widget-container\">\n\t\t\t\t\t\t\t\t\t\t\t\t\t\t\t<img decoding=\"async\" width=\"150\" height=\"150\" src=\"https:\/\/portal.fairmuse.eu\/wp-content\/uploads\/2023\/11\/datashare-icon-150x150.png\" class=\"attachment-thumbnail size-thumbnail wp-image-1850\" alt=\"FairMusE Portal\" srcset=\"https:\/\/portal.fairmuse.eu\/wp-content\/uploads\/2023\/11\/datashare-icon-150x150.png 150w, https:\/\/portal.fairmuse.eu\/wp-content\/uploads\/2023\/11\/datashare-icon-300x300.png 300w, https:\/\/portal.fairmuse.eu\/wp-content\/uploads\/2023\/11\/datashare-icon-1024x1024.png 1024w, https:\/\/portal.fairmuse.eu\/wp-content\/uploads\/2023\/11\/datashare-icon-768x768.png 768w, https:\/\/portal.fairmuse.eu\/wp-content\/uploads\/2023\/11\/datashare-icon-1536x1536.png 1536w, https:\/\/portal.fairmuse.eu\/wp-content\/uploads\/2023\/11\/datashare-icon.png 1653w\" sizes=\"(max-width: 150px) 100vw, 150px\" \/>\t\t\t\t\t\t\t\t\t\t\t\t\t\t\t<\/div>\n\t\t\t\t<\/div>\n\t\t\t\t<\/div>\n\t\t<div class=\"elementor-element elementor-element-310be2f e-con-full e-flex e-con e-child\" data-id=\"310be2f\" data-element_type=\"container\" data-settings=\"{&quot;background_background&quot;:&quot;classic&quot;}\">\n\t\t\t\t<div class=\"elementor-element elementor-element-95574d7 elementor-widget__width-initial elementor-widget elementor-widget-heading\" data-id=\"95574d7\" data-element_type=\"widget\" data-widget_type=\"heading.default\">\n\t\t\t\t<div class=\"elementor-widget-container\">\n\t\t\t\t\t<h2 class=\"elementor-heading-title elementor-size-default\">Abrufen des Spotify-H\u00f6rverlaufs<\/h2>\t\t\t\t<\/div>\n\t\t\t\t<\/div>\n\t\t\t\t<\/div>\n\t\t\t\t\t<\/div>\n\t\t\t\t<\/div>\n\t\t<div class=\"elementor-element elementor-element-1723de2 e-con-full e-flex e-con e-parent\" data-id=\"1723de2\" data-element_type=\"container\">\n\t\t<div class=\"elementor-element elementor-element-db4e473 e-con-full e-flex e-con e-child\" data-id=\"db4e473\" data-element_type=\"container\">\n\t\t\t\t<div class=\"elementor-element elementor-element-5cb2397 elementor-widget elementor-widget-text-editor\" data-id=\"5cb2397\" data-element_type=\"widget\" data-widget_type=\"text-editor.default\">\n\t\t\t\t<div class=\"elementor-widget-container\">\n\t\t\t\t\t\t\t\t\t<p>Wenn Sie Spotify verwenden, folgen Sie den folgenden Schritten, um Ihre Daten abzufragen. Wir empfehlen die Verwendung eines Computers, da die Abfrage \u00fcber die Spotify-App nicht m\u00f6glich ist.<\/p><p>Wenn Sie Fragen oder technische Probleme haben, <a style=\"color: #000000; text-decoration: underline;\" href=\"https:\/\/portal.fairmuse.eu\/de\/kontakt-de\/\">Schreiben Sie uns eine Nachricht!<\/a><\/p>\t\t\t\t\t\t\t\t<\/div>\n\t\t\t\t<\/div>\n\t\t\t\t<div class=\"elementor-element elementor-element-891adbf elementor-widget__width-initial elementor-widget elementor-widget-eael-adv-accordion\" data-id=\"891adbf\" data-element_type=\"widget\" data-widget_type=\"eael-adv-accordion.default\">\n\t\t\t\t<div class=\"elementor-widget-container\">\n\t\t\t\t\t        <div class=\"eael-adv-accordion\" id=\"eael-adv-accordion-891adbf\" data-scroll-on-click=\"no\" data-scroll-speed=\"300\" data-accordion-id=\"891adbf\" data-accordion-type=\"accordion\" data-toogle-speed=\"300\">\n    <div class=\"eael-accordion-list\">\n                <div id=\"1-log-in-to-spotify\" class=\"elementor-tab-title eael-accordion-header active-default\" tabindex=\"0\" data-tab=\"1\" aria-controls=\"elementor-tab-content-1431\"><p class=\"eael-accordion-tab-title\">1. Bei Spotify anmelden<\/p><i aria-hidden=\"true\" class=\"fa-toggle fas fa-arrow-right\"><\/i><\/div><div id=\"elementor-tab-content-1431\" class=\"eael-accordion-content clearfix active-default\" data-tab=\"1\" aria-labelledby=\"1-log-in-to-spotify\"><table bgcolor=\"ffffff\"><tbody><tr><td style=\"background-color: #ffffff; border: 0;\"><p>1. Gehen Sie auf:<\/p><p><span style=\"text-decoration: underline;\"><a style=\"color: black; text-decoration: underline;\" href=\"https:\/\/accounts.spotify.com\/\" target=\"_blank\" rel=\"noopener\">https:\/\/accounts.spotify.com\/<\/a><\/span><\/p><p>\u00a0<\/p><p>2. Melden Sie sich bei Ihrem Spotify-Konto an, um auf Ihre Konto\u00fcbersicht zuzugreifen.<\/p><p>\u00a0<\/p><p>3. Scrollen Sie nach unten und klicken Sie auf \"Datenschutzeinstellungen\".<\/p><\/td><\/tr><tr><td style=\"background-color: #ffffff; border: 0;\"><img fetchpriority=\"high\" decoding=\"async\" class=\"aligncenter wp-image-1102\" src=\"https:\/\/portal.fairmuse.eu\/wp-content\/uploads\/2023\/10\/Step1-Spotify.jpg\" alt=\"\" width=\"500\" height=\"413\" \/><\/td><\/tr><\/tbody><\/table><\/div>\n                <\/div><div class=\"eael-accordion-list\">\n                <div id=\"2-ask-for-your-spotify-data\" class=\"elementor-tab-title eael-accordion-header\" tabindex=\"0\" data-tab=\"2\" aria-controls=\"elementor-tab-content-1432\"><p class=\"eael-accordion-tab-title\">2. Fragen Sie nach Ihren Spotify-Daten<\/p><i aria-hidden=\"true\" class=\"fa-toggle fas fa-arrow-right\"><\/i><\/div><div id=\"elementor-tab-content-1432\" class=\"eael-accordion-content clearfix\" data-tab=\"2\" aria-labelledby=\"2-ask-for-your-spotify-data\"><p style=\"text-align: left;\">Scrollen Sie auf der Seite ein St\u00fcck nach unten zum Abschnitt \"Deine Daten herunterladen\"<\/p><table bgcolor=\"ffffff\"><tbody><tr><td style=\"background-color: #ffffff; border: 0;\"><p>1. Kreuzen Sie das K\u00e4stchen \"<strong>Kontodaten<\/strong> <strong>Streamingverlauf ausw\u00e4hlen<\/strong>.&#8221;\u00a0<\/p><p>\u00a0<\/p><p>2. Entfernen Sie das H\u00e4kchen im K\u00e4stchen \"<strong>Kontodaten<\/strong> <strong>ausw\u00e4hlen<\/strong>.&#8221;<\/p><p>\u00a0<\/p><p>3. Dr\u00fccken Sie die gr\u00fcne Taste \"<strong>Daten anfordern.<\/strong>.&#8221;<\/p><p>\u00a0<\/p><p>4. Spotify sendet Ihnen nun eine E-Mail, in der Sie die Datenanfrage best\u00e4tigen m\u00fcssen.<\/p><p>\u00a0<\/p><\/td><\/tr><tr><td style=\"background-color: #ffffff; border: 0;\"><img decoding=\"async\" class=\"aligncenter wp-image-7490 size-full\" src=\"https:\/\/portal.fairmuse.eu\/wp-content\/uploads\/2024\/04\/Step-2-Spotify.jpg\" alt=\"\" width=\"1326\" height=\"1118\" srcset=\"https:\/\/portal.fairmuse.eu\/wp-content\/uploads\/2024\/04\/Step-2-Spotify.jpg 1326w, https:\/\/portal.fairmuse.eu\/wp-content\/uploads\/2024\/04\/Step-2-Spotify-300x253.jpg 300w, https:\/\/portal.fairmuse.eu\/wp-content\/uploads\/2024\/04\/Step-2-Spotify-1024x863.jpg 1024w, https:\/\/portal.fairmuse.eu\/wp-content\/uploads\/2024\/04\/Step-2-Spotify-768x648.jpg 768w, https:\/\/portal.fairmuse.eu\/wp-content\/uploads\/2024\/04\/Step-2-Spotify-14x12.jpg 14w\" sizes=\"(max-width: 1326px) 100vw, 1326px\" \/><\/td><\/tr><\/tbody><\/table><\/div>\n                <\/div><div class=\"eael-accordion-list\">\n                <div id=\"3-confirm-your-request-and-wait\" class=\"elementor-tab-title eael-accordion-header\" tabindex=\"0\" data-tab=\"3\" aria-controls=\"elementor-tab-content-1433\"><p class=\"eael-accordion-tab-title\">3. Best\u00e4tigen Sie Ihre Anfrage und warten Sie<\/p><i aria-hidden=\"true\" class=\"fa-toggle fas fa-arrow-right\"><\/i><\/div><div id=\"elementor-tab-content-1433\" class=\"eael-accordion-content clearfix\" data-tab=\"3\" aria-labelledby=\"3-confirm-your-request-and-wait\"><table bgcolor=\"ffffff\"><tbody><tr><td style=\"background-color: #ffffff; border: 0;\"><p>1. \u00d6ffnen Sie die E-Mail, die Sie f\u00fcr Ihr Spotify-Konto verwenden. Best\u00e4tigen Sie Ihre Anfrage.Wenn Sie keine E-Mail erhalten, \u00fcberpr\u00fcfen Sie Ihren Spam-Ordner.<\/p><p>\u00a0<\/p><p>2. Nach der Best\u00e4tigung werden Sie benachrichtigt, dass Ihre Anfrage erfolgreich war.<\/p><p>\u00a0<\/p><p>3. Jetzt bereitet Spotify Ihre Daten f\u00fcr den Download vor. Das wird einige Zeit dauern, in der Regel ein bis vier Wochen, je nachdem, wie viel Sie Spotify genutzt haben.<\/p><p>\u00a0<\/p><p>4. Wir k\u00f6nnen Ihnen eine Erinnerungs-E-Mail schicken, wenn wir glauben, dass Ihre Daten zum Download bereit sind. Sie k\u00f6nnen sich hier anmelden: <a style=\"color: black; text-decoration: underline;\" href=\"https:\/\/portal.fairmuse.eu\/de\/erinnerung\/\">https:\/\/portal.fairmuse.eu\/reminder\/<\/a><\/p><p>\u00a0<\/p><p>5. Wenn die Daten zum Herunterladen bereit sind, sendet Spotify Ihnen eine E-Mail.<\/p><p>\u00a0<\/p><\/td><\/tr><tr><td style=\"background-color: #ffffff; border: 0;\"><img loading=\"lazy\" decoding=\"async\" class=\"wp-image-1119 aligncenter\" src=\"https:\/\/portal.fairmuse.eu\/wp-content\/uploads\/2023\/10\/Step3-Spotify.jpg\" alt=\"\" width=\"443\" height=\"500\" srcset=\"https:\/\/portal.fairmuse.eu\/wp-content\/uploads\/2023\/10\/Step3-Spotify.jpg 798w, https:\/\/portal.fairmuse.eu\/wp-content\/uploads\/2023\/10\/Step3-Spotify-266x300.jpg 266w, https:\/\/portal.fairmuse.eu\/wp-content\/uploads\/2023\/10\/Step3-Spotify-768x866.jpg 768w\" sizes=\"(max-width: 443px) 100vw, 443px\" \/><\/td><\/tr><tr><td style=\"background-color: #ffffff; border: 0;\"><img loading=\"lazy\" decoding=\"async\" class=\"wp-image-1123 aligncenter\" src=\"https:\/\/portal.fairmuse.eu\/wp-content\/uploads\/2023\/10\/Step3.5-Spotify.jpg\" alt=\"\" width=\"564\" height=\"500\" srcset=\"https:\/\/portal.fairmuse.eu\/wp-content\/uploads\/2023\/10\/Step3.5-Spotify.jpg 799w, https:\/\/portal.fairmuse.eu\/wp-content\/uploads\/2023\/10\/Step3.5-Spotify-300x266.jpg 300w, https:\/\/portal.fairmuse.eu\/wp-content\/uploads\/2023\/10\/Step3.5-Spotify-768x681.jpg 768w\" sizes=\"(max-width: 564px) 100vw, 564px\" \/><\/td><\/tr><\/tbody><\/table><\/div>\n                <\/div><div class=\"eael-accordion-list\">\n                <div id=\"4-download-your-spotify-data\" class=\"elementor-tab-title eael-accordion-header\" tabindex=\"0\" data-tab=\"4\" aria-controls=\"elementor-tab-content-1434\"><p class=\"eael-accordion-tab-title\">4. Laden Sie Ihre Spotify-Daten runter<\/p><i aria-hidden=\"true\" class=\"fa-toggle fas fa-arrow-right\"><\/i><\/div><div id=\"elementor-tab-content-1434\" class=\"eael-accordion-content clearfix\" data-tab=\"4\" aria-labelledby=\"4-download-your-spotify-data\"><p>Sobald Ihre Daten zum Download bereitstehen, erhalten Sie eine E-Mail von Spotify mit Ihrem erweiterten H\u00f6rverlauf.<\/p><table bgcolor=\"ffffff\"><tbody><tr><td style=\"background-color: #ffffff; border: 0;\"><p>Finden Sie die E-Mail von Spotify mit dem Titel \"Ihr erweiterter Streamingverlauf steht zum Download bereit\".<\/p><p>Laden Sie Ihre Daten auf Ihren Computer herunter. Der \"Downloads\u201d  Ordner ist der \u00fcbliche Ort f\u00fcr Downloads.<\/p><\/td><\/tr><tr><td style=\"background-color: #ffffff; border: 0;\"><img loading=\"lazy\" decoding=\"async\" class=\"wp-image-1436 size-full aligncenter\" src=\"https:\/\/portal.fairmuse.eu\/wp-content\/uploads\/2023\/11\/Step-5.5-Spotify.jpg\" alt=\"\" width=\"549\" height=\"738\" srcset=\"https:\/\/portal.fairmuse.eu\/wp-content\/uploads\/2023\/11\/Step-5.5-Spotify.jpg 549w, https:\/\/portal.fairmuse.eu\/wp-content\/uploads\/2023\/11\/Step-5.5-Spotify-223x300.jpg 223w\" sizes=\"(max-width: 549px) 100vw, 549px\" \/><\/td><\/tr><tr><td style=\"background-color: #ffffff; border: 0;\">\u00a0<\/td><\/tr><\/tbody><\/table><\/div>\n                <\/div><div class=\"eael-accordion-list\">\n                <div id=\"5-upload-your-spotify-data\" class=\"elementor-tab-title eael-accordion-header\" tabindex=\"0\" data-tab=\"5\" aria-controls=\"elementor-tab-content-1435\"><p class=\"eael-accordion-tab-title\">5. Laden Sie Ihre Spotify-Daten hoch<\/p><i aria-hidden=\"true\" class=\"fa-toggle fas fa-arrow-right\"><\/i><\/div><div id=\"elementor-tab-content-1435\" class=\"eael-accordion-content clearfix\" data-tab=\"5\" aria-labelledby=\"5-upload-your-spotify-data\"><p style=\"text-align: center;\">Wenn Sie die Daten von Spotify heruntergeladen haben, k\u00f6nnen Sie sie in das Forschungsprojekt Fair MusE hochladen. Die hochzuladende Datei hei\u00dft \"SpotifyExtendedStreamingHistory.zip\".<\/p><p>\u00a0<\/p><p style=\"text-align: center;\">Wir werden alle Daten herausfiltern und entfernen, die nicht zu Ihren H\u00f6rgewohnheiten geh\u00f6ren.<\/p><p style=\"text-align: center;\">Klicken Sie auf die Schaltfl\u00e4che unten, um Ihre Musikdaten hochzuladen.<\/p><p style=\"text-align: center;\">Vielen Dank, dass Sie die Datenanforderung durchgef\u00fchrt haben!<\/p><\/div>\n                <\/div><\/div>\t\t\t\t<\/div>\n\t\t\t\t<\/div>\n\t\t\t\t<div class=\"elementor-element elementor-element-917afc0 elementor-align-center elementor-widget elementor-widget-button\" data-id=\"917afc0\" data-element_type=\"widget\" data-widget_type=\"button.default\">\n\t\t\t\t<div class=\"elementor-widget-container\">\n\t\t\t\t\t\t\t\t\t<div class=\"elementor-button-wrapper\">\n\t\t\t\t\t<a class=\"elementor-button elementor-button-link elementor-size-sm\" href=\"https:\/\/portal.fairmuse.eu\/de\/hochladen\/\" target=\"_blank\">\n\t\t\t\t\t\t<span class=\"elementor-button-content-wrapper\">\n\t\t\t\t\t\t\t\t\t<span class=\"elementor-button-text\">Hochladen Ihrer Daten<\/span>\n\t\t\t\t\t<\/span>\n\t\t\t\t\t<\/a>\n\t\t\t\t<\/div>\n\t\t\t\t\t\t\t\t<\/div>\n\t\t\t\t<\/div>\n\t\t\t\t<\/div>\n\t\t\t\t<\/div>\n\t\t<div class=\"elementor-element elementor-element-3c5d548 e-con-full e-flex e-con e-parent\" data-id=\"3c5d548\" data-element_type=\"container\">\n\t\t\t\t<div class=\"elementor-element elementor-element-d63599b elementor-widget elementor-widget-spacer\" data-id=\"d63599b\" data-element_type=\"widget\" data-widget_type=\"spacer.default\">\n\t\t\t\t<div class=\"elementor-widget-container\">\n\t\t\t\t\t\t\t<div class=\"elementor-spacer\">\n\t\t\t<div class=\"elementor-spacer-inner\"><\/div>\n\t\t<\/div>\n\t\t\t\t\t\t<\/div>\n\t\t\t\t<\/div>\n\t\t\t\t<\/div>\n\t\t\t\t<\/div>","protected":false},"excerpt":{"rendered":"<p>Abrufen des Spotify-H\u00f6rverlaufs Wenn Sie Spotify nutzen, folgen Sie den nachstehenden Schritten, um Ihre Daten abzufragen. Wir empfehlen Ihnen, einen Computer zu verwenden, da Sie dies nicht \u00fcber die Spotify-App tun k\u00f6nnen. Wenn du Fragen oder technische Probleme hast, schreibe uns eine Nachricht! 1. Melden Sie sich bei Spotify an 1. Gehe zu: https:\/\/accounts.spotify.com\/ 2. [...]<\/p>","protected":false},"author":2,"featured_media":0,"parent":0,"menu_order":0,"comment_status":"closed","ping_status":"closed","template":"","meta":{"_acf_changed":false,"footnotes":""},"class_list":["post-974","page","type-page","status-publish","hentry"],"acf":[],"_links":{"self":[{"href":"https:\/\/portal.fairmuse.eu\/de\/wp-json\/wp\/v2\/pages\/974","targetHints":{"allow":["GET"]}}],"collection":[{"href":"https:\/\/portal.fairmuse.eu\/de\/wp-json\/wp\/v2\/pages"}],"about":[{"href":"https:\/\/portal.fairmuse.eu\/de\/wp-json\/wp\/v2\/types\/page"}],"author":[{"embeddable":true,"href":"https:\/\/portal.fairmuse.eu\/de\/wp-json\/wp\/v2\/users\/2"}],"replies":[{"embeddable":true,"href":"https:\/\/portal.fairmuse.eu\/de\/wp-json\/wp\/v2\/comments?post=974"}],"version-history":[{"count":736,"href":"https:\/\/portal.fairmuse.eu\/de\/wp-json\/wp\/v2\/pages\/974\/revisions"}],"predecessor-version":[{"id":9096,"href":"https:\/\/portal.fairmuse.eu\/de\/wp-json\/wp\/v2\/pages\/974\/revisions\/9096"}],"wp:attachment":[{"href":"https:\/\/portal.fairmuse.eu\/de\/wp-json\/wp\/v2\/media?parent=974"}],"curies":[{"name":"wp","href":"https:\/\/api.w.org\/{rel}","templated":true}]}}