{"id":1478,"date":"2023-11-07T15:38:40","date_gmt":"2023-11-07T14:38:40","guid":{"rendered":"https:\/\/portal.fairmuse.eu\/?page_id=1478"},"modified":"2024-05-31T12:16:56","modified_gmt":"2024-05-31T10:16:56","slug":"instrucciones-apple","status":"publish","type":"page","link":"https:\/\/portal.fairmuse.eu\/es\/instrucciones-apple\/","title":{"rendered":"Instrucciones para Apple"},"content":{"rendered":"<div data-elementor-type=\"wp-page\" data-elementor-id=\"1478\" class=\"elementor elementor-1478\" data-elementor-post-type=\"page\">\n\t\t\t\t<div class=\"elementor-element elementor-element-d0b8a49 e-flex e-con-boxed e-con e-parent\" data-id=\"d0b8a49\" data-element_type=\"container\">\n\t\t\t\t\t<div class=\"e-con-inner\">\n\t\t\t\t<div class=\"elementor-element elementor-element-9969cf3 elementor-widget elementor-widget-spacer\" data-id=\"9969cf3\" data-element_type=\"widget\" data-widget_type=\"spacer.default\">\n\t\t\t\t<div class=\"elementor-widget-container\">\n\t\t\t\t\t\t\t<div class=\"elementor-spacer\">\n\t\t\t<div class=\"elementor-spacer-inner\"><\/div>\n\t\t<\/div>\n\t\t\t\t\t\t<\/div>\n\t\t\t\t<\/div>\n\t\t\t\t\t<\/div>\n\t\t\t\t<\/div>\n\t\t<div class=\"elementor-element elementor-element-6ffb99f e-flex e-con-boxed e-con e-parent\" data-id=\"6ffb99f\" data-element_type=\"container\">\n\t\t\t\t\t<div class=\"e-con-inner\">\n\t\t<div class=\"elementor-element elementor-element-cb35101 e-con-full e-flex e-con e-child\" data-id=\"cb35101\" data-element_type=\"container\">\n\t\t\t\t<div class=\"elementor-element elementor-element-fbe000b elementor-widget__width-initial elementor-widget elementor-widget-image\" data-id=\"fbe000b\" data-element_type=\"widget\" data-widget_type=\"image.default\">\n\t\t\t\t<div class=\"elementor-widget-container\">\n\t\t\t\t\t\t\t\t\t\t\t\t\t\t\t<img decoding=\"async\" width=\"150\" height=\"150\" src=\"https:\/\/portal.fairmuse.eu\/wp-content\/uploads\/2023\/11\/datashare-icon-150x150.png\" class=\"attachment-thumbnail size-thumbnail wp-image-1850\" alt=\"Portal FairMusE\" srcset=\"https:\/\/portal.fairmuse.eu\/wp-content\/uploads\/2023\/11\/datashare-icon-150x150.png 150w, https:\/\/portal.fairmuse.eu\/wp-content\/uploads\/2023\/11\/datashare-icon-300x300.png 300w, https:\/\/portal.fairmuse.eu\/wp-content\/uploads\/2023\/11\/datashare-icon-1024x1024.png 1024w, https:\/\/portal.fairmuse.eu\/wp-content\/uploads\/2023\/11\/datashare-icon-768x768.png 768w, https:\/\/portal.fairmuse.eu\/wp-content\/uploads\/2023\/11\/datashare-icon-1536x1536.png 1536w, https:\/\/portal.fairmuse.eu\/wp-content\/uploads\/2023\/11\/datashare-icon.png 1653w\" sizes=\"(max-width: 150px) 100vw, 150px\" \/>\t\t\t\t\t\t\t\t\t\t\t\t\t\t\t<\/div>\n\t\t\t\t<\/div>\n\t\t\t\t<\/div>\n\t\t<div class=\"elementor-element elementor-element-799ed29 e-con-full e-flex e-con e-child\" data-id=\"799ed29\" data-element_type=\"container\" data-settings=\"{&quot;background_background&quot;:&quot;classic&quot;}\">\n\t\t\t\t<div class=\"elementor-element elementor-element-230dcb4 elementor-widget__width-initial elementor-widget elementor-widget-heading\" data-id=\"230dcb4\" data-element_type=\"widget\" data-widget_type=\"heading.default\">\n\t\t\t\t<div class=\"elementor-widget-container\">\n\t\t\t\t\t<h2 class=\"elementor-heading-title elementor-size-default\">Obt\u00e9n tu historial de escuchas de Apple Music<\/h2>\t\t\t\t<\/div>\n\t\t\t\t<\/div>\n\t\t\t\t<\/div>\n\t\t\t\t\t<\/div>\n\t\t\t\t<\/div>\n\t\t<div class=\"elementor-element elementor-element-1723de2 e-con-full e-flex e-con e-parent\" data-id=\"1723de2\" data-element_type=\"container\">\n\t\t<div class=\"elementor-element elementor-element-db4e473 e-con-full e-flex e-con e-child\" data-id=\"db4e473\" data-element_type=\"container\">\n\t\t\t\t<div class=\"elementor-element elementor-element-5cb2397 elementor-widget elementor-widget-text-editor\" data-id=\"5cb2397\" data-element_type=\"widget\" data-widget_type=\"text-editor.default\">\n\t\t\t\t<div class=\"elementor-widget-container\">\n\t\t\t\t\t\t\t\t\t<p><span style=\"font-weight: 400;\">Si est\u00e1s suscrito a Apple Music, sigue estos pasos.<\/span><\/p><p>Si tiene preguntas o problemas t\u00e9cnicos, <a style=\"text-align: var(--text-align); color: #000000; text-decoration: underline;\" href=\"https:\/\/portal.fairmuse.eu\/es\/pongase-en-contacto-con\/\">escr\u00edbenos un mensaje<\/a><\/p>\t\t\t\t\t\t\t\t<\/div>\n\t\t\t\t<\/div>\n\t\t\t\t<div class=\"elementor-element elementor-element-891adbf elementor-widget__width-initial elementor-widget elementor-widget-eael-adv-accordion\" data-id=\"891adbf\" data-element_type=\"widget\" data-widget_type=\"eael-adv-accordion.default\">\n\t\t\t\t<div class=\"elementor-widget-container\">\n\t\t\t\t\t        <div class=\"eael-adv-accordion\" id=\"eael-adv-accordion-891adbf\" data-scroll-on-click=\"no\" data-scroll-speed=\"300\" data-accordion-id=\"891adbf\" data-accordion-type=\"accordion\" data-toogle-speed=\"300\">\n    <div class=\"eael-accordion-list\">\n                <div id=\"1-log-in-with-your-apple-id\" class=\"elementor-tab-title eael-accordion-header active-default\" tabindex=\"0\" data-tab=\"1\" aria-controls=\"elementor-tab-content-1431\"><p class=\"eael-accordion-tab-title\">1. Inicia sesi\u00f3n con su ID de Apple<\/p><i aria-hidden=\"true\" class=\"fa-toggle fas fa-arrow-right\"><\/i><\/div><div id=\"elementor-tab-content-1431\" class=\"eael-accordion-content clearfix active-default\" data-tab=\"1\" aria-labelledby=\"1-log-in-with-your-apple-id\"><table bgcolor=\"ffffff\"><tbody><tr><td style=\"background-color: #ffffff; border: 0;\"><p class=\"translation-block\">1. Utilice <span style=\"color: negro\">este enlace<\/span> para acceder al panel de privacidad de datos de Apple:<\/p><p><span style=\"text-decoration: underline;\"><span style=\"color: #000000;\"><a style=\"color: #000000; text-decoration: underline;\" href=\"https:\/\/privacy.apple.com\/\" target=\"_blank\" rel=\"noopener\">https:\/\/privacy.apple.com\/<\/a><\/span><\/span><\/p><p>\u00a0<\/p><p>2. Inicia sesi\u00f3n con su ID de Apple.<\/p><\/td><\/tr><tr><td style=\"background-color: #ffffff; border: 0;\"><img fetchpriority=\"high\" decoding=\"async\" class=\"wp-image-1486 size-large aligncenter\" src=\"https:\/\/portal.fairmuse.eu\/wp-content\/uploads\/2023\/11\/Step-1-Apple-1024x559.jpg\" alt=\"\" width=\"800\" height=\"437\" srcset=\"https:\/\/portal.fairmuse.eu\/wp-content\/uploads\/2023\/11\/Step-1-Apple-1024x559.jpg 1024w, https:\/\/portal.fairmuse.eu\/wp-content\/uploads\/2023\/11\/Step-1-Apple-300x164.jpg 300w, https:\/\/portal.fairmuse.eu\/wp-content\/uploads\/2023\/11\/Step-1-Apple-768x419.jpg 768w, https:\/\/portal.fairmuse.eu\/wp-content\/uploads\/2023\/11\/Step-1-Apple.jpg 1258w\" sizes=\"(max-width: 800px) 100vw, 800px\" \/><\/td><\/tr><\/tbody><\/table><\/div>\n                <\/div><div class=\"eael-accordion-list\">\n                <div id=\"2-request-your-apple-music-data\" class=\"elementor-tab-title eael-accordion-header\" tabindex=\"0\" data-tab=\"2\" aria-controls=\"elementor-tab-content-1432\"><p class=\"eael-accordion-tab-title\">2. Solicita sus datos de Apple Music<\/p><i aria-hidden=\"true\" class=\"fa-toggle fas fa-arrow-right\"><\/i><\/div><div id=\"elementor-tab-content-1432\" class=\"eael-accordion-content clearfix\" data-tab=\"2\" aria-labelledby=\"2-request-your-apple-music-data\"><table bgcolor=\"ffffff\"><tbody><tr><td style=\"background-color: #ffffff; border: 0;\"><p>1. Seleccione \"Solicitar una copia de sus datos\".<\/p><p>\u00a0<\/p><p>2. En la siguiente pantalla, seleccione \u00fanicamente \"Informaci\u00f3n de servicios multimedia de Apple\".<\/p><p>\u00a0<\/p><p>3. Despl\u00e1cese hasta el final y haga click en Continuar.<\/p><\/td><\/tr><tr><td style=\"background-color: #ffffff; border: 0;\"><img decoding=\"async\" class=\"wp-image-3324 aligncenter\" src=\"https:\/\/portal.fairmuse.eu\/wp-content\/uploads\/2023\/12\/Step-2-Apple.jpg\" alt=\"\" width=\"489\" height=\"400\" srcset=\"https:\/\/portal.fairmuse.eu\/wp-content\/uploads\/2023\/12\/Step-2-Apple.jpg 853w, https:\/\/portal.fairmuse.eu\/wp-content\/uploads\/2023\/12\/Step-2-Apple-300x245.jpg 300w, https:\/\/portal.fairmuse.eu\/wp-content\/uploads\/2023\/12\/Step-2-Apple-768x628.jpg 768w\" sizes=\"(max-width: 489px) 100vw, 489px\" \/><\/td><\/tr><tr><td style=\"background-color: #ffffff; border: 0;\"><img loading=\"lazy\" decoding=\"async\" class=\"wp-image-3323 aligncenter\" src=\"https:\/\/portal.fairmuse.eu\/wp-content\/uploads\/2023\/12\/Step-2.5-Apple.jpg\" alt=\"\" width=\"658\" height=\"400\" srcset=\"https:\/\/portal.fairmuse.eu\/wp-content\/uploads\/2023\/12\/Step-2.5-Apple.jpg 1006w, https:\/\/portal.fairmuse.eu\/wp-content\/uploads\/2023\/12\/Step-2.5-Apple-300x183.jpg 300w, https:\/\/portal.fairmuse.eu\/wp-content\/uploads\/2023\/12\/Step-2.5-Apple-768x467.jpg 768w\" sizes=\"(max-width: 658px) 100vw, 658px\" \/><\/td><\/tr><\/tbody><\/table><\/div>\n                <\/div><div class=\"eael-accordion-list\">\n                <div id=\"3-confirm-your-request\" class=\"elementor-tab-title eael-accordion-header\" tabindex=\"0\" data-tab=\"3\" aria-controls=\"elementor-tab-content-1433\"><p class=\"eael-accordion-tab-title\">3. Confirme su solicitud<\/p><i aria-hidden=\"true\" class=\"fa-toggle fas fa-arrow-right\"><\/i><\/div><div id=\"elementor-tab-content-1433\" class=\"eael-accordion-content clearfix\" data-tab=\"3\" aria-labelledby=\"3-confirm-your-request\"><p>Elige un tama\u00f1o m\u00e1ximo de archivo.<\/p><table bgcolor=\"ffffff\"><tbody><tr><td style=\"background-color: #ffffff; border: 0;\"><p>1. Sus datos se entregar\u00e1n en uno o varios paquetes. Recomendamos un tama\u00f1o de archivo de 1 GB.<\/p><p>\u00a0<\/p><p>2. Sus selecciones deben incluir s\u00f3lo \"1 aplicaci\u00f3n o servicio\".<\/p><p>\u00a0<\/p><p>3. Ahora debe esperar hasta que sus datos est\u00e9n listos para ser descargados.<\/p><p>\u00a0<\/p><p>Recibir\u00e1s un correo electr\u00f3nico de Apple notific\u00e1ndote que est\u00e1n preparando sus datos para la descarga. Este proceso puede tardar entre unos d\u00edas y una semana para que Apple pueda verificar que la solicitud ha sido realizada por usted y garantizar la seguridad de tus datos. Tenga en cuenta que la descarga s\u00f3lo suele estar disponible durante una semana. Por lo tanto, es importante que compruebe a menudo los correos electr\u00f3nicos de Apple.<\/p><p>Si desea un recordatorio para cargar sus datos, haga click en el siguiente enlace: <span style=\"text-decoration: underline;\"><span style=\"color: #000000;\"><a style=\"color: #000000; text-decoration: underline;\" href=\"https:\/\/portal.fairmuse.eu\/es\/recordatorio\/\" target=\"_blank\" rel=\"noopener\">https:\/\/portal.fairmuse.eu\/reminder\/<\/a><\/span><\/span><\/p><p>\u00a0<\/p><p>Eso es todo por ahora. Gracias por solicitar sus datos. Puede cerrar esta p\u00e1gina y volver cuando haya recibido su correo electr\u00f3nico.<\/p><\/td><\/tr><tr><td style=\"background-color: #ffffff; border: 0;\"><img loading=\"lazy\" decoding=\"async\" class=\"wp-image-1496 size-large aligncenter\" src=\"https:\/\/portal.fairmuse.eu\/wp-content\/uploads\/2023\/11\/Step-3-Apple-1024x565.jpg\" alt=\"\" width=\"800\" height=\"441\" srcset=\"https:\/\/portal.fairmuse.eu\/wp-content\/uploads\/2023\/11\/Step-3-Apple-1024x565.jpg 1024w, https:\/\/portal.fairmuse.eu\/wp-content\/uploads\/2023\/11\/Step-3-Apple-300x165.jpg 300w, https:\/\/portal.fairmuse.eu\/wp-content\/uploads\/2023\/11\/Step-3-Apple-768x423.jpg 768w, https:\/\/portal.fairmuse.eu\/wp-content\/uploads\/2023\/11\/Step-3-Apple.jpg 1264w\" sizes=\"(max-width: 800px) 100vw, 800px\" \/><\/td><\/tr><\/tbody><\/table><\/div>\n                <\/div><div class=\"eael-accordion-list\">\n                <div id=\"4-download-your-apple-music-data\" class=\"elementor-tab-title eael-accordion-header\" tabindex=\"0\" data-tab=\"4\" aria-controls=\"elementor-tab-content-1434\"><p class=\"eael-accordion-tab-title\">4. Descargue sus datos de Apple Music<\/p><i aria-hidden=\"true\" class=\"fa-toggle fas fa-arrow-right\"><\/i><\/div><div id=\"elementor-tab-content-1434\" class=\"eael-accordion-content clearfix\" data-tab=\"4\" aria-labelledby=\"4-download-your-apple-music-data\"><p>Abra su correo electr\u00f3nico y vaya al mensaje de Apple titulado \"Su solicitud de descarga se ha completado\".<\/p><table bgcolor=\"ffffff\"><tbody><tr><td style=\"background-color: #ffffff; border: 0;\"><p>Apple enviar\u00e1 un correo electr\u00f3nico con un enlace a tus datos disponible para su descarga durante aproximadamente dos semanas.<\/p><p>Si no descarga los datos en este periodo, tendr\u00e1 que iniciar el proceso de solicitud desde el principio.<\/p><p>(Lo m\u00e1s probable es que los datos se descarguen en su carpeta de descargas)<\/p><\/td><\/tr><tr><td style=\"background-color: #ffffff; border: 0;\"><img loading=\"lazy\" decoding=\"async\" class=\"wp-image-1501 aligncenter\" src=\"https:\/\/portal.fairmuse.eu\/wp-content\/uploads\/2023\/11\/Step-5-Apple-1024x923.jpg\" alt=\"\" width=\"700\" height=\"631\" srcset=\"https:\/\/portal.fairmuse.eu\/wp-content\/uploads\/2023\/11\/Step-5-Apple-1024x923.jpg 1024w, https:\/\/portal.fairmuse.eu\/wp-content\/uploads\/2023\/11\/Step-5-Apple-300x270.jpg 300w, https:\/\/portal.fairmuse.eu\/wp-content\/uploads\/2023\/11\/Step-5-Apple-768x692.jpg 768w, https:\/\/portal.fairmuse.eu\/wp-content\/uploads\/2023\/11\/Step-5-Apple.jpg 1113w\" sizes=\"(max-width: 700px) 100vw, 700px\" \/><\/td><\/tr><\/tbody><\/table><\/div>\n                <\/div><div class=\"eael-accordion-list\">\n                <div id=\"5-upload-your-apple-music-data\" class=\"elementor-tab-title eael-accordion-header\" tabindex=\"0\" data-tab=\"5\" aria-controls=\"elementor-tab-content-1435\"><p class=\"eael-accordion-tab-title\">5. Carga sus datos de Apple Music<\/p><i aria-hidden=\"true\" class=\"fa-toggle fas fa-arrow-right\"><\/i><\/div><div id=\"elementor-tab-content-1435\" class=\"eael-accordion-content clearfix\" data-tab=\"5\" aria-labelledby=\"5-upload-your-apple-music-data\"><p style=\"text-align: center;\">Busque el lugar de su ordenador donde guard\u00f3 los datos, lo m\u00e1s probable es que sea la carpeta Descargas.<\/p><p style=\"text-align: center;\">Puedes buscar el archivo llamado \"Apple Media Services information.zip\".<\/p><p>\u00a0<\/p><p style=\"text-align: center;\">Filtraremos y eliminaremos todos los datos que no pertenezcan a sus h\u00e1bitos de escucha musical.<\/p><p style=\"text-align: center;\">Pulse el bot\u00f3n de abajo para cargar sus datos musicales.<\/p><p style=\"text-align: center;\">Gracias por completar el proceso de solicitud de datos.<\/p><\/div>\n                <\/div><\/div>\t\t\t\t<\/div>\n\t\t\t\t<\/div>\n\t\t\t\t<div class=\"elementor-element elementor-element-cb0e224 elementor-align-center elementor-widget elementor-widget-button\" data-id=\"cb0e224\" data-element_type=\"widget\" data-widget_type=\"button.default\">\n\t\t\t\t<div class=\"elementor-widget-container\">\n\t\t\t\t\t\t\t\t\t<div class=\"elementor-button-wrapper\">\n\t\t\t\t\t<a class=\"elementor-button elementor-button-link elementor-size-sm\" href=\"https:\/\/portal.fairmuse.eu\/es\/cargar\/\" target=\"_blank\">\n\t\t\t\t\t\t<span class=\"elementor-button-content-wrapper\">\n\t\t\t\t\t\t\t\t\t<span class=\"elementor-button-text\">Suba Sus Datos<\/span>\n\t\t\t\t\t<\/span>\n\t\t\t\t\t<\/a>\n\t\t\t\t<\/div>\n\t\t\t\t\t\t\t\t<\/div>\n\t\t\t\t<\/div>\n\t\t\t\t<\/div>\n\t\t\t\t<\/div>\n\t\t<div class=\"elementor-element elementor-element-3c5d548 e-con-full e-flex e-con e-parent\" data-id=\"3c5d548\" data-element_type=\"container\">\n\t\t\t\t<div class=\"elementor-element elementor-element-d63599b elementor-widget elementor-widget-spacer\" data-id=\"d63599b\" data-element_type=\"widget\" data-widget_type=\"spacer.default\">\n\t\t\t\t<div class=\"elementor-widget-container\">\n\t\t\t\t\t\t\t<div class=\"elementor-spacer\">\n\t\t\t<div class=\"elementor-spacer-inner\"><\/div>\n\t\t<\/div>\n\t\t\t\t\t\t<\/div>\n\t\t\t\t<\/div>\n\t\t\t\t<\/div>\n\t\t\t\t<\/div>","protected":false},"excerpt":{"rendered":"<p>Obt\u00e9n tu historial de escuchas de Apple Music Si est\u00e1s suscrito a Apple Music, sigue los pasos que se indican a continuaci\u00f3n. Si tienes preguntas o problemas t\u00e9cnicos, \u00a1escr\u00edbenos un mensaje! 1. 1. Inicia sesi\u00f3n con tu ID de Apple Utiliza este enlace para acceder al panel de privacidad de datos de Apple: https:\/\/privacy.apple.com\/ 2. Inicia sesi\u00f3n con tu ID de Apple. Inicia sesi\u00f3n con tu ID de Apple. 2. [...]<\/p>","protected":false},"author":2,"featured_media":0,"parent":0,"menu_order":0,"comment_status":"closed","ping_status":"closed","template":"","meta":{"_acf_changed":false,"footnotes":""},"class_list":["post-1478","page","type-page","status-publish","hentry"],"acf":[],"_links":{"self":[{"href":"https:\/\/portal.fairmuse.eu\/es\/wp-json\/wp\/v2\/pages\/1478","targetHints":{"allow":["GET"]}}],"collection":[{"href":"https:\/\/portal.fairmuse.eu\/es\/wp-json\/wp\/v2\/pages"}],"about":[{"href":"https:\/\/portal.fairmuse.eu\/es\/wp-json\/wp\/v2\/types\/page"}],"author":[{"embeddable":true,"href":"https:\/\/portal.fairmuse.eu\/es\/wp-json\/wp\/v2\/users\/2"}],"replies":[{"embeddable":true,"href":"https:\/\/portal.fairmuse.eu\/es\/wp-json\/wp\/v2\/comments?post=1478"}],"version-history":[{"count":276,"href":"https:\/\/portal.fairmuse.eu\/es\/wp-json\/wp\/v2\/pages\/1478\/revisions"}],"predecessor-version":[{"id":8537,"href":"https:\/\/portal.fairmuse.eu\/es\/wp-json\/wp\/v2\/pages\/1478\/revisions\/8537"}],"wp:attachment":[{"href":"https:\/\/portal.fairmuse.eu\/es\/wp-json\/wp\/v2\/media?parent=1478"}],"curies":[{"name":"wp","href":"https:\/\/api.w.org\/{rel}","templated":true}]}}