{"id":1584,"date":"2023-11-09T10:59:44","date_gmt":"2023-11-09T09:59:44","guid":{"rendered":"https:\/\/portal.fairmuse.eu\/?page_id=1584"},"modified":"2024-08-14T11:00:43","modified_gmt":"2024-08-14T09:00:43","slug":"instrucciones-youtube","status":"publish","type":"page","link":"https:\/\/portal.fairmuse.eu\/es\/instrucciones-youtube\/","title":{"rendered":"Instrucciones de YouTube"},"content":{"rendered":"<div data-elementor-type=\"wp-page\" data-elementor-id=\"1584\" class=\"elementor elementor-1584\" data-elementor-post-type=\"page\">\n\t\t\t\t<div class=\"elementor-element elementor-element-d0b8a49 e-flex e-con-boxed e-con e-parent\" data-id=\"d0b8a49\" data-element_type=\"container\">\n\t\t\t\t\t<div class=\"e-con-inner\">\n\t\t\t\t<div class=\"elementor-element elementor-element-9969cf3 elementor-widget elementor-widget-spacer\" data-id=\"9969cf3\" data-element_type=\"widget\" data-widget_type=\"spacer.default\">\n\t\t\t\t<div class=\"elementor-widget-container\">\n\t\t\t\t\t\t\t<div class=\"elementor-spacer\">\n\t\t\t<div class=\"elementor-spacer-inner\"><\/div>\n\t\t<\/div>\n\t\t\t\t\t\t<\/div>\n\t\t\t\t<\/div>\n\t\t\t\t\t<\/div>\n\t\t\t\t<\/div>\n\t\t<div class=\"elementor-element elementor-element-c74fc39 e-flex e-con-boxed e-con e-parent\" data-id=\"c74fc39\" data-element_type=\"container\">\n\t\t\t\t\t<div class=\"e-con-inner\">\n\t\t<div class=\"elementor-element elementor-element-a91330d e-con-full e-flex e-con e-child\" data-id=\"a91330d\" data-element_type=\"container\">\n\t\t\t\t<div class=\"elementor-element elementor-element-6cb9660 elementor-widget__width-initial elementor-widget elementor-widget-image\" data-id=\"6cb9660\" data-element_type=\"widget\" data-widget_type=\"image.default\">\n\t\t\t\t<div class=\"elementor-widget-container\">\n\t\t\t\t\t\t\t\t\t\t\t\t\t\t\t<img decoding=\"async\" width=\"150\" height=\"150\" src=\"https:\/\/portal.fairmuse.eu\/wp-content\/uploads\/2023\/11\/datashare-icon-150x150.png\" class=\"attachment-thumbnail size-thumbnail wp-image-1850\" alt=\"Portal FairMusE\" srcset=\"https:\/\/portal.fairmuse.eu\/wp-content\/uploads\/2023\/11\/datashare-icon-150x150.png 150w, https:\/\/portal.fairmuse.eu\/wp-content\/uploads\/2023\/11\/datashare-icon-300x300.png 300w, https:\/\/portal.fairmuse.eu\/wp-content\/uploads\/2023\/11\/datashare-icon-1024x1024.png 1024w, https:\/\/portal.fairmuse.eu\/wp-content\/uploads\/2023\/11\/datashare-icon-768x768.png 768w, https:\/\/portal.fairmuse.eu\/wp-content\/uploads\/2023\/11\/datashare-icon-1536x1536.png 1536w, https:\/\/portal.fairmuse.eu\/wp-content\/uploads\/2023\/11\/datashare-icon.png 1653w\" sizes=\"(max-width: 150px) 100vw, 150px\" \/>\t\t\t\t\t\t\t\t\t\t\t\t\t\t\t<\/div>\n\t\t\t\t<\/div>\n\t\t\t\t<\/div>\n\t\t<div class=\"elementor-element elementor-element-31082fe e-con-full e-flex e-con e-child\" data-id=\"31082fe\" data-element_type=\"container\" data-settings=\"{&quot;background_background&quot;:&quot;classic&quot;}\">\n\t\t\t\t<div class=\"elementor-element elementor-element-e8c1556 elementor-widget__width-initial elementor-widget elementor-widget-heading\" data-id=\"e8c1556\" data-element_type=\"widget\" data-widget_type=\"heading.default\">\n\t\t\t\t<div class=\"elementor-widget-container\">\n\t\t\t\t\t<h2 class=\"elementor-heading-title elementor-size-default\">Obt\u00e9n tu historial de escuchas de YouTube<\/h2>\t\t\t\t<\/div>\n\t\t\t\t<\/div>\n\t\t\t\t<\/div>\n\t\t\t\t\t<\/div>\n\t\t\t\t<\/div>\n\t\t<div class=\"elementor-element elementor-element-1723de2 e-con-full e-flex e-con e-parent\" data-id=\"1723de2\" data-element_type=\"container\">\n\t\t<div class=\"elementor-element elementor-element-db4e473 e-con-full e-flex e-con e-child\" data-id=\"db4e473\" data-element_type=\"container\">\n\t\t\t\t<div class=\"elementor-element elementor-element-5cb2397 elementor-widget elementor-widget-text-editor\" data-id=\"5cb2397\" data-element_type=\"widget\" data-widget_type=\"text-editor.default\">\n\t\t\t\t<div class=\"elementor-widget-container\">\n\t\t\t\t\t\t\t\t\t<p>Si pagas una suscripci\u00f3n a YouTube Music o utilizas YouTube para escuchar m\u00fasica, sigue estos pasos <span style=\"font-family: var( --e-global-typography-text-font-family ), Sans-serif; font-size: var( --e-global-typography-text-font-size ); font-style: var( --e-global-typography-text-font-style ); letter-spacing: var( --e-global-typography-text-letter-spacing ); text-transform: var( --e-global-typography-text-text-transform ); word-spacing: var( --e-global-typography-text-word-spacing ); text-decoration: var( --e-global-typography-text-text-decoration ); text-align: var(--text-align);\">abajo.<\/span><\/p><p><span style=\"letter-spacing: -0.8px; font-family: var( --e-global-typography-text-font-family ), Sans-serif; font-size: var( --e-global-typography-text-font-size ); font-style: var( --e-global-typography-text-font-style ); text-transform: var( --e-global-typography-text-text-transform ); word-spacing: var( --e-global-typography-text-word-spacing ); text-decoration: var( --e-global-typography-text-text-decoration ); text-align: var(--text-align);\">Si tiene preguntas o problemas t\u00e9cnicos, <\/span><a style=\"letter-spacing: -0.8px; text-align: var(--text-align); color: #000000; text-decoration: underline;\" href=\"https:\/\/portal.fairmuse.eu\/es\/pongase-en-contacto-con\/\">escr\u00edbenos un mensaje<\/a><\/p>\t\t\t\t\t\t\t\t<\/div>\n\t\t\t\t<\/div>\n\t\t\t\t<div class=\"elementor-element elementor-element-891adbf elementor-widget__width-initial elementor-widget elementor-widget-eael-adv-accordion\" data-id=\"891adbf\" data-element_type=\"widget\" data-widget_type=\"eael-adv-accordion.default\">\n\t\t\t\t<div class=\"elementor-widget-container\">\n\t\t\t\t\t        <div class=\"eael-adv-accordion\" id=\"eael-adv-accordion-891adbf\" data-scroll-on-click=\"no\" data-scroll-speed=\"300\" data-accordion-id=\"891adbf\" data-accordion-type=\"accordion\" data-toogle-speed=\"300\">\n    <div class=\"eael-accordion-list\">\n                <div id=\"1-log-in-to-or-access-google-takeout\" class=\"elementor-tab-title eael-accordion-header active-default\" tabindex=\"0\" data-tab=\"1\" aria-controls=\"elementor-tab-content-1431\"><p class=\"eael-accordion-tab-title\">1. Inicia sesi\u00f3n o accede a Google Takeout<\/p><i aria-hidden=\"true\" class=\"fa-toggle fas fa-arrow-right\"><\/i><\/div><div id=\"elementor-tab-content-1431\" class=\"eael-accordion-content clearfix active-default\" data-tab=\"1\" aria-labelledby=\"1-log-in-to-or-access-google-takeout\"><p>Google es la empresa matriz de YouTube. Para acceder a sus datos de YouTube Music tendr\u00e1 que solicitarlo a Google. A continuaci\u00f3n le explicamos c\u00f3mo hacerlo:<\/p><table bgcolor=\"ffffff\"><tbody><tr><td style=\"background-color: #ffffff; border: 0;\"><p>1. Utilice <span style=\"color: black;\">este enlace<\/span> para acceder al resumen de datos de su cuenta:<\/p><p><span style=\"text-decoration: underline;\"><span style=\"color: #000000;\"><a style=\"color: #000000; text-decoration: underline;\" href=\"https:\/\/takeout.google.com\/\" target=\"_blank\" rel=\"noopener\">https:\/\/takeout.google.com\/<\/a><\/span><\/span><\/p><p>\u00a0<\/p><p>2. Acceda a su cuenta de Google.<\/p><p>Si tienes m\u00e1s de una cuenta, seleccione la que utilice principalmente para YouTube.<\/p><p>\u00a0<\/p><p>3. Para solicitar sus datos siga el siguiente paso.<\/p><\/td><\/tr><tr><td style=\"background-color: #ffffff; border: 0;\"><img fetchpriority=\"high\" decoding=\"async\" class=\"wp-image-1597 aligncenter\" src=\"https:\/\/portal.fairmuse.eu\/wp-content\/uploads\/2023\/11\/Step-1-YT.png\" alt=\"\" width=\"600\" height=\"619\" srcset=\"https:\/\/portal.fairmuse.eu\/wp-content\/uploads\/2023\/11\/Step-1-YT.png 900w, https:\/\/portal.fairmuse.eu\/wp-content\/uploads\/2023\/11\/Step-1-YT-291x300.png 291w, https:\/\/portal.fairmuse.eu\/wp-content\/uploads\/2023\/11\/Step-1-YT-768x792.png 768w\" sizes=\"(max-width: 600px) 100vw, 600px\" \/><\/td><\/tr><\/tbody><\/table><\/div>\n                <\/div><div class=\"eael-accordion-list\">\n                <div id=\"2-request-your-youtube-data\" class=\"elementor-tab-title eael-accordion-header\" tabindex=\"0\" data-tab=\"2\" aria-controls=\"elementor-tab-content-1432\"><p class=\"eael-accordion-tab-title\">2. Solicite sus datos de YouTube<\/p><i aria-hidden=\"true\" class=\"fa-toggle fas fa-arrow-right\"><\/i><\/div><div id=\"elementor-tab-content-1432\" class=\"eael-accordion-content clearfix\" data-tab=\"2\" aria-labelledby=\"2-request-your-youtube-data\"><p style=\"text-align: left;\">Exporta una copia de tus datos de YouTube Music.<\/p><table bgcolor=\"ffffff\"><tbody><tr><td style=\"background-color: #ffffff; border: 0;\"><p>1. Haz click en \"Deseleccionar todo\"; de lo contrario, obtendr\u00e1 todos tus datos de Google.<\/p><p>\u00a0<\/p><p>2. Despl\u00e1cese hasta la parte inferior y selecciona \"YouTube y YouTube Music\".<\/p><p>\u00a0<\/p><p>3. Pulse la opci\u00f3n \"M\u00faltiples formatos\" y despl\u00e1cese hasta \"Historial\" y elija el formato \"JSON\".<\/p><p>\u00a0<\/p><p>4. Confirme que s\u00f3lo se ha seleccionado uno y contin\u00fae con el siguiente paso.<\/p><\/td><\/tr><tr><td style=\"background-color: #ffffff; border: 0;\"><img decoding=\"async\" class=\"wp-image-1612 size-large aligncenter\" src=\"https:\/\/portal.fairmuse.eu\/wp-content\/uploads\/2023\/11\/Step-2.1-YT-1024x941.png\" alt=\"\" width=\"800\" height=\"735\" srcset=\"https:\/\/portal.fairmuse.eu\/wp-content\/uploads\/2023\/11\/Step-2.1-YT-1024x941.png 1024w, https:\/\/portal.fairmuse.eu\/wp-content\/uploads\/2023\/11\/Step-2.1-YT-300x276.png 300w, https:\/\/portal.fairmuse.eu\/wp-content\/uploads\/2023\/11\/Step-2.1-YT-768x706.png 768w, https:\/\/portal.fairmuse.eu\/wp-content\/uploads\/2023\/11\/Step-2.1-YT.png 1390w\" sizes=\"(max-width: 800px) 100vw, 800px\" \/><\/td><\/tr><tr><td style=\"background-color: #ffffff; border: 0;\"><img loading=\"lazy\" decoding=\"async\" class=\"wp-image-1613 aligncenter\" src=\"https:\/\/portal.fairmuse.eu\/wp-content\/uploads\/2023\/11\/Step-2.5-YT.png\" alt=\"\" width=\"1100\" height=\"397\" srcset=\"https:\/\/portal.fairmuse.eu\/wp-content\/uploads\/2023\/11\/Step-2.5-YT.png 1346w, https:\/\/portal.fairmuse.eu\/wp-content\/uploads\/2023\/11\/Step-2.5-YT-300x108.png 300w, https:\/\/portal.fairmuse.eu\/wp-content\/uploads\/2023\/11\/Step-2.5-YT-1024x370.png 1024w, https:\/\/portal.fairmuse.eu\/wp-content\/uploads\/2023\/11\/Step-2.5-YT-768x277.png 768w\" sizes=\"(max-width: 1100px) 100vw, 1100px\" \/><\/td><\/tr><\/tbody><\/table><\/div>\n                <\/div><div class=\"eael-accordion-list\">\n                <div id=\"3-confirm-your-request\" class=\"elementor-tab-title eael-accordion-header\" tabindex=\"0\" data-tab=\"3\" aria-controls=\"elementor-tab-content-1433\"><p class=\"eael-accordion-tab-title\">3. Confirme su solicitud<\/p><i aria-hidden=\"true\" class=\"fa-toggle fas fa-arrow-right\"><\/i><\/div><div id=\"elementor-tab-content-1433\" class=\"eael-accordion-content clearfix\" data-tab=\"3\" aria-labelledby=\"3-confirm-your-request\"><p>Elija el tipo de archivo, la frecuencia y el destino.<\/p><table bgcolor=\"ffffff\"><tbody><tr><td style=\"background-color: #ffffff; border: 0;\"><p>1. Las opciones por defecto ser\u00e1n suficientes y deben incluir lo siguiente:<\/p><p>- Enviar descarga por correo electr\u00f3nico<\/p><p>- Exportar una vez<\/p><p>- Tipo de archivo .zip<\/p><p>- Archivo de 2 GB<\/p><p>\u00a0<\/p><p>2. Confirme la exportaci\u00f3n.<\/p><p>\u00a0<\/p><p>3. Ahora, espere hasta que sus datos est\u00e9n listos para descargar.<\/p><p>Recibir\u00e1s un correo electr\u00f3nico de Google cuando sus datos est\u00e9n listos para descargar.<\/p><p>Esto tendr\u00e1 lugar en el mismo d\u00eda o hasta en una semana, dependiendo del tama\u00f1o del archivo. El archivo .zip podr\u00e1 descargarse durante una semana.<\/p><p>Si desea un recordatorio para cargar sus datos, haga click en el siguiente enlace:<\/p><p><span style=\"text-decoration: underline;\"><span style=\"color: #000000;\"><a style=\"color: #000000; text-decoration: underline;\" href=\"https:\/\/portal.fairmuse.eu\/es\/recordatorio\/\" target=\"_blank\" rel=\"noopener\">https:\/\/portal.fairmuse.eu\/reminder\/<\/a><\/span><\/span><\/p><p>Eso es todo por ahora. Gracias por solicitar sus datos. Puede cerrar esta p\u00e1gina y volver cuando haya recibido su correo electr\u00f3nico.<\/p><\/td><\/tr><tr><td style=\"background-color: #ffffff; border: 0;\"><img loading=\"lazy\" decoding=\"async\" class=\"wp-image-1618 size-full aligncenter\" src=\"https:\/\/portal.fairmuse.eu\/wp-content\/uploads\/2023\/11\/Step-3-YT.png\" alt=\"\" width=\"974\" height=\"1504\" srcset=\"https:\/\/portal.fairmuse.eu\/wp-content\/uploads\/2023\/11\/Step-3-YT.png 974w, https:\/\/portal.fairmuse.eu\/wp-content\/uploads\/2023\/11\/Step-3-YT-194x300.png 194w, https:\/\/portal.fairmuse.eu\/wp-content\/uploads\/2023\/11\/Step-3-YT-663x1024.png 663w, https:\/\/portal.fairmuse.eu\/wp-content\/uploads\/2023\/11\/Step-3-YT-768x1186.png 768w\" sizes=\"(max-width: 974px) 100vw, 974px\" \/><\/td><\/tr><\/tbody><\/table><\/div>\n                <\/div><div class=\"eael-accordion-list\">\n                <div id=\"4-download-your-youtube-data\" class=\"elementor-tab-title eael-accordion-header\" tabindex=\"0\" data-tab=\"4\" aria-controls=\"elementor-tab-content-1434\"><p class=\"eael-accordion-tab-title\">4. Descargue sus datos de YouTube<\/p><i aria-hidden=\"true\" class=\"fa-toggle fas fa-arrow-right\"><\/i><\/div><div id=\"elementor-tab-content-1434\" class=\"eael-accordion-content clearfix\" data-tab=\"4\" aria-labelledby=\"4-download-your-youtube-data\"><p>Abre el correo electr\u00f3nico de Google titulado \"Tus datos de Google est\u00e1n listos para descargar\".<\/p><table bgcolor=\"ffffff\"><tbody><tr><td style=\"background-color: #ffffff; border: 0;\"><p>Haga click en \"Descargar sus archivos\" y gu\u00e1rdelos en la ubicaci\u00f3n que prefiera de su computadora.<\/p><p>(La carpeta de descargas es la ubicaci\u00f3n habitual por defecto)<\/p><\/td><\/tr><tr><td style=\"background-color: #ffffff; border: 0;\"><img loading=\"lazy\" decoding=\"async\" class=\"wp-image-1623 size-full aligncenter\" src=\"https:\/\/portal.fairmuse.eu\/wp-content\/uploads\/2023\/11\/Step-5-YT.png\" alt=\"\" width=\"830\" height=\"664\" srcset=\"https:\/\/portal.fairmuse.eu\/wp-content\/uploads\/2023\/11\/Step-5-YT.png 830w, https:\/\/portal.fairmuse.eu\/wp-content\/uploads\/2023\/11\/Step-5-YT-300x240.png 300w, https:\/\/portal.fairmuse.eu\/wp-content\/uploads\/2023\/11\/Step-5-YT-768x614.png 768w\" sizes=\"(max-width: 830px) 100vw, 830px\" \/><\/td><\/tr><\/tbody><\/table><\/div>\n                <\/div><div class=\"eael-accordion-list\">\n                <div id=\"5-upload-your-youtube-data\" class=\"elementor-tab-title eael-accordion-header\" tabindex=\"0\" data-tab=\"5\" aria-controls=\"elementor-tab-content-1435\"><p class=\"eael-accordion-tab-title\">5. Sube sus datos de YouTube<\/p><i aria-hidden=\"true\" class=\"fa-toggle fas fa-arrow-right\"><\/i><\/div><div id=\"elementor-tab-content-1435\" class=\"eael-accordion-content clearfix\" data-tab=\"5\" aria-labelledby=\"5-upload-your-youtube-data\"><p style=\"text-align: center;\">Busque el lugar de su computadora donde guard\u00f3 los datos (lo m\u00e1s probable es que est\u00e9 en la carpeta Descargas).<\/p><p style=\"text-align: center;\">Puede buscar el archivo llamado \"takeout-currentdate.zip\"<\/p><p>\u00a0<\/p><p style=\"text-align: center;\">Filtraremos y eliminaremos todos los datos que no pertenezcan a sus h\u00e1bitos de escucha musical.<\/p><p style=\"text-align: center;\">Pulse el bot\u00f3n de abajo para cargar sus datos musicales.<\/p><p style=\"text-align: center;\">*Ten en cuenta si el archivo pesa m\u00e1s de 128 MB. Si es as\u00ed, elimine todos los v\u00eddeos y vuelva a comprimir el archivo.\u00a0\u00a0<\/p><p style=\"text-align: center;\">Gracias por completar el proceso de solicitud de datos.<\/p><\/div>\n                <\/div><\/div>\t\t\t\t<\/div>\n\t\t\t\t<\/div>\n\t\t\t\t<div class=\"elementor-element elementor-element-0dfca5b elementor-align-center elementor-widget elementor-widget-button\" data-id=\"0dfca5b\" data-element_type=\"widget\" data-widget_type=\"button.default\">\n\t\t\t\t<div class=\"elementor-widget-container\">\n\t\t\t\t\t\t\t\t\t<div class=\"elementor-button-wrapper\">\n\t\t\t\t\t<a class=\"elementor-button elementor-button-link elementor-size-sm\" href=\"https:\/\/portal.fairmuse.eu\/es\/cargar\/\" target=\"_blank\">\n\t\t\t\t\t\t<span class=\"elementor-button-content-wrapper\">\n\t\t\t\t\t\t\t\t\t<span class=\"elementor-button-text\">Suba Sus Datos<\/span>\n\t\t\t\t\t<\/span>\n\t\t\t\t\t<\/a>\n\t\t\t\t<\/div>\n\t\t\t\t\t\t\t\t<\/div>\n\t\t\t\t<\/div>\n\t\t\t\t<\/div>\n\t\t\t\t<\/div>\n\t\t<div class=\"elementor-element elementor-element-3c5d548 e-con-full e-flex e-con e-parent\" data-id=\"3c5d548\" data-element_type=\"container\">\n\t\t\t\t<div class=\"elementor-element elementor-element-d63599b elementor-widget elementor-widget-spacer\" data-id=\"d63599b\" data-element_type=\"widget\" data-widget_type=\"spacer.default\">\n\t\t\t\t<div class=\"elementor-widget-container\">\n\t\t\t\t\t\t\t<div class=\"elementor-spacer\">\n\t\t\t<div class=\"elementor-spacer-inner\"><\/div>\n\t\t<\/div>\n\t\t\t\t\t\t<\/div>\n\t\t\t\t<\/div>\n\t\t\t\t<\/div>\n\t\t\t\t<\/div>","protected":false},"excerpt":{"rendered":"<p>Obt\u00e9n tu historial de escuchas de YouTube Si pagas una suscripci\u00f3n a YouTube Music o utilizas YouTube para escuchar m\u00fasica, sigue los pasos que se indican a continuaci\u00f3n. Si tienes preguntas o problemas t\u00e9cnicos, escr\u00edbenos un mensaje. 1. Inicia sesi\u00f3n o accede a Google Takeout Google es la empresa matriz de YouTube. Para acceder a tus datos de YouTube Music [...]<\/p>","protected":false},"author":2,"featured_media":0,"parent":0,"menu_order":0,"comment_status":"closed","ping_status":"closed","template":"","meta":{"_acf_changed":false,"footnotes":""},"class_list":["post-1584","page","type-page","status-publish","hentry"],"acf":[],"_links":{"self":[{"href":"https:\/\/portal.fairmuse.eu\/es\/wp-json\/wp\/v2\/pages\/1584","targetHints":{"allow":["GET"]}}],"collection":[{"href":"https:\/\/portal.fairmuse.eu\/es\/wp-json\/wp\/v2\/pages"}],"about":[{"href":"https:\/\/portal.fairmuse.eu\/es\/wp-json\/wp\/v2\/types\/page"}],"author":[{"embeddable":true,"href":"https:\/\/portal.fairmuse.eu\/es\/wp-json\/wp\/v2\/users\/2"}],"replies":[{"embeddable":true,"href":"https:\/\/portal.fairmuse.eu\/es\/wp-json\/wp\/v2\/comments?post=1584"}],"version-history":[{"count":223,"href":"https:\/\/portal.fairmuse.eu\/es\/wp-json\/wp\/v2\/pages\/1584\/revisions"}],"predecessor-version":[{"id":9099,"href":"https:\/\/portal.fairmuse.eu\/es\/wp-json\/wp\/v2\/pages\/1584\/revisions\/9099"}],"wp:attachment":[{"href":"https:\/\/portal.fairmuse.eu\/es\/wp-json\/wp\/v2\/media?parent=1584"}],"curies":[{"name":"wp","href":"https:\/\/api.w.org\/{rel}","templated":true}]}}