{"id":2806,"date":"2023-12-14T13:39:19","date_gmt":"2023-12-14T12:39:19","guid":{"rendered":"https:\/\/portal.fairmuse.eu\/?page_id=2806"},"modified":"2024-06-26T14:08:06","modified_gmt":"2024-06-26T12:08:06","slug":"conectarse","status":"publish","type":"page","link":"https:\/\/portal.fairmuse.eu\/es\/conectarse\/","title":{"rendered":"Iniciar sesi\u00f3n"},"content":{"rendered":"<div data-elementor-type=\"wp-page\" data-elementor-id=\"2806\" class=\"elementor elementor-2806\" data-elementor-post-type=\"page\">\n\t\t\t\t<div class=\"elementor-element elementor-element-2f17b81 e-con-full e-flex e-con e-parent\" data-id=\"2f17b81\" data-element_type=\"container\" data-settings=\"{&quot;background_background&quot;:&quot;classic&quot;}\">\n\t\t\t\t<div class=\"elementor-element elementor-element-225ecef elementor-widget elementor-widget-spacer\" data-id=\"225ecef\" data-element_type=\"widget\" data-widget_type=\"spacer.default\">\n\t\t\t\t<div class=\"elementor-widget-container\">\n\t\t\t\t\t\t\t<div class=\"elementor-spacer\">\n\t\t\t<div class=\"elementor-spacer-inner\"><\/div>\n\t\t<\/div>\n\t\t\t\t\t\t<\/div>\n\t\t\t\t<\/div>\n\t\t\t\t<div class=\"elementor-element elementor-element-fd7e522 elementor-widget elementor-widget-eael-login-register\" data-id=\"fd7e522\" data-element_type=\"widget\" data-widget_type=\"eael-login-register.default\">\n\t\t\t\t<div class=\"elementor-widget-container\">\n\t\t\t\t\t        <div class=\"eael-login-registration-wrapper\"\n             data-is-ajax=\"\"\n             data-widget-id=\"fd7e522\"\n             data-page-id=\"2806\"\n             data-recaptcha-sitekey=\"\"\n\t\t\t data-recaptcha-sitekey-v3=\"\"\n\t\t\t data-login-recaptcha-version=\"v2\"\n\t\t\t data-register-recaptcha-version=\"v2\"\n             data-redirect-to=\"https:\/\/portal.fairmuse.eu\/home\/\"\n             data-resetpassword-redirect-to=\"https:\/\/portal.fairmuse.eu\/\"\n        >\n\t\t\t            <section\n                    id=\"eael-login-form-wrapper\"\n                    class=\"\"\n                    data-recaptcha-theme=\"light\"\n                    data-recaptcha-size=\"normal\">\n                <div class=\"eael-login-form-wrapper eael-lr-form-wrapper style-2\">\n\t\t\t\t\t                        <div class=\"lr-form-wrapper\">\n\t\t\t\t\t\t\t        <div class=\"lr-form-header header-inline\">\n\t\t\t\n\t\t\t                <div class=\"form-dsc\">\n\t\t\t\t\t<h4>\u00a1Bienvenido de nuevo!<\/h4>                <\/div>\n\t\t\t        <\/div>\n\t\t\t\t\t\t\t\t\t                            <form class=\"eael-login-form eael-lr-form\"\n                                  id=\"eael-login-form\"\n                                  method=\"post\" action=\"\">\n\t\t\t\t\t\t\t\t                                <div class=\"eael-lr-form-group eael-user-login\">\n\t\t\t\t\t\t\t\t\t                                    <input type=\"text\"\n                                           name=\"eael-user-login\"\n                                           id=\"eael-user-login\"\n                                           class=\"eael-lr-form-control\"\n                                           placeholder=\"Direcci\u00f3n de correo electr\u00f3nico\"\n                                           required>\n\t\t\t\t\t\t\t\t\t                                <\/div>\n                                <div class=\"eael-lr-form-group eael-user-password\">\n\t\t\t\t\t\t\t\t\t                                    <div class=\"eael-lr-password-wrapper\">\n                                        <input type=\"password\"\n                                               name=\"eael-user-password\"\n                                               class=\"eael-lr-form-control\"\n                                               id=\"eael-user-password\"\n                                               placeholder=\"Contrase\u00f1a\"\n                                               required>\n\t\t\t\t\t\t\t\t\t\t                                            <button type=\"button\"\n                                                    id=\"wp-hide-pw\"\n                                                    class=\"wp-hide-pw hide-if-no-js\"\n                                                    aria-label=\"Mostrar contrase\u00f1a\">\n                                                <span class=\"dashicons dashicons-visibility\"\n                                                      aria-hidden=\"true\"><\/span>\n                                            <\/button>\n\t\t\t\t\t\t\t\t\t\t\t\t\t\t\t\t\t\t\t\t                                    <\/div>\n                                <\/div>\n                                <div class=\"eael-forever-forget eael-lr-form-group\">\n\t\t\t\t\t\t\t\t\t                                        <p class=\"forget-menot\">\n                                            <input name=\"eael-rememberme\"\n                                                   type=\"checkbox\"\n                                                   id=\"rememberme\"\n\t\t\t\t\t\t\t\t\t\t\t\t   \t\t\t\t\t\t\t\t\t\t\t\t   checked class=\"remember-me\"\n                                                   value=\"forever\">\n                                            <label for=\"rememberme\"\n                                                   class=\"eael-checkbox-label rememberme\">Recu\u00e9rdame<\/label>\n                                        <\/p>\n\t\t\t\t\t\t\t\t\t<p class=\"forget-pass\"><a id=\"eael-lr-lostpassword-toggle\" href=\"\" data-action=\"form\">\u00bfHa olvidado su contrase\u00f1a?<\/a><\/p>\n                                <\/div>\n\n\t\t\t\t\t\t\t\t\n\n                                <div class=\"eael-lr-footer\">\n\t\t\t\t\t\t\t\t\t<div class=\"eael-lr-form-loader-wrapper\">\n                                    \t<input type=\"submit\"\n                                           name=\"eael-login-submit\"\n                                           id=\"eael-login-submit\"\n                                           class=\"g-recaptcha eael-lr-btn eael-lr-btn-block\"\n                                           value=\"Iniciar sesi\u00f3n\"\/>\n\t\t\t\t\t\t\t\t\t\t\n\t\t\t\t\t\t\t\t\t\t\n\t\t\t\t\t\t\t\t\t<\/div>\n\t\t\t\t\t\t\t\t\t                                        <div class=\"eael-sign-wrapper\">\n\t\t\t\t\t\t\t\t\t\t\t<span class=\"d-ib\"> <\/span> <a href=\"https:\/\/portal.fairmuse.eu\/es\/inscribete\/\" id=\"eael-lr-reg-toggle\" class=\"eael-lr-link\" data-action=\"custom\">Inscribirse<\/a>                                        <\/div>\n\t\t\t\t\t\t\t\t\t\n                                <\/div>\n\t\t\t\t\t\t\t\t                                <div class=\"eael-form-validation-container\">\n\t\t\t\t\t\t\t\t\t                                <\/div>\n\t\t\t\t\t\t\t\t                <input type=\"hidden\"\n                       name=\"redirect_to\"\n                       value=\"https:\/\/portal.fairmuse.eu\/home\/\">\n\t\t\t<input type=\"hidden\" id=\"eael-login-nonce\" name=\"eael-login-nonce\" value=\"845ec3678a\" \/><input type=\"hidden\" name=\"_wp_http_referer\" value=\"\/es\/wp-json\/wp\/v2\/pages\/2806\" \/>        <input type=\"hidden\"\n               name=\"page_id\"\n               value=\"2806\">\n\t\t<input type=\"hidden\"\n               name=\"page_id_for_popup\"\n               value=\"2806\">\t   \n\t\t<input type=\"hidden\"\n               name=\"resetpassword_in_popup_selector\"\n               value=\"\">\n        <input type=\"hidden\"\n               name=\"widget_id\"\n               value=\"fd7e522\">\n\t\t                            <input type=\"hidden\" name=\"trp-form-language\" value=\"es\"\/><\/form>\n\t\t\t\t\t\t\t                        <\/div>\n\t\t\t\t\t\t                <\/div>\n\n            <\/section>\n\n\t\t\t<script>\n\t\t\t\tjQuery(document).ready(function($){\n\t\t\t\t\tvar eael_get_login_status = localStorage.getItem( 'eael-is-login-form' );\n\t\t\t\t\tif( eael_get_login_status === 'true' ) {\n\t\t\t\t\t\tsetTimeout(function() {\n\t\t\t\t\t\t\tvar button = jQuery('[eael-login=\"yes\"]');\n\t\t\t\t\t\t\tif( ! button.hasClass('eael-clicked') ) {\n\t\t\t\t\t\t\t\tbutton.trigger('click').addClass('eael-clicked');\n\t\t\t\t\t\t\t}\n\t\t\t\t\t\t}, 100);\n\n\t\t\t\t\t\tsetTimeout(function() {\n\t\t\t\t\t\t\tjQuery('[eael-login=\"yes\"]').removeClass('eael-clicked')\n\t\t\t\t\t\t}, 500);\n\t\t\t\t\t}\n\t\t\t\t});\n\t\t\t<\/script>\n\t\t\t            <section\n                    id=\"eael-register-form-wrapper\"\n                    class=\"eael-lr-d-none\"\n                    data-recaptcha-theme=\"light\"\n                    data-recaptcha-size=\"normal\"\n                    data-use-weak-password=\"1\"\n                    data-password-min-length=\"\"\n                    data-password-one-uppercase=\"\"\n                    data-password-one-lowercase=\"\"\n                    data-password-one-number=\"\"\n                    data-password-one-special=\"\"\n\t\t\t\t\t>\n                <div class=\"eael-register-form-wrapper eael-lr-form-wrapper style-2\">\n\t\t\t\t\t                    <div class=\"lr-form-wrapper\">\n\t\t\t\t\t\t        <div class=\"lr-form-header header-inline\">\n\t\t\t\n\t\t\t                <div class=\"form-dsc\">\n\t\t\t\t\t<h4>\u00a1Bienvenido a Portal.FairMusE!<\/h4><p>Crea una cuenta para ayudarnos a conseguir una industria musical m\u00e1s justa<\/p>                <\/div>\n\t\t\t        <\/div>\n\t\t                        <form class=\"eael-register-form eael-lr-form\"\n                              id=\"eael-register-form\"\n                              method=\"post\" action=\"\"\n\t\t\t\t\t\t\t  \t\t\t\t\t\t\t  >\n\t\t\t\t\t\t\t\t\t\t\t\t\t\t                                <div class=\"eael-lr-form-group elementor-repeater-item-73b39bf eael-field-type-email\">\n\t\t\t\t\t\t\t\t\t<input name=\"email\" type=\"email\" placeholder=\"Correo electr\u00f3nico\" class=\"eael-lr-form-control form-field-email\" id=\"form-field-email\" required=\"required\" aria-required=\"true\">\n\t\t\t\t\t\t\t\t<\/div>                                <div class=\"eael-lr-form-group elementor-repeater-item-ebcbafd eael-field-type-password\">\n\t\t\t\t\t\t\t\t\t<div class=\"eael-lr-password-wrapper-register\"><input name=\"password\" type=\"password\" placeholder=\"Contrase\u00f1a\" class=\"eael-lr-form-control form-field-password\" id=\"form-field-password\" required=\"required\" aria-required=\"true\">\t\t\t\t\t\t\t\t\t\t\t\t<button type=\"button\"\n\t\t\t\t\t\t\t\t\t\t\t\t\t\tid=\"wp-hide-pw-register\"\n\t\t\t\t\t\t\t\t\t\t\t\t\t\tclass=\"wp-hide-pw hide-if-no-js\"\n\t\t\t\t\t\t\t\t\t\t\t\t\t\taria-label=\"Mostrar contrase\u00f1a\">\n\t\t\t\t\t\t\t\t\t\t\t\t\t<span class=\"dashicons dashicons-visibility\"\n\t\t\t\t\t\t\t\t\t\t\t\t\t\taria-hidden=\"true\"><\/span>\n\t\t\t\t\t\t\t\t\t\t\t\t<\/button>\n\t\t\t\t\t\t\t\t\t\t\t<\/div>\n\t\t\t\t\t\t\t\t<\/div>                                <div class=\"eael-lr-form-group elementor-repeater-item-fc49238 eael-field-type-confirm_pass\">\n\t\t\t\t\t\t\t\t\t<input name=\"confirm_pass\" type=\"password\" placeholder=\"Confirmar contrase\u00f1a\" class=\"eael-lr-form-control form-field-confirm_pass\" id=\"form-field-confirm_pass\" required=\"required\" aria-required=\"true\">\n\t\t\t\t\t\t\t\t<\/div><input type=\"hidden\" id=\"eael-register-nonce\" name=\"eael-register-nonce\" value=\"7dbed26eec\" \/><input type=\"hidden\" name=\"_wp_http_referer\" value=\"\/es\/wp-json\/wp\/v2\/pages\/2806\" \/>        <input type=\"hidden\"\n               name=\"page_id\"\n               value=\"2806\">\n\t\t<input type=\"hidden\"\n               name=\"page_id_for_popup\"\n               value=\"2806\">\t   \n\t\t<input type=\"hidden\"\n               name=\"resetpassword_in_popup_selector\"\n               value=\"\">\n        <input type=\"hidden\"\n               name=\"widget_id\"\n               value=\"fd7e522\">\n\t\t        <div class=\"eael_accept_tnc_wrap\">\n            <input type=\"hidden\"\n                   name=\"eael_tnc_active\"\n                   value=\"1\">\n            <input type=\"checkbox\"\n                   name=\"eael_accept_tnc\"\n                   class=\"eael_accept_tnc lr-toggle\"\n                   value=\"1\"\n                   id=\"eael_accept_tnc\">\n            <label for=\"eael_accept_tnc\"\n                   class=\"eael-checkbox-label check-accept\">\n\t\t\t\tAcepto la cl\u00e1usula de exenci\u00f3n de responsabilidad            <\/label>\n\t\t\t<a href=\"#\" id=\"eael-lr-tnc-link\" class=\"eael-lr-tnc-link\"><\/a>        <\/div>\n\n\t\t<div class=\"eael-lr-tnc-wrap\"><p>Encontrar al reclamante de exenci\u00f3n de responsabilidad por consentimiento<strong><span style=\"text-decoration: underline;color: #000000\"> <a style=\"text-decoration: underline;font-size: 16px;color: #000000\" href=\"https:\/\/portal.fairmuse.eu\/es\/consent-disclaimer\/\" target=\"_blank\" rel=\"noopener\">aqu\u00ed<\/a><\/span><\/strong><\/p><\/div>\n                            <div class=\"eael-lr-footer\">\n\t\t\t\t\t\t\t\t<div class=\"eael-lr-form-loader-wrapper\">\n                                \t<input type=\"submit\"\n                                       name=\"eael-register-submit\"\n                                       id=\"eael-register-submit\"\n                                       class=\"eael-lr-btn eael-lr-btn-block\"\n                                       value=\"Inscribirse\"\/>\n\t\t\t\t\t\t\t\t\t\t\n\t\t\t\t\t\t\t\t\t\n\t\t\t\t\t\t\t\t<\/div>\n\t\t\t\t\t\t\t\t                            <\/div>\n\n\t\t\t\t\t\t\t\n                            <div class=\"eael-form-validation-container\">\n\t\t\t\t\t\t\t\t                            <\/div>\n\t\t\t\t\t\t\t                        <input type=\"hidden\" name=\"trp-form-language\" value=\"es\"\/><\/form>\n\t\t\t\t\t\t                    <\/div>\n\t\t\t\t\t                <\/div>\n            <\/section>\n\t\t\t            <section\n                    id=\"eael-lostpassword-form-wrapper\"\n                    class=\"eael-lr-d-none\"\n                    >\n                <div class=\"eael-lostpassword-form-wrapper eael-lr-form-wrapper style-2\">\n\t\t\t\t\t\t\t\t\t\t<div class=\"lr-form-wrapper\">\n\t\t\t\t\t\t        <div class=\"lr-form-header header-inline\">\n\t\t\t\n\t\t\t                <div class=\"form-dsc\">\n\t\t\t\t\t<h4>Contrase\u00f1a perdida<\/h4><p>Introduzca su direcci\u00f3n de correo electr\u00f3nico registrada<\/p>                <\/div>\n\t\t\t        <\/div>\n\t\t\t\t\t\t\t\t\t\t\t\t\t\t<form class=\"eael-lostpassword-form eael-lr-form\"\n\t\t\t\t\t\t\t  id=\"eael-lostpassword-form\"\n\t\t\t\t\t\t\t  method=\"post\" action=\"\">\n\t\t\t\t\t\t\t\t\t\t\t\t\t\t<div class=\"eael-lr-form-group\">\n\t\t\t\t\t\t\t\t\t\t\t\t\t\t\t\t<input type=\"text\"\n\t\t\t\t\t\t\t\t\t   name=\"eael-user-lostpassword\"\n\t\t\t\t\t\t\t\t\t   id=\"eael-user-lostpassword\"\n\t\t\t\t\t\t\t\t\t   class=\"eael-lr-form-control\"\n\t\t\t\t\t\t\t\t\t   placeholder=\"Direcci\u00f3n de correo electr\u00f3nico\"\n\t\t\t\t\t\t\t\t\t   required>\n\t\t\t\t\t\t\t\t\t\t\t\t\t\t\t<\/div>\n\n\t\t\t\t\t\t\t\n\t\t\t\t\t\t\t<div class=\"eael-lr-footer\">\n\t\t\t\t\t\t\t\t<input type=\"submit\"\n\t\t\t\t\t\t\t\t\t   name=\"eael-lostpassword-submit\"\n\t\t\t\t\t\t\t\t\t   id=\"eael-lostpassword-submit\"\n\t\t\t\t\t\t\t\t\t   class=\"eael-lr-btn eael-lr-btn-block\"\n\t\t\t\t\t\t\t\t\t   value=\"Restablecer contrase\u00f1a\"\/>\n\t\t\t\t\t\t\t\t\t\t\t\t\t\t\t\t\t<div class=\"eael-sign-wrapper\">\n\t\t\t\t\t\t\t\t\t\t<span class=\"d-ib\"> <\/span> <a href=\"\" id=\"eael-lr-login-toggle-lostpassword\" class=\"eael-lr-link\" data-action=\"form\">Iniciar sesi\u00f3n<\/a>\t\t\t\t\t\t\t\t\t<\/div>\n\t\t\t\t\t\t\t\t\n\t\t\t\t\t\t\t<\/div>\n\t\t\t\t\t\t\t\t\t\t\t\t\t\t<div class=\"eael-form-validation-container\">\n\t\t\t\t\t\t\t\t\t\t\t\t\t\t\t<\/div>\n\t\t\t\t\t\t\t<input type=\"hidden\" id=\"eael-lostpassword-nonce\" name=\"eael-lostpassword-nonce\" value=\"737ea25d0c\" \/><input type=\"hidden\" name=\"_wp_http_referer\" value=\"\/es\/wp-json\/wp\/v2\/pages\/2806\" \/>        <input type=\"hidden\"\n               name=\"page_id\"\n               value=\"2806\">\n\t\t<input type=\"hidden\"\n               name=\"page_id_for_popup\"\n               value=\"2806\">\t   \n\t\t<input type=\"hidden\"\n               name=\"resetpassword_in_popup_selector\"\n               value=\"\">\n        <input type=\"hidden\"\n               name=\"widget_id\"\n               value=\"fd7e522\">\n\t\t\t\t\t\t\t\t<input type=\"hidden\" name=\"trp-form-language\" value=\"es\"\/><\/form>\n\t\t\t\t\t\t\t\t\t\t\t<\/div>\n\t\t\t\t\t                <\/div>\n\n            <\/section>\n\t\t\t        <\/div>\n\n\t\t\t\t\t\t<\/div>\n\t\t\t\t<\/div>\n\t\t\t\t<\/div>\n\t\t<div class=\"elementor-element elementor-element-cba5da1 e-flex e-con-boxed e-con e-parent\" data-id=\"cba5da1\" data-element_type=\"container\">\n\t\t\t\t\t<div class=\"e-con-inner\">\n\t\t\t\t<div class=\"elementor-element elementor-element-60abe96 elementor-widget elementor-widget-spacer\" data-id=\"60abe96\" data-element_type=\"widget\" data-widget_type=\"spacer.default\">\n\t\t\t\t<div class=\"elementor-widget-container\">\n\t\t\t\t\t\t\t<div class=\"elementor-spacer\">\n\t\t\t<div class=\"elementor-spacer-inner\"><\/div>\n\t\t<\/div>\n\t\t\t\t\t\t<\/div>\n\t\t\t\t<\/div>\n\t\t\t\t\t<\/div>\n\t\t\t\t<\/div>\n\t\t\t\t<\/div>","protected":false},"excerpt":{"rendered":"<p>Bienvenido Recordarme \u00bfOlvid\u00f3 su contrase\u00f1a? Registrarse \u00a1Bienvenido a Portal.FairMusE! Crea una cuenta para ayudarnos a hacer una industria musical m\u00e1s justa Estoy de acuerdo con la Exenci\u00f3n de Consentimiento Encuentra el reclamante de la Exenci\u00f3n de Consentimiento aqu\u00ed Contrase\u00f1a olvidada Por favor, introduce tu direcci\u00f3n de correo electr\u00f3nico registrada Iniciar sesi\u00f3n<\/p>","protected":false},"author":2,"featured_media":0,"parent":0,"menu_order":0,"comment_status":"closed","ping_status":"closed","template":"elementor_header_footer","meta":{"_acf_changed":false,"footnotes":""},"class_list":["post-2806","page","type-page","status-publish","hentry"],"acf":[],"_links":{"self":[{"href":"https:\/\/portal.fairmuse.eu\/es\/wp-json\/wp\/v2\/pages\/2806","targetHints":{"allow":["GET"]}}],"collection":[{"href":"https:\/\/portal.fairmuse.eu\/es\/wp-json\/wp\/v2\/pages"}],"about":[{"href":"https:\/\/portal.fairmuse.eu\/es\/wp-json\/wp\/v2\/types\/page"}],"author":[{"embeddable":true,"href":"https:\/\/portal.fairmuse.eu\/es\/wp-json\/wp\/v2\/users\/2"}],"replies":[{"embeddable":true,"href":"https:\/\/portal.fairmuse.eu\/es\/wp-json\/wp\/v2\/comments?post=2806"}],"version-history":[{"count":154,"href":"https:\/\/portal.fairmuse.eu\/es\/wp-json\/wp\/v2\/pages\/2806\/revisions"}],"predecessor-version":[{"id":8679,"href":"https:\/\/portal.fairmuse.eu\/es\/wp-json\/wp\/v2\/pages\/2806\/revisions\/8679"}],"wp:attachment":[{"href":"https:\/\/portal.fairmuse.eu\/es\/wp-json\/wp\/v2\/media?parent=2806"}],"curies":[{"name":"wp","href":"https:\/\/api.w.org\/{rel}","templated":true}]}}