{"id":2848,"date":"2023-12-14T13:54:57","date_gmt":"2023-12-14T12:54:57","guid":{"rendered":"https:\/\/portal.fairmuse.eu\/?page_id=2848"},"modified":"2024-12-03T09:25:29","modified_gmt":"2024-12-03T08:25:29","slug":"perfil-de-relleno","status":"publish","type":"page","link":"https:\/\/portal.fairmuse.eu\/es\/perfil-de-relleno\/","title":{"rendered":"Profile Fill"},"content":{"rendered":"<div data-elementor-type=\"wp-page\" data-elementor-id=\"2848\" class=\"elementor elementor-2848\" data-elementor-post-type=\"page\">\n\t\t\t\t<div class=\"elementor-element elementor-element-29d5d87 e-flex e-con-boxed e-con e-parent\" data-id=\"29d5d87\" data-element_type=\"container\">\n\t\t\t\t\t<div class=\"e-con-inner\">\n\t\t\t\t<div class=\"elementor-element elementor-element-8cc7c8b elementor-widget elementor-widget-spacer\" data-id=\"8cc7c8b\" data-element_type=\"widget\" data-widget_type=\"spacer.default\">\n\t\t\t\t<div class=\"elementor-widget-container\">\n\t\t\t\t\t\t\t<div class=\"elementor-spacer\">\n\t\t\t<div class=\"elementor-spacer-inner\"><\/div>\n\t\t<\/div>\n\t\t\t\t\t\t<\/div>\n\t\t\t\t<\/div>\n\t\t\t\t\t<\/div>\n\t\t\t\t<\/div>\n\t\t<div class=\"elementor-element elementor-element-949b990 e-flex e-con-boxed e-con e-parent\" data-id=\"949b990\" data-element_type=\"container\">\n\t\t\t\t\t<div class=\"e-con-inner\">\n\t\t\t\t<div class=\"elementor-element elementor-element-44dd9fe elementor-widget__width-initial elementor-widget elementor-widget-heading\" data-id=\"44dd9fe\" data-element_type=\"widget\" data-widget_type=\"heading.default\">\n\t\t\t\t<div class=\"elementor-widget-container\">\n\t\t\t\t\t<h2 class=\"elementor-heading-title elementor-size-default\">Su perfil<\/h2>\t\t\t\t<\/div>\n\t\t\t\t<\/div>\n\t\t\t\t<div class=\"elementor-element elementor-element-5620ef5 elementor-widget__width-initial elementor-widget elementor-widget-text-editor\" data-id=\"5620ef5\" data-element_type=\"widget\" data-widget_type=\"text-editor.default\">\n\t\t\t\t<div class=\"elementor-widget-container\">\n\t\t\t\t\t\t\t\t\t<p>Gracias por inscribirse en el Portal del Museo de la Feria.\u00a0<\/p><p>El proyecto de investigaci\u00f3n Fair Muse gira en torno a la diversidad. Por ello, pretende contar con usuarios de distintos pa\u00edses europeos de diferentes edades y g\u00e9neros. Por eso, dinos d\u00f3nde vives, qu\u00e9 edad tienes y con qu\u00e9 g\u00e9nero te identificas.<\/p><p>Si\u00e9ntase libre de editarlo en cualquier momento.<\/p>\t\t\t\t\t\t\t\t<\/div>\n\t\t\t\t<\/div>\n\t\t\t\t<div class=\"elementor-element elementor-element-89438c0 elementor-widget elementor-widget-spacer\" data-id=\"89438c0\" data-element_type=\"widget\" data-widget_type=\"spacer.default\">\n\t\t\t\t<div class=\"elementor-widget-container\">\n\t\t\t\t\t\t\t<div class=\"elementor-spacer\">\n\t\t\t<div class=\"elementor-spacer-inner\"><\/div>\n\t\t<\/div>\n\t\t\t\t\t\t<\/div>\n\t\t\t\t<\/div>\n\t\t\t\t\t<\/div>\n\t\t\t\t<\/div>\n\t\t\t\t<\/div>","protected":false},"excerpt":{"rendered":"<p>Tu perfil \u00a1Gracias por registrarte en el portal Fair MusE!  El proyecto de investigaci\u00f3n Fair Muse gira en torno a la diversidad. Por ello, pretende contar con usuarios de distintos pa\u00edses europeos de diferentes edades y g\u00e9neros. Por eso, por favor, dinos d\u00f3nde vives, qu\u00e9 edad tienes y con qu\u00e9 g\u00e9nero te identificas. Si\u00e9ntete [...]<\/p>","protected":false},"author":2,"featured_media":0,"parent":0,"menu_order":0,"comment_status":"closed","ping_status":"closed","template":"","meta":{"_acf_changed":false,"footnotes":""},"class_list":["post-2848","page","type-page","status-publish","hentry"],"acf":[],"_links":{"self":[{"href":"https:\/\/portal.fairmuse.eu\/es\/wp-json\/wp\/v2\/pages\/2848","targetHints":{"allow":["GET"]}}],"collection":[{"href":"https:\/\/portal.fairmuse.eu\/es\/wp-json\/wp\/v2\/pages"}],"about":[{"href":"https:\/\/portal.fairmuse.eu\/es\/wp-json\/wp\/v2\/types\/page"}],"author":[{"embeddable":true,"href":"https:\/\/portal.fairmuse.eu\/es\/wp-json\/wp\/v2\/users\/2"}],"replies":[{"embeddable":true,"href":"https:\/\/portal.fairmuse.eu\/es\/wp-json\/wp\/v2\/comments?post=2848"}],"version-history":[{"count":52,"href":"https:\/\/portal.fairmuse.eu\/es\/wp-json\/wp\/v2\/pages\/2848\/revisions"}],"predecessor-version":[{"id":10298,"href":"https:\/\/portal.fairmuse.eu\/es\/wp-json\/wp\/v2\/pages\/2848\/revisions\/10298"}],"wp:attachment":[{"href":"https:\/\/portal.fairmuse.eu\/es\/wp-json\/wp\/v2\/media?parent=2848"}],"curies":[{"name":"wp","href":"https:\/\/api.w.org\/{rel}","templated":true}]}}