{"id":3,"date":"2023-10-13T06:13:02","date_gmt":"2023-10-13T06:13:02","guid":{"rendered":"https:\/\/portal.fairmuse.eu\/?page_id=3"},"modified":"2026-02-26T16:36:01","modified_gmt":"2026-02-26T15:36:01","slug":"consentimiento-del-usuario","status":"publish","type":"page","link":"https:\/\/portal.fairmuse.eu\/es\/consentimiento-del-usuario\/","title":{"rendered":"Consentimiento del usuario"},"content":{"rendered":"<div data-elementor-type=\"wp-page\" data-elementor-id=\"3\" class=\"elementor elementor-3\" data-elementor-post-type=\"page\">\n\t\t\t\t<div class=\"elementor-element elementor-element-6b2eded1 e-flex e-con-boxed e-con e-parent\" data-id=\"6b2eded1\" data-element_type=\"container\">\n\t\t\t\t\t<div class=\"e-con-inner\">\n\t\t\t\t<div class=\"elementor-element elementor-element-470378c elementor-widget elementor-widget-spacer\" data-id=\"470378c\" data-element_type=\"widget\" data-widget_type=\"spacer.default\">\n\t\t\t\t<div class=\"elementor-widget-container\">\n\t\t\t\t\t\t\t<div class=\"elementor-spacer\">\n\t\t\t<div class=\"elementor-spacer-inner\"><\/div>\n\t\t<\/div>\n\t\t\t\t\t\t<\/div>\n\t\t\t\t<\/div>\n\t\t\t\t<div class=\"elementor-element elementor-element-c22ae6b elementor-widget-mobile__width-initial elementor-widget elementor-widget-heading\" data-id=\"c22ae6b\" data-element_type=\"widget\" data-widget_type=\"heading.default\">\n\t\t\t\t<div class=\"elementor-widget-container\">\n\t\t\t\t\t<h2 class=\"elementor-heading-title elementor-size-xl\">INFORMACI\u00d3N SOBRE TRATAMIENTO DE DATOS Y <br>DECLARACI\u00d3N DE CONSENTIMIENTO<\/h2>\t\t\t\t<\/div>\n\t\t\t\t<\/div>\n\t\t\t\t<div class=\"elementor-element elementor-element-1aaccdb elementor-widget elementor-widget-spacer\" data-id=\"1aaccdb\" data-element_type=\"widget\" data-widget_type=\"spacer.default\">\n\t\t\t\t<div class=\"elementor-widget-container\">\n\t\t\t\t\t\t\t<div class=\"elementor-spacer\">\n\t\t\t<div class=\"elementor-spacer-inner\"><\/div>\n\t\t<\/div>\n\t\t\t\t\t\t<\/div>\n\t\t\t\t<\/div>\n\t\t\t\t<div class=\"elementor-element elementor-element-2ca0ccfd elementor-widget__width-initial elementor-widget elementor-widget-text-editor\" data-id=\"2ca0ccfd\" data-element_type=\"widget\" data-widget_type=\"text-editor.default\">\n\t\t\t\t<div class=\"elementor-widget-container\">\n\t\t\t\t\t\t\t\t\t<h2>INTRODUCCI\u00d3N<\/h2>\n<p><!-- \/wp:heading --><!-- wp:paragraph --><\/p>\n<div title=\"P\u00e1gina 1\">\n<div>\n<div>\n<p>Fair MusE valora su privacidad y procesa sus datos personales de conformidad con la legislaci\u00f3n de la UE. <a style=\"color: #000000; text-decoration: underline;\" href=\"https:\/\/eur-lex.europa.eu\/eli\/reg\/2016\/679\/oj\" target=\"_blank\" rel=\"noopener\">Reglamento general de protecci\u00f3n de datos<\/a>: Reglamento (UE) 2016\/679 relativo a la protecci\u00f3n de las personas f\u00edsicas en lo que respecta al tratamiento de datos personales y a la libre circulaci\u00f3n de estos datos (en lo sucesivo, \"RGPD\").<\/p>\n<div title=\"P\u00e1gina 1\">\n<div>\n<div>\n<p>Su <i>Datos personales<\/i> es cualquier informaci\u00f3n relacionada con usted. <i>Tratamiento<\/i> es cualquier operaci\u00f3n realizada sobre los datos.<\/p>\n<p>De acuerdo con el Principio de Transparencia, este documento le proporcionar\u00e1 informaci\u00f3n sobre el tratamiento de sus datos personales seg\u00fan lo dispuesto en el Art. 12, 13 y 14 del RGPD.<\/p>\n<\/div>\n<\/div>\n<\/div>\n<\/div>\n<\/div>\n<\/div>\n<p><!-- \/wp:paragraph --><!-- wp:heading --><\/p>\n<h3>\u00a0<\/h3>\n<h3>\u00bfCon qu\u00e9 fin accedemos a sus datos?<\/h3>\n<div title=\"P\u00e1gina 1\">\n<div>\n<div>\n<p>Sus datos ser\u00e1n tratados en el marco del proyecto Fair MusE.<\/p>\n<p>\u00a0<\/p>\n<\/div>\n<div title=\"P\u00e1gina 1\">\n<div>\n<div>\n<h3>\u00a0<\/h3>\n<h3>\u00bfQui\u00e9nes somos y c\u00f3mo puede ponerse en contacto con nosotros?<\/h3>\n<\/div>\n<\/div>\n<\/div>\n<\/div>\n<\/div>\n<p><!-- \/wp:heading --><!-- wp:paragraph --><\/p>\n<div title=\"P\u00e1gina 1\">\n<div>\n<div>\n<p>La Universidad de Aalborg (AAU) y la Universidad de Lille act\u00faan como responsables del tratamiento de datos en el sentido del GDPR para los datos de los participantes asociados al proyecto \"Fair MusE\", paquete de trabajo 4, <span style=\"text-decoration: underline;\"><span style=\"color: #000000; text-decoration: underline;\"><a style=\"color: #000000; text-decoration: underline;\" href=\"https:\/\/fairmuse.eu\" target=\"_blank\" rel=\"noopener\">https:\/\/fairmuse.eu<\/a><\/span><\/span> Convenio de subvenci\u00f3n ID: 101095088.<\/p>\n<p>Solicitamos su consentimiento para procesar sus datos personales. La finalidad del tratamiento de los datos es comprender el nivel de equidad en el ecosistema musical europeo, en el contexto del proyecto Horizonte Europa de la UE \"Fair MusE\". Estudiando los datos de la actividad de streaming musical (sus listas de reproducci\u00f3n y su historial de escucha) y relacion\u00e1ndolos con diversos conjuntos de datos sobre, por ejemplo, la diversidad entre los creadores musicales, nuestro objetivo es presentar una \"puntuaci\u00f3n de equidad\" que muestre diferentes dimensiones de equidad para los creadores musicales (artistas, compositores, etc.) o para los usuarios de plataformas de streaming en Europa. Adem\u00e1s, el tratamiento de los datos proporcionados por usted en las encuestas ubicadas en el portal de participantes de Fair MusE o vinculadas a \u00e9l aumentar\u00e1 nuestra comprensi\u00f3n de la equidad para los creadores de m\u00fasica en Europa.<\/p>\n<p><span style=\"text-align: var(--text-align);\">Los datos que cargue a trav\u00e9s del Portal del Participante nunca se publicar\u00e1n ni compartir\u00e1n con nadie ajeno al proyecto Fair MusE. El personal del proyecto Fair MusE y sus estudiantes asociados de la Universidad de Aalborg, la Universidad de Lille y la Universidad Libre de Bruselas tendr\u00e1n acceso a sus datos bajo la supervisi\u00f3n de los responsables conjuntos del tratamiento de datos.  Publicaremos diferentes estad\u00edsticas y gr\u00e1ficos que muestren los datos a un nivel agregado, en el que las personas individuales no puedan ser identificadas. Sus datos no ser\u00e1n visibles y su identidad o h\u00e1bitos musicales no ser\u00e1n identificables a trav\u00e9s de estas publicaciones.\u00a0<\/span><span style=\"font-family: var( --e-global-typography-text-font-family ), Sans-serif; font-size: var( --e-global-typography-text-font-size ); font-style: var( --e-global-typography-text-font-style ); letter-spacing: var( --e-global-typography-text-letter-spacing ); text-transform: var( --e-global-typography-text-text-transform ); word-spacing: var( --e-global-typography-text-word-spacing ); text-decoration: var( --e-global-typography-text-text-decoration ); text-align: var(--text-align);\">.<\/span><\/p>\n<p class=\"translation-block\">Al registrarse en este portal del participante (<span style=\"text-decoration: underline\"><span style=\"color: #000000;text-decoration: underline\"><a style=\"color: #000000;text-decoration: underline\" href=\"https:\/\/portal.fairmuse.eu\/es\/)\/\" target=\"_blank\" rel=\"noopener\">https:\/\/portal.fairmuse.eu\/)<\/a><\/span><\/span>, da su consentimiento para que lo hagamos:<\/p>\n<div title=\"P\u00e1gina 1\">\n<div>\n<div>\n<ul>\n<li class=\"translation-block\"><span style=\"color: #000000\">Procesar los datos de actividad de streaming de m\u00fasica que usted carga a trav\u00e9s del portal del participante \"Fair MusE\". Los datos de actividad de streaming de m\u00fasica que recopilamos consisten en 1) sus listas de reproducci\u00f3n, 2) la m\u00fasica que se ha reproducido a trav\u00e9s de su cuenta. Todos los dem\u00e1s datos cargados se filtrar\u00e1n y eliminar\u00e1n durante el proceso de carga y antes de la transferencia desde el Portal del Participante a la base de datos. Sus datos de actividad de streaming de m\u00fasica se almacenan en una base de datos ubicada f\u00edsicamente en el socio del proyecto \"Fair MusE\", la Universidad de Lille, Francia.<\/li>\n<li>\n<div title=\"P\u00e1gina 1\">\n<div>\n<div>\n<p class=\"translation-block\">Procesar los datos proporcionados por usted en las encuestas ubicadas en el portal de participantes \"Fair MusE\" o enlazadas desde \u00e9l para aumentar nuestra comprensi\u00f3n de la equidad para los creadores de m\u00fasica en Europa. Si decide proporcionarnos informaci\u00f3n cualitativa adicional, por ejemplo, participar en entrevistas, <span style=\"text-align: var(--text-align)\">grupos de discusi\u00f3n o talleres, sus derechos GDPR tambi\u00e9n est\u00e1n cubiertos por esta Declaraci\u00f3n de Consentimiento.<\/span>.<\/p>\n<\/div>\n<\/div>\n<\/div>\n<\/li>\n<li>\n<div title=\"P\u00e1gina 2\">\n<div>\n<div>\n<p>Procesar su direcci\u00f3n de correo electr\u00f3nico con el fin de crear un inicio de sesi\u00f3n de usuario en el portal de participantes \"Fair MusE\", para comunicarnos con usted en relaci\u00f3n con su proceso de carga de datos y para informarle sobre su participaci\u00f3n en el proyecto Fair MusE.<\/p>\n<\/div>\n<\/div>\n<\/div>\n<\/li>\n<li>\n<div title=\"P\u00e1gina 2\">\n<div>\n<div>\n<p>Almacenar cookies en su navegador web para facilitar el inicio de sesi\u00f3n en el Portal del Participante de Fair MusE.<\/p>\n<\/div>\n<\/div>\n<\/div>\n<\/li>\n<li>\n<div title=\"P\u00e1gina 2\">\n<div>\n<div>\n<p class=\"translation-block\">Los datos que cargue a trav\u00e9s del Portal del Participante nunca se publicar\u00e1n ni se compartir\u00e1n con nadie. S\u00f3lo el personal del proyecto Fair MusE de <span style=\"letter-spacing: -0.8px\">Universidad de Alborg, Universidad de Lille y Universidad Libre de Bruselas<\/span> tendr\u00e1 acceso a sus datos. No obstante, publicaremos diferentes estad\u00edsticas y gr\u00e1ficos que muestren los datos a un nivel agregado, en el que las personas individuales no puedan ser identificadas. Sus datos no ser\u00e1n visibles y su identidad o h\u00e1bitos musicales no ser\u00e1n identificables a trav\u00e9s de estas publicaciones.<\/p>\n<\/div>\n<\/div>\n<\/div>\n<\/li>\n<li>\n<div title=\"P\u00e1gina 2\">\n<div>\n<div>\n<p>La reutilizaci\u00f3n de los datos en nuestra investigaci\u00f3n sobre la equidad en el ecosistema musical europeo est\u00e1 prevista hasta el 1 de marzo de 2027, un a\u00f1o despu\u00e9s de que finalice el proyecto Fair MusE, el 28 de febrero de 2026.<\/p>\n<\/div>\n<\/div>\n<\/div>\n<\/li>\n<li>\n<div title=\"P\u00e1gina 2\">\n<div>\n<div>\n<p>No est\u00e1 prevista la divulgaci\u00f3n de datos personales a otras organizaciones.<\/p>\n<\/div>\n<\/div>\n<\/div>\n<\/li>\n<li>\n<div title=\"P\u00e1gina 2\">\n<div>\n<div>\n<p>Sus datos no se transferir\u00e1n fuera del Espacio Econ\u00f3mico Europeo.<\/p>\n<\/div>\n<\/div>\n<\/div>\n<\/li>\n<li>\n<div title=\"P\u00e1gina 2\">\n<div>\n<div>\n<p>Sus datos no se utilizar\u00e1n para la elaboraci\u00f3n de perfiles ni para la toma de decisiones automatizada.<\/p>\n<\/div>\n<\/div>\n<\/div>\n<\/li>\n<\/ul>\n<div title=\"P\u00e1gina 2\">\n<div>\n<div>\n<p>Los datos de la actividad de streaming de m\u00fasica se almacenar\u00e1n de forma segura en la Universidad de Lille.<\/p>\n<p>Los datos de la encuesta que proporcione y sus datos de usuario del Portal del Participante (por ejemplo, direcci\u00f3n de correo electr\u00f3nico, contrase\u00f1a e identificaci\u00f3n de usuario) se almacenar\u00e1n de forma segura en la Universidad de Aalborg. Adem\u00e1s, estos datos se utilizan exclusivamente para los fines de este estudio y son procesados por el director cient\u00edfico o personas bajo su autoridad que est\u00e1n sujetas a una obligaci\u00f3n de confidencialidad.<\/p>\n<div title=\"P\u00e1gina 2\">\n<div>\n<div>\n<p>Siempre tiene derecho a revocar su consentimiento. Si desea revocar su consentimiento posteriormente, puede enviar un correo electr\u00f3nico a: js@es.aau.dk.<\/p>\n<p>\u00a0<\/p>\n<\/div>\n<\/div>\n<\/div>\n<\/div>\n<\/div>\n<\/div>\n<\/div>\n<\/div>\n<\/div>\n<\/div>\n<\/div>\n<\/div>\n<p><!-- \/wp:paragraph --><!-- wp:heading --><\/p>\n<div title=\"P\u00e1gina 2\">\n<div>\n<div>\n<h3>\u00a0<\/h3>\n<h3>BASE JUR\u00cdDICA PARA EL TRATAMIENTO DE SUS DATOS<\/h3>\n<\/div>\n<\/div>\n<\/div>\n<p><!-- \/wp:heading --><!-- wp:paragraph --><\/p>\n<div title=\"P\u00e1gina 2\">\n<div>\n<div>\n<p>El tratamiento de sus datos se basa en su consentimiento (art. 6.(1)(a) del GDPR), que usted otorga al aceptar este aviso.<\/p>\n<p>\u00a0<\/p>\n<\/div>\n<\/div>\n<\/div>\n<p><!-- \/wp:paragraph --><!-- wp:heading --><\/p>\n<div title=\"P\u00e1gina 2\">\n<div>\n<div>\n<h3>\u00a0<\/h3>\n<h3>SUS DERECHOS EN RELACI\u00d3N CON EL TRATAMIENTO DE SUS DATOS<\/h3>\n<\/div>\n<\/div>\n<\/div>\n<p><!-- \/wp:heading --><!-- wp:paragraph --><\/p>\n<div title=\"P\u00e1gina 2\">\n<div>\n<div>\n<p>El RGPD le otorga determinados derechos en relaci\u00f3n con el tratamiento de sus datos personales. Estos derechos incluyen:<\/p>\n<ul>\n<li class=\"translation-block\"><strong>Acceso<\/strong> (Art. 15 RGPD): tiene derecho a obtener confirmaci\u00f3n sobre si tenemos sus datos personales, as\u00ed como informaci\u00f3n sobre c\u00f3mo los procesamos. Para ejercer su derecho de acceso, p\u00f3ngase en contacto con nosotros en contact@fairmuse.eu.<\/li>\n<li><strong>Rectificaci\u00f3n<\/strong> (Art. 16 RGPD): si sus datos personales que procesamos est\u00e1n incompletos o son inexactos, tiene derecho a solicitar la rectificaci\u00f3n de dichos datos sin demora indebida. Para ejercer su derecho de rectificaci\u00f3n, p\u00f3ngase en contacto con nosotros en contact@fairmuse.eu.<\/li>\n<li><strong>Borrado<\/strong> (\"derecho al olvido\" - art. 17 del RGPD): en determinadas circunstancias (por ejemplo, si sus datos se tratan de forma il\u00edcita o innecesaria), puede solicitar la supresi\u00f3n de sus datos personales.<\/li>\n<li><strong>Restricci\u00f3n del tratamiento<\/strong> (Art. 18 del RGPD): en determinadas circunstancias (por ejemplo, si impugna la exactitud de los datos que tratamos o la licitud del tratamiento) puede solicitar la limitaci\u00f3n del tratamiento de sus datos. Estos datos no se suprimir\u00e1n, pero en principio s\u00f3lo podr\u00e1n tratarse con su consentimiento.<\/li>\n<li><strong>Portabilidad de los datos<\/strong> (Art. 20 del RGPD): en determinadas circunstancias, puede solicitar la transmisi\u00f3n de sus datos a otro responsable del tratamiento en un formato estructurado, de uso com\u00fan y lectura mec\u00e1nica.<\/li>\n<li><strong>Adem\u00e1s, tiene derecho a retirar en cualquier momento su consentimiento al tratamiento de sus datos personales<\/strong> (Art. 7(3) RGPD): poni\u00e9ndose en contacto con nosotros en contact@fairmuse.eu. La retirada del consentimiento no afectar\u00e1 a la legalidad del tratamiento basado en el consentimiento previo a su retirada. Como usuario de portal.fairmuse.eu, puede presentar una reclamaci\u00f3n ante una autoridad de control.<\/li>\n<\/ul>\n<h3>\u00a0<\/h3>\n<h3>\u00bfQUIERES QUEJARTE?<\/h3>\n<div title=\"P\u00e1gina 3\">\n<div>\n<div>\n<p>Debemos cumplir y cumpliremos siempre las normas. Si considera que no cumplimos con nuestra responsabilidad o que no tratamos sus datos de acuerdo con las normas, puede presentar una reclamaci\u00f3n ante la Agencia Danesa de Protecci\u00f3n de Datos en la direcci\u00f3n siguiente <span style=\"text-decoration: underline;\">dt@datatilsynet.dk<\/span> o a la Agencia Francesa de Protecci\u00f3n de Datos a trav\u00e9s de este formulario de reclamaci\u00f3n: <span style=\"text-decoration: underline;\"><span style=\"color: #000000;\"><a style=\"color: #000000; text-decoration: underline;\" href=\"https:\/\/www.cnil.fr\/fr\/plaintes\" target=\"_blank\" rel=\"noopener\">https:\/\/www.cnil.fr\/fr\/plaintes<\/a><\/span><\/span><\/p>\n<div title=\"P\u00e1gina 3\">\n<div>\n<div>\n<p>No obstante, le animamos tambi\u00e9n a que se ponga en contacto con nosotros, ya que queremos hacer todo lo posible para atender su reclamaci\u00f3n. Responsables de Protecci\u00f3n de Datos (RPD) de la Universit\u00e9 de Lille: <span style=\"text-decoration: underline;\">Jean-Luc.Tessier@univ- lille.fr.<\/span> Responsable de Protecci\u00f3n de Datos (RPD) de la Universidad de Aalborg: Niels Vase Email: <span style=\"text-decoration: underline;\">dpo@aau.dk.<\/span><\/p>\n<p>\u00a0<\/p>\n<\/div>\n<\/div>\n<\/div>\n<\/div>\n<\/div>\n<\/div>\n<\/div>\n<\/div>\n<\/div>\n<p><!-- \/wp:paragraph --><!-- wp:paragraph --><\/p>\n<div title=\"P\u00e1gina 3\">\n<div>\n<div>\n<p>Saludos cordiales,<\/p>\n<p>Jannick Kirk S\u00f8rensen, PhD, Profesor Asociado<br \/>Responsable del paquete de trabajo 4 de Fair MusE Correo electr\u00f3nico: js@es.aau.dk<br \/>Universidad de Aalborg, DK-9220 Aalborg, CVR n\u00ba 2910238<\/p>\n<\/div>\n<\/div>\n<\/div>\n<p><!-- \/wp:paragraph --><!-- wp:heading --><\/p>\n<p><!-- \/wp:paragraph --><\/p>\t\t\t\t\t\t\t\t<\/div>\n\t\t\t\t<\/div>\n\t\t\t\t\t<\/div>\n\t\t\t\t<\/div>\n\t\t<div class=\"elementor-element elementor-element-ab5c7f7 e-flex e-con-boxed e-con e-parent\" data-id=\"ab5c7f7\" data-element_type=\"container\">\n\t\t\t\t\t<div class=\"e-con-inner\">\n\t\t\t\t<div class=\"elementor-element elementor-element-c81d846 elementor-widget elementor-widget-spacer\" data-id=\"c81d846\" data-element_type=\"widget\" data-widget_type=\"spacer.default\">\n\t\t\t\t<div class=\"elementor-widget-container\">\n\t\t\t\t\t\t\t<div class=\"elementor-spacer\">\n\t\t\t<div class=\"elementor-spacer-inner\"><\/div>\n\t\t<\/div>\n\t\t\t\t\t\t<\/div>\n\t\t\t\t<\/div>\n\t\t\t\t<div class=\"elementor-element elementor-element-a7b8aee elementor-align-left elementor-mobile-align-right elementor-widget elementor-widget-button\" data-id=\"a7b8aee\" data-element_type=\"widget\" data-widget_type=\"button.default\">\n\t\t\t\t<div class=\"elementor-widget-container\">\n\t\t\t\t\t\t\t\t\t<div class=\"elementor-button-wrapper\">\n\t\t\t\t\t<a class=\"elementor-button elementor-button-link elementor-size-sm\" href=\"https:\/\/portal.fairmuse.eu\/es\/inicio\/\">\n\t\t\t\t\t\t<span class=\"elementor-button-content-wrapper\">\n\t\t\t\t\t\t<span class=\"elementor-button-icon\">\n\t\t\t\t<i aria-hidden=\"true\" class=\"fas fa-arrow-right\"><\/i>\t\t\t<\/span>\n\t\t\t\t\t\t\t\t\t<span class=\"elementor-button-text\">Continuar<\/span>\n\t\t\t\t\t<\/span>\n\t\t\t\t\t<\/a>\n\t\t\t\t<\/div>\n\t\t\t\t\t\t\t\t<\/div>\n\t\t\t\t<\/div>\n\t\t\t\t<div class=\"elementor-element elementor-element-ce96a9f elementor-widget elementor-widget-spacer\" data-id=\"ce96a9f\" data-element_type=\"widget\" data-widget_type=\"spacer.default\">\n\t\t\t\t<div class=\"elementor-widget-container\">\n\t\t\t\t\t\t\t<div class=\"elementor-spacer\">\n\t\t\t<div class=\"elementor-spacer-inner\"><\/div>\n\t\t<\/div>\n\t\t\t\t\t\t<\/div>\n\t\t\t\t<\/div>\n\t\t\t\t\t<\/div>\n\t\t\t\t<\/div>\n\t\t<div class=\"elementor-element elementor-element-a66023f e-flex e-con-boxed e-con e-parent\" data-id=\"a66023f\" data-element_type=\"container\">\n\t\t\t\t\t<div class=\"e-con-inner\">\n\t\t\t\t\t<\/div>\n\t\t\t\t<\/div>\n\t\t\t\t<\/div>","protected":false},"excerpt":{"rendered":"<p>INFORMACI\u00d3N SOBRE EL TRATAMIENTO DE DATOS Y DECLARACI\u00d3N DE CONSENTIMIENTO INTRODUCCI\u00d3N Fair MusE valora su privacidad y trata sus datos personales de conformidad con el Reglamento General de Protecci\u00f3n de Datos de la UE: Reglamento (UE) 2016\/679 relativo a la protecci\u00f3n de las personas f\u00edsicas en lo que respecta al tratamiento de datos personales y a la libre circulaci\u00f3n de estos datos (en adelante, \"RGPD\"). Su [...]<\/p>","protected":false},"author":1,"featured_media":0,"parent":0,"menu_order":0,"comment_status":"closed","ping_status":"closed","template":"","meta":{"_acf_changed":false,"footnotes":""},"class_list":["post-3","page","type-page","status-publish","hentry"],"acf":[],"_links":{"self":[{"href":"https:\/\/portal.fairmuse.eu\/es\/wp-json\/wp\/v2\/pages\/3","targetHints":{"allow":["GET"]}}],"collection":[{"href":"https:\/\/portal.fairmuse.eu\/es\/wp-json\/wp\/v2\/pages"}],"about":[{"href":"https:\/\/portal.fairmuse.eu\/es\/wp-json\/wp\/v2\/types\/page"}],"author":[{"embeddable":true,"href":"https:\/\/portal.fairmuse.eu\/es\/wp-json\/wp\/v2\/users\/1"}],"replies":[{"embeddable":true,"href":"https:\/\/portal.fairmuse.eu\/es\/wp-json\/wp\/v2\/comments?post=3"}],"version-history":[{"count":127,"href":"https:\/\/portal.fairmuse.eu\/es\/wp-json\/wp\/v2\/pages\/3\/revisions"}],"predecessor-version":[{"id":10918,"href":"https:\/\/portal.fairmuse.eu\/es\/wp-json\/wp\/v2\/pages\/3\/revisions\/10918"}],"wp:attachment":[{"href":"https:\/\/portal.fairmuse.eu\/es\/wp-json\/wp\/v2\/media?parent=3"}],"curies":[{"name":"wp","href":"https:\/\/api.w.org\/{rel}","templated":true}]}}