{"id":3477,"date":"2023-12-21T10:24:57","date_gmt":"2023-12-21T09:24:57","guid":{"rendered":"https:\/\/portal.fairmuse.eu\/?page_id=3477"},"modified":"2024-05-02T11:12:32","modified_gmt":"2024-05-02T09:12:32","slug":"encuesta","status":"publish","type":"page","link":"https:\/\/portal.fairmuse.eu\/es\/encuesta\/","title":{"rendered":"Encuesta"},"content":{"rendered":"<div data-elementor-type=\"wp-page\" data-elementor-id=\"3477\" class=\"elementor elementor-3477\" data-elementor-post-type=\"page\">\n\t\t\t\t<div class=\"elementor-element elementor-element-39e0d3a e-flex e-con-boxed e-con e-parent\" data-id=\"39e0d3a\" data-element_type=\"container\">\n\t\t\t\t\t<div class=\"e-con-inner\">\n\t\t\t\t<div class=\"elementor-element elementor-element-b7fc241 elementor-widget elementor-widget-spacer\" data-id=\"b7fc241\" data-element_type=\"widget\" data-widget_type=\"spacer.default\">\n\t\t\t\t<div class=\"elementor-widget-container\">\n\t\t\t\t\t\t\t<div class=\"elementor-spacer\">\n\t\t\t<div class=\"elementor-spacer-inner\"><\/div>\n\t\t<\/div>\n\t\t\t\t\t\t<\/div>\n\t\t\t\t<\/div>\n\t\t\t\t\t<\/div>\n\t\t\t\t<\/div>\n\t\t<div class=\"elementor-element elementor-element-16a3b45 e-flex e-con-boxed e-con e-parent\" data-id=\"16a3b45\" data-element_type=\"container\">\n\t\t\t\t\t<div class=\"e-con-inner\">\n\t\t<div class=\"elementor-element elementor-element-b555865 e-flex e-con-boxed e-con e-child\" data-id=\"b555865\" data-element_type=\"container\">\n\t\t\t\t\t<div class=\"e-con-inner\">\n\t\t\t\t<div class=\"elementor-element elementor-element-b34649a elementor-widget__width-initial elementor-widget elementor-widget-heading\" data-id=\"b34649a\" data-element_type=\"widget\" data-widget_type=\"heading.default\">\n\t\t\t\t<div class=\"elementor-widget-container\">\n\t\t\t\t\t<h2 class=\"elementor-heading-title elementor-size-default\">Encuesta<\/h2>\t\t\t\t<\/div>\n\t\t\t\t<\/div>\n\t\t\t\t<div class=\"elementor-element elementor-element-bbba4a0 elementor-widget__width-initial elementor-widget elementor-widget-text-editor\" data-id=\"bbba4a0\" data-element_type=\"widget\" data-widget_type=\"text-editor.default\">\n\t\t\t\t<div class=\"elementor-widget-container\">\n\t\t\t\t\t\t\t\t\t<p style=\"text-align: left;\">En esta encuesta le pedimos que nos cuente c\u00f3mo utiliza los servicios de streaming de m\u00fasica. Queremos estudiar c\u00f3mo influyen estos servicios en nuestros h\u00e1bitos de escucha y c\u00f3mo afectan a la posibilidad de descubrir nueva m\u00fasica. Sus respuestas nos ayudar\u00e1n a comprender mejor su opini\u00f3n sobre el papel que desempe\u00f1a la equidad en las plataformas de streaming musical.\u00a0<\/p><p style=\"text-align: left;\">La encuesta dura unos 5 minutos.<\/p><p style=\"text-align: left;\">Si a\u00fan no se ha registrado o iniciado sesi\u00f3n, lea la informaci\u00f3n sobre el tratamiento de datos y la declaraci\u00f3n de consentimiento para completar el proceso<\/p>\t\t\t\t\t\t\t\t<\/div>\n\t\t\t\t<\/div>\n\t\t\t\t<div class=\"elementor-element elementor-element-68888d9 elementor-widget elementor-widget-spacer\" data-id=\"68888d9\" data-element_type=\"widget\" data-widget_type=\"spacer.default\">\n\t\t\t\t<div class=\"elementor-widget-container\">\n\t\t\t\t\t\t\t<div class=\"elementor-spacer\">\n\t\t\t<div class=\"elementor-spacer-inner\"><\/div>\n\t\t<\/div>\n\t\t\t\t\t\t<\/div>\n\t\t\t\t<\/div>\n\t\t\t\t<div class=\"elementor-element elementor-element-0582c0a elementor-align-right elementor-widget elementor-widget-button\" data-id=\"0582c0a\" data-element_type=\"widget\" data-widget_type=\"button.default\">\n\t\t\t\t<div class=\"elementor-widget-container\">\n\t\t\t\t\t\t\t\t\t<div class=\"elementor-button-wrapper\">\n\t\t\t\t\t<a class=\"elementor-button elementor-button-link elementor-size-sm\" href=\"https:\/\/portal.fairmuse.eu\/es\/rellenar-encuesta\/\">\n\t\t\t\t\t\t<span class=\"elementor-button-content-wrapper\">\n\t\t\t\t\t\t\t\t\t<span class=\"elementor-button-text\">Llenar encuesta<\/span>\n\t\t\t\t\t<\/span>\n\t\t\t\t\t<\/a>\n\t\t\t\t<\/div>\n\t\t\t\t\t\t\t\t<\/div>\n\t\t\t\t<\/div>\n\t\t\t\t\t<\/div>\n\t\t\t\t<\/div>\n\t\t<div class=\"elementor-element elementor-element-de8fc94 e-con-full e-flex e-con e-child\" data-id=\"de8fc94\" data-element_type=\"container\">\n\t\t\t\t<div class=\"elementor-element elementor-element-0b53b22 elementor-widget elementor-widget-spacer\" data-id=\"0b53b22\" data-element_type=\"widget\" data-widget_type=\"spacer.default\">\n\t\t\t\t<div class=\"elementor-widget-container\">\n\t\t\t\t\t\t\t<div class=\"elementor-spacer\">\n\t\t\t<div class=\"elementor-spacer-inner\"><\/div>\n\t\t<\/div>\n\t\t\t\t\t\t<\/div>\n\t\t\t\t<\/div>\n\t\t\t\t<\/div>\n\t\t\t\t\t<\/div>\n\t\t\t\t<\/div>\n\t\t\t\t<\/div>","protected":false},"excerpt":{"rendered":"<p>Encuesta En esta encuesta le pedimos que nos cuente c\u00f3mo utiliza los servicios de streaming de m\u00fasica. Queremos estudiar c\u00f3mo influyen estos servicios en nuestros h\u00e1bitos de escucha y c\u00f3mo afectan a la posibilidad de descubrir nueva m\u00fasica. Sus respuestas nos ayudar\u00e1n a comprender mejor su opini\u00f3n sobre el papel que desempe\u00f1a la equidad en la [...]<\/p>","protected":false},"author":2,"featured_media":0,"parent":0,"menu_order":0,"comment_status":"closed","ping_status":"closed","template":"","meta":{"_acf_changed":false,"footnotes":""},"class_list":["post-3477","page","type-page","status-publish","hentry"],"acf":[],"_links":{"self":[{"href":"https:\/\/portal.fairmuse.eu\/es\/wp-json\/wp\/v2\/pages\/3477","targetHints":{"allow":["GET"]}}],"collection":[{"href":"https:\/\/portal.fairmuse.eu\/es\/wp-json\/wp\/v2\/pages"}],"about":[{"href":"https:\/\/portal.fairmuse.eu\/es\/wp-json\/wp\/v2\/types\/page"}],"author":[{"embeddable":true,"href":"https:\/\/portal.fairmuse.eu\/es\/wp-json\/wp\/v2\/users\/2"}],"replies":[{"embeddable":true,"href":"https:\/\/portal.fairmuse.eu\/es\/wp-json\/wp\/v2\/comments?post=3477"}],"version-history":[{"count":517,"href":"https:\/\/portal.fairmuse.eu\/es\/wp-json\/wp\/v2\/pages\/3477\/revisions"}],"predecessor-version":[{"id":8046,"href":"https:\/\/portal.fairmuse.eu\/es\/wp-json\/wp\/v2\/pages\/3477\/revisions\/8046"}],"wp:attachment":[{"href":"https:\/\/portal.fairmuse.eu\/es\/wp-json\/wp\/v2\/media?parent=3477"}],"curies":[{"name":"wp","href":"https:\/\/api.w.org\/{rel}","templated":true}]}}