{"id":974,"date":"2023-10-24T15:02:05","date_gmt":"2023-10-24T13:02:05","guid":{"rendered":"https:\/\/portal.fairmuse.eu\/?page_id=974"},"modified":"2024-08-14T10:29:19","modified_gmt":"2024-08-14T08:29:19","slug":"instrucciones-de-spotify","status":"publish","type":"page","link":"https:\/\/portal.fairmuse.eu\/es\/instrucciones-de-spotify\/","title":{"rendered":"Instrucciones de Spotify"},"content":{"rendered":"<div data-elementor-type=\"wp-page\" data-elementor-id=\"974\" class=\"elementor elementor-974\" data-elementor-post-type=\"page\">\n\t\t\t\t<div class=\"elementor-element elementor-element-d0b8a49 e-flex e-con-boxed e-con e-parent\" data-id=\"d0b8a49\" data-element_type=\"container\">\n\t\t\t\t\t<div class=\"e-con-inner\">\n\t\t\t\t<div class=\"elementor-element elementor-element-9969cf3 elementor-widget elementor-widget-spacer\" data-id=\"9969cf3\" data-element_type=\"widget\" data-widget_type=\"spacer.default\">\n\t\t\t\t<div class=\"elementor-widget-container\">\n\t\t\t\t\t\t\t<div class=\"elementor-spacer\">\n\t\t\t<div class=\"elementor-spacer-inner\"><\/div>\n\t\t<\/div>\n\t\t\t\t\t\t<\/div>\n\t\t\t\t<\/div>\n\t\t\t\t\t<\/div>\n\t\t\t\t<\/div>\n\t\t<div class=\"elementor-element elementor-element-774d823 e-flex e-con-boxed e-con e-parent\" data-id=\"774d823\" data-element_type=\"container\">\n\t\t\t\t\t<div class=\"e-con-inner\">\n\t\t<div class=\"elementor-element elementor-element-3b3bd09 e-con-full e-flex e-con e-child\" data-id=\"3b3bd09\" data-element_type=\"container\">\n\t\t\t\t<div class=\"elementor-element elementor-element-ac1abcf elementor-widget__width-initial elementor-widget elementor-widget-image\" data-id=\"ac1abcf\" data-element_type=\"widget\" data-widget_type=\"image.default\">\n\t\t\t\t<div class=\"elementor-widget-container\">\n\t\t\t\t\t\t\t\t\t\t\t\t\t\t\t<img decoding=\"async\" width=\"150\" height=\"150\" src=\"https:\/\/portal.fairmuse.eu\/wp-content\/uploads\/2023\/11\/datashare-icon-150x150.png\" class=\"attachment-thumbnail size-thumbnail wp-image-1850\" alt=\"Portal FairMusE\" srcset=\"https:\/\/portal.fairmuse.eu\/wp-content\/uploads\/2023\/11\/datashare-icon-150x150.png 150w, https:\/\/portal.fairmuse.eu\/wp-content\/uploads\/2023\/11\/datashare-icon-300x300.png 300w, https:\/\/portal.fairmuse.eu\/wp-content\/uploads\/2023\/11\/datashare-icon-1024x1024.png 1024w, https:\/\/portal.fairmuse.eu\/wp-content\/uploads\/2023\/11\/datashare-icon-768x768.png 768w, https:\/\/portal.fairmuse.eu\/wp-content\/uploads\/2023\/11\/datashare-icon-1536x1536.png 1536w, https:\/\/portal.fairmuse.eu\/wp-content\/uploads\/2023\/11\/datashare-icon.png 1653w\" sizes=\"(max-width: 150px) 100vw, 150px\" \/>\t\t\t\t\t\t\t\t\t\t\t\t\t\t\t<\/div>\n\t\t\t\t<\/div>\n\t\t\t\t<\/div>\n\t\t<div class=\"elementor-element elementor-element-310be2f e-con-full e-flex e-con e-child\" data-id=\"310be2f\" data-element_type=\"container\" data-settings=\"{&quot;background_background&quot;:&quot;classic&quot;}\">\n\t\t\t\t<div class=\"elementor-element elementor-element-95574d7 elementor-widget__width-initial elementor-widget elementor-widget-heading\" data-id=\"95574d7\" data-element_type=\"widget\" data-widget_type=\"heading.default\">\n\t\t\t\t<div class=\"elementor-widget-container\">\n\t\t\t\t\t<h2 class=\"elementor-heading-title elementor-size-default\">Obt\u00e9n su historial de escucha de Spotify<\/h2>\t\t\t\t<\/div>\n\t\t\t\t<\/div>\n\t\t\t\t<\/div>\n\t\t\t\t\t<\/div>\n\t\t\t\t<\/div>\n\t\t<div class=\"elementor-element elementor-element-1723de2 e-con-full e-flex e-con e-parent\" data-id=\"1723de2\" data-element_type=\"container\">\n\t\t<div class=\"elementor-element elementor-element-db4e473 e-con-full e-flex e-con e-child\" data-id=\"db4e473\" data-element_type=\"container\">\n\t\t\t\t<div class=\"elementor-element elementor-element-5cb2397 elementor-widget elementor-widget-text-editor\" data-id=\"5cb2397\" data-element_type=\"widget\" data-widget_type=\"text-editor.default\">\n\t\t\t\t<div class=\"elementor-widget-container\">\n\t\t\t\t\t\t\t\t\t<p>Si utilizas Spotify, sigue los siguientes pasos para solicitar tus datos. Te recomendamos que utilices una computadora, ya que no puedes hacerlo a trav\u00e9s de la app de Spotify.<\/p><p>Si tiene preguntas o problemas t\u00e9cnicos, <a style=\"color: #000000; text-decoration: underline;\" href=\"https:\/\/portal.fairmuse.eu\/es\/pongase-en-contacto-con\/\">escr\u00edbenos un mensaje<\/a><\/p>\t\t\t\t\t\t\t\t<\/div>\n\t\t\t\t<\/div>\n\t\t\t\t<div class=\"elementor-element elementor-element-891adbf elementor-widget__width-initial elementor-widget elementor-widget-eael-adv-accordion\" data-id=\"891adbf\" data-element_type=\"widget\" data-widget_type=\"eael-adv-accordion.default\">\n\t\t\t\t<div class=\"elementor-widget-container\">\n\t\t\t\t\t        <div class=\"eael-adv-accordion\" id=\"eael-adv-accordion-891adbf\" data-scroll-on-click=\"no\" data-scroll-speed=\"300\" data-accordion-id=\"891adbf\" data-accordion-type=\"accordion\" data-toogle-speed=\"300\">\n    <div class=\"eael-accordion-list\">\n                <div id=\"1-log-in-to-spotify\" class=\"elementor-tab-title eael-accordion-header active-default\" tabindex=\"0\" data-tab=\"1\" aria-controls=\"elementor-tab-content-1431\"><p class=\"eael-accordion-tab-title\">1. Iniciar sesi\u00f3n en Spotify<\/p><i aria-hidden=\"true\" class=\"fa-toggle fas fa-arrow-right\"><\/i><\/div><div id=\"elementor-tab-content-1431\" class=\"eael-accordion-content clearfix active-default\" data-tab=\"1\" aria-labelledby=\"1-log-in-to-spotify\"><table bgcolor=\"ffffff\"><tbody><tr><td style=\"background-color: #ffffff; border: 0;\"><p>1. Ir a:<\/p><p><span style=\"text-decoration: underline;\"><a style=\"color: black; text-decoration: underline;\" href=\"https:\/\/accounts.spotify.com\/\" target=\"_blank\" rel=\"noopener\">https:\/\/accounts.spotify.com\/<\/a><\/span><\/p><p>\u00a0<\/p><p>2. Inicia sesi\u00f3n en tu cuenta de Spotify para acceder a la vista general de tu cuenta.<\/p><p>\u00a0<\/p><p>3. Despl\u00e1zate hacia abajo y haz clic en \"Configuraci\u00f3n de privacidad\".<\/p><\/td><\/tr><tr><td style=\"background-color: #ffffff; border: 0;\"><img fetchpriority=\"high\" decoding=\"async\" class=\"aligncenter wp-image-1102\" src=\"https:\/\/portal.fairmuse.eu\/wp-content\/uploads\/2023\/10\/Step1-Spotify.jpg\" alt=\"\" width=\"500\" height=\"413\" \/><\/td><\/tr><\/tbody><\/table><\/div>\n                <\/div><div class=\"eael-accordion-list\">\n                <div id=\"2-ask-for-your-spotify-data\" class=\"elementor-tab-title eael-accordion-header\" tabindex=\"0\" data-tab=\"2\" aria-controls=\"elementor-tab-content-1432\"><p class=\"eael-accordion-tab-title\">2. Pida sus datos de Spotify<\/p><i aria-hidden=\"true\" class=\"fa-toggle fas fa-arrow-right\"><\/i><\/div><div id=\"elementor-tab-content-1432\" class=\"eael-accordion-content clearfix\" data-tab=\"2\" aria-labelledby=\"2-ask-for-your-spotify-data\"><p style=\"text-align: left;\">Despl\u00e1cese un poco por la p\u00e1gina hasta la secci\u00f3n \"Descargar sus datos\" (o similar)<\/p><table bgcolor=\"ffffff\"><tbody><tr><td style=\"background-color: #ffffff; border: 0;\"><p>1. Marque la casilla \"<strong>Seleccione<\/strong> <strong>Historial de streaming ampliado<\/strong>.&#8221;\u00a0<\/p><p>\u00a0<\/p><p>2. Desmarque la casilla \"<strong>Seleccione<\/strong> <strong>Datos de la cuenta<\/strong>.&#8221;<\/p><p>\u00a0<\/p><p>3. Pulse el bot\u00f3n verde \"<strong>Solicitar datos<\/strong>.&#8221;<\/p><p>\u00a0<\/p><p>4. Spotify te env\u00eda ahora un correo electr\u00f3nico para que confirmes el pedido.<\/p><p>\u00a0<\/p><\/td><\/tr><tr><td style=\"background-color: #ffffff; border: 0;\"><img decoding=\"async\" class=\"aligncenter wp-image-7490 size-full\" src=\"https:\/\/portal.fairmuse.eu\/wp-content\/uploads\/2024\/04\/Step-2-Spotify.jpg\" alt=\"\" width=\"1326\" height=\"1118\" srcset=\"https:\/\/portal.fairmuse.eu\/wp-content\/uploads\/2024\/04\/Step-2-Spotify.jpg 1326w, https:\/\/portal.fairmuse.eu\/wp-content\/uploads\/2024\/04\/Step-2-Spotify-300x253.jpg 300w, https:\/\/portal.fairmuse.eu\/wp-content\/uploads\/2024\/04\/Step-2-Spotify-1024x863.jpg 1024w, https:\/\/portal.fairmuse.eu\/wp-content\/uploads\/2024\/04\/Step-2-Spotify-768x648.jpg 768w, https:\/\/portal.fairmuse.eu\/wp-content\/uploads\/2024\/04\/Step-2-Spotify-14x12.jpg 14w\" sizes=\"(max-width: 1326px) 100vw, 1326px\" \/><\/td><\/tr><\/tbody><\/table><\/div>\n                <\/div><div class=\"eael-accordion-list\">\n                <div id=\"3-confirm-your-request-and-wait\" class=\"elementor-tab-title eael-accordion-header\" tabindex=\"0\" data-tab=\"3\" aria-controls=\"elementor-tab-content-1433\"><p class=\"eael-accordion-tab-title\">3. Confirme su solicitud y espere<\/p><i aria-hidden=\"true\" class=\"fa-toggle fas fa-arrow-right\"><\/i><\/div><div id=\"elementor-tab-content-1433\" class=\"eael-accordion-content clearfix\" data-tab=\"3\" aria-labelledby=\"3-confirm-your-request-and-wait\"><table bgcolor=\"ffffff\"><tbody><tr><td style=\"background-color: #ffffff; border: 0;\"><p>1. Abra el correo electr\u00f3nico que utilice para su cuenta de Spotify. Confirme su solicitud. Si no recibes ning\u00fan correo, comprueba su carpeta de spam.<\/p><p>\u00a0<\/p><p>2. Una vez confirmada, se le notificar\u00e1 que su solicitud ha sido aceptada.<\/p><p>\u00a0<\/p><p>3. Ahora Spotify preparar\u00e1 sus datos para la descarga. Esto llevar\u00e1 alg\u00fan tiempo, normalmente de una a cuatro semanas, dependiendo de cu\u00e1nto hayas estado usando Spotify.<\/p><p>\u00a0<\/p><p>4. Podemos enviarle un correo electr\u00f3nico recordatorio cuando creamos que sus datos est\u00e9n listos para descargar. Puede inscribirse aqu\u00ed: <a style=\"color: black; text-decoration: underline;\" href=\"https:\/\/portal.fairmuse.eu\/es\/recordatorio\/\">https:\/\/portal.fairmuse.eu\/reminder\/<\/a><\/p><p>\u00a0<\/p><p>5. Cuando los datos est\u00e9n listos para su descarga, Spotify le enviar\u00e1 un correo electr\u00f3nico.<\/p><p>\u00a0<\/p><\/td><\/tr><tr><td style=\"background-color: #ffffff; border: 0;\"><img loading=\"lazy\" decoding=\"async\" class=\"wp-image-1119 aligncenter\" src=\"https:\/\/portal.fairmuse.eu\/wp-content\/uploads\/2023\/10\/Step3-Spotify.jpg\" alt=\"\" width=\"443\" height=\"500\" srcset=\"https:\/\/portal.fairmuse.eu\/wp-content\/uploads\/2023\/10\/Step3-Spotify.jpg 798w, https:\/\/portal.fairmuse.eu\/wp-content\/uploads\/2023\/10\/Step3-Spotify-266x300.jpg 266w, https:\/\/portal.fairmuse.eu\/wp-content\/uploads\/2023\/10\/Step3-Spotify-768x866.jpg 768w\" sizes=\"(max-width: 443px) 100vw, 443px\" \/><\/td><\/tr><tr><td style=\"background-color: #ffffff; border: 0;\"><img loading=\"lazy\" decoding=\"async\" class=\"wp-image-1123 aligncenter\" src=\"https:\/\/portal.fairmuse.eu\/wp-content\/uploads\/2023\/10\/Step3.5-Spotify.jpg\" alt=\"\" width=\"564\" height=\"500\" srcset=\"https:\/\/portal.fairmuse.eu\/wp-content\/uploads\/2023\/10\/Step3.5-Spotify.jpg 799w, https:\/\/portal.fairmuse.eu\/wp-content\/uploads\/2023\/10\/Step3.5-Spotify-300x266.jpg 300w, https:\/\/portal.fairmuse.eu\/wp-content\/uploads\/2023\/10\/Step3.5-Spotify-768x681.jpg 768w\" sizes=\"(max-width: 564px) 100vw, 564px\" \/><\/td><\/tr><\/tbody><\/table><\/div>\n                <\/div><div class=\"eael-accordion-list\">\n                <div id=\"4-download-your-spotify-data\" class=\"elementor-tab-title eael-accordion-header\" tabindex=\"0\" data-tab=\"4\" aria-controls=\"elementor-tab-content-1434\"><p class=\"eael-accordion-tab-title\">4. Descargue sus datos de Spotify<\/p><i aria-hidden=\"true\" class=\"fa-toggle fas fa-arrow-right\"><\/i><\/div><div id=\"elementor-tab-content-1434\" class=\"eael-accordion-content clearfix\" data-tab=\"4\" aria-labelledby=\"4-download-your-spotify-data\"><p>Una vez que tus datos est\u00e9n listos para descargar, recibir\u00e1s un correo electr\u00f3nico de Spotify con su historial de escucha ampliado.<\/p><table bgcolor=\"ffffff\"><tbody><tr><td style=\"background-color: #ffffff; border: 0;\"><p>Encuentra el correo electr\u00f3nico de Spotify titulado \"Tu historial de streaming ampliado est\u00e1 listo para descargar\".<\/p><p>Descargue los datos en su ordenador. La \"Carpeta de descargas\" es el lugar habitual para las descargas.<\/p><\/td><\/tr><tr><td style=\"background-color: #ffffff; border: 0;\"><img loading=\"lazy\" decoding=\"async\" class=\"wp-image-1436 size-full aligncenter\" src=\"https:\/\/portal.fairmuse.eu\/wp-content\/uploads\/2023\/11\/Step-5.5-Spotify.jpg\" alt=\"\" width=\"549\" height=\"738\" srcset=\"https:\/\/portal.fairmuse.eu\/wp-content\/uploads\/2023\/11\/Step-5.5-Spotify.jpg 549w, https:\/\/portal.fairmuse.eu\/wp-content\/uploads\/2023\/11\/Step-5.5-Spotify-223x300.jpg 223w\" sizes=\"(max-width: 549px) 100vw, 549px\" \/><\/td><\/tr><tr><td style=\"background-color: #ffffff; border: 0;\">\u00a0<\/td><\/tr><\/tbody><\/table><\/div>\n                <\/div><div class=\"eael-accordion-list\">\n                <div id=\"5-upload-your-spotify-data\" class=\"elementor-tab-title eael-accordion-header\" tabindex=\"0\" data-tab=\"5\" aria-controls=\"elementor-tab-content-1435\"><p class=\"eael-accordion-tab-title\">5. Suba sus datos de Spotify<\/p><i aria-hidden=\"true\" class=\"fa-toggle fas fa-arrow-right\"><\/i><\/div><div id=\"elementor-tab-content-1435\" class=\"eael-accordion-content clearfix\" data-tab=\"5\" aria-labelledby=\"5-upload-your-spotify-data\"><p style=\"text-align: center;\">Cuando hayas descargado los datos de Spotify, estar\u00e1s listo para subirlos al proyecto de investigaci\u00f3n Fair MusE. El archivo a subir se llama \"SpotifyExtendedStreamingHistory.zip\".<\/p><p>\u00a0<\/p><p style=\"text-align: center;\">Filtraremos y eliminaremos todos los datos que no pertenezcan a sus h\u00e1bitos de escucha musical.<\/p><p style=\"text-align: center;\">Pulse el bot\u00f3n de abajo para cargar sus datos musicales.<\/p><p style=\"text-align: center;\">Gracias por completar el proceso de solicitud de datos.<\/p><\/div>\n                <\/div><\/div>\t\t\t\t<\/div>\n\t\t\t\t<\/div>\n\t\t\t\t<div class=\"elementor-element elementor-element-917afc0 elementor-align-center elementor-widget elementor-widget-button\" data-id=\"917afc0\" data-element_type=\"widget\" data-widget_type=\"button.default\">\n\t\t\t\t<div class=\"elementor-widget-container\">\n\t\t\t\t\t\t\t\t\t<div class=\"elementor-button-wrapper\">\n\t\t\t\t\t<a class=\"elementor-button elementor-button-link elementor-size-sm\" href=\"https:\/\/portal.fairmuse.eu\/es\/cargar\/\" target=\"_blank\">\n\t\t\t\t\t\t<span class=\"elementor-button-content-wrapper\">\n\t\t\t\t\t\t\t\t\t<span class=\"elementor-button-text\">Suba Sus Datos<\/span>\n\t\t\t\t\t<\/span>\n\t\t\t\t\t<\/a>\n\t\t\t\t<\/div>\n\t\t\t\t\t\t\t\t<\/div>\n\t\t\t\t<\/div>\n\t\t\t\t<\/div>\n\t\t\t\t<\/div>\n\t\t<div class=\"elementor-element elementor-element-3c5d548 e-con-full e-flex e-con e-parent\" data-id=\"3c5d548\" data-element_type=\"container\">\n\t\t\t\t<div class=\"elementor-element elementor-element-d63599b elementor-widget elementor-widget-spacer\" data-id=\"d63599b\" data-element_type=\"widget\" data-widget_type=\"spacer.default\">\n\t\t\t\t<div class=\"elementor-widget-container\">\n\t\t\t\t\t\t\t<div class=\"elementor-spacer\">\n\t\t\t<div class=\"elementor-spacer-inner\"><\/div>\n\t\t<\/div>\n\t\t\t\t\t\t<\/div>\n\t\t\t\t<\/div>\n\t\t\t\t<\/div>\n\t\t\t\t<\/div>","protected":false},"excerpt":{"rendered":"<p>Obt\u00e9n tu historial de escuchas de Spotify Si utilizas Spotify, sigue los pasos que se indican a continuaci\u00f3n para solicitar tus datos. Te recomendamos que utilices un ordenador, ya que no puedes hacerlo a trav\u00e9s de la aplicaci\u00f3n de Spotify. Si tienes dudas o problemas t\u00e9cnicos, \u00a1escr\u00edbenos un mensaje! 1. 1. Inicia sesi\u00f3n en Spotify Ve a: https:\/\/accounts.spotify.com\/ 2. [...]<\/p>","protected":false},"author":2,"featured_media":0,"parent":0,"menu_order":0,"comment_status":"closed","ping_status":"closed","template":"","meta":{"_acf_changed":false,"footnotes":""},"class_list":["post-974","page","type-page","status-publish","hentry"],"acf":[],"_links":{"self":[{"href":"https:\/\/portal.fairmuse.eu\/es\/wp-json\/wp\/v2\/pages\/974","targetHints":{"allow":["GET"]}}],"collection":[{"href":"https:\/\/portal.fairmuse.eu\/es\/wp-json\/wp\/v2\/pages"}],"about":[{"href":"https:\/\/portal.fairmuse.eu\/es\/wp-json\/wp\/v2\/types\/page"}],"author":[{"embeddable":true,"href":"https:\/\/portal.fairmuse.eu\/es\/wp-json\/wp\/v2\/users\/2"}],"replies":[{"embeddable":true,"href":"https:\/\/portal.fairmuse.eu\/es\/wp-json\/wp\/v2\/comments?post=974"}],"version-history":[{"count":736,"href":"https:\/\/portal.fairmuse.eu\/es\/wp-json\/wp\/v2\/pages\/974\/revisions"}],"predecessor-version":[{"id":9096,"href":"https:\/\/portal.fairmuse.eu\/es\/wp-json\/wp\/v2\/pages\/974\/revisions\/9096"}],"wp:attachment":[{"href":"https:\/\/portal.fairmuse.eu\/es\/wp-json\/wp\/v2\/media?parent=974"}],"curies":[{"name":"wp","href":"https:\/\/api.w.org\/{rel}","templated":true}]}}