{"id":1236,"date":"2023-11-06T14:45:57","date_gmt":"2023-11-06T13:45:57","guid":{"rendered":"https:\/\/portal.fairmuse.eu\/?page_id=1236"},"modified":"2024-06-03T11:33:10","modified_gmt":"2024-06-03T09:33:10","slug":"profil","status":"publish","type":"page","link":"https:\/\/portal.fairmuse.eu\/fr\/profil\/","title":{"rendered":"Profil"},"content":{"rendered":"<div data-elementor-type=\"wp-page\" data-elementor-id=\"1236\" class=\"elementor elementor-1236\" data-elementor-post-type=\"page\">\n\t\t\t\t<div class=\"elementor-element elementor-element-0f64547 e-flex e-con-boxed e-con e-parent\" data-id=\"0f64547\" data-element_type=\"container\">\n\t\t\t\t\t<div class=\"e-con-inner\">\n\t\t\t\t<div class=\"elementor-element elementor-element-8bdfa99 elementor-widget elementor-widget-spacer\" data-id=\"8bdfa99\" data-element_type=\"widget\" data-widget_type=\"spacer.default\">\n\t\t\t\t<div class=\"elementor-widget-container\">\n\t\t\t\t\t\t\t<div class=\"elementor-spacer\">\n\t\t\t<div class=\"elementor-spacer-inner\"><\/div>\n\t\t<\/div>\n\t\t\t\t\t\t<\/div>\n\t\t\t\t<\/div>\n\t\t\t\t\t<\/div>\n\t\t\t\t<\/div>\n\t\t<div class=\"elementor-element elementor-element-08e8e0d e-flex e-con-boxed e-con e-parent\" data-id=\"08e8e0d\" data-element_type=\"container\">\n\t\t\t\t\t<div class=\"e-con-inner\">\n\t\t\t\t<div class=\"elementor-element elementor-element-3df5796 elementor-widget__width-initial elementor-widget elementor-widget-heading\" data-id=\"3df5796\" data-element_type=\"widget\" data-widget_type=\"heading.default\">\n\t\t\t\t<div class=\"elementor-widget-container\">\n\t\t\t\t\t<h2 class=\"elementor-heading-title elementor-size-default\">Mon profil<\/h2>\t\t\t\t<\/div>\n\t\t\t\t<\/div>\n\t\t\t\t<div class=\"elementor-element elementor-element-abcd2aa elementor-widget__width-initial elementor-widget elementor-widget-text-editor\" data-id=\"abcd2aa\" data-element_type=\"widget\" data-widget_type=\"text-editor.default\">\n\t\t\t\t<div class=\"elementor-widget-container\">\n\t\t\t\t\t\t\t\t\t<p>Le projet de recherche Fair MusE porte sur la diversit\u00e9. Votre profil aide \u00e0 donner du contexte \u00e0 toutes vos donn\u00e9es et fournit \u00e0 l\u2019\u00e9quipe Fair MusE un ensemble de donn\u00e9es plus riche.\u00a0<\/p><p>N'h\u00e9sitez pas \u00e0 le modifier \u00e0 tout moment !<\/p>\t\t\t\t\t\t\t\t<\/div>\n\t\t\t\t<\/div>\n\t\t\t\t\t<\/div>\n\t\t\t\t<\/div>\n\t\t<div class=\"elementor-element elementor-element-3e5b9cc e-flex e-con-boxed e-con e-parent\" data-id=\"3e5b9cc\" data-element_type=\"container\">\n\t\t\t\t\t<div class=\"e-con-inner\">\n\t\t<div class=\"elementor-element elementor-element-046308e e-con-full e-flex e-con e-child\" data-id=\"046308e\" data-element_type=\"container\">\n\t\t\t\t<div class=\"elementor-element elementor-element-844ace3 elementor-widget elementor-widget-text-editor\" data-id=\"844ace3\" data-element_type=\"widget\" data-widget_type=\"text-editor.default\">\n\t\t\t\t<div class=\"elementor-widget-container\">\n\t\t\t\t\t\t\t\t\t<p><strong>Courriel<\/strong><\/p>\t\t\t\t\t\t\t\t<\/div>\n\t\t\t\t<\/div>\n\t\t\t\t<div class=\"elementor-element elementor-element-e2a25c8 elementor-widget elementor-widget-text-editor\" data-id=\"e2a25c8\" data-element_type=\"widget\" data-widget_type=\"text-editor.default\">\n\t\t\t\t<div class=\"elementor-widget-container\">\n\t\t\t\t\t\t\t\t\t<p><strong>Genre<\/strong><\/p>\t\t\t\t\t\t\t\t<\/div>\n\t\t\t\t<\/div>\n\t\t\t\t<div class=\"elementor-element elementor-element-b85719c elementor-widget elementor-widget-text-editor\" data-id=\"b85719c\" data-element_type=\"widget\" data-widget_type=\"text-editor.default\">\n\t\t\t\t<div class=\"elementor-widget-container\">\n\t\t\t\t\t\t\t\t\t<p><strong>Age<\/strong><\/p>\t\t\t\t\t\t\t\t<\/div>\n\t\t\t\t<\/div>\n\t\t\t\t<div class=\"elementor-element elementor-element-18e74e5 elementor-widget elementor-widget-text-editor\" data-id=\"18e74e5\" data-element_type=\"widget\" data-widget_type=\"text-editor.default\">\n\t\t\t\t<div class=\"elementor-widget-container\">\n\t\t\t\t\t\t\t\t\t<p><strong>Pays de r\u00e9sidence<\/strong><\/p>\t\t\t\t\t\t\t\t<\/div>\n\t\t\t\t<\/div>\n\t\t\t\t<\/div>\n\t\t<div class=\"elementor-element elementor-element-5a5b98c e-con-full e-flex e-con e-child\" data-id=\"5a5b98c\" data-element_type=\"container\">\n\t\t\t\t<div class=\"elementor-element elementor-element-f5321c4 elementor-align-right elementor-widget elementor-widget-button\" data-id=\"f5321c4\" data-element_type=\"widget\" data-widget_type=\"button.default\">\n\t\t\t\t<div class=\"elementor-widget-container\">\n\t\t\t\t\t\t\t\t\t<div class=\"elementor-button-wrapper\">\n\t\t\t\t\t<a class=\"elementor-button elementor-button-link elementor-size-md\" href=\"https:\/\/portal.fairmuse.eu\/fr\/modifier-le-profil\/\">\n\t\t\t\t\t\t<span class=\"elementor-button-content-wrapper\">\n\t\t\t\t\t\t\t\t\t<span class=\"elementor-button-text\">Modifier le profil<\/span>\n\t\t\t\t\t<\/span>\n\t\t\t\t\t<\/a>\n\t\t\t\t<\/div>\n\t\t\t\t\t\t\t\t<\/div>\n\t\t\t\t<\/div>\n\t\t\t\t<\/div>\n\t\t\t\t\t<\/div>\n\t\t\t\t<\/div>\n\t\t<div class=\"elementor-element elementor-element-6751995 e-flex e-con-boxed e-con e-parent\" data-id=\"6751995\" data-element_type=\"container\">\n\t\t\t\t\t<div class=\"e-con-inner\">\n\t\t\t\t<div class=\"elementor-element elementor-element-7aa82be elementor-widget elementor-widget-spacer\" data-id=\"7aa82be\" data-element_type=\"widget\" data-widget_type=\"spacer.default\">\n\t\t\t\t<div class=\"elementor-widget-container\">\n\t\t\t\t\t\t\t<div class=\"elementor-spacer\">\n\t\t\t<div class=\"elementor-spacer-inner\"><\/div>\n\t\t<\/div>\n\t\t\t\t\t\t<\/div>\n\t\t\t\t<\/div>\n\t\t\t\t\t<\/div>\n\t\t\t\t<\/div>\n\t\t\t\t<\/div>","protected":false},"excerpt":{"rendered":"<p>My Profile The Fair MusE research project is about diversity. Your profile helps to give context to all submission and provides the Fair MusE team with a richer dataset with which to inform our upcoming research.\u00a0 Feel free to edit it at any time! Email Gender Age Country of Residence Edit Profile<\/p>","protected":false},"author":2,"featured_media":0,"parent":0,"menu_order":0,"comment_status":"closed","ping_status":"closed","template":"","meta":{"_acf_changed":false,"footnotes":""},"class_list":["post-1236","page","type-page","status-publish","hentry"],"acf":[],"_links":{"self":[{"href":"https:\/\/portal.fairmuse.eu\/fr\/wp-json\/wp\/v2\/pages\/1236","targetHints":{"allow":["GET"]}}],"collection":[{"href":"https:\/\/portal.fairmuse.eu\/fr\/wp-json\/wp\/v2\/pages"}],"about":[{"href":"https:\/\/portal.fairmuse.eu\/fr\/wp-json\/wp\/v2\/types\/page"}],"author":[{"embeddable":true,"href":"https:\/\/portal.fairmuse.eu\/fr\/wp-json\/wp\/v2\/users\/2"}],"replies":[{"embeddable":true,"href":"https:\/\/portal.fairmuse.eu\/fr\/wp-json\/wp\/v2\/comments?post=1236"}],"version-history":[{"count":271,"href":"https:\/\/portal.fairmuse.eu\/fr\/wp-json\/wp\/v2\/pages\/1236\/revisions"}],"predecessor-version":[{"id":8543,"href":"https:\/\/portal.fairmuse.eu\/fr\/wp-json\/wp\/v2\/pages\/1236\/revisions\/8543"}],"wp:attachment":[{"href":"https:\/\/portal.fairmuse.eu\/fr\/wp-json\/wp\/v2\/media?parent=1236"}],"curies":[{"name":"wp","href":"https:\/\/api.w.org\/{rel}","templated":true}]}}