{"id":1478,"date":"2023-11-07T15:38:40","date_gmt":"2023-11-07T14:38:40","guid":{"rendered":"https:\/\/portal.fairmuse.eu\/?page_id=1478"},"modified":"2024-05-31T12:16:56","modified_gmt":"2024-05-31T10:16:56","slug":"apple-instructions-fr","status":"publish","type":"page","link":"https:\/\/portal.fairmuse.eu\/fr\/apple-instructions-fr\/","title":{"rendered":"Instructions pour les pommes"},"content":{"rendered":"<div data-elementor-type=\"wp-page\" data-elementor-id=\"1478\" class=\"elementor elementor-1478\" data-elementor-post-type=\"page\">\n\t\t\t\t<div class=\"elementor-element elementor-element-d0b8a49 e-flex e-con-boxed e-con e-parent\" data-id=\"d0b8a49\" data-element_type=\"container\">\n\t\t\t\t\t<div class=\"e-con-inner\">\n\t\t\t\t<div class=\"elementor-element elementor-element-9969cf3 elementor-widget elementor-widget-spacer\" data-id=\"9969cf3\" data-element_type=\"widget\" data-widget_type=\"spacer.default\">\n\t\t\t\t<div class=\"elementor-widget-container\">\n\t\t\t\t\t\t\t<div class=\"elementor-spacer\">\n\t\t\t<div class=\"elementor-spacer-inner\"><\/div>\n\t\t<\/div>\n\t\t\t\t\t\t<\/div>\n\t\t\t\t<\/div>\n\t\t\t\t\t<\/div>\n\t\t\t\t<\/div>\n\t\t<div class=\"elementor-element elementor-element-6ffb99f e-flex e-con-boxed e-con e-parent\" data-id=\"6ffb99f\" data-element_type=\"container\">\n\t\t\t\t\t<div class=\"e-con-inner\">\n\t\t<div class=\"elementor-element elementor-element-cb35101 e-con-full e-flex e-con e-child\" data-id=\"cb35101\" data-element_type=\"container\">\n\t\t\t\t<div class=\"elementor-element elementor-element-fbe000b elementor-widget__width-initial elementor-widget elementor-widget-image\" data-id=\"fbe000b\" data-element_type=\"widget\" data-widget_type=\"image.default\">\n\t\t\t\t<div class=\"elementor-widget-container\">\n\t\t\t\t\t\t\t\t\t\t\t\t\t\t\t<img decoding=\"async\" width=\"150\" height=\"150\" src=\"https:\/\/portal.fairmuse.eu\/wp-content\/uploads\/2023\/11\/datashare-icon-150x150.png\" class=\"attachment-thumbnail size-thumbnail wp-image-1850\" alt=\"Portail FairMusE\" srcset=\"https:\/\/portal.fairmuse.eu\/wp-content\/uploads\/2023\/11\/datashare-icon-150x150.png 150w, https:\/\/portal.fairmuse.eu\/wp-content\/uploads\/2023\/11\/datashare-icon-300x300.png 300w, https:\/\/portal.fairmuse.eu\/wp-content\/uploads\/2023\/11\/datashare-icon-1024x1024.png 1024w, https:\/\/portal.fairmuse.eu\/wp-content\/uploads\/2023\/11\/datashare-icon-768x768.png 768w, https:\/\/portal.fairmuse.eu\/wp-content\/uploads\/2023\/11\/datashare-icon-1536x1536.png 1536w, https:\/\/portal.fairmuse.eu\/wp-content\/uploads\/2023\/11\/datashare-icon.png 1653w\" sizes=\"(max-width: 150px) 100vw, 150px\" \/>\t\t\t\t\t\t\t\t\t\t\t\t\t\t\t<\/div>\n\t\t\t\t<\/div>\n\t\t\t\t<\/div>\n\t\t<div class=\"elementor-element elementor-element-799ed29 e-con-full e-flex e-con e-child\" data-id=\"799ed29\" data-element_type=\"container\" data-settings=\"{&quot;background_background&quot;:&quot;classic&quot;}\">\n\t\t\t\t<div class=\"elementor-element elementor-element-230dcb4 elementor-widget__width-initial elementor-widget elementor-widget-heading\" data-id=\"230dcb4\" data-element_type=\"widget\" data-widget_type=\"heading.default\">\n\t\t\t\t<div class=\"elementor-widget-container\">\n\t\t\t\t\t<h2 class=\"elementor-heading-title elementor-size-default\">Obtenez l'historique de vos \u00e9coutes sur Apple Music<\/h2>\t\t\t\t<\/div>\n\t\t\t\t<\/div>\n\t\t\t\t<\/div>\n\t\t\t\t\t<\/div>\n\t\t\t\t<\/div>\n\t\t<div class=\"elementor-element elementor-element-1723de2 e-con-full e-flex e-con e-parent\" data-id=\"1723de2\" data-element_type=\"container\">\n\t\t<div class=\"elementor-element elementor-element-db4e473 e-con-full e-flex e-con e-child\" data-id=\"db4e473\" data-element_type=\"container\">\n\t\t\t\t<div class=\"elementor-element elementor-element-5cb2397 elementor-widget elementor-widget-text-editor\" data-id=\"5cb2397\" data-element_type=\"widget\" data-widget_type=\"text-editor.default\">\n\t\t\t\t<div class=\"elementor-widget-container\">\n\t\t\t\t\t\t\t\t\t<p><span style=\"font-weight: 400;\">Si vous \u00eates abonn\u00e9 \u00e0 Apple Music, suivez les \u00e9tapes ci-dessous<\/span><\/p><p>Si vous avez des questions ou des probl\u00e8mes techniques, <a style=\"text-align: var(--text-align); color: #000000; text-decoration: underline;\" href=\"https:\/\/portal.fairmuse.eu\/fr\/contact-fr\/\">\u00e9crivez-nous un message !<\/a><\/p>\t\t\t\t\t\t\t\t<\/div>\n\t\t\t\t<\/div>\n\t\t\t\t<div class=\"elementor-element elementor-element-891adbf elementor-widget__width-initial elementor-widget elementor-widget-eael-adv-accordion\" data-id=\"891adbf\" data-element_type=\"widget\" data-widget_type=\"eael-adv-accordion.default\">\n\t\t\t\t<div class=\"elementor-widget-container\">\n\t\t\t\t\t        <div class=\"eael-adv-accordion\" id=\"eael-adv-accordion-891adbf\" data-scroll-on-click=\"no\" data-scroll-speed=\"300\" data-accordion-id=\"891adbf\" data-accordion-type=\"accordion\" data-toogle-speed=\"300\">\n    <div class=\"eael-accordion-list\">\n                <div id=\"1-log-in-with-your-apple-id\" class=\"elementor-tab-title eael-accordion-header active-default\" tabindex=\"0\" data-tab=\"1\" aria-controls=\"elementor-tab-content-1431\"><p class=\"eael-accordion-tab-title\">1. Connectez-vous avec votre identifiant Apple<\/p><i aria-hidden=\"true\" class=\"fa-toggle fas fa-arrow-right\"><\/i><\/div><div id=\"elementor-tab-content-1431\" class=\"eael-accordion-content clearfix active-default\" data-tab=\"1\" aria-labelledby=\"1-log-in-with-your-apple-id\"><table bgcolor=\"ffffff\"><tbody><tr><td style=\"background-color: #ffffff; border: 0;\"><p class=\"translation-block\">1. Utilisez <span style=\"color : black\">ce lien<\/span> pour acc\u00e9der au tableau de bord d'Apple sur la confidentialit\u00e9 des donn\u00e9es :<\/p><p><span style=\"text-decoration: underline;\"><span style=\"color: #000000;\"><a style=\"color: #000000; text-decoration: underline;\" href=\"https:\/\/privacy.apple.com\/\" target=\"_blank\" rel=\"noopener\">https:\/\/privacy.apple.com\/<\/a><\/span><\/span><\/p><p>\u00a0<\/p><p>2. Connectez-vous avec votre identifiant Apple.<\/p><\/td><\/tr><tr><td style=\"background-color: #ffffff; border: 0;\"><img fetchpriority=\"high\" decoding=\"async\" class=\"wp-image-1486 size-large aligncenter\" src=\"https:\/\/portal.fairmuse.eu\/wp-content\/uploads\/2023\/11\/Step-1-Apple-1024x559.jpg\" alt=\"\" width=\"800\" height=\"437\" srcset=\"https:\/\/portal.fairmuse.eu\/wp-content\/uploads\/2023\/11\/Step-1-Apple-1024x559.jpg 1024w, https:\/\/portal.fairmuse.eu\/wp-content\/uploads\/2023\/11\/Step-1-Apple-300x164.jpg 300w, https:\/\/portal.fairmuse.eu\/wp-content\/uploads\/2023\/11\/Step-1-Apple-768x419.jpg 768w, https:\/\/portal.fairmuse.eu\/wp-content\/uploads\/2023\/11\/Step-1-Apple.jpg 1258w\" sizes=\"(max-width: 800px) 100vw, 800px\" \/><\/td><\/tr><\/tbody><\/table><\/div>\n                <\/div><div class=\"eael-accordion-list\">\n                <div id=\"2-request-your-apple-music-data\" class=\"elementor-tab-title eael-accordion-header\" tabindex=\"0\" data-tab=\"2\" aria-controls=\"elementor-tab-content-1432\"><p class=\"eael-accordion-tab-title\">2. Demandez vos donn\u00e9es Apple Music<\/p><i aria-hidden=\"true\" class=\"fa-toggle fas fa-arrow-right\"><\/i><\/div><div id=\"elementor-tab-content-1432\" class=\"eael-accordion-content clearfix\" data-tab=\"2\" aria-labelledby=\"2-request-your-apple-music-data\"><table bgcolor=\"ffffff\"><tbody><tr><td style=\"background-color: #ffffff; border: 0;\"><p>1. S\u00e9lectionnez \"Demander une copie de vos donn\u00e9es\".<\/p><p>\u00a0<\/p><p>2. S\u00e9lectionnez uniquement \"Apple Media Services Information\" dans l'\u00e9cran suivant.<\/p><p>\u00a0<\/p><p>3. Faites d\u00e9filer jusqu'en bas et cliquez sur Continuer.<\/p><\/td><\/tr><tr><td style=\"background-color: #ffffff; border: 0;\"><img decoding=\"async\" class=\"wp-image-3324 aligncenter\" src=\"https:\/\/portal.fairmuse.eu\/wp-content\/uploads\/2023\/12\/Step-2-Apple.jpg\" alt=\"\" width=\"489\" height=\"400\" srcset=\"https:\/\/portal.fairmuse.eu\/wp-content\/uploads\/2023\/12\/Step-2-Apple.jpg 853w, https:\/\/portal.fairmuse.eu\/wp-content\/uploads\/2023\/12\/Step-2-Apple-300x245.jpg 300w, https:\/\/portal.fairmuse.eu\/wp-content\/uploads\/2023\/12\/Step-2-Apple-768x628.jpg 768w\" sizes=\"(max-width: 489px) 100vw, 489px\" \/><\/td><\/tr><tr><td style=\"background-color: #ffffff; border: 0;\"><img loading=\"lazy\" decoding=\"async\" class=\"wp-image-3323 aligncenter\" src=\"https:\/\/portal.fairmuse.eu\/wp-content\/uploads\/2023\/12\/Step-2.5-Apple.jpg\" alt=\"\" width=\"658\" height=\"400\" srcset=\"https:\/\/portal.fairmuse.eu\/wp-content\/uploads\/2023\/12\/Step-2.5-Apple.jpg 1006w, https:\/\/portal.fairmuse.eu\/wp-content\/uploads\/2023\/12\/Step-2.5-Apple-300x183.jpg 300w, https:\/\/portal.fairmuse.eu\/wp-content\/uploads\/2023\/12\/Step-2.5-Apple-768x467.jpg 768w\" sizes=\"(max-width: 658px) 100vw, 658px\" \/><\/td><\/tr><\/tbody><\/table><\/div>\n                <\/div><div class=\"eael-accordion-list\">\n                <div id=\"3-confirm-your-request\" class=\"elementor-tab-title eael-accordion-header\" tabindex=\"0\" data-tab=\"3\" aria-controls=\"elementor-tab-content-1433\"><p class=\"eael-accordion-tab-title\">3. Confirmez votre demande<\/p><i aria-hidden=\"true\" class=\"fa-toggle fas fa-arrow-right\"><\/i><\/div><div id=\"elementor-tab-content-1433\" class=\"eael-accordion-content clearfix\" data-tab=\"3\" aria-labelledby=\"3-confirm-your-request\"><p>Choisissez la taille du fichier.<\/p><table bgcolor=\"ffffff\"><tbody><tr><td style=\"background-color: #ffffff; border: 0;\"><p>1. Vos donn\u00e9es seront livr\u00e9es en un ou plusieurs fichiers. Nous recommandons une taille de fichier de 1 Go<\/p><p>\u00a0<\/p><p>2. Vos s\u00e9lections ne doivent inclure que \"1 application ou service\".<\/p><p>\u00a0<\/p><p>3. Maintenant, vous devez attendre que vos donn\u00e9es soient pr\u00eates \u00e0 \u00eatre t\u00e9l\u00e9charg\u00e9es<\/p><p>\u00a0<\/p><p>Vous recevrez un courriel d'Apple vous informant qu'ils pr\u00e9parent vos donn\u00e9es pour le t\u00e9l\u00e9chargement. Ce processus peut durer de quelques jours \u00e0 une semaine afin qu'Apple puisse v\u00e9rifier que la demande a \u00e9t\u00e9 faite par vous et assurer la s\u00e9curit\u00e9 de vos donn\u00e9es. Veuillez noter que le t\u00e9l\u00e9chargement n'est g\u00e9n\u00e9ralement disponible que pendant une semaine. Il est donc important que vous consultiez r\u00e9guli\u00e8rement vos courriels provenant d'Apple.<\/p><p>Si vous souhaitez un rappel pour t\u00e9l\u00e9charger vos donn\u00e9es, veuillez cliquer sur le lien suivant : <span style=\"text-decoration: underline;\"><span style=\"color: #000000;\"><a style=\"color: #000000; text-decoration: underline;\" href=\"https:\/\/portal.fairmuse.eu\/fr\/rappel\/\" target=\"_blank\" rel=\"noopener\">https:\/\/portal.fairmuse.eu\/reminder\/<\/a><\/span><\/span><\/p><p>\u00a0<\/p><p>C'est tout pour l'instant. Merci d'avoir demand\u00e9 vos donn\u00e9es. Vous pouvez fermer cette page et revenir lorsque vous aurez re\u00e7u votre e-mail.<\/p><\/td><\/tr><tr><td style=\"background-color: #ffffff; border: 0;\"><img loading=\"lazy\" decoding=\"async\" class=\"wp-image-1496 size-large aligncenter\" src=\"https:\/\/portal.fairmuse.eu\/wp-content\/uploads\/2023\/11\/Step-3-Apple-1024x565.jpg\" alt=\"\" width=\"800\" height=\"441\" srcset=\"https:\/\/portal.fairmuse.eu\/wp-content\/uploads\/2023\/11\/Step-3-Apple-1024x565.jpg 1024w, https:\/\/portal.fairmuse.eu\/wp-content\/uploads\/2023\/11\/Step-3-Apple-300x165.jpg 300w, https:\/\/portal.fairmuse.eu\/wp-content\/uploads\/2023\/11\/Step-3-Apple-768x423.jpg 768w, https:\/\/portal.fairmuse.eu\/wp-content\/uploads\/2023\/11\/Step-3-Apple.jpg 1264w\" sizes=\"(max-width: 800px) 100vw, 800px\" \/><\/td><\/tr><\/tbody><\/table><\/div>\n                <\/div><div class=\"eael-accordion-list\">\n                <div id=\"4-download-your-apple-music-data\" class=\"elementor-tab-title eael-accordion-header\" tabindex=\"0\" data-tab=\"4\" aria-controls=\"elementor-tab-content-1434\"><p class=\"eael-accordion-tab-title\">4. T\u00e9l\u00e9chargez vos donn\u00e9es Apple Music<\/p><i aria-hidden=\"true\" class=\"fa-toggle fas fa-arrow-right\"><\/i><\/div><div id=\"elementor-tab-content-1434\" class=\"eael-accordion-content clearfix\" data-tab=\"4\" aria-labelledby=\"4-download-your-apple-music-data\"><p>Ouvrez votre messagerie et acc\u00e9dez \u00e0 l'e-mail d'Apple intitul\u00e9 \"Votre demande de t\u00e9l\u00e9chargement est termin\u00e9e\".<\/p><table bgcolor=\"ffffff\"><tbody><tr><td style=\"background-color: #ffffff; border: 0;\"><p>Apple enverra un courrier \u00e9lectronique contenant un lien vers vos donn\u00e9es disponibles au t\u00e9l\u00e9chargement pendant environ deux semaines.<\/p><p>Si vous ne t\u00e9l\u00e9chargez pas les donn\u00e9es au cours de cette p\u00e9riode, vous devrez recommencer la proc\u00e9dure de demande depuis le d\u00e9but.<\/p><p>(Les donn\u00e9es seront probablement t\u00e9l\u00e9charg\u00e9es dans votre dossier de t\u00e9l\u00e9chargement).<\/p><\/td><\/tr><tr><td style=\"background-color: #ffffff; border: 0;\"><img loading=\"lazy\" decoding=\"async\" class=\"wp-image-1501 aligncenter\" src=\"https:\/\/portal.fairmuse.eu\/wp-content\/uploads\/2023\/11\/Step-5-Apple-1024x923.jpg\" alt=\"\" width=\"700\" height=\"631\" srcset=\"https:\/\/portal.fairmuse.eu\/wp-content\/uploads\/2023\/11\/Step-5-Apple-1024x923.jpg 1024w, https:\/\/portal.fairmuse.eu\/wp-content\/uploads\/2023\/11\/Step-5-Apple-300x270.jpg 300w, https:\/\/portal.fairmuse.eu\/wp-content\/uploads\/2023\/11\/Step-5-Apple-768x692.jpg 768w, https:\/\/portal.fairmuse.eu\/wp-content\/uploads\/2023\/11\/Step-5-Apple.jpg 1113w\" sizes=\"(max-width: 700px) 100vw, 700px\" \/><\/td><\/tr><\/tbody><\/table><\/div>\n                <\/div><div class=\"eael-accordion-list\">\n                <div id=\"5-upload-your-apple-music-data\" class=\"elementor-tab-title eael-accordion-header\" tabindex=\"0\" data-tab=\"5\" aria-controls=\"elementor-tab-content-1435\"><p class=\"eael-accordion-tab-title\">5. Transmettez vos donn\u00e9es Apple Music<\/p><i aria-hidden=\"true\" class=\"fa-toggle fas fa-arrow-right\"><\/i><\/div><div id=\"elementor-tab-content-1435\" class=\"eael-accordion-content clearfix\" data-tab=\"5\" aria-labelledby=\"5-upload-your-apple-music-data\"><p style=\"text-align: center;\">Trouvez l\u2019emplacement sur votre ordinateur o\u00f9 vous avez enregistr\u00e9 les donn\u00e9es, il s\u2019agit probablement du dossier T\u00e9l\u00e9chargements.<\/p><p style=\"text-align: center;\">Vous pouvez rechercher le fichier intitul\u00e9 \"Apple Media Services information.zip\".<\/p><p>\u00a0<\/p><p style=\"text-align: center;\">Nous filtrons et supprimons toutes les donn\u00e9es qui ne concernent pas vos habitudes d'\u00e9coute de musique.<\/p><p style=\"text-align: center;\">Appuyez sur le bouton ci-dessous pour transmettre vos donn\u00e9es musicales.<\/p><p style=\"text-align: center;\">Merci d'avoir compl\u00e9t\u00e9 le processus de demande de donn\u00e9es !<\/p><\/div>\n                <\/div><\/div>\t\t\t\t<\/div>\n\t\t\t\t<\/div>\n\t\t\t\t<div class=\"elementor-element elementor-element-cb0e224 elementor-align-center elementor-widget elementor-widget-button\" data-id=\"cb0e224\" data-element_type=\"widget\" data-widget_type=\"button.default\">\n\t\t\t\t<div class=\"elementor-widget-container\">\n\t\t\t\t\t\t\t\t\t<div class=\"elementor-button-wrapper\">\n\t\t\t\t\t<a class=\"elementor-button elementor-button-link elementor-size-sm\" href=\"https:\/\/portal.fairmuse.eu\/fr\/telecharger\/\" target=\"_blank\">\n\t\t\t\t\t\t<span class=\"elementor-button-content-wrapper\">\n\t\t\t\t\t\t\t\t\t<span class=\"elementor-button-text\">Transmettez vos donn\u00e9es<\/span>\n\t\t\t\t\t<\/span>\n\t\t\t\t\t<\/a>\n\t\t\t\t<\/div>\n\t\t\t\t\t\t\t\t<\/div>\n\t\t\t\t<\/div>\n\t\t\t\t<\/div>\n\t\t\t\t<\/div>\n\t\t<div class=\"elementor-element elementor-element-3c5d548 e-con-full e-flex e-con e-parent\" data-id=\"3c5d548\" data-element_type=\"container\">\n\t\t\t\t<div class=\"elementor-element elementor-element-d63599b elementor-widget elementor-widget-spacer\" data-id=\"d63599b\" data-element_type=\"widget\" data-widget_type=\"spacer.default\">\n\t\t\t\t<div class=\"elementor-widget-container\">\n\t\t\t\t\t\t\t<div class=\"elementor-spacer\">\n\t\t\t<div class=\"elementor-spacer-inner\"><\/div>\n\t\t<\/div>\n\t\t\t\t\t\t<\/div>\n\t\t\t\t<\/div>\n\t\t\t\t<\/div>\n\t\t\t\t<\/div>","protected":false},"excerpt":{"rendered":"<p>Obtenir votre historique d'\u00e9coute Apple Music Si vous \u00eates abonn\u00e9 \u00e0 Apple Music, suivez les \u00e9tapes ci-dessous. Si vous avez des questions ou des probl\u00e8mes techniques, \u00e9crivez-nous un message ! 1. Connectez-vous avec votre identifiant Apple ID 1. Utilisez ce lien pour acc\u00e9der au tableau de bord de confidentialit\u00e9 des donn\u00e9es d'Apple : https:\/\/privacy.apple.com\/ 2. Connectez-vous avec votre identifiant Apple. 2. [...]<\/p>","protected":false},"author":2,"featured_media":0,"parent":0,"menu_order":0,"comment_status":"closed","ping_status":"closed","template":"","meta":{"_acf_changed":false,"footnotes":""},"class_list":["post-1478","page","type-page","status-publish","hentry"],"acf":[],"_links":{"self":[{"href":"https:\/\/portal.fairmuse.eu\/fr\/wp-json\/wp\/v2\/pages\/1478","targetHints":{"allow":["GET"]}}],"collection":[{"href":"https:\/\/portal.fairmuse.eu\/fr\/wp-json\/wp\/v2\/pages"}],"about":[{"href":"https:\/\/portal.fairmuse.eu\/fr\/wp-json\/wp\/v2\/types\/page"}],"author":[{"embeddable":true,"href":"https:\/\/portal.fairmuse.eu\/fr\/wp-json\/wp\/v2\/users\/2"}],"replies":[{"embeddable":true,"href":"https:\/\/portal.fairmuse.eu\/fr\/wp-json\/wp\/v2\/comments?post=1478"}],"version-history":[{"count":276,"href":"https:\/\/portal.fairmuse.eu\/fr\/wp-json\/wp\/v2\/pages\/1478\/revisions"}],"predecessor-version":[{"id":8537,"href":"https:\/\/portal.fairmuse.eu\/fr\/wp-json\/wp\/v2\/pages\/1478\/revisions\/8537"}],"wp:attachment":[{"href":"https:\/\/portal.fairmuse.eu\/fr\/wp-json\/wp\/v2\/media?parent=1478"}],"curies":[{"name":"wp","href":"https:\/\/api.w.org\/{rel}","templated":true}]}}