{"id":1584,"date":"2023-11-09T10:59:44","date_gmt":"2023-11-09T09:59:44","guid":{"rendered":"https:\/\/portal.fairmuse.eu\/?page_id=1584"},"modified":"2024-08-14T11:00:43","modified_gmt":"2024-08-14T09:00:43","slug":"instructions-youtube","status":"publish","type":"page","link":"https:\/\/portal.fairmuse.eu\/fr\/instructions-youtube\/","title":{"rendered":"Instructions sur YouTube"},"content":{"rendered":"<div data-elementor-type=\"wp-page\" data-elementor-id=\"1584\" class=\"elementor elementor-1584\" data-elementor-post-type=\"page\">\n\t\t\t\t<div class=\"elementor-element elementor-element-d0b8a49 e-flex e-con-boxed e-con e-parent\" data-id=\"d0b8a49\" data-element_type=\"container\">\n\t\t\t\t\t<div class=\"e-con-inner\">\n\t\t\t\t<div class=\"elementor-element elementor-element-9969cf3 elementor-widget elementor-widget-spacer\" data-id=\"9969cf3\" data-element_type=\"widget\" data-widget_type=\"spacer.default\">\n\t\t\t\t<div class=\"elementor-widget-container\">\n\t\t\t\t\t\t\t<div class=\"elementor-spacer\">\n\t\t\t<div class=\"elementor-spacer-inner\"><\/div>\n\t\t<\/div>\n\t\t\t\t\t\t<\/div>\n\t\t\t\t<\/div>\n\t\t\t\t\t<\/div>\n\t\t\t\t<\/div>\n\t\t<div class=\"elementor-element elementor-element-c74fc39 e-flex e-con-boxed e-con e-parent\" data-id=\"c74fc39\" data-element_type=\"container\">\n\t\t\t\t\t<div class=\"e-con-inner\">\n\t\t<div class=\"elementor-element elementor-element-a91330d e-con-full e-flex e-con e-child\" data-id=\"a91330d\" data-element_type=\"container\">\n\t\t\t\t<div class=\"elementor-element elementor-element-6cb9660 elementor-widget__width-initial elementor-widget elementor-widget-image\" data-id=\"6cb9660\" data-element_type=\"widget\" data-widget_type=\"image.default\">\n\t\t\t\t<div class=\"elementor-widget-container\">\n\t\t\t\t\t\t\t\t\t\t\t\t\t\t\t<img decoding=\"async\" width=\"150\" height=\"150\" src=\"https:\/\/portal.fairmuse.eu\/wp-content\/uploads\/2023\/11\/datashare-icon-150x150.png\" class=\"attachment-thumbnail size-thumbnail wp-image-1850\" alt=\"Portail FairMusE\" srcset=\"https:\/\/portal.fairmuse.eu\/wp-content\/uploads\/2023\/11\/datashare-icon-150x150.png 150w, https:\/\/portal.fairmuse.eu\/wp-content\/uploads\/2023\/11\/datashare-icon-300x300.png 300w, https:\/\/portal.fairmuse.eu\/wp-content\/uploads\/2023\/11\/datashare-icon-1024x1024.png 1024w, https:\/\/portal.fairmuse.eu\/wp-content\/uploads\/2023\/11\/datashare-icon-768x768.png 768w, https:\/\/portal.fairmuse.eu\/wp-content\/uploads\/2023\/11\/datashare-icon-1536x1536.png 1536w, https:\/\/portal.fairmuse.eu\/wp-content\/uploads\/2023\/11\/datashare-icon.png 1653w\" sizes=\"(max-width: 150px) 100vw, 150px\" \/>\t\t\t\t\t\t\t\t\t\t\t\t\t\t\t<\/div>\n\t\t\t\t<\/div>\n\t\t\t\t<\/div>\n\t\t<div class=\"elementor-element elementor-element-31082fe e-con-full e-flex e-con e-child\" data-id=\"31082fe\" data-element_type=\"container\" data-settings=\"{&quot;background_background&quot;:&quot;classic&quot;}\">\n\t\t\t\t<div class=\"elementor-element elementor-element-e8c1556 elementor-widget__width-initial elementor-widget elementor-widget-heading\" data-id=\"e8c1556\" data-element_type=\"widget\" data-widget_type=\"heading.default\">\n\t\t\t\t<div class=\"elementor-widget-container\">\n\t\t\t\t\t<h2 class=\"elementor-heading-title elementor-size-default\">Obtenez l'historique de vos \u00e9coutes sur YouTube<\/h2>\t\t\t\t<\/div>\n\t\t\t\t<\/div>\n\t\t\t\t<\/div>\n\t\t\t\t\t<\/div>\n\t\t\t\t<\/div>\n\t\t<div class=\"elementor-element elementor-element-1723de2 e-con-full e-flex e-con e-parent\" data-id=\"1723de2\" data-element_type=\"container\">\n\t\t<div class=\"elementor-element elementor-element-db4e473 e-con-full e-flex e-con e-child\" data-id=\"db4e473\" data-element_type=\"container\">\n\t\t\t\t<div class=\"elementor-element elementor-element-5cb2397 elementor-widget elementor-widget-text-editor\" data-id=\"5cb2397\" data-element_type=\"widget\" data-widget_type=\"text-editor.default\">\n\t\t\t\t<div class=\"elementor-widget-container\">\n\t\t\t\t\t\t\t\t\t<p>Si vous payez pour un abonnement YouTube Music ou que vous \u00e9coutez de la musique sur YouTube, suivez les \u00e9tapes ci-dessous <span style=\"font-family: var( --e-global-typography-text-font-family ), Sans-serif; font-size: var( --e-global-typography-text-font-size ); font-style: var( --e-global-typography-text-font-style ); letter-spacing: var( --e-global-typography-text-letter-spacing ); text-transform: var( --e-global-typography-text-text-transform ); word-spacing: var( --e-global-typography-text-word-spacing ); text-decoration: var( --e-global-typography-text-text-decoration ); text-align: var(--text-align);\">.<\/span><\/p><p><span style=\"letter-spacing: -0.8px; font-family: var( --e-global-typography-text-font-family ), Sans-serif; font-size: var( --e-global-typography-text-font-size ); font-style: var( --e-global-typography-text-font-style ); text-transform: var( --e-global-typography-text-text-transform ); word-spacing: var( --e-global-typography-text-word-spacing ); text-decoration: var( --e-global-typography-text-text-decoration ); text-align: var(--text-align);\">Si vous avez des questions ou des probl\u00e8mes techniques, <\/span><a style=\"letter-spacing: -0.8px; text-align: var(--text-align); color: #000000; text-decoration: underline;\" href=\"https:\/\/portal.fairmuse.eu\/fr\/contact-fr\/\">\u00e9crivez-nous un message !<\/a><\/p>\t\t\t\t\t\t\t\t<\/div>\n\t\t\t\t<\/div>\n\t\t\t\t<div class=\"elementor-element elementor-element-891adbf elementor-widget__width-initial elementor-widget elementor-widget-eael-adv-accordion\" data-id=\"891adbf\" data-element_type=\"widget\" data-widget_type=\"eael-adv-accordion.default\">\n\t\t\t\t<div class=\"elementor-widget-container\">\n\t\t\t\t\t        <div class=\"eael-adv-accordion\" id=\"eael-adv-accordion-891adbf\" data-scroll-on-click=\"no\" data-scroll-speed=\"300\" data-accordion-id=\"891adbf\" data-accordion-type=\"accordion\" data-toogle-speed=\"300\">\n    <div class=\"eael-accordion-list\">\n                <div id=\"1-log-in-to-or-access-google-takeout\" class=\"elementor-tab-title eael-accordion-header active-default\" tabindex=\"0\" data-tab=\"1\" aria-controls=\"elementor-tab-content-1431\"><p class=\"eael-accordion-tab-title\">1. Connectez-vous pour acc\u00e9der \u00e0 Google Takeout<\/p><i aria-hidden=\"true\" class=\"fa-toggle fas fa-arrow-right\"><\/i><\/div><div id=\"elementor-tab-content-1431\" class=\"eael-accordion-content clearfix active-default\" data-tab=\"1\" aria-labelledby=\"1-log-in-to-or-access-google-takeout\"><p>Google est la soci\u00e9t\u00e9 m\u00e8re de YouTube. Pour acc\u00e9der \u00e0 vos donn\u00e9es YouTube Music, vous devez en faire la demande aupr\u00e8s de Google. Voici comment proc\u00e9der :<\/p><table bgcolor=\"ffffff\"><tbody><tr><td style=\"background-color: #ffffff; border: 0;\"><p>1. Utilisez <span style=\"color: black;\">ce lien<\/span> pour acc\u00e9der \u00e0 l'aper\u00e7u des donn\u00e9es de votre compte :<\/p><p><span style=\"text-decoration: underline;\"><span style=\"color: #000000;\"><a style=\"color: #000000; text-decoration: underline;\" href=\"https:\/\/takeout.google.com\/\" target=\"_blank\" rel=\"noopener\">https:\/\/takeout.google.com\/<\/a><\/span><\/span><\/p><p>\u00a0<\/p><p>2. Connectez-vous \u00e0 votre compte Google.<\/p><p>Si vous avez plus d'un compte, s\u00e9lectionnez celui que vous utilisez principalement pour YouTube.<\/p><p>\u00a0<\/p><p>3. Pour demander vos donn\u00e9es, suivez l'\u00e9tape suivante.<\/p><\/td><\/tr><tr><td style=\"background-color: #ffffff; border: 0;\"><img fetchpriority=\"high\" decoding=\"async\" class=\"wp-image-1597 aligncenter\" src=\"https:\/\/portal.fairmuse.eu\/wp-content\/uploads\/2023\/11\/Step-1-YT.png\" alt=\"\" width=\"600\" height=\"619\" srcset=\"https:\/\/portal.fairmuse.eu\/wp-content\/uploads\/2023\/11\/Step-1-YT.png 900w, https:\/\/portal.fairmuse.eu\/wp-content\/uploads\/2023\/11\/Step-1-YT-291x300.png 291w, https:\/\/portal.fairmuse.eu\/wp-content\/uploads\/2023\/11\/Step-1-YT-768x792.png 768w\" sizes=\"(max-width: 600px) 100vw, 600px\" \/><\/td><\/tr><\/tbody><\/table><\/div>\n                <\/div><div class=\"eael-accordion-list\">\n                <div id=\"2-request-your-youtube-data\" class=\"elementor-tab-title eael-accordion-header\" tabindex=\"0\" data-tab=\"2\" aria-controls=\"elementor-tab-content-1432\"><p class=\"eael-accordion-tab-title\">2. Demandez vos donn\u00e9es YouTube<\/p><i aria-hidden=\"true\" class=\"fa-toggle fas fa-arrow-right\"><\/i><\/div><div id=\"elementor-tab-content-1432\" class=\"eael-accordion-content clearfix\" data-tab=\"2\" aria-labelledby=\"2-request-your-youtube-data\"><p style=\"text-align: left;\">Exportez une copie de vos donn\u00e9es YouTube Music.<\/p><table bgcolor=\"ffffff\"><tbody><tr><td style=\"background-color: #ffffff; border: 0;\"><p>1. Cliquez sur \"D\u00e9s\u00e9lectionner tout\" - sinon vous obtiendrez toutes vos donn\u00e9es Google.<\/p><p>\u00a0<\/p><p>2. Faites d\u00e9filer l'\u00e9cran jusqu'en bas et s\u00e9lectionnez \"YouTube et YouTube Music\".<\/p><p>\u00a0<\/p><p>3. Appuyez sur l'option \"Formats multiples\", faites d\u00e9filer jusqu'\u00e0 \"Historique\" et choisissez le format \"JSON\".<\/p><p>\u00a0<\/p><p>4. Confirmez qu'un seul service de Google est s\u00e9lectionn\u00e9 et passez \u00e0 l'\u00e9tape suivante.<\/p><\/td><\/tr><tr><td style=\"background-color: #ffffff; border: 0;\"><img decoding=\"async\" class=\"wp-image-1612 size-large aligncenter\" src=\"https:\/\/portal.fairmuse.eu\/wp-content\/uploads\/2023\/11\/Step-2.1-YT-1024x941.png\" alt=\"\" width=\"800\" height=\"735\" srcset=\"https:\/\/portal.fairmuse.eu\/wp-content\/uploads\/2023\/11\/Step-2.1-YT-1024x941.png 1024w, https:\/\/portal.fairmuse.eu\/wp-content\/uploads\/2023\/11\/Step-2.1-YT-300x276.png 300w, https:\/\/portal.fairmuse.eu\/wp-content\/uploads\/2023\/11\/Step-2.1-YT-768x706.png 768w, https:\/\/portal.fairmuse.eu\/wp-content\/uploads\/2023\/11\/Step-2.1-YT.png 1390w\" sizes=\"(max-width: 800px) 100vw, 800px\" \/><\/td><\/tr><tr><td style=\"background-color: #ffffff; border: 0;\"><img loading=\"lazy\" decoding=\"async\" class=\"wp-image-1613 aligncenter\" src=\"https:\/\/portal.fairmuse.eu\/wp-content\/uploads\/2023\/11\/Step-2.5-YT.png\" alt=\"\" width=\"1100\" height=\"397\" srcset=\"https:\/\/portal.fairmuse.eu\/wp-content\/uploads\/2023\/11\/Step-2.5-YT.png 1346w, https:\/\/portal.fairmuse.eu\/wp-content\/uploads\/2023\/11\/Step-2.5-YT-300x108.png 300w, https:\/\/portal.fairmuse.eu\/wp-content\/uploads\/2023\/11\/Step-2.5-YT-1024x370.png 1024w, https:\/\/portal.fairmuse.eu\/wp-content\/uploads\/2023\/11\/Step-2.5-YT-768x277.png 768w\" sizes=\"(max-width: 1100px) 100vw, 1100px\" \/><\/td><\/tr><\/tbody><\/table><\/div>\n                <\/div><div class=\"eael-accordion-list\">\n                <div id=\"3-confirm-your-request\" class=\"elementor-tab-title eael-accordion-header\" tabindex=\"0\" data-tab=\"3\" aria-controls=\"elementor-tab-content-1433\"><p class=\"eael-accordion-tab-title\">3. Confirmez votre demande<\/p><i aria-hidden=\"true\" class=\"fa-toggle fas fa-arrow-right\"><\/i><\/div><div id=\"elementor-tab-content-1433\" class=\"eael-accordion-content clearfix\" data-tab=\"3\" aria-labelledby=\"3-confirm-your-request\"><p>Choisissez le type de fichier, la fr\u00e9quence et la destination.<\/p><table bgcolor=\"ffffff\"><tbody><tr><td style=\"background-color: #ffffff; border: 0;\"><p>1. Les options par d\u00e9faut suffisent et doivent comprendre les \u00e9l\u00e9ments suivants :<\/p><p>- Envoyer le t\u00e9l\u00e9chargement par courrier \u00e9lectronique<\/p><p>- Exporter une fois<\/p><p>- Type de fichier .zip<\/p><p>- Taille du fichier : 2GB<\/p><p>\u00a0<\/p><p>2. Confirmez l'exportation.<\/p><p>\u00a0<\/p><p>3. Attendez maintenant que vos donn\u00e9es soient pr\u00eates \u00e0 \u00eatre t\u00e9l\u00e9charg\u00e9es.<\/p><p>Vous recevrez un e-mail de Google lorsque vos donn\u00e9es seront pr\u00eates \u00e0 \u00eatre t\u00e9l\u00e9charg\u00e9es.<\/p><p>Cela se produira le m\u00eame jour ou jusqu\u2019\u00e0 une semaine en fonction de la taille du fichier. Le fichier .zip sera disponible en t\u00e9l\u00e9chargement pendant une semaine.<\/p><p>Si vous souhaitez un rappel pour t\u00e9l\u00e9charger vos donn\u00e9es, veuillez cliquer sur le lien suivant :<\/p><p><span style=\"text-decoration: underline;\"><span style=\"color: #000000;\"><a style=\"color: #000000; text-decoration: underline;\" href=\"https:\/\/portal.fairmuse.eu\/fr\/rappel\/\" target=\"_blank\" rel=\"noopener\">https:\/\/portal.fairmuse.eu\/reminder\/<\/a><\/span><\/span><\/p><p>C'est tout pour l'instant. Merci d'avoir demand\u00e9 vos donn\u00e9es. Vous pouvez fermer cette page et revenir lorsque vous aurez re\u00e7u votre e-mail.<\/p><\/td><\/tr><tr><td style=\"background-color: #ffffff; border: 0;\"><img loading=\"lazy\" decoding=\"async\" class=\"wp-image-1618 size-full aligncenter\" src=\"https:\/\/portal.fairmuse.eu\/wp-content\/uploads\/2023\/11\/Step-3-YT.png\" alt=\"\" width=\"974\" height=\"1504\" srcset=\"https:\/\/portal.fairmuse.eu\/wp-content\/uploads\/2023\/11\/Step-3-YT.png 974w, https:\/\/portal.fairmuse.eu\/wp-content\/uploads\/2023\/11\/Step-3-YT-194x300.png 194w, https:\/\/portal.fairmuse.eu\/wp-content\/uploads\/2023\/11\/Step-3-YT-663x1024.png 663w, https:\/\/portal.fairmuse.eu\/wp-content\/uploads\/2023\/11\/Step-3-YT-768x1186.png 768w\" sizes=\"(max-width: 974px) 100vw, 974px\" \/><\/td><\/tr><\/tbody><\/table><\/div>\n                <\/div><div class=\"eael-accordion-list\">\n                <div id=\"4-download-your-youtube-data\" class=\"elementor-tab-title eael-accordion-header\" tabindex=\"0\" data-tab=\"4\" aria-controls=\"elementor-tab-content-1434\"><p class=\"eael-accordion-tab-title\">4. T\u00e9l\u00e9chargez vos donn\u00e9es YouTube<\/p><i aria-hidden=\"true\" class=\"fa-toggle fas fa-arrow-right\"><\/i><\/div><div id=\"elementor-tab-content-1434\" class=\"eael-accordion-content clearfix\" data-tab=\"4\" aria-labelledby=\"4-download-your-youtube-data\"><p>Ouvrez l'e-mail de Google intitul\u00e9 \"Vos donn\u00e9es Google sont pr\u00eates \u00e0 \u00eatre t\u00e9l\u00e9charg\u00e9es\".<\/p><table bgcolor=\"ffffff\"><tbody><tr><td style=\"background-color: #ffffff; border: 0;\"><p>Cliquez sur \"T\u00e9l\u00e9charger vos fichiers\" et enregistrez-les \u00e0 l'endroit de votre choix sur votre ordinateur.<\/p><p>(Le dossier T\u00e9l\u00e9chargements est l'emplacement habituel par d\u00e9faut)<\/p><\/td><\/tr><tr><td style=\"background-color: #ffffff; border: 0;\"><img loading=\"lazy\" decoding=\"async\" class=\"wp-image-1623 size-full aligncenter\" src=\"https:\/\/portal.fairmuse.eu\/wp-content\/uploads\/2023\/11\/Step-5-YT.png\" alt=\"\" width=\"830\" height=\"664\" srcset=\"https:\/\/portal.fairmuse.eu\/wp-content\/uploads\/2023\/11\/Step-5-YT.png 830w, https:\/\/portal.fairmuse.eu\/wp-content\/uploads\/2023\/11\/Step-5-YT-300x240.png 300w, https:\/\/portal.fairmuse.eu\/wp-content\/uploads\/2023\/11\/Step-5-YT-768x614.png 768w\" sizes=\"(max-width: 830px) 100vw, 830px\" \/><\/td><\/tr><\/tbody><\/table><\/div>\n                <\/div><div class=\"eael-accordion-list\">\n                <div id=\"5-upload-your-youtube-data\" class=\"elementor-tab-title eael-accordion-header\" tabindex=\"0\" data-tab=\"5\" aria-controls=\"elementor-tab-content-1435\"><p class=\"eael-accordion-tab-title\">5. Transmettez vos donn\u00e9es YouTube<\/p><i aria-hidden=\"true\" class=\"fa-toggle fas fa-arrow-right\"><\/i><\/div><div id=\"elementor-tab-content-1435\" class=\"eael-accordion-content clearfix\" data-tab=\"5\" aria-labelledby=\"5-upload-your-youtube-data\"><p style=\"text-align: center;\">Trouvez l\u2019emplacement sur votre ordinateur o\u00f9 vous avez enregistr\u00e9 les donn\u00e9es (il s\u2019agira probablement du dossier T\u00e9l\u00e9chargements).<\/p><p style=\"text-align: center;\">Vous pouvez rechercher le fichier appel\u00e9 \"takeout-currentdate.zip\".<\/p><p>\u00a0<\/p><p style=\"text-align: center;\">Nous filtrons et supprimons toutes les donn\u00e9es qui ne concernent pas vos habitudes d'\u00e9coute de musique.<\/p><p style=\"text-align: center;\">Appuyez sur le bouton ci-dessous pour transmettre vos donn\u00e9es musicales.<\/p><p style=\"text-align: center;\">*Veuillez noter que le fichier ne peut \u00eatre plus grand que 128MB. Si c'est le cas, supprimez toutes les vid\u00e9os et r\u00e9-zippez le fichier.\u00a0\u00a0<\/p><p style=\"text-align: center;\">Merci d'avoir compl\u00e9t\u00e9 le processus de demande de donn\u00e9es !<\/p><\/div>\n                <\/div><\/div>\t\t\t\t<\/div>\n\t\t\t\t<\/div>\n\t\t\t\t<div class=\"elementor-element elementor-element-0dfca5b elementor-align-center elementor-widget elementor-widget-button\" data-id=\"0dfca5b\" data-element_type=\"widget\" data-widget_type=\"button.default\">\n\t\t\t\t<div class=\"elementor-widget-container\">\n\t\t\t\t\t\t\t\t\t<div class=\"elementor-button-wrapper\">\n\t\t\t\t\t<a class=\"elementor-button elementor-button-link elementor-size-sm\" href=\"https:\/\/portal.fairmuse.eu\/fr\/telecharger\/\" target=\"_blank\">\n\t\t\t\t\t\t<span class=\"elementor-button-content-wrapper\">\n\t\t\t\t\t\t\t\t\t<span class=\"elementor-button-text\">Transmettez vos donn\u00e9es<\/span>\n\t\t\t\t\t<\/span>\n\t\t\t\t\t<\/a>\n\t\t\t\t<\/div>\n\t\t\t\t\t\t\t\t<\/div>\n\t\t\t\t<\/div>\n\t\t\t\t<\/div>\n\t\t\t\t<\/div>\n\t\t<div class=\"elementor-element elementor-element-3c5d548 e-con-full e-flex e-con e-parent\" data-id=\"3c5d548\" data-element_type=\"container\">\n\t\t\t\t<div class=\"elementor-element elementor-element-d63599b elementor-widget elementor-widget-spacer\" data-id=\"d63599b\" data-element_type=\"widget\" data-widget_type=\"spacer.default\">\n\t\t\t\t<div class=\"elementor-widget-container\">\n\t\t\t\t\t\t\t<div class=\"elementor-spacer\">\n\t\t\t<div class=\"elementor-spacer-inner\"><\/div>\n\t\t<\/div>\n\t\t\t\t\t\t<\/div>\n\t\t\t\t<\/div>\n\t\t\t\t<\/div>\n\t\t\t\t<\/div>","protected":false},"excerpt":{"rendered":"<p>Obtenir l'historique de vos \u00e9coutes sur YouTube Si vous payez un abonnement \u00e0 YouTube Music ou si vous utilisez YouTube pour \u00e9couter de la musique, suivez les \u00e9tapes ci-dessous. Si vous avez des questions ou des probl\u00e8mes techniques, \u00e9crivez-nous un message ! 1. Connectez-vous ou acc\u00e9dez \u00e0 Google Takeout Google est la soci\u00e9t\u00e9 m\u00e8re de YouTube. Pour acc\u00e9der \u00e0 vos donn\u00e9es YouTube Music [...]<\/p>","protected":false},"author":2,"featured_media":0,"parent":0,"menu_order":0,"comment_status":"closed","ping_status":"closed","template":"","meta":{"_acf_changed":false,"footnotes":""},"class_list":["post-1584","page","type-page","status-publish","hentry"],"acf":[],"_links":{"self":[{"href":"https:\/\/portal.fairmuse.eu\/fr\/wp-json\/wp\/v2\/pages\/1584","targetHints":{"allow":["GET"]}}],"collection":[{"href":"https:\/\/portal.fairmuse.eu\/fr\/wp-json\/wp\/v2\/pages"}],"about":[{"href":"https:\/\/portal.fairmuse.eu\/fr\/wp-json\/wp\/v2\/types\/page"}],"author":[{"embeddable":true,"href":"https:\/\/portal.fairmuse.eu\/fr\/wp-json\/wp\/v2\/users\/2"}],"replies":[{"embeddable":true,"href":"https:\/\/portal.fairmuse.eu\/fr\/wp-json\/wp\/v2\/comments?post=1584"}],"version-history":[{"count":223,"href":"https:\/\/portal.fairmuse.eu\/fr\/wp-json\/wp\/v2\/pages\/1584\/revisions"}],"predecessor-version":[{"id":9099,"href":"https:\/\/portal.fairmuse.eu\/fr\/wp-json\/wp\/v2\/pages\/1584\/revisions\/9099"}],"wp:attachment":[{"href":"https:\/\/portal.fairmuse.eu\/fr\/wp-json\/wp\/v2\/media?parent=1584"}],"curies":[{"name":"wp","href":"https:\/\/api.w.org\/{rel}","templated":true}]}}