{"id":2848,"date":"2023-12-14T13:54:57","date_gmt":"2023-12-14T12:54:57","guid":{"rendered":"https:\/\/portal.fairmuse.eu\/?page_id=2848"},"modified":"2024-12-03T09:25:29","modified_gmt":"2024-12-03T08:25:29","slug":"profil-de-remplissage","status":"publish","type":"page","link":"https:\/\/portal.fairmuse.eu\/fr\/profil-de-remplissage\/","title":{"rendered":"Profile Fill"},"content":{"rendered":"<div data-elementor-type=\"wp-page\" data-elementor-id=\"2848\" class=\"elementor elementor-2848\" data-elementor-post-type=\"page\">\n\t\t\t\t<div class=\"elementor-element elementor-element-29d5d87 e-flex e-con-boxed e-con e-parent\" data-id=\"29d5d87\" data-element_type=\"container\">\n\t\t\t\t\t<div class=\"e-con-inner\">\n\t\t\t\t<div class=\"elementor-element elementor-element-8cc7c8b elementor-widget elementor-widget-spacer\" data-id=\"8cc7c8b\" data-element_type=\"widget\" data-widget_type=\"spacer.default\">\n\t\t\t\t<div class=\"elementor-widget-container\">\n\t\t\t\t\t\t\t<div class=\"elementor-spacer\">\n\t\t\t<div class=\"elementor-spacer-inner\"><\/div>\n\t\t<\/div>\n\t\t\t\t\t\t<\/div>\n\t\t\t\t<\/div>\n\t\t\t\t\t<\/div>\n\t\t\t\t<\/div>\n\t\t<div class=\"elementor-element elementor-element-949b990 e-flex e-con-boxed e-con e-parent\" data-id=\"949b990\" data-element_type=\"container\">\n\t\t\t\t\t<div class=\"e-con-inner\">\n\t\t\t\t<div class=\"elementor-element elementor-element-44dd9fe elementor-widget__width-initial elementor-widget elementor-widget-heading\" data-id=\"44dd9fe\" data-element_type=\"widget\" data-widget_type=\"heading.default\">\n\t\t\t\t<div class=\"elementor-widget-container\">\n\t\t\t\t\t<h2 class=\"elementor-heading-title elementor-size-default\">Votre profil<\/h2>\t\t\t\t<\/div>\n\t\t\t\t<\/div>\n\t\t\t\t<div class=\"elementor-element elementor-element-5620ef5 elementor-widget__width-initial elementor-widget elementor-widget-text-editor\" data-id=\"5620ef5\" data-element_type=\"widget\" data-widget_type=\"text-editor.default\">\n\t\t\t\t<div class=\"elementor-widget-container\">\n\t\t\t\t\t\t\t\t\t<p>Merci de vous \u00eatre inscrit au portail Fair MusE !\u00a0<\/p><p>Le projet de recherche Fair Muse est ax\u00e9 sur la diversit\u00e9. Il vise donc \u00e0 accueillir des utilisateurs de diff\u00e9rents pays europ\u00e9ens, d'\u00e2ges et de sexes diff\u00e9rents. C'est pourquoi nous vous demandons de nous indiquer votre lieu de r\u00e9sidence, votre \u00e2ge et le sexe auquel vous vous identifiez.<\/p><p>N'h\u00e9sitez pas \u00e0 le modifier \u00e0 tout moment !<\/p>\t\t\t\t\t\t\t\t<\/div>\n\t\t\t\t<\/div>\n\t\t\t\t<div class=\"elementor-element elementor-element-89438c0 elementor-widget elementor-widget-spacer\" data-id=\"89438c0\" data-element_type=\"widget\" data-widget_type=\"spacer.default\">\n\t\t\t\t<div class=\"elementor-widget-container\">\n\t\t\t\t\t\t\t<div class=\"elementor-spacer\">\n\t\t\t<div class=\"elementor-spacer-inner\"><\/div>\n\t\t<\/div>\n\t\t\t\t\t\t<\/div>\n\t\t\t\t<\/div>\n\t\t\t\t\t<\/div>\n\t\t\t\t<\/div>\n\t\t\t\t<\/div>","protected":false},"excerpt":{"rendered":"<p>Votre profil Merci de vous \u00eatre inscrit au portail Fair MusE !  Le projet de recherche Fair Muse est ax\u00e9 sur la diversit\u00e9. Il vise donc \u00e0 accueillir des utilisateurs de diff\u00e9rents pays europ\u00e9ens, d'\u00e2ges et de sexes diff\u00e9rents. C'est pourquoi nous vous demandons de nous indiquer votre lieu de r\u00e9sidence, votre \u00e2ge et le sexe auquel vous vous identifiez. Sentez-vous [...]<\/p>","protected":false},"author":2,"featured_media":0,"parent":0,"menu_order":0,"comment_status":"closed","ping_status":"closed","template":"","meta":{"_acf_changed":false,"footnotes":""},"class_list":["post-2848","page","type-page","status-publish","hentry"],"acf":[],"_links":{"self":[{"href":"https:\/\/portal.fairmuse.eu\/fr\/wp-json\/wp\/v2\/pages\/2848","targetHints":{"allow":["GET"]}}],"collection":[{"href":"https:\/\/portal.fairmuse.eu\/fr\/wp-json\/wp\/v2\/pages"}],"about":[{"href":"https:\/\/portal.fairmuse.eu\/fr\/wp-json\/wp\/v2\/types\/page"}],"author":[{"embeddable":true,"href":"https:\/\/portal.fairmuse.eu\/fr\/wp-json\/wp\/v2\/users\/2"}],"replies":[{"embeddable":true,"href":"https:\/\/portal.fairmuse.eu\/fr\/wp-json\/wp\/v2\/comments?post=2848"}],"version-history":[{"count":52,"href":"https:\/\/portal.fairmuse.eu\/fr\/wp-json\/wp\/v2\/pages\/2848\/revisions"}],"predecessor-version":[{"id":10298,"href":"https:\/\/portal.fairmuse.eu\/fr\/wp-json\/wp\/v2\/pages\/2848\/revisions\/10298"}],"wp:attachment":[{"href":"https:\/\/portal.fairmuse.eu\/fr\/wp-json\/wp\/v2\/media?parent=2848"}],"curies":[{"name":"wp","href":"https:\/\/api.w.org\/{rel}","templated":true}]}}