{"id":5922,"date":"2024-02-19T12:37:58","date_gmt":"2024-02-19T11:37:58","guid":{"rendered":"https:\/\/portal.fairmuse.eu\/?page_id=5922"},"modified":"2025-05-22T11:23:06","modified_gmt":"2025-05-22T09:23:06","slug":"rappel","status":"publish","type":"page","link":"https:\/\/portal.fairmuse.eu\/fr\/rappel\/","title":{"rendered":"Rappel"},"content":{"rendered":"<div data-elementor-type=\"wp-page\" data-elementor-id=\"5922\" class=\"elementor elementor-5922\" data-elementor-post-type=\"page\">\n\t\t\t\t<div class=\"elementor-element elementor-element-2e27a87 e-flex e-con-boxed e-con e-parent\" data-id=\"2e27a87\" data-element_type=\"container\">\n\t\t\t\t\t<div class=\"e-con-inner\">\n\t\t\t\t<div class=\"elementor-element elementor-element-337a7a8 elementor-widget elementor-widget-spacer\" data-id=\"337a7a8\" data-element_type=\"widget\" data-widget_type=\"spacer.default\">\n\t\t\t\t<div class=\"elementor-widget-container\">\n\t\t\t\t\t\t\t<div class=\"elementor-spacer\">\n\t\t\t<div class=\"elementor-spacer-inner\"><\/div>\n\t\t<\/div>\n\t\t\t\t\t\t<\/div>\n\t\t\t\t<\/div>\n\t\t\t\t<div class=\"elementor-element elementor-element-a46ad03 elementor-widget__width-initial elementor-widget elementor-widget-heading\" data-id=\"a46ad03\" data-element_type=\"widget\" data-widget_type=\"heading.default\">\n\t\t\t\t<div class=\"elementor-widget-container\">\n\t\t\t\t\t<h2 class=\"elementor-heading-title elementor-size-default\">E-mails de rappel<\/h2>\t\t\t\t<\/div>\n\t\t\t\t<\/div>\n\t\t\t\t<div class=\"elementor-element elementor-element-ce816c8 elementor-widget__width-initial elementor-widget elementor-widget-text-editor\" data-id=\"ce816c8\" data-element_type=\"widget\" data-widget_type=\"text-editor.default\">\n\t\t\t\t<div class=\"elementor-widget-container\">\n\t\t\t\t\t\t\t\t\t<p style=\"text-align: center;\">Merci de vouloir contribuer \u00e0 notre recherche en nous fournissant vos donn\u00e9es de streaming musical\u2009!<\/p><p dir=\"ltr\" style=\"text-align: left;\">Lorsque vous avez demand\u00e9 vos donn\u00e9es \u00e0 votre service de streaming, il peut s\u2019\u00e9couler un certain temps avant que vous puissiez les t\u00e9l\u00e9charger. Elles seront fournies sous la forme d\u2019un ou de plusieurs fichiers .zip. Les fichiers .zip sont des fichiers compress\u00e9s qui occupent moins d\u2019espace.\u00a0<\/p><p dir=\"ltr\" style=\"text-align: left;\">Veuillez s\u00e9lectionner le service de streaming \u00e0 partir duquel vous avez demand\u00e9 des donn\u00e9es et remplir votre adresse e-mail afin que nous puissions vous rappeler de v\u00e9rifier votre bo\u00eete de r\u00e9ception ou votre dossier spam. Selon les plateformes de streaming, votre fichier .zip de donn\u00e9es peut prendre jusqu\u2019\u00e0 un mois pour \u00eatre pr\u00eat.<\/p>\t\t\t\t\t\t\t\t<\/div>\n\t\t\t\t<\/div>\n\t\t\t\t<div class=\"elementor-element elementor-element-7a6ba7f elementor-button-align-center elementor-widget__width-initial elementor-widget elementor-widget-form\" data-id=\"7a6ba7f\" data-element_type=\"widget\" data-settings=\"{&quot;step_next_label&quot;:&quot;Next&quot;,&quot;step_previous_label&quot;:&quot;Previous&quot;,&quot;button_width&quot;:&quot;100&quot;,&quot;step_type&quot;:&quot;number_text&quot;,&quot;step_icon_shape&quot;:&quot;circle&quot;}\" data-widget_type=\"form.default\">\n\t\t\t\t<div class=\"elementor-widget-container\">\n\t\t\t\t\t\t\t<form class=\"elementor-form\" method=\"post\" name=\"Reminders\" action=\"\">\n\t\t\t<input type=\"hidden\" name=\"post_id\" value=\"5922\"\/>\n\t\t\t<input type=\"hidden\" name=\"form_id\" value=\"7a6ba7f\"\/>\n\t\t\t<input type=\"hidden\" name=\"referer_title\" value=\"\" \/>\n\n\t\t\t\n\t\t\t<div class=\"elementor-form-fields-wrapper elementor-labels-above\">\n\t\t\t\t\t\t\t\t<div class=\"elementor-field-type-select elementor-field-group elementor-column elementor-field-group-streaming_platform elementor-col-100\">\n\t\t\t\t\t\t\t\t\t\t\t\t<label for=\"form-field-streaming_platform\" class=\"elementor-field-label\">\n\t\t\t\t\t\t\t\tPlate-forme de streaming musical\t\t\t\t\t\t\t<\/label>\n\t\t\t\t\t\t\t\t<div class=\"elementor-field elementor-select-wrapper remove-before\">\n\t\t\t<div class=\"select-caret-down-wrapper\">\n\t\t\t\t<i aria-hidden=\"true\" class=\"eicon-caret-down\"><\/i>\t\t\t<\/div>\n\t\t\t<select name=\"form_fields[streaming_platform]\" id=\"form-field-streaming_platform\" class=\"elementor-field-textual elementor-size-sm\">\n\t\t\t\t\t\t\t\t\t<option value=\"Spotify\">Spotify<\/option>\n\t\t\t\t\t\t\t\t\t<option value=\"Apple Music\">Apple Music<\/option>\n\t\t\t\t\t\t\t\t\t<option value=\"YouTube Music\">YouTube Music<\/option>\n\t\t\t\t\t\t\t<\/select>\n\t\t<\/div>\n\t\t\t\t\t\t<\/div>\n\t\t\t\t\t\t\t\t<div class=\"elementor-field-type-email elementor-field-group elementor-column elementor-field-group-reminder_email elementor-col-100 elementor-field-required\">\n\t\t\t\t\t\t\t\t\t\t\t\t<label for=\"form-field-reminder_email\" class=\"elementor-field-label\">\n\t\t\t\t\t\t\t\tCourrier \u00e9lectronique\t\t\t\t\t\t\t<\/label>\n\t\t\t\t\t\t\t\t\t\t\t\t\t\t<input size=\"1\" type=\"email\" name=\"form_fields[reminder_email]\" id=\"form-field-reminder_email\" class=\"elementor-field elementor-size-sm  elementor-field-textual\" required=\"required\">\n\t\t\t\t\t\t\t\t\t\t\t<\/div>\n\t\t\t\t\t\t\t\t<div class=\"elementor-field-group elementor-column elementor-field-type-submit elementor-col-100 e-form__buttons\">\n\t\t\t\t\t<button class=\"elementor-button elementor-size-md\" type=\"submit\">\n\t\t\t\t\t\t<span class=\"elementor-button-content-wrapper\">\n\t\t\t\t\t\t\t\t\t\t\t\t\t\t\t\t\t\t\t\t\t\t<span class=\"elementor-button-text\">Envoyer<\/span>\n\t\t\t\t\t\t\t\t\t\t\t\t\t<\/span>\n\t\t\t\t\t<\/button>\n\t\t\t\t<\/div>\n\t\t\t<\/div>\n\t\t<input type=\"hidden\" name=\"trp-form-language\" value=\"fr\"\/><\/form>\n\t\t\t\t\t\t<\/div>\n\t\t\t\t<\/div>\n\t\t\t\t\t<\/div>\n\t\t\t\t<\/div>\n\t\t<div class=\"elementor-element elementor-element-55c5c76 e-flex e-con-boxed e-con e-parent\" data-id=\"55c5c76\" data-element_type=\"container\">\n\t\t\t\t\t<div class=\"e-con-inner\">\n\t\t\t\t<div class=\"elementor-element elementor-element-43d2961 elementor-widget elementor-widget-spacer\" data-id=\"43d2961\" data-element_type=\"widget\" data-widget_type=\"spacer.default\">\n\t\t\t\t<div class=\"elementor-widget-container\">\n\t\t\t\t\t\t\t<div class=\"elementor-spacer\">\n\t\t\t<div class=\"elementor-spacer-inner\"><\/div>\n\t\t<\/div>\n\t\t\t\t\t\t<\/div>\n\t\t\t\t<\/div>\n\t\t\t\t\t<\/div>\n\t\t\t\t<\/div>\n\t\t\t\t<\/div>","protected":false},"excerpt":{"rendered":"<p>E-mails de rappel Merci de vouloir aider notre recherche avec vos donn\u00e9es de streaming musical ! Lorsque vous avez demand\u00e9 vos donn\u00e9es \u00e0 votre service de streaming, il peut s'\u00e9couler un certain temps avant que vous puissiez les t\u00e9l\u00e9charger. Elles vous seront fournies sous la forme d'un ou plusieurs fichiers .zip. Les fichiers zip sont des fichiers compress\u00e9s qui prennent moins de place.  Veuillez [...]<\/p>","protected":false},"author":2,"featured_media":0,"parent":0,"menu_order":0,"comment_status":"closed","ping_status":"closed","template":"","meta":{"_acf_changed":false,"footnotes":""},"class_list":["post-5922","page","type-page","status-publish","hentry"],"acf":[],"_links":{"self":[{"href":"https:\/\/portal.fairmuse.eu\/fr\/wp-json\/wp\/v2\/pages\/5922","targetHints":{"allow":["GET"]}}],"collection":[{"href":"https:\/\/portal.fairmuse.eu\/fr\/wp-json\/wp\/v2\/pages"}],"about":[{"href":"https:\/\/portal.fairmuse.eu\/fr\/wp-json\/wp\/v2\/types\/page"}],"author":[{"embeddable":true,"href":"https:\/\/portal.fairmuse.eu\/fr\/wp-json\/wp\/v2\/users\/2"}],"replies":[{"embeddable":true,"href":"https:\/\/portal.fairmuse.eu\/fr\/wp-json\/wp\/v2\/comments?post=5922"}],"version-history":[{"count":140,"href":"https:\/\/portal.fairmuse.eu\/fr\/wp-json\/wp\/v2\/pages\/5922\/revisions"}],"predecessor-version":[{"id":10797,"href":"https:\/\/portal.fairmuse.eu\/fr\/wp-json\/wp\/v2\/pages\/5922\/revisions\/10797"}],"wp:attachment":[{"href":"https:\/\/portal.fairmuse.eu\/fr\/wp-json\/wp\/v2\/media?parent=5922"}],"curies":[{"name":"wp","href":"https:\/\/api.w.org\/{rel}","templated":true}]}}