{"id":974,"date":"2023-10-24T15:02:05","date_gmt":"2023-10-24T13:02:05","guid":{"rendered":"https:\/\/portal.fairmuse.eu\/?page_id=974"},"modified":"2024-08-14T10:29:19","modified_gmt":"2024-08-14T08:29:19","slug":"instructions-spotify","status":"publish","type":"page","link":"https:\/\/portal.fairmuse.eu\/fr\/instructions-spotify\/","title":{"rendered":"Instructions Spotify"},"content":{"rendered":"<div data-elementor-type=\"wp-page\" data-elementor-id=\"974\" class=\"elementor elementor-974\" data-elementor-post-type=\"page\">\n\t\t\t\t<div class=\"elementor-element elementor-element-d0b8a49 e-flex e-con-boxed e-con e-parent\" data-id=\"d0b8a49\" data-element_type=\"container\">\n\t\t\t\t\t<div class=\"e-con-inner\">\n\t\t\t\t<div class=\"elementor-element elementor-element-9969cf3 elementor-widget elementor-widget-spacer\" data-id=\"9969cf3\" data-element_type=\"widget\" data-widget_type=\"spacer.default\">\n\t\t\t\t<div class=\"elementor-widget-container\">\n\t\t\t\t\t\t\t<div class=\"elementor-spacer\">\n\t\t\t<div class=\"elementor-spacer-inner\"><\/div>\n\t\t<\/div>\n\t\t\t\t\t\t<\/div>\n\t\t\t\t<\/div>\n\t\t\t\t\t<\/div>\n\t\t\t\t<\/div>\n\t\t<div class=\"elementor-element elementor-element-774d823 e-flex e-con-boxed e-con e-parent\" data-id=\"774d823\" data-element_type=\"container\">\n\t\t\t\t\t<div class=\"e-con-inner\">\n\t\t<div class=\"elementor-element elementor-element-3b3bd09 e-con-full e-flex e-con e-child\" data-id=\"3b3bd09\" data-element_type=\"container\">\n\t\t\t\t<div class=\"elementor-element elementor-element-ac1abcf elementor-widget__width-initial elementor-widget elementor-widget-image\" data-id=\"ac1abcf\" data-element_type=\"widget\" data-widget_type=\"image.default\">\n\t\t\t\t<div class=\"elementor-widget-container\">\n\t\t\t\t\t\t\t\t\t\t\t\t\t\t\t<img decoding=\"async\" width=\"150\" height=\"150\" src=\"https:\/\/portal.fairmuse.eu\/wp-content\/uploads\/2023\/11\/datashare-icon-150x150.png\" class=\"attachment-thumbnail size-thumbnail wp-image-1850\" alt=\"Portail FairMusE\" srcset=\"https:\/\/portal.fairmuse.eu\/wp-content\/uploads\/2023\/11\/datashare-icon-150x150.png 150w, https:\/\/portal.fairmuse.eu\/wp-content\/uploads\/2023\/11\/datashare-icon-300x300.png 300w, https:\/\/portal.fairmuse.eu\/wp-content\/uploads\/2023\/11\/datashare-icon-1024x1024.png 1024w, https:\/\/portal.fairmuse.eu\/wp-content\/uploads\/2023\/11\/datashare-icon-768x768.png 768w, https:\/\/portal.fairmuse.eu\/wp-content\/uploads\/2023\/11\/datashare-icon-1536x1536.png 1536w, https:\/\/portal.fairmuse.eu\/wp-content\/uploads\/2023\/11\/datashare-icon.png 1653w\" sizes=\"(max-width: 150px) 100vw, 150px\" \/>\t\t\t\t\t\t\t\t\t\t\t\t\t\t\t<\/div>\n\t\t\t\t<\/div>\n\t\t\t\t<\/div>\n\t\t<div class=\"elementor-element elementor-element-310be2f e-con-full e-flex e-con e-child\" data-id=\"310be2f\" data-element_type=\"container\" data-settings=\"{&quot;background_background&quot;:&quot;classic&quot;}\">\n\t\t\t\t<div class=\"elementor-element elementor-element-95574d7 elementor-widget__width-initial elementor-widget elementor-widget-heading\" data-id=\"95574d7\" data-element_type=\"widget\" data-widget_type=\"heading.default\">\n\t\t\t\t<div class=\"elementor-widget-container\">\n\t\t\t\t\t<h2 class=\"elementor-heading-title elementor-size-default\">Obtenez l'historique de vos \u00e9coutes sur Spotify<\/h2>\t\t\t\t<\/div>\n\t\t\t\t<\/div>\n\t\t\t\t<\/div>\n\t\t\t\t\t<\/div>\n\t\t\t\t<\/div>\n\t\t<div class=\"elementor-element elementor-element-1723de2 e-con-full e-flex e-con e-parent\" data-id=\"1723de2\" data-element_type=\"container\">\n\t\t<div class=\"elementor-element elementor-element-db4e473 e-con-full e-flex e-con e-child\" data-id=\"db4e473\" data-element_type=\"container\">\n\t\t\t\t<div class=\"elementor-element elementor-element-5cb2397 elementor-widget elementor-widget-text-editor\" data-id=\"5cb2397\" data-element_type=\"widget\" data-widget_type=\"text-editor.default\">\n\t\t\t\t<div class=\"elementor-widget-container\">\n\t\t\t\t\t\t\t\t\t<p>Si vous utilisez Spotify, suivez les \u00e9tapes ci-dessous pour demander vos donn\u00e9es. Nous vous recommandons d'utiliser un ordinateur, car vous ne pouvez pas le faire via l'application Spotify.<\/p><p>Si vous avez des questions ou des probl\u00e8mes techniques, <a style=\"color: #000000; text-decoration: underline;\" href=\"https:\/\/portal.fairmuse.eu\/fr\/contact-fr\/\">\u00e9crivez-nous un message !<\/a><\/p>\t\t\t\t\t\t\t\t<\/div>\n\t\t\t\t<\/div>\n\t\t\t\t<div class=\"elementor-element elementor-element-891adbf elementor-widget__width-initial elementor-widget elementor-widget-eael-adv-accordion\" data-id=\"891adbf\" data-element_type=\"widget\" data-widget_type=\"eael-adv-accordion.default\">\n\t\t\t\t<div class=\"elementor-widget-container\">\n\t\t\t\t\t        <div class=\"eael-adv-accordion\" id=\"eael-adv-accordion-891adbf\" data-scroll-on-click=\"no\" data-scroll-speed=\"300\" data-accordion-id=\"891adbf\" data-accordion-type=\"accordion\" data-toogle-speed=\"300\">\n    <div class=\"eael-accordion-list\">\n                <div id=\"1-log-in-to-spotify\" class=\"elementor-tab-title eael-accordion-header active-default\" tabindex=\"0\" data-tab=\"1\" aria-controls=\"elementor-tab-content-1431\"><p class=\"eael-accordion-tab-title\">1. Connectez-vous \u00e0 Spotify<\/p><i aria-hidden=\"true\" class=\"fa-toggle fas fa-arrow-right\"><\/i><\/div><div id=\"elementor-tab-content-1431\" class=\"eael-accordion-content clearfix active-default\" data-tab=\"1\" aria-labelledby=\"1-log-in-to-spotify\"><table bgcolor=\"ffffff\"><tbody><tr><td style=\"background-color: #ffffff; border: 0;\"><p>1. Aller \u00e0 :<\/p><p><span style=\"text-decoration: underline;\"><a style=\"color: black; text-decoration: underline;\" href=\"https:\/\/accounts.spotify.com\/\" target=\"_blank\" rel=\"noopener\">https:\/\/accounts.spotify.com\/<\/a><\/span><\/p><p>\u00a0<\/p><p>2. Connectez-vous \u00e0 votre compte Spotify pour acc\u00e9der \u00e0 la vue d'ensemble de votre compte.<\/p><p>\u00a0<\/p><p>3. Faites d\u00e9filer vers le bas et cliquez sur \"Param\u00e8tres de confidentialit\u00e9\".<\/p><\/td><\/tr><tr><td style=\"background-color: #ffffff; border: 0;\"><img fetchpriority=\"high\" decoding=\"async\" class=\"aligncenter wp-image-1102\" src=\"https:\/\/portal.fairmuse.eu\/wp-content\/uploads\/2023\/10\/Step1-Spotify.jpg\" alt=\"\" width=\"500\" height=\"413\" \/><\/td><\/tr><\/tbody><\/table><\/div>\n                <\/div><div class=\"eael-accordion-list\">\n                <div id=\"2-ask-for-your-spotify-data\" class=\"elementor-tab-title eael-accordion-header\" tabindex=\"0\" data-tab=\"2\" aria-controls=\"elementor-tab-content-1432\"><p class=\"eael-accordion-tab-title\">2. Demandez vos donn\u00e9es Spotify<\/p><i aria-hidden=\"true\" class=\"fa-toggle fas fa-arrow-right\"><\/i><\/div><div id=\"elementor-tab-content-1432\" class=\"eael-accordion-content clearfix\" data-tab=\"2\" aria-labelledby=\"2-ask-for-your-spotify-data\"><p style=\"text-align: left;\">Faites d\u00e9filer un peu vers le bas jusqu\u2019\u00e0 la section appel\u00e9e Confidentialit\u00e9 du compte puis  \"T\u00e9l\u00e9charger vos donn\u00e9es\" (ou similaire).<\/p><table bgcolor=\"ffffff\"><tbody><tr><td style=\"background-color: #ffffff; border: 0;\"><p>1. Cochez la case \"<strong>S\u00e9lectionner<\/strong> <strong>Historique \u00e9tendu de la diffusion en continu<\/strong>.&#8221;\u00a0<\/p><p>\u00a0<\/p><p>2. D\u00e9cochez la case \"<strong>S\u00e9lectionner<\/strong> <strong>Donn\u00e9es du compte<\/strong>.&#8221;<\/p><p>\u00a0<\/p><p>3. Appuyez sur le bouton vert \"<strong>Demande de donn\u00e9es<\/strong>.&#8221;<\/p><p>\u00a0<\/p><p>4. Spotify vous enverra un e-mail pour vous demander de confirmer la demande.<\/p><p>\u00a0<\/p><\/td><\/tr><tr><td style=\"background-color: #ffffff; border: 0;\"><img decoding=\"async\" class=\"aligncenter wp-image-7490 size-full\" src=\"https:\/\/portal.fairmuse.eu\/wp-content\/uploads\/2024\/04\/Step-2-Spotify.jpg\" alt=\"\" width=\"1326\" height=\"1118\" srcset=\"https:\/\/portal.fairmuse.eu\/wp-content\/uploads\/2024\/04\/Step-2-Spotify.jpg 1326w, https:\/\/portal.fairmuse.eu\/wp-content\/uploads\/2024\/04\/Step-2-Spotify-300x253.jpg 300w, https:\/\/portal.fairmuse.eu\/wp-content\/uploads\/2024\/04\/Step-2-Spotify-1024x863.jpg 1024w, https:\/\/portal.fairmuse.eu\/wp-content\/uploads\/2024\/04\/Step-2-Spotify-768x648.jpg 768w, https:\/\/portal.fairmuse.eu\/wp-content\/uploads\/2024\/04\/Step-2-Spotify-14x12.jpg 14w\" sizes=\"(max-width: 1326px) 100vw, 1326px\" \/><\/td><\/tr><\/tbody><\/table><\/div>\n                <\/div><div class=\"eael-accordion-list\">\n                <div id=\"3-confirm-your-request-and-wait\" class=\"elementor-tab-title eael-accordion-header\" tabindex=\"0\" data-tab=\"3\" aria-controls=\"elementor-tab-content-1433\"><p class=\"eael-accordion-tab-title\">3. Confirmez votre demande et attendez<\/p><i aria-hidden=\"true\" class=\"fa-toggle fas fa-arrow-right\"><\/i><\/div><div id=\"elementor-tab-content-1433\" class=\"eael-accordion-content clearfix\" data-tab=\"3\" aria-labelledby=\"3-confirm-your-request-and-wait\"><table bgcolor=\"ffffff\"><tbody><tr><td style=\"background-color: #ffffff; border: 0;\"><p>1. Ouvrez l'email que vous utilisez pour votre compte Spotify. Confirmez votre demande. Si vous ne recevez pas d'email, v\u00e9rifiez votre dossier spam.<\/p><p>\u00a0<\/p><p>2. Une fois la demande confirm\u00e9e, vous recevrez une notification indiquant que votre demande a \u00e9t\u00e9 accept\u00e9e.<\/p><p>\u00a0<\/p><p>3. Spotify va maintenant pr\u00e9parer vos donn\u00e9es pour le t\u00e9l\u00e9chargement. Cela prendra un certain temps, g\u00e9n\u00e9ralement une \u00e0 quatre semaines, en fonction de votre utilisation de Spotify.<\/p><p>\u00a0<\/p><p>4. Nous pouvons vous envoyer un courriel de rappel lorsque nous pensons que vos donn\u00e9es sont pr\u00eates \u00e0 \u00eatre t\u00e9l\u00e9charg\u00e9es. Vous pouvez vous inscrire ici : <a style=\"color: black; text-decoration: underline;\" href=\"https:\/\/portal.fairmuse.eu\/fr\/rappel\/\">https:\/\/portal.fairmuse.eu\/reminder\/<\/a><\/p><p>\u00a0<\/p><p>5. Lorsque les donn\u00e9es sont pr\u00eates \u00e0 \u00eatre t\u00e9l\u00e9charg\u00e9es, Spotify vous envoie un e-mail.<\/p><p>\u00a0<\/p><\/td><\/tr><tr><td style=\"background-color: #ffffff; border: 0;\"><img loading=\"lazy\" decoding=\"async\" class=\"wp-image-1119 aligncenter\" src=\"https:\/\/portal.fairmuse.eu\/wp-content\/uploads\/2023\/10\/Step3-Spotify.jpg\" alt=\"\" width=\"443\" height=\"500\" srcset=\"https:\/\/portal.fairmuse.eu\/wp-content\/uploads\/2023\/10\/Step3-Spotify.jpg 798w, https:\/\/portal.fairmuse.eu\/wp-content\/uploads\/2023\/10\/Step3-Spotify-266x300.jpg 266w, https:\/\/portal.fairmuse.eu\/wp-content\/uploads\/2023\/10\/Step3-Spotify-768x866.jpg 768w\" sizes=\"(max-width: 443px) 100vw, 443px\" \/><\/td><\/tr><tr><td style=\"background-color: #ffffff; border: 0;\"><img loading=\"lazy\" decoding=\"async\" class=\"wp-image-1123 aligncenter\" src=\"https:\/\/portal.fairmuse.eu\/wp-content\/uploads\/2023\/10\/Step3.5-Spotify.jpg\" alt=\"\" width=\"564\" height=\"500\" srcset=\"https:\/\/portal.fairmuse.eu\/wp-content\/uploads\/2023\/10\/Step3.5-Spotify.jpg 799w, https:\/\/portal.fairmuse.eu\/wp-content\/uploads\/2023\/10\/Step3.5-Spotify-300x266.jpg 300w, https:\/\/portal.fairmuse.eu\/wp-content\/uploads\/2023\/10\/Step3.5-Spotify-768x681.jpg 768w\" sizes=\"(max-width: 564px) 100vw, 564px\" \/><\/td><\/tr><\/tbody><\/table><\/div>\n                <\/div><div class=\"eael-accordion-list\">\n                <div id=\"4-download-your-spotify-data\" class=\"elementor-tab-title eael-accordion-header\" tabindex=\"0\" data-tab=\"4\" aria-controls=\"elementor-tab-content-1434\"><p class=\"eael-accordion-tab-title\">4. T\u00e9l\u00e9chargez vos donn\u00e9es Spotify<\/p><i aria-hidden=\"true\" class=\"fa-toggle fas fa-arrow-right\"><\/i><\/div><div id=\"elementor-tab-content-1434\" class=\"eael-accordion-content clearfix\" data-tab=\"4\" aria-labelledby=\"4-download-your-spotify-data\"><p>Une fois que vos donn\u00e9es sont pr\u00eates \u00e0 \u00eatre t\u00e9l\u00e9charg\u00e9es, vous recevrez un email de Spotify avec votre historique d'\u00e9coute \u00e9tendu.<\/p><table bgcolor=\"ffffff\"><tbody><tr><td style=\"background-color: #ffffff; border: 0;\"><p>Trouvez l'e-mail de Spotify intitul\u00e9 \"Votre historique de streaming \u00e9tendu est pr\u00eat \u00e0 \u00eatre t\u00e9l\u00e9charg\u00e9\".<\/p><p>T\u00e9l\u00e9chargez vos donn\u00e9es sur votre ordinateur. Le dossier \u00ab\u2009T\u00e9l\u00e9chargements\u2009\u00bb est l\u2019emplacement habituel pour les t\u00e9l\u00e9chargements.<\/p><\/td><\/tr><tr><td style=\"background-color: #ffffff; border: 0;\"><img loading=\"lazy\" decoding=\"async\" class=\"wp-image-1436 size-full aligncenter\" src=\"https:\/\/portal.fairmuse.eu\/wp-content\/uploads\/2023\/11\/Step-5.5-Spotify.jpg\" alt=\"\" width=\"549\" height=\"738\" srcset=\"https:\/\/portal.fairmuse.eu\/wp-content\/uploads\/2023\/11\/Step-5.5-Spotify.jpg 549w, https:\/\/portal.fairmuse.eu\/wp-content\/uploads\/2023\/11\/Step-5.5-Spotify-223x300.jpg 223w\" sizes=\"(max-width: 549px) 100vw, 549px\" \/><\/td><\/tr><tr><td style=\"background-color: #ffffff; border: 0;\">\u00a0<\/td><\/tr><\/tbody><\/table><\/div>\n                <\/div><div class=\"eael-accordion-list\">\n                <div id=\"5-upload-your-spotify-data\" class=\"elementor-tab-title eael-accordion-header\" tabindex=\"0\" data-tab=\"5\" aria-controls=\"elementor-tab-content-1435\"><p class=\"eael-accordion-tab-title\">5. Transmettez vos donn\u00e9es Spotify<\/p><i aria-hidden=\"true\" class=\"fa-toggle fas fa-arrow-right\"><\/i><\/div><div id=\"elementor-tab-content-1435\" class=\"eael-accordion-content clearfix\" data-tab=\"5\" aria-labelledby=\"5-upload-your-spotify-data\"><p style=\"text-align: center;\">Lorsque vous avez t\u00e9l\u00e9charg\u00e9 les donn\u00e9es de Spotify, vous \u00eates pr\u00eat \u00e0 nous les transmettre. Le fichier \u00e0 envoyer s\u2019appelle \"\u2009SpotifyExtendedStreamingHistory.zip\u2009\"<\/p><p>\u00a0<\/p><p style=\"text-align: center;\">Nous filtrons et supprimons toutes les donn\u00e9es qui ne concernent pas vos habitudes d'\u00e9coute de musique.<\/p><p style=\"text-align: center;\">Appuyez sur le bouton ci-dessous pour transmettre vos donn\u00e9es musicales.<\/p><p style=\"text-align: center;\">Merci d'avoir compl\u00e9t\u00e9 le processus de demande de donn\u00e9es !<\/p><\/div>\n                <\/div><\/div>\t\t\t\t<\/div>\n\t\t\t\t<\/div>\n\t\t\t\t<div class=\"elementor-element elementor-element-917afc0 elementor-align-center elementor-widget elementor-widget-button\" data-id=\"917afc0\" data-element_type=\"widget\" data-widget_type=\"button.default\">\n\t\t\t\t<div class=\"elementor-widget-container\">\n\t\t\t\t\t\t\t\t\t<div class=\"elementor-button-wrapper\">\n\t\t\t\t\t<a class=\"elementor-button elementor-button-link elementor-size-sm\" href=\"https:\/\/portal.fairmuse.eu\/fr\/telecharger\/\" target=\"_blank\">\n\t\t\t\t\t\t<span class=\"elementor-button-content-wrapper\">\n\t\t\t\t\t\t\t\t\t<span class=\"elementor-button-text\">Transmettez vos donn\u00e9es<\/span>\n\t\t\t\t\t<\/span>\n\t\t\t\t\t<\/a>\n\t\t\t\t<\/div>\n\t\t\t\t\t\t\t\t<\/div>\n\t\t\t\t<\/div>\n\t\t\t\t<\/div>\n\t\t\t\t<\/div>\n\t\t<div class=\"elementor-element elementor-element-3c5d548 e-con-full e-flex e-con e-parent\" data-id=\"3c5d548\" data-element_type=\"container\">\n\t\t\t\t<div class=\"elementor-element elementor-element-d63599b elementor-widget elementor-widget-spacer\" data-id=\"d63599b\" data-element_type=\"widget\" data-widget_type=\"spacer.default\">\n\t\t\t\t<div class=\"elementor-widget-container\">\n\t\t\t\t\t\t\t<div class=\"elementor-spacer\">\n\t\t\t<div class=\"elementor-spacer-inner\"><\/div>\n\t\t<\/div>\n\t\t\t\t\t\t<\/div>\n\t\t\t\t<\/div>\n\t\t\t\t<\/div>\n\t\t\t\t<\/div>","protected":false},"excerpt":{"rendered":"<p>Obtenir votre historique d'\u00e9coute Spotify Si vous utilisez Spotify, suivez les \u00e9tapes ci-dessous pour demander vos donn\u00e9es. Nous vous recommandons d'utiliser un ordinateur, car vous ne pouvez pas le faire via l'application Spotify. Si vous avez des questions ou des probl\u00e8mes techniques, \u00e9crivez-nous un message ! 1. Connectez-vous \u00e0 Spotify 1. Allez sur : https:\/\/accounts.spotify.com\/ 2. [...]<\/p>","protected":false},"author":2,"featured_media":0,"parent":0,"menu_order":0,"comment_status":"closed","ping_status":"closed","template":"","meta":{"_acf_changed":false,"footnotes":""},"class_list":["post-974","page","type-page","status-publish","hentry"],"acf":[],"_links":{"self":[{"href":"https:\/\/portal.fairmuse.eu\/fr\/wp-json\/wp\/v2\/pages\/974","targetHints":{"allow":["GET"]}}],"collection":[{"href":"https:\/\/portal.fairmuse.eu\/fr\/wp-json\/wp\/v2\/pages"}],"about":[{"href":"https:\/\/portal.fairmuse.eu\/fr\/wp-json\/wp\/v2\/types\/page"}],"author":[{"embeddable":true,"href":"https:\/\/portal.fairmuse.eu\/fr\/wp-json\/wp\/v2\/users\/2"}],"replies":[{"embeddable":true,"href":"https:\/\/portal.fairmuse.eu\/fr\/wp-json\/wp\/v2\/comments?post=974"}],"version-history":[{"count":736,"href":"https:\/\/portal.fairmuse.eu\/fr\/wp-json\/wp\/v2\/pages\/974\/revisions"}],"predecessor-version":[{"id":9096,"href":"https:\/\/portal.fairmuse.eu\/fr\/wp-json\/wp\/v2\/pages\/974\/revisions\/9096"}],"wp:attachment":[{"href":"https:\/\/portal.fairmuse.eu\/fr\/wp-json\/wp\/v2\/media?parent=974"}],"curies":[{"name":"wp","href":"https:\/\/api.w.org\/{rel}","templated":true}]}}