{"id":2848,"date":"2023-12-14T13:54:57","date_gmt":"2023-12-14T12:54:57","guid":{"rendered":"https:\/\/portal.fairmuse.eu\/?page_id=2848"},"modified":"2024-12-03T09:25:29","modified_gmt":"2024-12-03T08:25:29","slug":"profilo-di-riempimento","status":"publish","type":"page","link":"https:\/\/portal.fairmuse.eu\/it\/profilo-di-riempimento\/","title":{"rendered":"Profile Fill"},"content":{"rendered":"<div data-elementor-type=\"wp-page\" data-elementor-id=\"2848\" class=\"elementor elementor-2848\" data-elementor-post-type=\"page\">\n\t\t\t\t<div class=\"elementor-element elementor-element-29d5d87 e-flex e-con-boxed e-con e-parent\" data-id=\"29d5d87\" data-element_type=\"container\">\n\t\t\t\t\t<div class=\"e-con-inner\">\n\t\t\t\t<div class=\"elementor-element elementor-element-8cc7c8b elementor-widget elementor-widget-spacer\" data-id=\"8cc7c8b\" data-element_type=\"widget\" data-widget_type=\"spacer.default\">\n\t\t\t\t<div class=\"elementor-widget-container\">\n\t\t\t\t\t\t\t<div class=\"elementor-spacer\">\n\t\t\t<div class=\"elementor-spacer-inner\"><\/div>\n\t\t<\/div>\n\t\t\t\t\t\t<\/div>\n\t\t\t\t<\/div>\n\t\t\t\t\t<\/div>\n\t\t\t\t<\/div>\n\t\t<div class=\"elementor-element elementor-element-949b990 e-flex e-con-boxed e-con e-parent\" data-id=\"949b990\" data-element_type=\"container\">\n\t\t\t\t\t<div class=\"e-con-inner\">\n\t\t\t\t<div class=\"elementor-element elementor-element-44dd9fe elementor-widget__width-initial elementor-widget elementor-widget-heading\" data-id=\"44dd9fe\" data-element_type=\"widget\" data-widget_type=\"heading.default\">\n\t\t\t\t<div class=\"elementor-widget-container\">\n\t\t\t\t\t<h2 class=\"elementor-heading-title elementor-size-default\">Il vostro profilo<\/h2>\t\t\t\t<\/div>\n\t\t\t\t<\/div>\n\t\t\t\t<div class=\"elementor-element elementor-element-5620ef5 elementor-widget__width-initial elementor-widget elementor-widget-text-editor\" data-id=\"5620ef5\" data-element_type=\"widget\" data-widget_type=\"text-editor.default\">\n\t\t\t\t<div class=\"elementor-widget-container\">\n\t\t\t\t\t\t\t\t\t<p>Grazie per esservi iscritti al portale Fair MusE!\u00a0<\/p><p>Il progetto di ricerca Fair Muse \u00e8 incentrato sulla diversit\u00e0. Per questo motivo mira ad avere utenti provenienti da diversi Paesi europei, di et\u00e0 e sesso diversi. Per questo motivo, vi preghiamo di dirci dove vivete, quanti anni avete e con quale genere vi identificate.<\/p><p>Sentiti libero di modificarlo in qualsiasi momento!<\/p>\t\t\t\t\t\t\t\t<\/div>\n\t\t\t\t<\/div>\n\t\t\t\t<div class=\"elementor-element elementor-element-89438c0 elementor-widget elementor-widget-spacer\" data-id=\"89438c0\" data-element_type=\"widget\" data-widget_type=\"spacer.default\">\n\t\t\t\t<div class=\"elementor-widget-container\">\n\t\t\t\t\t\t\t<div class=\"elementor-spacer\">\n\t\t\t<div class=\"elementor-spacer-inner\"><\/div>\n\t\t<\/div>\n\t\t\t\t\t\t<\/div>\n\t\t\t\t<\/div>\n\t\t\t\t\t<\/div>\n\t\t\t\t<\/div>\n\t\t\t\t<\/div>","protected":false},"excerpt":{"rendered":"<p>Il tuo profilo Grazie per esserti iscritto al portale Fair MusE!  Il progetto di ricerca Fair Muse \u00e8 incentrato sulla diversit\u00e0. Per questo motivo mira ad avere utenti provenienti da diversi Paesi europei, di et\u00e0 e sesso diversi. Per questo motivo, ti preghiamo di dirci dove vivi, quanti anni hai e in quale genere ti identifichi. Sentitevi [...]<\/p>","protected":false},"author":2,"featured_media":0,"parent":0,"menu_order":0,"comment_status":"closed","ping_status":"closed","template":"","meta":{"_acf_changed":false,"footnotes":""},"class_list":["post-2848","page","type-page","status-publish","hentry"],"acf":[],"_links":{"self":[{"href":"https:\/\/portal.fairmuse.eu\/it\/wp-json\/wp\/v2\/pages\/2848","targetHints":{"allow":["GET"]}}],"collection":[{"href":"https:\/\/portal.fairmuse.eu\/it\/wp-json\/wp\/v2\/pages"}],"about":[{"href":"https:\/\/portal.fairmuse.eu\/it\/wp-json\/wp\/v2\/types\/page"}],"author":[{"embeddable":true,"href":"https:\/\/portal.fairmuse.eu\/it\/wp-json\/wp\/v2\/users\/2"}],"replies":[{"embeddable":true,"href":"https:\/\/portal.fairmuse.eu\/it\/wp-json\/wp\/v2\/comments?post=2848"}],"version-history":[{"count":52,"href":"https:\/\/portal.fairmuse.eu\/it\/wp-json\/wp\/v2\/pages\/2848\/revisions"}],"predecessor-version":[{"id":10298,"href":"https:\/\/portal.fairmuse.eu\/it\/wp-json\/wp\/v2\/pages\/2848\/revisions\/10298"}],"wp:attachment":[{"href":"https:\/\/portal.fairmuse.eu\/it\/wp-json\/wp\/v2\/media?parent=2848"}],"curies":[{"name":"wp","href":"https:\/\/api.w.org\/{rel}","templated":true}]}}