{"id":1478,"date":"2023-11-07T15:38:40","date_gmt":"2023-11-07T14:38:40","guid":{"rendered":"https:\/\/portal.fairmuse.eu\/?page_id=1478"},"modified":"2024-05-31T12:16:56","modified_gmt":"2024-05-31T10:16:56","slug":"instrucoes-da-apple","status":"publish","type":"page","link":"https:\/\/portal.fairmuse.eu\/pt\/instrucoes-da-apple\/","title":{"rendered":"Instru\u00e7\u00f5es para a Apple"},"content":{"rendered":"<div data-elementor-type=\"wp-page\" data-elementor-id=\"1478\" class=\"elementor elementor-1478\" data-elementor-post-type=\"page\">\n\t\t\t\t<div class=\"elementor-element elementor-element-d0b8a49 e-flex e-con-boxed e-con e-parent\" data-id=\"d0b8a49\" data-element_type=\"container\">\n\t\t\t\t\t<div class=\"e-con-inner\">\n\t\t\t\t<div class=\"elementor-element elementor-element-9969cf3 elementor-widget elementor-widget-spacer\" data-id=\"9969cf3\" data-element_type=\"widget\" data-widget_type=\"spacer.default\">\n\t\t\t\t<div class=\"elementor-widget-container\">\n\t\t\t\t\t\t\t<div class=\"elementor-spacer\">\n\t\t\t<div class=\"elementor-spacer-inner\"><\/div>\n\t\t<\/div>\n\t\t\t\t\t\t<\/div>\n\t\t\t\t<\/div>\n\t\t\t\t\t<\/div>\n\t\t\t\t<\/div>\n\t\t<div class=\"elementor-element elementor-element-6ffb99f e-flex e-con-boxed e-con e-parent\" data-id=\"6ffb99f\" data-element_type=\"container\">\n\t\t\t\t\t<div class=\"e-con-inner\">\n\t\t<div class=\"elementor-element elementor-element-cb35101 e-con-full e-flex e-con e-child\" data-id=\"cb35101\" data-element_type=\"container\">\n\t\t\t\t<div class=\"elementor-element elementor-element-fbe000b elementor-widget__width-initial elementor-widget elementor-widget-image\" data-id=\"fbe000b\" data-element_type=\"widget\" data-widget_type=\"image.default\">\n\t\t\t\t<div class=\"elementor-widget-container\">\n\t\t\t\t\t\t\t\t\t\t\t\t\t\t\t<img decoding=\"async\" width=\"150\" height=\"150\" src=\"https:\/\/portal.fairmuse.eu\/wp-content\/uploads\/2023\/11\/datashare-icon-150x150.png\" class=\"attachment-thumbnail size-thumbnail wp-image-1850\" alt=\"Portal FairMusE\" srcset=\"https:\/\/portal.fairmuse.eu\/wp-content\/uploads\/2023\/11\/datashare-icon-150x150.png 150w, https:\/\/portal.fairmuse.eu\/wp-content\/uploads\/2023\/11\/datashare-icon-300x300.png 300w, https:\/\/portal.fairmuse.eu\/wp-content\/uploads\/2023\/11\/datashare-icon-1024x1024.png 1024w, https:\/\/portal.fairmuse.eu\/wp-content\/uploads\/2023\/11\/datashare-icon-768x768.png 768w, https:\/\/portal.fairmuse.eu\/wp-content\/uploads\/2023\/11\/datashare-icon-1536x1536.png 1536w, https:\/\/portal.fairmuse.eu\/wp-content\/uploads\/2023\/11\/datashare-icon.png 1653w\" sizes=\"(max-width: 150px) 100vw, 150px\" \/>\t\t\t\t\t\t\t\t\t\t\t\t\t\t\t<\/div>\n\t\t\t\t<\/div>\n\t\t\t\t<\/div>\n\t\t<div class=\"elementor-element elementor-element-799ed29 e-con-full e-flex e-con e-child\" data-id=\"799ed29\" data-element_type=\"container\" data-settings=\"{&quot;background_background&quot;:&quot;classic&quot;}\">\n\t\t\t\t<div class=\"elementor-element elementor-element-230dcb4 elementor-widget__width-initial elementor-widget elementor-widget-heading\" data-id=\"230dcb4\" data-element_type=\"widget\" data-widget_type=\"heading.default\">\n\t\t\t\t<div class=\"elementor-widget-container\">\n\t\t\t\t\t<h2 class=\"elementor-heading-title elementor-size-default\">Obtenha o seu hist\u00f3rico de Apple Music<\/h2>\t\t\t\t<\/div>\n\t\t\t\t<\/div>\n\t\t\t\t<\/div>\n\t\t\t\t\t<\/div>\n\t\t\t\t<\/div>\n\t\t<div class=\"elementor-element elementor-element-1723de2 e-con-full e-flex e-con e-parent\" data-id=\"1723de2\" data-element_type=\"container\">\n\t\t<div class=\"elementor-element elementor-element-db4e473 e-con-full e-flex e-con e-child\" data-id=\"db4e473\" data-element_type=\"container\">\n\t\t\t\t<div class=\"elementor-element elementor-element-5cb2397 elementor-widget elementor-widget-text-editor\" data-id=\"5cb2397\" data-element_type=\"widget\" data-widget_type=\"text-editor.default\">\n\t\t\t\t<div class=\"elementor-widget-container\">\n\t\t\t\t\t\t\t\t\t<p><span style=\"font-weight: 400;\">Se tiver uma subscri\u00e7\u00e3o de Apple Music, siga os passos abaixo.<\/span><\/p><p>Se tiver d\u00favidas ou problemas t\u00e9cnicos, <a style=\"text-align: var(--text-align); color: #000000; text-decoration: underline;\" href=\"https:\/\/portal.fairmuse.eu\/pt\/contacto\/\">envie-nos uma mensagem!<\/a><\/p>\t\t\t\t\t\t\t\t<\/div>\n\t\t\t\t<\/div>\n\t\t\t\t<div class=\"elementor-element elementor-element-891adbf elementor-widget__width-initial elementor-widget elementor-widget-eael-adv-accordion\" data-id=\"891adbf\" data-element_type=\"widget\" data-widget_type=\"eael-adv-accordion.default\">\n\t\t\t\t<div class=\"elementor-widget-container\">\n\t\t\t\t\t        <div class=\"eael-adv-accordion\" id=\"eael-adv-accordion-891adbf\" data-scroll-on-click=\"no\" data-scroll-speed=\"300\" data-accordion-id=\"891adbf\" data-accordion-type=\"accordion\" data-toogle-speed=\"300\">\n    <div class=\"eael-accordion-list\">\n                <div id=\"1-log-in-with-your-apple-id\" class=\"elementor-tab-title eael-accordion-header active-default\" tabindex=\"0\" data-tab=\"1\" aria-controls=\"elementor-tab-content-1431\"><p class=\"eael-accordion-tab-title\">1. Inicie sess\u00e3o com o seu ID Apple<\/p><i aria-hidden=\"true\" class=\"fa-toggle fas fa-arrow-right\"><\/i><\/div><div id=\"elementor-tab-content-1431\" class=\"eael-accordion-content clearfix active-default\" data-tab=\"1\" aria-labelledby=\"1-log-in-with-your-apple-id\"><table bgcolor=\"ffffff\"><tbody><tr><td style=\"background-color: #ffffff; border: 0;\"><p class=\"translation-block\">1. Utiliza\u00e7\u00e3o esta liga\u00e7\u00e3o para aceder ao painel de privacidade de dados da Apple:<\/p><p><span style=\"text-decoration: underline;\"><span style=\"color: #000000;\"><a style=\"color: #000000; text-decoration: underline;\" href=\"https:\/\/privacy.apple.com\/\" target=\"_blank\" rel=\"noopener\">https:\/\/privacy.apple.com\/<\/a><\/span><\/span><\/p><p>\u00a0<\/p><p>2. Inicie sess\u00e3o com o seu Apple ID<\/p><\/td><\/tr><tr><td style=\"background-color: #ffffff; border: 0;\"><img fetchpriority=\"high\" decoding=\"async\" class=\"wp-image-1486 size-large aligncenter\" src=\"https:\/\/portal.fairmuse.eu\/wp-content\/uploads\/2023\/11\/Step-1-Apple-1024x559.jpg\" alt=\"\" width=\"800\" height=\"437\" srcset=\"https:\/\/portal.fairmuse.eu\/wp-content\/uploads\/2023\/11\/Step-1-Apple-1024x559.jpg 1024w, https:\/\/portal.fairmuse.eu\/wp-content\/uploads\/2023\/11\/Step-1-Apple-300x164.jpg 300w, https:\/\/portal.fairmuse.eu\/wp-content\/uploads\/2023\/11\/Step-1-Apple-768x419.jpg 768w, https:\/\/portal.fairmuse.eu\/wp-content\/uploads\/2023\/11\/Step-1-Apple.jpg 1258w\" sizes=\"(max-width: 800px) 100vw, 800px\" \/><\/td><\/tr><\/tbody><\/table><\/div>\n                <\/div><div class=\"eael-accordion-list\">\n                <div id=\"2-request-your-apple-music-data\" class=\"elementor-tab-title eael-accordion-header\" tabindex=\"0\" data-tab=\"2\" aria-controls=\"elementor-tab-content-1432\"><p class=\"eael-accordion-tab-title\">2. Solicite seus dados de Apple Music<\/p><i aria-hidden=\"true\" class=\"fa-toggle fas fa-arrow-right\"><\/i><\/div><div id=\"elementor-tab-content-1432\" class=\"eael-accordion-content clearfix\" data-tab=\"2\" aria-labelledby=\"2-request-your-apple-music-data\"><table bgcolor=\"ffffff\"><tbody><tr><td style=\"background-color: #ffffff; border: 0;\"><p>1. Seleccione \"Pedir uma c\u00f3pia dos seus dados\".<\/p><p>\u00a0<\/p><p>2. Seleccione apenas \"Apple Media Services Information\" no ecr\u00e3 seguinte<\/p><p>\u00a0<\/p><p>3. Desloque-se para a parte inferior e clique em Continuar<\/p><\/td><\/tr><tr><td style=\"background-color: #ffffff; border: 0;\"><img decoding=\"async\" class=\"wp-image-3324 aligncenter\" src=\"https:\/\/portal.fairmuse.eu\/wp-content\/uploads\/2023\/12\/Step-2-Apple.jpg\" alt=\"\" width=\"489\" height=\"400\" srcset=\"https:\/\/portal.fairmuse.eu\/wp-content\/uploads\/2023\/12\/Step-2-Apple.jpg 853w, https:\/\/portal.fairmuse.eu\/wp-content\/uploads\/2023\/12\/Step-2-Apple-300x245.jpg 300w, https:\/\/portal.fairmuse.eu\/wp-content\/uploads\/2023\/12\/Step-2-Apple-768x628.jpg 768w\" sizes=\"(max-width: 489px) 100vw, 489px\" \/><\/td><\/tr><tr><td style=\"background-color: #ffffff; border: 0;\"><img loading=\"lazy\" decoding=\"async\" class=\"wp-image-3323 aligncenter\" src=\"https:\/\/portal.fairmuse.eu\/wp-content\/uploads\/2023\/12\/Step-2.5-Apple.jpg\" alt=\"\" width=\"658\" height=\"400\" srcset=\"https:\/\/portal.fairmuse.eu\/wp-content\/uploads\/2023\/12\/Step-2.5-Apple.jpg 1006w, https:\/\/portal.fairmuse.eu\/wp-content\/uploads\/2023\/12\/Step-2.5-Apple-300x183.jpg 300w, https:\/\/portal.fairmuse.eu\/wp-content\/uploads\/2023\/12\/Step-2.5-Apple-768x467.jpg 768w\" sizes=\"(max-width: 658px) 100vw, 658px\" \/><\/td><\/tr><\/tbody><\/table><\/div>\n                <\/div><div class=\"eael-accordion-list\">\n                <div id=\"3-confirm-your-request\" class=\"elementor-tab-title eael-accordion-header\" tabindex=\"0\" data-tab=\"3\" aria-controls=\"elementor-tab-content-1433\"><p class=\"eael-accordion-tab-title\">3. Confirme o seu pedido<\/p><i aria-hidden=\"true\" class=\"fa-toggle fas fa-arrow-right\"><\/i><\/div><div id=\"elementor-tab-content-1433\" class=\"eael-accordion-content clearfix\" data-tab=\"3\" aria-labelledby=\"3-confirm-your-request\"><p>Escolha um tamanho m\u00e1ximo de ficheiro.<\/p><table bgcolor=\"ffffff\"><tbody><tr><td style=\"background-color: #ffffff; border: 0;\"><p>1. Os seus dados ser\u00e3o entregues num ou mais pacotes. Recomendamos um ficheiro com 1 GB de tamanho<\/p><p>\u00a0<\/p><p>2. As suas selec\u00e7\u00f5es devem incluir apenas \"1 aplica\u00e7\u00e3o ou servi\u00e7o\".<\/p><p>\u00a0<\/p><p>3. Agora \u00e9 preciso esperar at\u00e9 que os dados estejam prontos para ser descarregados<\/p><p>\u00a0<\/p><p>Receber\u00e1 um e-mail da Apple a notific\u00e1-lo de que est\u00e3o a preparar os seus dados para transfer\u00eancia. Este processo pode demorar alguns dias ou at\u00e9 uma semana para que a Apple possa verificar se o pedido foi efectuado pelo utilizador e garantir a seguran\u00e7a dos seus dados.<\/p><p>Se pretender um lembrete para carregar os seus dados, clique na seguinte liga\u00e7\u00e3o: <span style=\"text-decoration: underline;\"><span style=\"color: #000000;\"><a style=\"color: #000000; text-decoration: underline;\" href=\"https:\/\/portal.fairmuse.eu\/pt\/lembrete\/\" target=\"_blank\" rel=\"noopener\">https:\/\/portal.fairmuse.eu\/reminder\/<\/a><\/span><\/span><\/p><p>\u00a0<\/p><p>\u00c9 tudo por agora. Obrigado por solicitar os seus dados. Pode fechar esta p\u00e1gina e voltar quando tiver recebido o email com o ficheiro .zip.<\/p><\/td><\/tr><tr><td style=\"background-color: #ffffff; border: 0;\"><img loading=\"lazy\" decoding=\"async\" class=\"wp-image-1496 size-large aligncenter\" src=\"https:\/\/portal.fairmuse.eu\/wp-content\/uploads\/2023\/11\/Step-3-Apple-1024x565.jpg\" alt=\"\" width=\"800\" height=\"441\" srcset=\"https:\/\/portal.fairmuse.eu\/wp-content\/uploads\/2023\/11\/Step-3-Apple-1024x565.jpg 1024w, https:\/\/portal.fairmuse.eu\/wp-content\/uploads\/2023\/11\/Step-3-Apple-300x165.jpg 300w, https:\/\/portal.fairmuse.eu\/wp-content\/uploads\/2023\/11\/Step-3-Apple-768x423.jpg 768w, https:\/\/portal.fairmuse.eu\/wp-content\/uploads\/2023\/11\/Step-3-Apple.jpg 1264w\" sizes=\"(max-width: 800px) 100vw, 800px\" \/><\/td><\/tr><\/tbody><\/table><\/div>\n                <\/div><div class=\"eael-accordion-list\">\n                <div id=\"4-download-your-apple-music-data\" class=\"elementor-tab-title eael-accordion-header\" tabindex=\"0\" data-tab=\"4\" aria-controls=\"elementor-tab-content-1434\"><p class=\"eael-accordion-tab-title\">4. Descarregue os seus dados de Apple Music<\/p><i aria-hidden=\"true\" class=\"fa-toggle fas fa-arrow-right\"><\/i><\/div><div id=\"elementor-tab-content-1434\" class=\"eael-accordion-content clearfix\" data-tab=\"4\" aria-labelledby=\"4-download-your-apple-music-data\"><p>Abra a caixa de entrada do seu e-mail e navegue at\u00e9 \u00e0 mensagem da Apple intitulada \"O seu pedido de transfer\u00eancia est\u00e1 conclu\u00eddo\".<\/p><table bgcolor=\"ffffff\"><tbody><tr><td style=\"background-color: #ffffff; border: 0;\"><p>A Apple enviar\u00e1 uma mensagem de correio eletr\u00f3nico com uma liga\u00e7\u00e3o para os dados, que estar\u00e3o dispon\u00edveis para transfer\u00eancia durante cerca de duas semanas.<\/p><p>Se n\u00e3o os descarregar durante este per\u00edodo, ter\u00e1 de iniciar o processo de pedido de novo.<\/p><p>(O mais prov\u00e1vel \u00e9 que os dados sejam descarregados para a sua pasta de transfer\u00eancias)<\/p><\/td><\/tr><tr><td style=\"background-color: #ffffff; border: 0;\"><img loading=\"lazy\" decoding=\"async\" class=\"wp-image-1501 aligncenter\" src=\"https:\/\/portal.fairmuse.eu\/wp-content\/uploads\/2023\/11\/Step-5-Apple-1024x923.jpg\" alt=\"\" width=\"700\" height=\"631\" srcset=\"https:\/\/portal.fairmuse.eu\/wp-content\/uploads\/2023\/11\/Step-5-Apple-1024x923.jpg 1024w, https:\/\/portal.fairmuse.eu\/wp-content\/uploads\/2023\/11\/Step-5-Apple-300x270.jpg 300w, https:\/\/portal.fairmuse.eu\/wp-content\/uploads\/2023\/11\/Step-5-Apple-768x692.jpg 768w, https:\/\/portal.fairmuse.eu\/wp-content\/uploads\/2023\/11\/Step-5-Apple.jpg 1113w\" sizes=\"(max-width: 700px) 100vw, 700px\" \/><\/td><\/tr><\/tbody><\/table><\/div>\n                <\/div><div class=\"eael-accordion-list\">\n                <div id=\"5-upload-your-apple-music-data\" class=\"elementor-tab-title eael-accordion-header\" tabindex=\"0\" data-tab=\"5\" aria-controls=\"elementor-tab-content-1435\"><p class=\"eael-accordion-tab-title\">5. Carregue os seus dados de Apple Music<\/p><i aria-hidden=\"true\" class=\"fa-toggle fas fa-arrow-right\"><\/i><\/div><div id=\"elementor-tab-content-1435\" class=\"eael-accordion-content clearfix\" data-tab=\"5\" aria-labelledby=\"5-upload-your-apple-music-data\"><p style=\"text-align: center;\">Localize o local no seu computador onde guardou os dados. Muito provavelmente se encontrar\u00e1 na pasta de descargas.<\/p><p style=\"text-align: center;\">Encontre o ficheiro chamado \"Apple Media Services information.zip\".<\/p><p>\u00a0<\/p><p style=\"text-align: center;\">Iremos filtrar e remover todos os dados que n\u00e3o estejam relacionados com os seus h\u00e1bitos de audi\u00e7\u00e3o de m\u00fasica.<\/p><p style=\"text-align: center;\">Prima o bot\u00e3o abaixo para carregar os seus dados musicais.<\/p><p style=\"text-align: center;\">Obrigado por ter conclu\u00eddo o processo de pedido de dados!<\/p><\/div>\n                <\/div><\/div>\t\t\t\t<\/div>\n\t\t\t\t<\/div>\n\t\t\t\t<div class=\"elementor-element elementor-element-cb0e224 elementor-align-center elementor-widget elementor-widget-button\" data-id=\"cb0e224\" data-element_type=\"widget\" data-widget_type=\"button.default\">\n\t\t\t\t<div class=\"elementor-widget-container\">\n\t\t\t\t\t\t\t\t\t<div class=\"elementor-button-wrapper\">\n\t\t\t\t\t<a class=\"elementor-button elementor-button-link elementor-size-sm\" href=\"https:\/\/portal.fairmuse.eu\/pt\/carregar\/\" target=\"_blank\">\n\t\t\t\t\t\t<span class=\"elementor-button-content-wrapper\">\n\t\t\t\t\t\t\t\t\t<span class=\"elementor-button-text\">Carregar os seus dados<\/span>\n\t\t\t\t\t<\/span>\n\t\t\t\t\t<\/a>\n\t\t\t\t<\/div>\n\t\t\t\t\t\t\t\t<\/div>\n\t\t\t\t<\/div>\n\t\t\t\t<\/div>\n\t\t\t\t<\/div>\n\t\t<div class=\"elementor-element elementor-element-3c5d548 e-con-full e-flex e-con e-parent\" data-id=\"3c5d548\" data-element_type=\"container\">\n\t\t\t\t<div class=\"elementor-element elementor-element-d63599b elementor-widget elementor-widget-spacer\" data-id=\"d63599b\" data-element_type=\"widget\" data-widget_type=\"spacer.default\">\n\t\t\t\t<div class=\"elementor-widget-container\">\n\t\t\t\t\t\t\t<div class=\"elementor-spacer\">\n\t\t\t<div class=\"elementor-spacer-inner\"><\/div>\n\t\t<\/div>\n\t\t\t\t\t\t<\/div>\n\t\t\t\t<\/div>\n\t\t\t\t<\/div>\n\t\t\t\t<\/div>","protected":false},"excerpt":{"rendered":"<p>Obter o hist\u00f3rico de audi\u00e7\u00e3o do Apple Music Se tiver uma subscri\u00e7\u00e3o do Apple Music, siga os passos abaixo. Se tiver d\u00favidas ou problemas t\u00e9cnicos, escreva-nos uma mensagem! 1. Inicie sess\u00e3o com o seu ID Apple 1. Utilize esta liga\u00e7\u00e3o para aceder ao painel de privacidade de dados da Apple: https:\/\/privacy.apple.com\/ 2. Inicie sess\u00e3o com o seu ID Apple. 2. [...]<\/p>","protected":false},"author":2,"featured_media":0,"parent":0,"menu_order":0,"comment_status":"closed","ping_status":"closed","template":"","meta":{"_acf_changed":false,"footnotes":""},"class_list":["post-1478","page","type-page","status-publish","hentry"],"acf":[],"_links":{"self":[{"href":"https:\/\/portal.fairmuse.eu\/pt\/wp-json\/wp\/v2\/pages\/1478","targetHints":{"allow":["GET"]}}],"collection":[{"href":"https:\/\/portal.fairmuse.eu\/pt\/wp-json\/wp\/v2\/pages"}],"about":[{"href":"https:\/\/portal.fairmuse.eu\/pt\/wp-json\/wp\/v2\/types\/page"}],"author":[{"embeddable":true,"href":"https:\/\/portal.fairmuse.eu\/pt\/wp-json\/wp\/v2\/users\/2"}],"replies":[{"embeddable":true,"href":"https:\/\/portal.fairmuse.eu\/pt\/wp-json\/wp\/v2\/comments?post=1478"}],"version-history":[{"count":276,"href":"https:\/\/portal.fairmuse.eu\/pt\/wp-json\/wp\/v2\/pages\/1478\/revisions"}],"predecessor-version":[{"id":8537,"href":"https:\/\/portal.fairmuse.eu\/pt\/wp-json\/wp\/v2\/pages\/1478\/revisions\/8537"}],"wp:attachment":[{"href":"https:\/\/portal.fairmuse.eu\/pt\/wp-json\/wp\/v2\/media?parent=1478"}],"curies":[{"name":"wp","href":"https:\/\/api.w.org\/{rel}","templated":true}]}}