{"id":1584,"date":"2023-11-09T10:59:44","date_gmt":"2023-11-09T09:59:44","guid":{"rendered":"https:\/\/portal.fairmuse.eu\/?page_id=1584"},"modified":"2024-08-14T11:00:43","modified_gmt":"2024-08-14T09:00:43","slug":"instrucoes-do-youtube","status":"publish","type":"page","link":"https:\/\/portal.fairmuse.eu\/pt\/instrucoes-do-youtube\/","title":{"rendered":"Instru\u00e7\u00f5es do YouTube"},"content":{"rendered":"<div data-elementor-type=\"wp-page\" data-elementor-id=\"1584\" class=\"elementor elementor-1584\" data-elementor-post-type=\"page\">\n\t\t\t\t<div class=\"elementor-element elementor-element-d0b8a49 e-flex e-con-boxed e-con e-parent\" data-id=\"d0b8a49\" data-element_type=\"container\">\n\t\t\t\t\t<div class=\"e-con-inner\">\n\t\t\t\t<div class=\"elementor-element elementor-element-9969cf3 elementor-widget elementor-widget-spacer\" data-id=\"9969cf3\" data-element_type=\"widget\" data-widget_type=\"spacer.default\">\n\t\t\t\t<div class=\"elementor-widget-container\">\n\t\t\t\t\t\t\t<div class=\"elementor-spacer\">\n\t\t\t<div class=\"elementor-spacer-inner\"><\/div>\n\t\t<\/div>\n\t\t\t\t\t\t<\/div>\n\t\t\t\t<\/div>\n\t\t\t\t\t<\/div>\n\t\t\t\t<\/div>\n\t\t<div class=\"elementor-element elementor-element-c74fc39 e-flex e-con-boxed e-con e-parent\" data-id=\"c74fc39\" data-element_type=\"container\">\n\t\t\t\t\t<div class=\"e-con-inner\">\n\t\t<div class=\"elementor-element elementor-element-a91330d e-con-full e-flex e-con e-child\" data-id=\"a91330d\" data-element_type=\"container\">\n\t\t\t\t<div class=\"elementor-element elementor-element-6cb9660 elementor-widget__width-initial elementor-widget elementor-widget-image\" data-id=\"6cb9660\" data-element_type=\"widget\" data-widget_type=\"image.default\">\n\t\t\t\t<div class=\"elementor-widget-container\">\n\t\t\t\t\t\t\t\t\t\t\t\t\t\t\t<img decoding=\"async\" width=\"150\" height=\"150\" src=\"https:\/\/portal.fairmuse.eu\/wp-content\/uploads\/2023\/11\/datashare-icon-150x150.png\" class=\"attachment-thumbnail size-thumbnail wp-image-1850\" alt=\"Portal FairMusE\" srcset=\"https:\/\/portal.fairmuse.eu\/wp-content\/uploads\/2023\/11\/datashare-icon-150x150.png 150w, https:\/\/portal.fairmuse.eu\/wp-content\/uploads\/2023\/11\/datashare-icon-300x300.png 300w, https:\/\/portal.fairmuse.eu\/wp-content\/uploads\/2023\/11\/datashare-icon-1024x1024.png 1024w, https:\/\/portal.fairmuse.eu\/wp-content\/uploads\/2023\/11\/datashare-icon-768x768.png 768w, https:\/\/portal.fairmuse.eu\/wp-content\/uploads\/2023\/11\/datashare-icon-1536x1536.png 1536w, https:\/\/portal.fairmuse.eu\/wp-content\/uploads\/2023\/11\/datashare-icon.png 1653w\" sizes=\"(max-width: 150px) 100vw, 150px\" \/>\t\t\t\t\t\t\t\t\t\t\t\t\t\t\t<\/div>\n\t\t\t\t<\/div>\n\t\t\t\t<\/div>\n\t\t<div class=\"elementor-element elementor-element-31082fe e-con-full e-flex e-con e-child\" data-id=\"31082fe\" data-element_type=\"container\" data-settings=\"{&quot;background_background&quot;:&quot;classic&quot;}\">\n\t\t\t\t<div class=\"elementor-element elementor-element-e8c1556 elementor-widget__width-initial elementor-widget elementor-widget-heading\" data-id=\"e8c1556\" data-element_type=\"widget\" data-widget_type=\"heading.default\">\n\t\t\t\t<div class=\"elementor-widget-container\">\n\t\t\t\t\t<h2 class=\"elementor-heading-title elementor-size-default\">Se tem uma subscri\u00e7\u00e3o no YouTube Music, siga os passos<\/h2>\t\t\t\t<\/div>\n\t\t\t\t<\/div>\n\t\t\t\t<\/div>\n\t\t\t\t\t<\/div>\n\t\t\t\t<\/div>\n\t\t<div class=\"elementor-element elementor-element-1723de2 e-con-full e-flex e-con e-parent\" data-id=\"1723de2\" data-element_type=\"container\">\n\t\t<div class=\"elementor-element elementor-element-db4e473 e-con-full e-flex e-con e-child\" data-id=\"db4e473\" data-element_type=\"container\">\n\t\t\t\t<div class=\"elementor-element elementor-element-5cb2397 elementor-widget elementor-widget-text-editor\" data-id=\"5cb2397\" data-element_type=\"widget\" data-widget_type=\"text-editor.default\">\n\t\t\t\t<div class=\"elementor-widget-container\">\n\t\t\t\t\t\t\t\t\t<p>Se pagar uma subscri\u00e7\u00e3o do YouTube Music ou utilizar o YouTube para ouvir m\u00fasica, siga os passos <span style=\"font-family: var( --e-global-typography-text-font-family ), Sans-serif; font-size: var( --e-global-typography-text-font-size ); font-style: var( --e-global-typography-text-font-style ); letter-spacing: var( --e-global-typography-text-letter-spacing ); text-transform: var( --e-global-typography-text-text-transform ); word-spacing: var( --e-global-typography-text-word-spacing ); text-decoration: var( --e-global-typography-text-text-decoration ); text-align: var(--text-align);\">abaixo.<\/span><\/p><p><span style=\"letter-spacing: -0.8px; font-family: var( --e-global-typography-text-font-family ), Sans-serif; font-size: var( --e-global-typography-text-font-size ); font-style: var( --e-global-typography-text-font-style ); text-transform: var( --e-global-typography-text-text-transform ); word-spacing: var( --e-global-typography-text-word-spacing ); text-decoration: var( --e-global-typography-text-text-decoration ); text-align: var(--text-align);\">Se tiver d\u00favidas ou problemas t\u00e9cnicos, <\/span><a style=\"letter-spacing: -0.8px; text-align: var(--text-align); color: #000000; text-decoration: underline;\" href=\"https:\/\/portal.fairmuse.eu\/pt\/contacto\/\">envie-nos uma mensagem!<\/a><\/p>\t\t\t\t\t\t\t\t<\/div>\n\t\t\t\t<\/div>\n\t\t\t\t<div class=\"elementor-element elementor-element-891adbf elementor-widget__width-initial elementor-widget elementor-widget-eael-adv-accordion\" data-id=\"891adbf\" data-element_type=\"widget\" data-widget_type=\"eael-adv-accordion.default\">\n\t\t\t\t<div class=\"elementor-widget-container\">\n\t\t\t\t\t        <div class=\"eael-adv-accordion\" id=\"eael-adv-accordion-891adbf\" data-scroll-on-click=\"no\" data-scroll-speed=\"300\" data-accordion-id=\"891adbf\" data-accordion-type=\"accordion\" data-toogle-speed=\"300\">\n    <div class=\"eael-accordion-list\">\n                <div id=\"1-log-in-to-or-access-google-takeout\" class=\"elementor-tab-title eael-accordion-header active-default\" tabindex=\"0\" data-tab=\"1\" aria-controls=\"elementor-tab-content-1431\"><p class=\"eael-accordion-tab-title\">1. Inicie sess\u00e3o ou aceda ao Google Takeout<\/p><i aria-hidden=\"true\" class=\"fa-toggle fas fa-arrow-right\"><\/i><\/div><div id=\"elementor-tab-content-1431\" class=\"eael-accordion-content clearfix active-default\" data-tab=\"1\" aria-labelledby=\"1-log-in-to-or-access-google-takeout\"><p>A Google \u00e9 a empresa-m\u00e3e do YouTube. Para aceder aos seus dados do YouTube Music, ter\u00e1 de os solicitar \u00e0 Google. Eis como o fazer:<\/p><table bgcolor=\"ffffff\"><tbody><tr><td style=\"background-color: #ffffff; border: 0;\"><p>1. Utilize <span style=\"color: black;\">esta liga\u00e7\u00e3o<\/span> para aceder \u00e0 s\u00edntese dos dados da conta:<\/p><p><span style=\"text-decoration: underline;\"><span style=\"color: #000000;\"><a style=\"color: #000000; text-decoration: underline;\" href=\"https:\/\/takeout.google.com\/\" target=\"_blank\" rel=\"noopener\">https:\/\/takeout.google.com\/<\/a><\/span><\/span><\/p><p>\u00a0<\/p><p>2. Inicie sess\u00e3o na sua conta Google.<\/p><p>Se tiver mais do que uma conta, seleccione a que utiliza principalmente para o YouTube.<\/p><p>\u00a0<\/p><p>3. Para solicitar os seus dados, siga o passo seguinte.<\/p><\/td><\/tr><tr><td style=\"background-color: #ffffff; border: 0;\"><img fetchpriority=\"high\" decoding=\"async\" class=\"wp-image-1597 aligncenter\" src=\"https:\/\/portal.fairmuse.eu\/wp-content\/uploads\/2023\/11\/Step-1-YT.png\" alt=\"\" width=\"600\" height=\"619\" srcset=\"https:\/\/portal.fairmuse.eu\/wp-content\/uploads\/2023\/11\/Step-1-YT.png 900w, https:\/\/portal.fairmuse.eu\/wp-content\/uploads\/2023\/11\/Step-1-YT-291x300.png 291w, https:\/\/portal.fairmuse.eu\/wp-content\/uploads\/2023\/11\/Step-1-YT-768x792.png 768w\" sizes=\"(max-width: 600px) 100vw, 600px\" \/><\/td><\/tr><\/tbody><\/table><\/div>\n                <\/div><div class=\"eael-accordion-list\">\n                <div id=\"2-request-your-youtube-data\" class=\"elementor-tab-title eael-accordion-header\" tabindex=\"0\" data-tab=\"2\" aria-controls=\"elementor-tab-content-1432\"><p class=\"eael-accordion-tab-title\">2. Pe\u00e7a os seus dados do YouTube<\/p><i aria-hidden=\"true\" class=\"fa-toggle fas fa-arrow-right\"><\/i><\/div><div id=\"elementor-tab-content-1432\" class=\"eael-accordion-content clearfix\" data-tab=\"2\" aria-labelledby=\"2-request-your-youtube-data\"><p style=\"text-align: left;\">Exporte uma c\u00f3pia dos seus dados do YouTube Music.<\/p><table bgcolor=\"ffffff\"><tbody><tr><td style=\"background-color: #ffffff; border: 0;\"><p>1. Clique em \"Desmarcar tudo\" \u2014 caso contr\u00e1rio, obter\u00e1 todos os seus dados do Google<\/p><p>\u00a0<\/p><p>2. Desloque-se para a parte inferior e selecione \"YouTube e YouTube Music\"<\/p><p>\u00a0<\/p><p>3. Prima a op\u00e7\u00e3o \"V\u00e1rios formatos\" e desloque-se para baixo at\u00e9 \"Hist\u00f3rico\" e escolha o formato \"JSON\".<\/p><p>\u00a0<\/p><p>4. Confirme que apenas um est\u00e1 selecionado e avance para o passo seguinte.<\/p><\/td><\/tr><tr><td style=\"background-color: #ffffff; border: 0;\"><img decoding=\"async\" class=\"wp-image-1612 size-large aligncenter\" src=\"https:\/\/portal.fairmuse.eu\/wp-content\/uploads\/2023\/11\/Step-2.1-YT-1024x941.png\" alt=\"\" width=\"800\" height=\"735\" srcset=\"https:\/\/portal.fairmuse.eu\/wp-content\/uploads\/2023\/11\/Step-2.1-YT-1024x941.png 1024w, https:\/\/portal.fairmuse.eu\/wp-content\/uploads\/2023\/11\/Step-2.1-YT-300x276.png 300w, https:\/\/portal.fairmuse.eu\/wp-content\/uploads\/2023\/11\/Step-2.1-YT-768x706.png 768w, https:\/\/portal.fairmuse.eu\/wp-content\/uploads\/2023\/11\/Step-2.1-YT.png 1390w\" sizes=\"(max-width: 800px) 100vw, 800px\" \/><\/td><\/tr><tr><td style=\"background-color: #ffffff; border: 0;\"><img loading=\"lazy\" decoding=\"async\" class=\"wp-image-1613 aligncenter\" src=\"https:\/\/portal.fairmuse.eu\/wp-content\/uploads\/2023\/11\/Step-2.5-YT.png\" alt=\"\" width=\"1100\" height=\"397\" srcset=\"https:\/\/portal.fairmuse.eu\/wp-content\/uploads\/2023\/11\/Step-2.5-YT.png 1346w, https:\/\/portal.fairmuse.eu\/wp-content\/uploads\/2023\/11\/Step-2.5-YT-300x108.png 300w, https:\/\/portal.fairmuse.eu\/wp-content\/uploads\/2023\/11\/Step-2.5-YT-1024x370.png 1024w, https:\/\/portal.fairmuse.eu\/wp-content\/uploads\/2023\/11\/Step-2.5-YT-768x277.png 768w\" sizes=\"(max-width: 1100px) 100vw, 1100px\" \/><\/td><\/tr><\/tbody><\/table><\/div>\n                <\/div><div class=\"eael-accordion-list\">\n                <div id=\"3-confirm-your-request\" class=\"elementor-tab-title eael-accordion-header\" tabindex=\"0\" data-tab=\"3\" aria-controls=\"elementor-tab-content-1433\"><p class=\"eael-accordion-tab-title\">3. Confirme o seu pedido<\/p><i aria-hidden=\"true\" class=\"fa-toggle fas fa-arrow-right\"><\/i><\/div><div id=\"elementor-tab-content-1433\" class=\"eael-accordion-content clearfix\" data-tab=\"3\" aria-labelledby=\"3-confirm-your-request\"><p>Escolha o tipo de ficheiro, a frequ\u00eancia e o destino.<\/p><table bgcolor=\"ffffff\"><tbody><tr><td style=\"background-color: #ffffff; border: 0;\"><p>1. As op\u00e7\u00f5es predefinidas s\u00e3o suficientes e devem incluir o seguinte:<\/p><p>- Enviar transfer\u00eancia por correio eletr\u00f3nico<\/p><p>- Exportar uma vez<\/p><p>- Tipo de ficheiro .zip<\/p><p>- 2GB de tamanho de ficheiro<\/p><p>\u00a0<\/p><p>2. Confirme a exporta\u00e7\u00e3o.<\/p><p>\u00a0<\/p><p>3. Agora, aguarde at\u00e9 que os seus dados estejam prontos para ser descarregados<\/p><p>Receber\u00e1 um e-mail da Google quando os seus dados estiverem prontos para ser transferidos.<\/p><p>Isto ser\u00e1 feito no mesmo dia ou at\u00e9 uma semana, dependendo do tamanho do ficheiro. O ficheiro .zip estar\u00e1 dispon\u00edvel para transfer\u00eancia durante uma semana.<\/p><p>Se pretender um lembrete para carregar os seus dados, clique na seguinte liga\u00e7\u00e3o:<\/p><p><span style=\"text-decoration: underline;\"><span style=\"color: #000000;\"><a style=\"color: #000000; text-decoration: underline;\" href=\"https:\/\/portal.fairmuse.eu\/pt\/lembrete\/\" target=\"_blank\" rel=\"noopener\">https:\/\/portal.fairmuse.eu\/reminder\/<\/a><\/span><\/span><\/p><p>\u00c9 tudo por agora. Obrigado por solicitar os seus dados. Pode fechar esta p\u00e1gina e voltar quando tiver recebido o email com o ficheiro .zip.<\/p><\/td><\/tr><tr><td style=\"background-color: #ffffff; border: 0;\"><img loading=\"lazy\" decoding=\"async\" class=\"wp-image-1618 size-full aligncenter\" src=\"https:\/\/portal.fairmuse.eu\/wp-content\/uploads\/2023\/11\/Step-3-YT.png\" alt=\"\" width=\"974\" height=\"1504\" srcset=\"https:\/\/portal.fairmuse.eu\/wp-content\/uploads\/2023\/11\/Step-3-YT.png 974w, https:\/\/portal.fairmuse.eu\/wp-content\/uploads\/2023\/11\/Step-3-YT-194x300.png 194w, https:\/\/portal.fairmuse.eu\/wp-content\/uploads\/2023\/11\/Step-3-YT-663x1024.png 663w, https:\/\/portal.fairmuse.eu\/wp-content\/uploads\/2023\/11\/Step-3-YT-768x1186.png 768w\" sizes=\"(max-width: 974px) 100vw, 974px\" \/><\/td><\/tr><\/tbody><\/table><\/div>\n                <\/div><div class=\"eael-accordion-list\">\n                <div id=\"4-download-your-youtube-data\" class=\"elementor-tab-title eael-accordion-header\" tabindex=\"0\" data-tab=\"4\" aria-controls=\"elementor-tab-content-1434\"><p class=\"eael-accordion-tab-title\">4. Descarregue os seus dados do YouTube<\/p><i aria-hidden=\"true\" class=\"fa-toggle fas fa-arrow-right\"><\/i><\/div><div id=\"elementor-tab-content-1434\" class=\"eael-accordion-content clearfix\" data-tab=\"4\" aria-labelledby=\"4-download-your-youtube-data\"><p>Abra o seu e-mail e abrao e-mail da Google intitulado \"Os seus dados Google est\u00e3o prontos para ser transferidos\"<\/p><table bgcolor=\"ffffff\"><tbody><tr><td style=\"background-color: #ffffff; border: 0;\"><p>Clique em \"Descarregar os seus ficheiros\" e guarde-os na localiza\u00e7\u00e3o que preferir no seu computador.<\/p><p>(A pasta Downloads \u00e9 a predefini\u00e7\u00e3o habitual)<\/p><\/td><\/tr><tr><td style=\"background-color: #ffffff; border: 0;\"><img loading=\"lazy\" decoding=\"async\" class=\"wp-image-1623 size-full aligncenter\" src=\"https:\/\/portal.fairmuse.eu\/wp-content\/uploads\/2023\/11\/Step-5-YT.png\" alt=\"\" width=\"830\" height=\"664\" srcset=\"https:\/\/portal.fairmuse.eu\/wp-content\/uploads\/2023\/11\/Step-5-YT.png 830w, https:\/\/portal.fairmuse.eu\/wp-content\/uploads\/2023\/11\/Step-5-YT-300x240.png 300w, https:\/\/portal.fairmuse.eu\/wp-content\/uploads\/2023\/11\/Step-5-YT-768x614.png 768w\" sizes=\"(max-width: 830px) 100vw, 830px\" \/><\/td><\/tr><\/tbody><\/table><\/div>\n                <\/div><div class=\"eael-accordion-list\">\n                <div id=\"5-upload-your-youtube-data\" class=\"elementor-tab-title eael-accordion-header\" tabindex=\"0\" data-tab=\"5\" aria-controls=\"elementor-tab-content-1435\"><p class=\"eael-accordion-tab-title\">5. Carregue os seus dados do YouTube<\/p><i aria-hidden=\"true\" class=\"fa-toggle fas fa-arrow-right\"><\/i><\/div><div id=\"elementor-tab-content-1435\" class=\"eael-accordion-content clearfix\" data-tab=\"5\" aria-labelledby=\"5-upload-your-youtube-data\"><p style=\"text-align: center;\">Localize o local no seu computador onde guardou os dados, em princ\u00edpio na pasta Downloads.<\/p><p style=\"text-align: center;\">Encontreo ficheiro denominado \"takeout-currentdate.zip\"<\/p><p>\u00a0<\/p><p style=\"text-align: center;\">Iremos filtrar e remover todos os dados que n\u00e3o estejam relacionados com os seus h\u00e1bitos de audi\u00e7\u00e3o de m\u00fasica.<\/p><p style=\"text-align: center;\">Prima o bot\u00e3o abaixo para carregar os seus dados musicais.<\/p><p style=\"text-align: center;\">*Tenha em aten\u00e7\u00e3o se o ficheiro \u00e9 maior do que 128MB. Se foro caso, apague todos os v\u00eddeos e volte a comprimir o ficheiro.\u00a0\u00a0<\/p><p style=\"text-align: center;\">Obrigado por ter conclu\u00eddo o processo de pedido de dados!<\/p><\/div>\n                <\/div><\/div>\t\t\t\t<\/div>\n\t\t\t\t<\/div>\n\t\t\t\t<div class=\"elementor-element elementor-element-0dfca5b elementor-align-center elementor-widget elementor-widget-button\" data-id=\"0dfca5b\" data-element_type=\"widget\" data-widget_type=\"button.default\">\n\t\t\t\t<div class=\"elementor-widget-container\">\n\t\t\t\t\t\t\t\t\t<div class=\"elementor-button-wrapper\">\n\t\t\t\t\t<a class=\"elementor-button elementor-button-link elementor-size-sm\" href=\"https:\/\/portal.fairmuse.eu\/pt\/carregar\/\" target=\"_blank\">\n\t\t\t\t\t\t<span class=\"elementor-button-content-wrapper\">\n\t\t\t\t\t\t\t\t\t<span class=\"elementor-button-text\">Carregar os seus dados<\/span>\n\t\t\t\t\t<\/span>\n\t\t\t\t\t<\/a>\n\t\t\t\t<\/div>\n\t\t\t\t\t\t\t\t<\/div>\n\t\t\t\t<\/div>\n\t\t\t\t<\/div>\n\t\t\t\t<\/div>\n\t\t<div class=\"elementor-element elementor-element-3c5d548 e-con-full e-flex e-con e-parent\" data-id=\"3c5d548\" data-element_type=\"container\">\n\t\t\t\t<div class=\"elementor-element elementor-element-d63599b elementor-widget elementor-widget-spacer\" data-id=\"d63599b\" data-element_type=\"widget\" data-widget_type=\"spacer.default\">\n\t\t\t\t<div class=\"elementor-widget-container\">\n\t\t\t\t\t\t\t<div class=\"elementor-spacer\">\n\t\t\t<div class=\"elementor-spacer-inner\"><\/div>\n\t\t<\/div>\n\t\t\t\t\t\t<\/div>\n\t\t\t\t<\/div>\n\t\t\t\t<\/div>\n\t\t\t\t<\/div>","protected":false},"excerpt":{"rendered":"<p>Obter o seu hist\u00f3rico de audi\u00e7\u00e3o do YouTube Se pagar uma subscri\u00e7\u00e3o do YouTube Music ou utilizar o YouTube para ouvir m\u00fasica, siga os passos abaixo. Se tiver d\u00favidas ou problemas t\u00e9cnicos, escreva-nos uma mensagem! 1. Iniciar sess\u00e3o ou aceder ao Google Takeout A Google \u00e9 a empresa-m\u00e3e do YouTube. Para aceder aos seus dados do YouTube Music [...]<\/p>","protected":false},"author":2,"featured_media":0,"parent":0,"menu_order":0,"comment_status":"closed","ping_status":"closed","template":"","meta":{"_acf_changed":false,"footnotes":""},"class_list":["post-1584","page","type-page","status-publish","hentry"],"acf":[],"_links":{"self":[{"href":"https:\/\/portal.fairmuse.eu\/pt\/wp-json\/wp\/v2\/pages\/1584","targetHints":{"allow":["GET"]}}],"collection":[{"href":"https:\/\/portal.fairmuse.eu\/pt\/wp-json\/wp\/v2\/pages"}],"about":[{"href":"https:\/\/portal.fairmuse.eu\/pt\/wp-json\/wp\/v2\/types\/page"}],"author":[{"embeddable":true,"href":"https:\/\/portal.fairmuse.eu\/pt\/wp-json\/wp\/v2\/users\/2"}],"replies":[{"embeddable":true,"href":"https:\/\/portal.fairmuse.eu\/pt\/wp-json\/wp\/v2\/comments?post=1584"}],"version-history":[{"count":223,"href":"https:\/\/portal.fairmuse.eu\/pt\/wp-json\/wp\/v2\/pages\/1584\/revisions"}],"predecessor-version":[{"id":9099,"href":"https:\/\/portal.fairmuse.eu\/pt\/wp-json\/wp\/v2\/pages\/1584\/revisions\/9099"}],"wp:attachment":[{"href":"https:\/\/portal.fairmuse.eu\/pt\/wp-json\/wp\/v2\/media?parent=1584"}],"curies":[{"name":"wp","href":"https:\/\/api.w.org\/{rel}","templated":true}]}}