{"id":3,"date":"2023-10-13T06:13:02","date_gmt":"2023-10-13T06:13:02","guid":{"rendered":"https:\/\/portal.fairmuse.eu\/?page_id=3"},"modified":"2026-02-26T16:36:01","modified_gmt":"2026-02-26T15:36:01","slug":"consentimento-do-utilizador","status":"publish","type":"page","link":"https:\/\/portal.fairmuse.eu\/pt\/consentimento-do-utilizador\/","title":{"rendered":"Consentimento do utilizador"},"content":{"rendered":"<div data-elementor-type=\"wp-page\" data-elementor-id=\"3\" class=\"elementor elementor-3\" data-elementor-post-type=\"page\">\n\t\t\t\t<div class=\"elementor-element elementor-element-6b2eded1 e-flex e-con-boxed e-con e-parent\" data-id=\"6b2eded1\" data-element_type=\"container\">\n\t\t\t\t\t<div class=\"e-con-inner\">\n\t\t\t\t<div class=\"elementor-element elementor-element-470378c elementor-widget elementor-widget-spacer\" data-id=\"470378c\" data-element_type=\"widget\" data-widget_type=\"spacer.default\">\n\t\t\t\t<div class=\"elementor-widget-container\">\n\t\t\t\t\t\t\t<div class=\"elementor-spacer\">\n\t\t\t<div class=\"elementor-spacer-inner\"><\/div>\n\t\t<\/div>\n\t\t\t\t\t\t<\/div>\n\t\t\t\t<\/div>\n\t\t\t\t<div class=\"elementor-element elementor-element-c22ae6b elementor-widget-mobile__width-initial elementor-widget elementor-widget-heading\" data-id=\"c22ae6b\" data-element_type=\"widget\" data-widget_type=\"heading.default\">\n\t\t\t\t<div class=\"elementor-widget-container\">\n\t\t\t\t\t<h2 class=\"elementor-heading-title elementor-size-xl\">INFORMA\u00c7\u00d5ES SOBRE O TRATAMENTO DE DADOS E <br>DECLARA\u00c7\u00c3O DE CONSENTIMENTO<\/h2>\t\t\t\t<\/div>\n\t\t\t\t<\/div>\n\t\t\t\t<div class=\"elementor-element elementor-element-1aaccdb elementor-widget elementor-widget-spacer\" data-id=\"1aaccdb\" data-element_type=\"widget\" data-widget_type=\"spacer.default\">\n\t\t\t\t<div class=\"elementor-widget-container\">\n\t\t\t\t\t\t\t<div class=\"elementor-spacer\">\n\t\t\t<div class=\"elementor-spacer-inner\"><\/div>\n\t\t<\/div>\n\t\t\t\t\t\t<\/div>\n\t\t\t\t<\/div>\n\t\t\t\t<div class=\"elementor-element elementor-element-2ca0ccfd elementor-widget__width-initial elementor-widget elementor-widget-text-editor\" data-id=\"2ca0ccfd\" data-element_type=\"widget\" data-widget_type=\"text-editor.default\">\n\t\t\t\t<div class=\"elementor-widget-container\">\n\t\t\t\t\t\t\t\t\t<h2>INTRODU\u00c7\u00c3O<\/h2>\n<p><!-- \/wp:heading --><!-- wp:paragraph --><\/p>\n<div title=\"P\u00e1gina 1\">\n<div>\n<div>\n<p>A Fair MusE valoriza a sua privacidade e processa os seus dados pessoais em conformidade com a UE <a style=\"color: #000000; text-decoration: underline;\" href=\"https:\/\/eur-lex.europa.eu\/eli\/reg\/2016\/679\/oj\" target=\"_blank\" rel=\"noopener\">Regulamento Geral sobre a Prote\u00e7\u00e3o de Dados<\/a>: Regulamento (UE) 2016\/679 relativo \u00e0 prote\u00e7\u00e3o das pessoas singulares no que diz respeito ao tratamento de dados pessoais e \u00e0 livre circula\u00e7\u00e3o desses dados (a seguir designado \"RGPD\").<\/p>\n<div title=\"P\u00e1gina 1\">\n<div>\n<div>\n<p>O seu <i>Dados pessoais<\/i> s\u00e3o qualquer informa\u00e7\u00e3o relacionada consigo. <i>Processamento<\/i> \u00e9 qualquer opera\u00e7\u00e3o efectuada sobre os dados.<\/p>\n<p>De acordo com o Princ\u00edpio da Transpar\u00eancia, o presente documento fornecer-lhe-\u00e1 informa\u00e7\u00f5es sobre o tratamento dos seus dados pessoais, tal como exigido pelo Art. 12.\u00ba, 13.\u00ba e 14.\u00ba do RGPD.<\/p>\n<\/div>\n<\/div>\n<\/div>\n<\/div>\n<\/div>\n<\/div>\n<p><!-- \/wp:paragraph --><!-- wp:heading --><\/p>\n<h3>\u00a0<\/h3>\n<h3>Para que fins acedemos aos seus dados?<\/h3>\n<div title=\"P\u00e1gina 1\">\n<div>\n<div>\n<p>Os seus dados ser\u00e3o tratados no \u00e2mbito do projeto FairMusE.<\/p>\n<p>\u00a0<\/p>\n<\/div>\n<div title=\"P\u00e1gina 1\">\n<div>\n<div>\n<h3>\u00a0<\/h3>\n<h3>Quem somos e como nos pode contactar?<\/h3>\n<\/div>\n<\/div>\n<\/div>\n<\/div>\n<\/div>\n<p><!-- \/wp:heading --><!-- wp:paragraph --><\/p>\n<div title=\"P\u00e1gina 1\">\n<div>\n<div>\n<p>A Universidade de Aalborg (AAU) e a Universidade de Lille atuam como respons\u00e1veis pelo tratamento de dados, na ace\u00e7\u00e3o do RGPD, relativamente aos dados dos participantes associados ao projeto \"Fair MusE\", pacote de trabalho 4, <span style=\"text-decoration: underline;\"><span style=\"color: #000000; text-decoration: underline;\"><a style=\"color: #000000; text-decoration: underline;\" href=\"https:\/\/fairmuse.eu\" target=\"_blank\" rel=\"noopener\">https:\/\/fairmuse.eu<\/a><\/span><\/span> ID do acordo de subven\u00e7\u00e3o: 101095088.<\/p>\n<p>Pedimos o seu consentimento para processar os seus dados pessoais. O objetivo do tratamento dos dados \u00e9 compreender o n\u00edvel de equidade (fairness) no ecossistema musical europeu, no contexto do projeto Horizon Europe da UE \"Fair MusE\". Ao estudar os dados da atividade de streaming de m\u00fasica (as suas listas de reprodu\u00e7\u00e3o e o seu hist\u00f3rico de audi\u00e7\u00e3o) e ao relacion\u00e1-los com v\u00e1rios conjuntos de dados sobre, por exemplo, a diversidade entre os criadores de m\u00fasica, o nosso objetivo \u00e9 apresentar uma \"pontua\u00e7\u00e3o de justi\u00e7a\" que apresente diferentes dimens\u00f5es de justi\u00e7a para os criadores de m\u00fasica (artistas, compositores, etc.) ou para os utilizadores de plataformas de streaming na Europa. Al\u00e9m disso, o tratamento dos dados fornecidos pelo utilizador em inqu\u00e9ritos localizados ou ligados ao portal do participante Fair MusE permitir\u00e1 aumentar a nossa compreens\u00e3o da equidade para os criadores de m\u00fasica na Europa.<\/p>\n<p><span style=\"text-align: var(--text-align);\">Os dados que carregar atrav\u00e9s do Portal do Participante nunca ser\u00e3o publicados ou partilhados com ningu\u00e9m fora do projeto Fair MusE. A equipa do projeto Fair MusE e os seus estudantes associados da Universidade de Aalborg, da Universidade de Lille e da Vrije Universiteit Brussel ter\u00e3o acesso aos seus dados sob a supervis\u00e3o dos respons\u00e1veis conjuntos pelo tratamento dos dados. Publicaremos diferentes estat\u00edsticas e gr\u00e1ficos que mostram os dados a um n\u00edvel agregado, em que as pessoas individuais n\u00e3o ser\u00e3o  identificadas. Os seus dados n\u00e3o ser\u00e3o vis\u00edveis. A sua identidade ou h\u00e1bitos musicais n\u00e3o ser\u00e3o identific\u00e1veis atrav\u00e9s destas publica\u00e7\u00f5es.\u00a0<\/span><span style=\"font-family: var( --e-global-typography-text-font-family ), Sans-serif; font-size: var( --e-global-typography-text-font-size ); font-style: var( --e-global-typography-text-font-style ); letter-spacing: var( --e-global-typography-text-letter-spacing ); text-transform: var( --e-global-typography-text-text-transform ); word-spacing: var( --e-global-typography-text-word-spacing ); text-decoration: var( --e-global-typography-text-text-decoration ); text-align: var(--text-align);\">.<\/span><\/p>\n<p class=\"translation-block\">Ao inscrever-se neste portal do participante (<span style=\"text-decoration: underline\"><span style=\"color: #000000;text-decoration: underline\"><a style=\"color: #000000;text-decoration: underline\" href=\"https:\/\/portal.fairmuse.eu\/pt\/)\/\" target=\"_blank\" rel=\"noopener\">https:\/\/portal.fairmuse.eu\/)<\/a><\/span><\/span>, autoriza-nos a:<\/p>\n<div title=\"P\u00e1gina 1\">\n<div>\n<div>\n<ul>\n<li class=\"translation-block\"><span style=\"color: #000000\">Processar os dados da atividade de transmiss\u00e3o de m\u00fasica que carregar atrav\u00e9s do portal do participante \"Fair MusE\". Os dados de atividade de streaming de m\u00fasica que recolhemos consistem em 1) as suas listas de reprodu\u00e7\u00e3o, 2) a m\u00fasica que foi reproduzida atrav\u00e9s da sua conta. Todos os outros dados carregados ser\u00e3o filtrados e eliminados durante o processo de carregamento e antes da transfer\u00eancia do Portal do Participante para a base de dados. Os dados da sua atividade de streaming de m\u00fasica s\u00e3o armazenados numa base de dados localizada fisicamente no parceiro do projeto \"Fair MusE\", a Universidade de Lille, em Fran\u00e7a.<\/li>\n<li>\n<div title=\"P\u00e1gina 1\">\n<div>\n<div>\n<p class=\"translation-block\">Processar os dados fornecidos pelo utilizador em inqu\u00e9ritos localizados no portal do participante \"Fair MusE\" ou a eles ligados, a fim de aumentar a nossa compreens\u00e3o da justi\u00e7a para os criadores de m\u00fasica na Europa. Se o utilizador decidir fornecer-nos informa\u00e7\u00f5es qualitativas adicionais, por exemplo, participar em entrevistas, grupos de discuss\u00e3o ou workshops, os seus direitos no \u00e2mbito do RGPD tamb\u00e9m s\u00e3o abrangidos pela presente Declara\u00e7\u00e3o de Consentimento.<\/p>\n<\/div>\n<\/div>\n<\/div>\n<\/li>\n<li>\n<div title=\"P\u00e1gina 2\">\n<div>\n<div>\n<p>Processar o seu endere\u00e7o de correio eletr\u00f3nico para efeitos de cria\u00e7\u00e3o de um in\u00edcio de sess\u00e3o de utilizador no portal de participantes \"Fair MusE\", para comunicar consigo relativamente ao processo de carregamento de dados e para o informar sobre a sua participa\u00e7\u00e3o no projeto Fair MusE.<\/p>\n<\/div>\n<\/div>\n<\/div>\n<\/li>\n<li>\n<div title=\"P\u00e1gina 2\">\n<div>\n<div>\n<p>Armazenar cookies no seu navegador Web para facilitar o in\u00edcio de sess\u00e3o no portal do participante da Fair MusE.<\/p>\n<\/div>\n<\/div>\n<\/div>\n<\/li>\n<li>\n<div title=\"P\u00e1gina 2\">\n<div>\n<div>\n<p class=\"translation-block\">Os dados que carregar atrav\u00e9s do Portal do Participante nunca ser\u00e3o publicados ou partilhados com ningu\u00e9m. Apenas o pessoal do projeto Fair MusE da Universidade de Aalborg, Universidade de Lille e Vrije Universiteit Brussel ter\u00e3o acesso aos seus dados. No entanto, publicaremos diferentes estat\u00edsticas e gr\u00e1ficos que mostram os dados a um n\u00edvel agregado, em que as pessoas individuais n\u00e3o podem ser identificadas. Os seus dados n\u00e3o ser\u00e3o vis\u00edveis e a sua identidade ou h\u00e1bitos musicais n\u00e3o ser\u00e3o identific\u00e1veis atrav\u00e9s destas publica\u00e7\u00f5es.<\/p>\n<\/div>\n<\/div>\n<\/div>\n<\/li>\n<li>\n<div title=\"P\u00e1gina 2\">\n<div>\n<div>\n<p>A reutiliza\u00e7\u00e3o dos dados na nossa investiga\u00e7\u00e3o sobre a equidade (fairness) no ecossistema musical europeu est\u00e1 prevista at\u00e9 1 de mar\u00e7o de 2027, um ano ap\u00f3s o fim do projeto Fair MusE, a 28 de fevereiro de 2026.<\/p>\n<\/div>\n<\/div>\n<\/div>\n<\/li>\n<li>\n<div title=\"P\u00e1gina 2\">\n<div>\n<div>\n<p>N\u00e3o est\u00e1 prevista a divulga\u00e7\u00e3o de dados pessoais a outras organiza\u00e7\u00f5es.<\/p>\n<\/div>\n<\/div>\n<\/div>\n<\/li>\n<li>\n<div title=\"P\u00e1gina 2\">\n<div>\n<div>\n<p>Os seus dados n\u00e3o ser\u00e3o transferidos para fora do Espa\u00e7o Econ\u00f3mico Europeu.<\/p>\n<\/div>\n<\/div>\n<\/div>\n<\/li>\n<li>\n<div title=\"P\u00e1gina 2\">\n<div>\n<div>\n<p>Os seus dados n\u00e3o ser\u00e3o utilizados para efeitos de defini\u00e7\u00e3o de perfis ou de tomada de decis\u00f5es automatizada.<\/p>\n<\/div>\n<\/div>\n<\/div>\n<\/li>\n<\/ul>\n<div title=\"P\u00e1gina 2\">\n<div>\n<div>\n<p>Os dados da atividade de transmiss\u00e3o de m\u00fasica ser\u00e3o armazenados de forma segura na Universidade de Lille.<\/p>\n<p>Os dados do inqu\u00e9rito que fornecer e os seus dados de utilizador do Portal do Participante (por exemplo, endere\u00e7o de correio eletr\u00f3nico, palavra-passe e ID de utilizador) ser\u00e3o armazenados de forma segura na Universidade de Aalborg. Al\u00e9m disso, estes dados s\u00e3o utilizados exclusivamente para efeitos deste estudo e s\u00e3o tratados pelo diretor cient\u00edfico ou por pessoas sob a sua autoridade, que est\u00e3o vinculadas por uma obriga\u00e7\u00e3o de confidencialidade.<\/p>\n<div title=\"P\u00e1gina 2\">\n<div>\n<div>\n<p>O utilizador tem sempre o direito de revogar o seu consentimento. Se pretender revogar o seu consentimento mais tarde, pode enviar uma mensagem de correio eletr\u00f3nico para: js@es.aau.dk.<\/p>\n<p>\u00a0<\/p>\n<\/div>\n<\/div>\n<\/div>\n<\/div>\n<\/div>\n<\/div>\n<\/div>\n<\/div>\n<\/div>\n<\/div>\n<\/div>\n<\/div>\n<p><!-- \/wp:paragraph --><!-- wp:heading --><\/p>\n<div title=\"P\u00e1gina 2\">\n<div>\n<div>\n<h3>\u00a0<\/h3>\n<h3>BASE JUR\u00cdDICA PARA O TRATAMENTO DOS SEUS DADOS<\/h3>\n<\/div>\n<\/div>\n<\/div>\n<p><!-- \/wp:heading --><!-- wp:paragraph --><\/p>\n<div title=\"P\u00e1gina 2\">\n<div>\n<div>\n<p>Os seus dados s\u00e3o tratados com base no seu consentimento (artigo 6.\u00ba, n.\u00ba 1, al\u00ednea a), do RGPD), que d\u00e1 ao aceitar a presente comunica\u00e7\u00e3o.<\/p>\n<p>\u00a0<\/p>\n<\/div>\n<\/div>\n<\/div>\n<p><!-- \/wp:paragraph --><!-- wp:heading --><\/p>\n<div title=\"P\u00e1gina 2\">\n<div>\n<div>\n<h3>\u00a0<\/h3>\n<h3>OS SEUS DIREITOS NO QUE RESPEITA AO TRATAMENTO DOS SEUS DADOS<\/h3>\n<\/div>\n<\/div>\n<\/div>\n<p><!-- \/wp:heading --><!-- wp:paragraph --><\/p>\n<div title=\"P\u00e1gina 2\">\n<div>\n<div>\n<p>O RGPD concede-lhe determinados direitos no que diz respeito ao tratamento dos seus dados pessoais. Estes direitos incluem:<\/p>\n<ul>\n<li class=\"translation-block\"><strong>Acesso<\/strong> (Art. 15\u00ba do RGPD): tem o direito de obter confirma\u00e7\u00e3o de que dispomos dos seus dados pessoais, bem como informa\u00e7\u00f5es sobre a forma como os processamos. Para exercer o seu direito de acesso, contacte-nos atrav\u00e9s do email contact@fairmuse.eu.<\/li>\n<li><strong>Retifica\u00e7\u00e3o<\/strong> (Art. 16.\u00ba do RGPD): se os seus dados pessoais que processamos estiverem incompletos ou incorretos, tem o direito de solicitar a retifica\u00e7\u00e3o desses dados sem demora injustificada. Para exercer o seu direito de retifica\u00e7\u00e3o, contacte-nos atrav\u00e9s do endere\u00e7o contact@fairmuse.eu.<\/li>\n<li><strong>Apagamento<\/strong> (\"direito a ser esquecido\" - Art. 17.\u00ba do RGPD): em determinadas circunst\u00e2ncias (por exemplo, se os seus dados forem tratados de forma ilegal ou desnecess\u00e1ria), pode solicitar o apagamento dos seus dados pessoais.<\/li>\n<li><strong>Restri\u00e7\u00e3o do tratamento<\/strong> (Art. 18.\u00ba do RGPD): em determinadas circunst\u00e2ncias (por exemplo, se contestar a exatid\u00e3o dos dados que processamos ou a legalidade do processamento), pode solicitar a restri\u00e7\u00e3o do processamento dos seus dados. Esses dados n\u00e3o ser\u00e3o apagados, mas, em princ\u00edpio, s\u00f3 podem ser processados com o seu consentimento.<\/li>\n<li><strong>Portabilidade dos dados<\/strong> (Art. 20.\u00ba do RGPD): em determinadas circunst\u00e2ncias, pode solicitar a transmiss\u00e3o dos seus dados a outro respons\u00e1vel pelo tratamento num formato estruturado, de uso corrente e de leitura \u00f3tica.<\/li>\n<li><strong>Al\u00e9m disso, o utilizador tem o direito de retirar o seu consentimento para o tratamento dos seus dados pessoais em qualquer altura<\/strong> (Art. 7(3) do RGPD): contactando-nos atrav\u00e9s do endere\u00e7o contact@fairmuse.eu. A retirada do consentimento n\u00e3o afectar\u00e1 a legalidade do processamento baseado no consentimento anterior \u00e0 sua retirada. Enquanto utilizador do portal.fairmuse.eu, pode apresentar uma queixa a uma autoridade de controlo.<\/li>\n<\/ul>\n<h3>\u00a0<\/h3>\n<h3>QUER QUEIXAR-SE?<\/h3>\n<div title=\"P\u00e1gina 3\">\n<div>\n<div>\n<p>Devemos e iremos sempre cumprir as regras. Se considerar que n\u00e3o cumprimos a nossa responsabilidade ou que n\u00e3o processamos os seus dados de acordo com as regras, pode apresentar uma queixa junto da Ag\u00eancia Dinamarquesa de Prote\u00e7\u00e3o de Dados <span style=\"text-decoration: underline;\">dt@datatilsynet.dk<\/span> ou \u00e0 Ag\u00eancia Francesa de Prote\u00e7\u00e3o de Dados atrav\u00e9s deste formul\u00e1rio de reclama\u00e7\u00e3o: <span style=\"text-decoration: underline;\"><span style=\"color: #000000;\"><a style=\"color: #000000; text-decoration: underline;\" href=\"https:\/\/www.cnil.fr\/fr\/plaintes\" target=\"_blank\" rel=\"noopener\">https:\/\/www.cnil.fr\/fr\/plaintes<\/a><\/span><\/span><\/p>\n<div title=\"P\u00e1gina 3\">\n<div>\n<div>\n<p>No entanto, encorajamo-lo tamb\u00e9m a contactar-nos, uma vez que queremos fazer o nosso melhor para dar resposta \u00e0 sua queixa. Respons\u00e1veis pela prote\u00e7\u00e3o de dados (RPD) da Universidade de Lille: <span style=\"text-decoration: underline;\">Jean-Luc.Tessier@univ- lille.fr.<\/span> Respons\u00e1veis pela prote\u00e7\u00e3o de dados (RPD) da Universidade de Aalborg Niels Vase: <span style=\"text-decoration: underline;\">dpo@aau.dk.<\/span><\/p>\n<p>\u00a0<\/p>\n<\/div>\n<\/div>\n<\/div>\n<\/div>\n<\/div>\n<\/div>\n<\/div>\n<\/div>\n<\/div>\n<p><!-- \/wp:paragraph --><!-- wp:paragraph --><\/p>\n<div title=\"P\u00e1gina 3\">\n<div>\n<div>\n<p>Com os melhores cumprimentos,<\/p>\n<p>Jannick Kirk S\u00f8rensen, PhD, Professor Associado<br \/>L\u00edder do Pacote de Trabalho, Pacote de Trabalho 4 do Fair MusE Correio eletr\u00f3nico: js@es.aau.dk<br \/>Universidade de Aalborg, DK-9220 Aalborg, CVR n.\u00ba 2910238<\/p>\n<\/div>\n<\/div>\n<\/div>\n<p><!-- \/wp:paragraph --><!-- wp:heading --><\/p>\n<p><!-- \/wp:paragraph --><\/p>\t\t\t\t\t\t\t\t<\/div>\n\t\t\t\t<\/div>\n\t\t\t\t\t<\/div>\n\t\t\t\t<\/div>\n\t\t<div class=\"elementor-element elementor-element-ab5c7f7 e-flex e-con-boxed e-con e-parent\" data-id=\"ab5c7f7\" data-element_type=\"container\">\n\t\t\t\t\t<div class=\"e-con-inner\">\n\t\t\t\t<div class=\"elementor-element elementor-element-c81d846 elementor-widget elementor-widget-spacer\" data-id=\"c81d846\" data-element_type=\"widget\" data-widget_type=\"spacer.default\">\n\t\t\t\t<div class=\"elementor-widget-container\">\n\t\t\t\t\t\t\t<div class=\"elementor-spacer\">\n\t\t\t<div class=\"elementor-spacer-inner\"><\/div>\n\t\t<\/div>\n\t\t\t\t\t\t<\/div>\n\t\t\t\t<\/div>\n\t\t\t\t<div class=\"elementor-element elementor-element-a7b8aee elementor-align-left elementor-mobile-align-right elementor-widget elementor-widget-button\" data-id=\"a7b8aee\" data-element_type=\"widget\" data-widget_type=\"button.default\">\n\t\t\t\t<div class=\"elementor-widget-container\">\n\t\t\t\t\t\t\t\t\t<div class=\"elementor-button-wrapper\">\n\t\t\t\t\t<a class=\"elementor-button elementor-button-link elementor-size-sm\" href=\"https:\/\/portal.fairmuse.eu\/pt\/casa\/\">\n\t\t\t\t\t\t<span class=\"elementor-button-content-wrapper\">\n\t\t\t\t\t\t<span class=\"elementor-button-icon\">\n\t\t\t\t<i aria-hidden=\"true\" class=\"fas fa-arrow-right\"><\/i>\t\t\t<\/span>\n\t\t\t\t\t\t\t\t\t<span class=\"elementor-button-text\">Continuar<\/span>\n\t\t\t\t\t<\/span>\n\t\t\t\t\t<\/a>\n\t\t\t\t<\/div>\n\t\t\t\t\t\t\t\t<\/div>\n\t\t\t\t<\/div>\n\t\t\t\t<div class=\"elementor-element elementor-element-ce96a9f elementor-widget elementor-widget-spacer\" data-id=\"ce96a9f\" data-element_type=\"widget\" data-widget_type=\"spacer.default\">\n\t\t\t\t<div class=\"elementor-widget-container\">\n\t\t\t\t\t\t\t<div class=\"elementor-spacer\">\n\t\t\t<div class=\"elementor-spacer-inner\"><\/div>\n\t\t<\/div>\n\t\t\t\t\t\t<\/div>\n\t\t\t\t<\/div>\n\t\t\t\t\t<\/div>\n\t\t\t\t<\/div>\n\t\t<div class=\"elementor-element elementor-element-a66023f e-flex e-con-boxed e-con e-parent\" data-id=\"a66023f\" data-element_type=\"container\">\n\t\t\t\t\t<div class=\"e-con-inner\">\n\t\t\t\t\t<\/div>\n\t\t\t\t<\/div>\n\t\t\t\t<\/div>","protected":false},"excerpt":{"rendered":"<p>INFORMA\u00c7\u00c3O SOBRE O PROCESSAMENTO DE DADOS E DECLARA\u00c7\u00c3O DE CONSENTIMENTO INTRODU\u00c7\u00c3O A Fair MusE valoriza a sua privacidade e processa os seus dados pessoais em conformidade com o Regulamento Geral de Prote\u00e7\u00e3o de Dados da UE: Regulamento (UE) 2016\/679 relativo \u00e0 prote\u00e7\u00e3o das pessoas singulares no que diz respeito ao tratamento de dados pessoais e \u00e0 livre circula\u00e7\u00e3o desses dados (a seguir designado \"RGPD\"). O seu [...]<\/p>","protected":false},"author":1,"featured_media":0,"parent":0,"menu_order":0,"comment_status":"closed","ping_status":"closed","template":"","meta":{"_acf_changed":false,"footnotes":""},"class_list":["post-3","page","type-page","status-publish","hentry"],"acf":[],"_links":{"self":[{"href":"https:\/\/portal.fairmuse.eu\/pt\/wp-json\/wp\/v2\/pages\/3","targetHints":{"allow":["GET"]}}],"collection":[{"href":"https:\/\/portal.fairmuse.eu\/pt\/wp-json\/wp\/v2\/pages"}],"about":[{"href":"https:\/\/portal.fairmuse.eu\/pt\/wp-json\/wp\/v2\/types\/page"}],"author":[{"embeddable":true,"href":"https:\/\/portal.fairmuse.eu\/pt\/wp-json\/wp\/v2\/users\/1"}],"replies":[{"embeddable":true,"href":"https:\/\/portal.fairmuse.eu\/pt\/wp-json\/wp\/v2\/comments?post=3"}],"version-history":[{"count":127,"href":"https:\/\/portal.fairmuse.eu\/pt\/wp-json\/wp\/v2\/pages\/3\/revisions"}],"predecessor-version":[{"id":10918,"href":"https:\/\/portal.fairmuse.eu\/pt\/wp-json\/wp\/v2\/pages\/3\/revisions\/10918"}],"wp:attachment":[{"href":"https:\/\/portal.fairmuse.eu\/pt\/wp-json\/wp\/v2\/media?parent=3"}],"curies":[{"name":"wp","href":"https:\/\/api.w.org\/{rel}","templated":true}]}}