{"id":3477,"date":"2023-12-21T10:24:57","date_gmt":"2023-12-21T09:24:57","guid":{"rendered":"https:\/\/portal.fairmuse.eu\/?page_id=3477"},"modified":"2024-05-02T11:12:32","modified_gmt":"2024-05-02T09:12:32","slug":"inquerito","status":"publish","type":"page","link":"https:\/\/portal.fairmuse.eu\/pt\/inquerito\/","title":{"rendered":"Inqu\u00e9rito"},"content":{"rendered":"<div data-elementor-type=\"wp-page\" data-elementor-id=\"3477\" class=\"elementor elementor-3477\" data-elementor-post-type=\"page\">\n\t\t\t\t<div class=\"elementor-element elementor-element-39e0d3a e-flex e-con-boxed e-con e-parent\" data-id=\"39e0d3a\" data-element_type=\"container\">\n\t\t\t\t\t<div class=\"e-con-inner\">\n\t\t\t\t<div class=\"elementor-element elementor-element-b7fc241 elementor-widget elementor-widget-spacer\" data-id=\"b7fc241\" data-element_type=\"widget\" data-widget_type=\"spacer.default\">\n\t\t\t\t<div class=\"elementor-widget-container\">\n\t\t\t\t\t\t\t<div class=\"elementor-spacer\">\n\t\t\t<div class=\"elementor-spacer-inner\"><\/div>\n\t\t<\/div>\n\t\t\t\t\t\t<\/div>\n\t\t\t\t<\/div>\n\t\t\t\t\t<\/div>\n\t\t\t\t<\/div>\n\t\t<div class=\"elementor-element elementor-element-16a3b45 e-flex e-con-boxed e-con e-parent\" data-id=\"16a3b45\" data-element_type=\"container\">\n\t\t\t\t\t<div class=\"e-con-inner\">\n\t\t<div class=\"elementor-element elementor-element-b555865 e-flex e-con-boxed e-con e-child\" data-id=\"b555865\" data-element_type=\"container\">\n\t\t\t\t\t<div class=\"e-con-inner\">\n\t\t\t\t<div class=\"elementor-element elementor-element-b34649a elementor-widget__width-initial elementor-widget elementor-widget-heading\" data-id=\"b34649a\" data-element_type=\"widget\" data-widget_type=\"heading.default\">\n\t\t\t\t<div class=\"elementor-widget-container\">\n\t\t\t\t\t<h2 class=\"elementor-heading-title elementor-size-default\">Inqu\u00e9rito<\/h2>\t\t\t\t<\/div>\n\t\t\t\t<\/div>\n\t\t\t\t<div class=\"elementor-element elementor-element-bbba4a0 elementor-widget__width-initial elementor-widget elementor-widget-text-editor\" data-id=\"bbba4a0\" data-element_type=\"widget\" data-widget_type=\"text-editor.default\">\n\t\t\t\t<div class=\"elementor-widget-container\">\n\t\t\t\t\t\t\t\t\t<p style=\"text-align: left;\">Neste inqu\u00e9rito, pedimos que nos diga como utiliza os servi\u00e7os de streaming de m\u00fasica. Queremos estudar de que forma estes servi\u00e7os influenciam os nossos h\u00e1bitos de consumo de m\u00fasica, e como estes afetam a possibilidade de descobrir m\u00fasica nova. As suas respostas ajudar-nos-\u00e3o a compreender melhor a sua opini\u00e3o sobre o papel da equidade nas plataformas de streaming de m\u00fasica.\u00a0<\/p><p style=\"text-align: left;\">O inqu\u00e9rito demora cerca de 5 minutos a preencher.<\/p><p style=\"text-align: left;\">Se ainda n\u00e3o se registou ou iniciou sess\u00e3o, leia as informa\u00e7\u00f5es sobre o tratamento de dados e a declara\u00e7\u00e3o de consentimento para concluir o processo<\/p>\t\t\t\t\t\t\t\t<\/div>\n\t\t\t\t<\/div>\n\t\t\t\t<div class=\"elementor-element elementor-element-68888d9 elementor-widget elementor-widget-spacer\" data-id=\"68888d9\" data-element_type=\"widget\" data-widget_type=\"spacer.default\">\n\t\t\t\t<div class=\"elementor-widget-container\">\n\t\t\t\t\t\t\t<div class=\"elementor-spacer\">\n\t\t\t<div class=\"elementor-spacer-inner\"><\/div>\n\t\t<\/div>\n\t\t\t\t\t\t<\/div>\n\t\t\t\t<\/div>\n\t\t\t\t<div class=\"elementor-element elementor-element-0582c0a elementor-align-right elementor-widget elementor-widget-button\" data-id=\"0582c0a\" data-element_type=\"widget\" data-widget_type=\"button.default\">\n\t\t\t\t<div class=\"elementor-widget-container\">\n\t\t\t\t\t\t\t\t\t<div class=\"elementor-button-wrapper\">\n\t\t\t\t\t<a class=\"elementor-button elementor-button-link elementor-size-sm\" href=\"https:\/\/portal.fairmuse.eu\/pt\/preencher-inquerito\/\">\n\t\t\t\t\t\t<span class=\"elementor-button-content-wrapper\">\n\t\t\t\t\t\t\t\t\t<span class=\"elementor-button-text\">Preencher inqu\u00e9rito<\/span>\n\t\t\t\t\t<\/span>\n\t\t\t\t\t<\/a>\n\t\t\t\t<\/div>\n\t\t\t\t\t\t\t\t<\/div>\n\t\t\t\t<\/div>\n\t\t\t\t\t<\/div>\n\t\t\t\t<\/div>\n\t\t<div class=\"elementor-element elementor-element-de8fc94 e-con-full e-flex e-con e-child\" data-id=\"de8fc94\" data-element_type=\"container\">\n\t\t\t\t<div class=\"elementor-element elementor-element-0b53b22 elementor-widget elementor-widget-spacer\" data-id=\"0b53b22\" data-element_type=\"widget\" data-widget_type=\"spacer.default\">\n\t\t\t\t<div class=\"elementor-widget-container\">\n\t\t\t\t\t\t\t<div class=\"elementor-spacer\">\n\t\t\t<div class=\"elementor-spacer-inner\"><\/div>\n\t\t<\/div>\n\t\t\t\t\t\t<\/div>\n\t\t\t\t<\/div>\n\t\t\t\t<\/div>\n\t\t\t\t\t<\/div>\n\t\t\t\t<\/div>\n\t\t\t\t<\/div>","protected":false},"excerpt":{"rendered":"<p>Inqu\u00e9rito Neste inqu\u00e9rito, pedimos-lhe que nos diga como utiliza os servi\u00e7os de streaming de m\u00fasica. Queremos estudar a forma como estes servi\u00e7os influenciam os nossos h\u00e1bitos de audi\u00e7\u00e3o e como afectam a possibilidade de descobrir novas m\u00fasicas. As suas respostas ajudar-nos-\u00e3o a compreender melhor a sua opini\u00e3o sobre a forma como a equidade desempenha um papel no streaming de m\u00fasica [...]<\/p>","protected":false},"author":2,"featured_media":0,"parent":0,"menu_order":0,"comment_status":"closed","ping_status":"closed","template":"","meta":{"_acf_changed":false,"footnotes":""},"class_list":["post-3477","page","type-page","status-publish","hentry"],"acf":[],"_links":{"self":[{"href":"https:\/\/portal.fairmuse.eu\/pt\/wp-json\/wp\/v2\/pages\/3477","targetHints":{"allow":["GET"]}}],"collection":[{"href":"https:\/\/portal.fairmuse.eu\/pt\/wp-json\/wp\/v2\/pages"}],"about":[{"href":"https:\/\/portal.fairmuse.eu\/pt\/wp-json\/wp\/v2\/types\/page"}],"author":[{"embeddable":true,"href":"https:\/\/portal.fairmuse.eu\/pt\/wp-json\/wp\/v2\/users\/2"}],"replies":[{"embeddable":true,"href":"https:\/\/portal.fairmuse.eu\/pt\/wp-json\/wp\/v2\/comments?post=3477"}],"version-history":[{"count":517,"href":"https:\/\/portal.fairmuse.eu\/pt\/wp-json\/wp\/v2\/pages\/3477\/revisions"}],"predecessor-version":[{"id":8046,"href":"https:\/\/portal.fairmuse.eu\/pt\/wp-json\/wp\/v2\/pages\/3477\/revisions\/8046"}],"wp:attachment":[{"href":"https:\/\/portal.fairmuse.eu\/pt\/wp-json\/wp\/v2\/media?parent=3477"}],"curies":[{"name":"wp","href":"https:\/\/api.w.org\/{rel}","templated":true}]}}