{"id":9148,"date":"2024-08-20T15:18:52","date_gmt":"2024-08-20T13:18:52","guid":{"rendered":"https:\/\/portal.local\/?page_id=9148"},"modified":"2024-12-03T09:27:41","modified_gmt":"2024-12-03T08:27:41","slug":"o-meu-perfil-musical-temporario","status":"publish","type":"page","link":"https:\/\/portal.fairmuse.eu\/pt\/o-meu-perfil-musical-temporario\/","title":{"rendered":"O meu perfil musical - Temp"},"content":{"rendered":"<div data-elementor-type=\"wp-page\" data-elementor-id=\"9148\" class=\"elementor elementor-9148\" data-elementor-post-type=\"page\">\n\t\t\t\t<div class=\"elementor-element elementor-element-1653a04 e-flex e-con-boxed e-con e-parent\" data-id=\"1653a04\" data-element_type=\"container\">\n\t\t\t\t\t<div class=\"e-con-inner\">\n\t\t\t\t<div class=\"elementor-element elementor-element-0446c61 elementor-widget elementor-widget-spacer\" data-id=\"0446c61\" data-element_type=\"widget\" data-widget_type=\"spacer.default\">\n\t\t\t\t<div class=\"elementor-widget-container\">\n\t\t\t\t\t\t\t<div class=\"elementor-spacer\">\n\t\t\t<div class=\"elementor-spacer-inner\"><\/div>\n\t\t<\/div>\n\t\t\t\t\t\t<\/div>\n\t\t\t\t<\/div>\n\t\t\t\t<div class=\"elementor-element elementor-element-104c89a elementor-widget__width-initial elementor-widget elementor-widget-heading\" data-id=\"104c89a\" data-element_type=\"widget\" data-widget_type=\"heading.default\">\n\t\t\t\t<div class=\"elementor-widget-container\">\n\t\t\t\t\t<h2 class=\"elementor-heading-title elementor-size-default\">O seu perfil musical<\/h2>\t\t\t\t<\/div>\n\t\t\t\t<\/div>\n\t\t\t\t<div class=\"elementor-element elementor-element-afe33da elementor-widget__width-initial elementor-widget elementor-widget-text-editor\" data-id=\"afe33da\" data-element_type=\"widget\" data-widget_type=\"text-editor.default\">\n\t\t\t\t<div class=\"elementor-widget-container\">\n\t\t\t\t\t\t\t\t\t<p style=\"text-align: center;\"><span style=\"text-align: left; font-family: var( --e-global-typography-text-font-family ), Sans-serif; font-size: var( --e-global-typography-text-font-size ); font-style: var( --e-global-typography-text-font-style ); letter-spacing: var( --e-global-typography-text-letter-spacing ); text-transform: var( --e-global-typography-text-text-transform ); word-spacing: var( --e-global-typography-text-word-spacing ); text-decoration: var( --e-global-typography-text-text-decoration );\">Aqui poder\u00e1 obter algumas informa\u00e7\u00f5es sobre os seus h\u00e1bitos de audi\u00e7\u00e3o de m\u00fasica com base nos dados que partilhou connosco. Apresentaremos os artistas, g\u00e9neros e gostos gerais mais ouvidos para descobrir que tipo de ouvinte \u00e9.<\/span><\/p><p style=\"text-align: center;\"><span style=\"text-align: left; font-family: var( --e-global-typography-text-font-family ), Sans-serif; font-size: var( --e-global-typography-text-font-size ); font-style: var( --e-global-typography-text-font-style ); letter-spacing: var( --e-global-typography-text-letter-spacing ); text-transform: var( --e-global-typography-text-text-transform ); word-spacing: var( --e-global-typography-text-word-spacing ); text-decoration: var( --e-global-typography-text-text-decoration );\">Com estes dados, poder\u00e1 tamb\u00e9m avaliar a equidade (fairness) dos seus h\u00e1bitos musicais, compar\u00e1-los com outros e obter informa\u00e7\u00f5es sobre o panorama da equidade (fairness) na ind\u00fastria musical europeia.\nObrigado pela sua paci\u00eancia.<\/span><\/p>\t\t\t\t\t\t\t\t<\/div>\n\t\t\t\t<\/div>\n\t\t\t\t<div class=\"elementor-element elementor-element-7ee2514 elementor-widget elementor-widget-spacer\" data-id=\"7ee2514\" data-element_type=\"widget\" data-widget_type=\"spacer.default\">\n\t\t\t\t<div class=\"elementor-widget-container\">\n\t\t\t\t\t\t\t<div class=\"elementor-spacer\">\n\t\t\t<div class=\"elementor-spacer-inner\"><\/div>\n\t\t<\/div>\n\t\t\t\t\t\t<\/div>\n\t\t\t\t<\/div>\n\t\t\t\t\t<\/div>\n\t\t\t\t<\/div>\n\t\t\t\t<\/div>","protected":false},"excerpt":{"rendered":"<p>O seu perfil musical Em breve, poder\u00e1 ver os seus h\u00e1bitos de audi\u00e7\u00e3o de m\u00fasica, com base nos dados carregados que partilhou connosco. Apresentaremos os artistas, g\u00e9neros e gostos gerais mais ouvidos para descobrir que tipo de ouvinte \u00e9. Com estes dados, tamb\u00e9m poder\u00e1s avaliar os [...]<\/p>","protected":false},"author":1,"featured_media":0,"parent":0,"menu_order":0,"comment_status":"closed","ping_status":"closed","template":"","meta":{"_acf_changed":false,"footnotes":""},"class_list":["post-9148","page","type-page","status-publish","hentry"],"acf":[],"_links":{"self":[{"href":"https:\/\/portal.fairmuse.eu\/pt\/wp-json\/wp\/v2\/pages\/9148","targetHints":{"allow":["GET"]}}],"collection":[{"href":"https:\/\/portal.fairmuse.eu\/pt\/wp-json\/wp\/v2\/pages"}],"about":[{"href":"https:\/\/portal.fairmuse.eu\/pt\/wp-json\/wp\/v2\/types\/page"}],"author":[{"embeddable":true,"href":"https:\/\/portal.fairmuse.eu\/pt\/wp-json\/wp\/v2\/users\/1"}],"replies":[{"embeddable":true,"href":"https:\/\/portal.fairmuse.eu\/pt\/wp-json\/wp\/v2\/comments?post=9148"}],"version-history":[{"count":10,"href":"https:\/\/portal.fairmuse.eu\/pt\/wp-json\/wp\/v2\/pages\/9148\/revisions"}],"predecessor-version":[{"id":10307,"href":"https:\/\/portal.fairmuse.eu\/pt\/wp-json\/wp\/v2\/pages\/9148\/revisions\/10307"}],"wp:attachment":[{"href":"https:\/\/portal.fairmuse.eu\/pt\/wp-json\/wp\/v2\/media?parent=9148"}],"curies":[{"name":"wp","href":"https:\/\/api.w.org\/{rel}","templated":true}]}}