{"id":974,"date":"2023-10-24T15:02:05","date_gmt":"2023-10-24T13:02:05","guid":{"rendered":"https:\/\/portal.fairmuse.eu\/?page_id=974"},"modified":"2024-08-14T10:29:19","modified_gmt":"2024-08-14T08:29:19","slug":"instrucoes-do-spotify","status":"publish","type":"page","link":"https:\/\/portal.fairmuse.eu\/pt\/instrucoes-do-spotify\/","title":{"rendered":"Instru\u00e7\u00f5es do Spotify"},"content":{"rendered":"<div data-elementor-type=\"wp-page\" data-elementor-id=\"974\" class=\"elementor elementor-974\" data-elementor-post-type=\"page\">\n\t\t\t\t<div class=\"elementor-element elementor-element-d0b8a49 e-flex e-con-boxed e-con e-parent\" data-id=\"d0b8a49\" data-element_type=\"container\">\n\t\t\t\t\t<div class=\"e-con-inner\">\n\t\t\t\t<div class=\"elementor-element elementor-element-9969cf3 elementor-widget elementor-widget-spacer\" data-id=\"9969cf3\" data-element_type=\"widget\" data-widget_type=\"spacer.default\">\n\t\t\t\t<div class=\"elementor-widget-container\">\n\t\t\t\t\t\t\t<div class=\"elementor-spacer\">\n\t\t\t<div class=\"elementor-spacer-inner\"><\/div>\n\t\t<\/div>\n\t\t\t\t\t\t<\/div>\n\t\t\t\t<\/div>\n\t\t\t\t\t<\/div>\n\t\t\t\t<\/div>\n\t\t<div class=\"elementor-element elementor-element-774d823 e-flex e-con-boxed e-con e-parent\" data-id=\"774d823\" data-element_type=\"container\">\n\t\t\t\t\t<div class=\"e-con-inner\">\n\t\t<div class=\"elementor-element elementor-element-3b3bd09 e-con-full e-flex e-con e-child\" data-id=\"3b3bd09\" data-element_type=\"container\">\n\t\t\t\t<div class=\"elementor-element elementor-element-ac1abcf elementor-widget__width-initial elementor-widget elementor-widget-image\" data-id=\"ac1abcf\" data-element_type=\"widget\" data-widget_type=\"image.default\">\n\t\t\t\t<div class=\"elementor-widget-container\">\n\t\t\t\t\t\t\t\t\t\t\t\t\t\t\t<img decoding=\"async\" width=\"150\" height=\"150\" src=\"https:\/\/portal.fairmuse.eu\/wp-content\/uploads\/2023\/11\/datashare-icon-150x150.png\" class=\"attachment-thumbnail size-thumbnail wp-image-1850\" alt=\"Portal FairMusE\" srcset=\"https:\/\/portal.fairmuse.eu\/wp-content\/uploads\/2023\/11\/datashare-icon-150x150.png 150w, https:\/\/portal.fairmuse.eu\/wp-content\/uploads\/2023\/11\/datashare-icon-300x300.png 300w, https:\/\/portal.fairmuse.eu\/wp-content\/uploads\/2023\/11\/datashare-icon-1024x1024.png 1024w, https:\/\/portal.fairmuse.eu\/wp-content\/uploads\/2023\/11\/datashare-icon-768x768.png 768w, https:\/\/portal.fairmuse.eu\/wp-content\/uploads\/2023\/11\/datashare-icon-1536x1536.png 1536w, https:\/\/portal.fairmuse.eu\/wp-content\/uploads\/2023\/11\/datashare-icon.png 1653w\" sizes=\"(max-width: 150px) 100vw, 150px\" \/>\t\t\t\t\t\t\t\t\t\t\t\t\t\t\t<\/div>\n\t\t\t\t<\/div>\n\t\t\t\t<\/div>\n\t\t<div class=\"elementor-element elementor-element-310be2f e-con-full e-flex e-con e-child\" data-id=\"310be2f\" data-element_type=\"container\" data-settings=\"{&quot;background_background&quot;:&quot;classic&quot;}\">\n\t\t\t\t<div class=\"elementor-element elementor-element-95574d7 elementor-widget__width-initial elementor-widget elementor-widget-heading\" data-id=\"95574d7\" data-element_type=\"widget\" data-widget_type=\"heading.default\">\n\t\t\t\t<div class=\"elementor-widget-container\">\n\t\t\t\t\t<h2 class=\"elementor-heading-title elementor-size-default\">Obtenha o seu hist\u00f3rico de audi\u00e7\u00e3o do Spotify<\/h2>\t\t\t\t<\/div>\n\t\t\t\t<\/div>\n\t\t\t\t<\/div>\n\t\t\t\t\t<\/div>\n\t\t\t\t<\/div>\n\t\t<div class=\"elementor-element elementor-element-1723de2 e-con-full e-flex e-con e-parent\" data-id=\"1723de2\" data-element_type=\"container\">\n\t\t<div class=\"elementor-element elementor-element-db4e473 e-con-full e-flex e-con e-child\" data-id=\"db4e473\" data-element_type=\"container\">\n\t\t\t\t<div class=\"elementor-element elementor-element-5cb2397 elementor-widget elementor-widget-text-editor\" data-id=\"5cb2397\" data-element_type=\"widget\" data-widget_type=\"text-editor.default\">\n\t\t\t\t<div class=\"elementor-widget-container\">\n\t\t\t\t\t\t\t\t\t<p>Se utiliza o Spotify, siga os passos abaixo para pedir os seus dados. Recomendamos a utiliza\u00e7\u00e3o de um computador; n\u00e3o \u00e9 poss\u00edvel fazer isto atrav\u00e9s da aplica\u00e7\u00e3o m\u00f3vel do Spotify<\/p><p>Se tiver d\u00favidas ou problemas t\u00e9cnicos, <a style=\"color: #000000; text-decoration: underline;\" href=\"https:\/\/portal.fairmuse.eu\/pt\/contacto\/\">envie-nos uma mensagem!<\/a><\/p>\t\t\t\t\t\t\t\t<\/div>\n\t\t\t\t<\/div>\n\t\t\t\t<div class=\"elementor-element elementor-element-891adbf elementor-widget__width-initial elementor-widget elementor-widget-eael-adv-accordion\" data-id=\"891adbf\" data-element_type=\"widget\" data-widget_type=\"eael-adv-accordion.default\">\n\t\t\t\t<div class=\"elementor-widget-container\">\n\t\t\t\t\t        <div class=\"eael-adv-accordion\" id=\"eael-adv-accordion-891adbf\" data-scroll-on-click=\"no\" data-scroll-speed=\"300\" data-accordion-id=\"891adbf\" data-accordion-type=\"accordion\" data-toogle-speed=\"300\">\n    <div class=\"eael-accordion-list\">\n                <div id=\"1-log-in-to-spotify\" class=\"elementor-tab-title eael-accordion-header active-default\" tabindex=\"0\" data-tab=\"1\" aria-controls=\"elementor-tab-content-1431\"><p class=\"eael-accordion-tab-title\">1. Iniciar sess\u00e3o no Spotify<\/p><i aria-hidden=\"true\" class=\"fa-toggle fas fa-arrow-right\"><\/i><\/div><div id=\"elementor-tab-content-1431\" class=\"eael-accordion-content clearfix active-default\" data-tab=\"1\" aria-labelledby=\"1-log-in-to-spotify\"><table bgcolor=\"ffffff\"><tbody><tr><td style=\"background-color: #ffffff; border: 0;\"><p>1. Entre em:<\/p><p><span style=\"text-decoration: underline;\"><a style=\"color: black; text-decoration: underline;\" href=\"https:\/\/accounts.spotify.com\/\" target=\"_blank\" rel=\"noopener\">https:\/\/accounts.spotify.com\/<\/a><\/span><\/p><p>\u00a0<\/p><p>2. Inicie sess\u00e3o na sua conta Spotify para aceder \u00e0 vista geral da sua conta.<\/p><p>\u00a0<\/p><p>3. Desloque-se para baixo e clique em \"Defini\u00e7\u00f5es de privacidade\".<\/p><\/td><\/tr><tr><td style=\"background-color: #ffffff; border: 0;\"><img fetchpriority=\"high\" decoding=\"async\" class=\"aligncenter wp-image-1102\" src=\"https:\/\/portal.fairmuse.eu\/wp-content\/uploads\/2023\/10\/Step1-Spotify.jpg\" alt=\"\" width=\"500\" height=\"413\" \/><\/td><\/tr><\/tbody><\/table><\/div>\n                <\/div><div class=\"eael-accordion-list\">\n                <div id=\"2-ask-for-your-spotify-data\" class=\"elementor-tab-title eael-accordion-header\" tabindex=\"0\" data-tab=\"2\" aria-controls=\"elementor-tab-content-1432\"><p class=\"eael-accordion-tab-title\">2. Pe\u00e7a os seus dados de Spotify<\/p><i aria-hidden=\"true\" class=\"fa-toggle fas fa-arrow-right\"><\/i><\/div><div id=\"elementor-tab-content-1432\" class=\"eael-accordion-content clearfix\" data-tab=\"2\" aria-labelledby=\"2-ask-for-your-spotify-data\"><p style=\"text-align: left;\">Des\u00e7a um pouco a p\u00e1gina at\u00e9 \u00e0 sec\u00e7\u00e3o \"Descarregar os seus dados\" (ou semelhante)<\/p><table bgcolor=\"ffffff\"><tbody><tr><td style=\"background-color: #ffffff; border: 0;\"><p>1. Assinale a op\u00e7\u00e3o \"<strong>Selecionar<\/strong> <strong>Hist\u00f3rico de streaming alargado<\/strong>.&#8221;\u00a0<\/p><p>\u00a0<\/p><p>2. Desmarque a caixa \"<strong>Selecionar<\/strong> <strong>Dados da conta<\/strong>.&#8221;<\/p><p>\u00a0<\/p><p>3. Prima o bot\u00e3o verde \"<strong>Pedir dados<\/strong>.&#8221;<\/p><p>\u00a0<\/p><p>4. O Spotify envia-lhe agora um e-mail para que confirme a encomenda.<\/p><p>\u00a0<\/p><\/td><\/tr><tr><td style=\"background-color: #ffffff; border: 0;\"><img decoding=\"async\" class=\"aligncenter wp-image-7490 size-full\" src=\"https:\/\/portal.fairmuse.eu\/wp-content\/uploads\/2024\/04\/Step-2-Spotify.jpg\" alt=\"\" width=\"1326\" height=\"1118\" srcset=\"https:\/\/portal.fairmuse.eu\/wp-content\/uploads\/2024\/04\/Step-2-Spotify.jpg 1326w, https:\/\/portal.fairmuse.eu\/wp-content\/uploads\/2024\/04\/Step-2-Spotify-300x253.jpg 300w, https:\/\/portal.fairmuse.eu\/wp-content\/uploads\/2024\/04\/Step-2-Spotify-1024x863.jpg 1024w, https:\/\/portal.fairmuse.eu\/wp-content\/uploads\/2024\/04\/Step-2-Spotify-768x648.jpg 768w, https:\/\/portal.fairmuse.eu\/wp-content\/uploads\/2024\/04\/Step-2-Spotify-14x12.jpg 14w\" sizes=\"(max-width: 1326px) 100vw, 1326px\" \/><\/td><\/tr><\/tbody><\/table><\/div>\n                <\/div><div class=\"eael-accordion-list\">\n                <div id=\"3-confirm-your-request-and-wait\" class=\"elementor-tab-title eael-accordion-header\" tabindex=\"0\" data-tab=\"3\" aria-controls=\"elementor-tab-content-1433\"><p class=\"eael-accordion-tab-title\">3. Confirme o seu pedido e aguarde<\/p><i aria-hidden=\"true\" class=\"fa-toggle fas fa-arrow-right\"><\/i><\/div><div id=\"elementor-tab-content-1433\" class=\"eael-accordion-content clearfix\" data-tab=\"3\" aria-labelledby=\"3-confirm-your-request-and-wait\"><table bgcolor=\"ffffff\"><tbody><tr><td style=\"background-color: #ffffff; border: 0;\"><p>1. Abra o e-mail que utiliza para a sua conta Spotify. Confirme o seu pedido. Se n\u00e3o receber nenhuma mensagem de correio eletr\u00f3nico, verifique a sua pasta de spam<\/p><p>\u00a0<\/p><p>2. Uma vez confirmado, ser\u00e1 notificado de que o seu pedido foi aceite<\/p><p>\u00a0<\/p><p>3. Agora, o Spotify prepara os seus dados para serem descarregados. Isso levar\u00e1 algum tempo, normalmente de uma a quatro semanas, dependendo do tempo de utiliza\u00e7\u00e3o do Spotify.<\/p><p>\u00a0<\/p><p>4. Podemos enviar-lhe um e-mail de lembrete quando acharmos que os seus dados est\u00e3o prontos para serem descarregados. Pode inscrever-se aqui: <a style=\"color: black; text-decoration: underline;\" href=\"https:\/\/portal.fairmuse.eu\/pt\/lembrete\/\">https:\/\/portal.fairmuse.eu\/reminder\/<\/a><\/p><p>\u00a0<\/p><p>5. Quando os dados estiverem prontos para ser descarregados, o Spotify envia-lhe um e-mail<\/p><p>\u00a0<\/p><\/td><\/tr><tr><td style=\"background-color: #ffffff; border: 0;\"><img loading=\"lazy\" decoding=\"async\" class=\"wp-image-1119 aligncenter\" src=\"https:\/\/portal.fairmuse.eu\/wp-content\/uploads\/2023\/10\/Step3-Spotify.jpg\" alt=\"\" width=\"443\" height=\"500\" srcset=\"https:\/\/portal.fairmuse.eu\/wp-content\/uploads\/2023\/10\/Step3-Spotify.jpg 798w, https:\/\/portal.fairmuse.eu\/wp-content\/uploads\/2023\/10\/Step3-Spotify-266x300.jpg 266w, https:\/\/portal.fairmuse.eu\/wp-content\/uploads\/2023\/10\/Step3-Spotify-768x866.jpg 768w\" sizes=\"(max-width: 443px) 100vw, 443px\" \/><\/td><\/tr><tr><td style=\"background-color: #ffffff; border: 0;\"><img loading=\"lazy\" decoding=\"async\" class=\"wp-image-1123 aligncenter\" src=\"https:\/\/portal.fairmuse.eu\/wp-content\/uploads\/2023\/10\/Step3.5-Spotify.jpg\" alt=\"\" width=\"564\" height=\"500\" srcset=\"https:\/\/portal.fairmuse.eu\/wp-content\/uploads\/2023\/10\/Step3.5-Spotify.jpg 799w, https:\/\/portal.fairmuse.eu\/wp-content\/uploads\/2023\/10\/Step3.5-Spotify-300x266.jpg 300w, https:\/\/portal.fairmuse.eu\/wp-content\/uploads\/2023\/10\/Step3.5-Spotify-768x681.jpg 768w\" sizes=\"(max-width: 564px) 100vw, 564px\" \/><\/td><\/tr><\/tbody><\/table><\/div>\n                <\/div><div class=\"eael-accordion-list\">\n                <div id=\"4-download-your-spotify-data\" class=\"elementor-tab-title eael-accordion-header\" tabindex=\"0\" data-tab=\"4\" aria-controls=\"elementor-tab-content-1434\"><p class=\"eael-accordion-tab-title\">4. Descarregue os seus dados Spotify<\/p><i aria-hidden=\"true\" class=\"fa-toggle fas fa-arrow-right\"><\/i><\/div><div id=\"elementor-tab-content-1434\" class=\"eael-accordion-content clearfix\" data-tab=\"4\" aria-labelledby=\"4-download-your-spotify-data\"><p>Quando os seus dados estiverem prontos para ser descarregados, receber\u00e1 um e-mail do Spotify com o seu hist\u00f3rico de audi\u00e7\u00e3o alargado.<\/p><table bgcolor=\"ffffff\"><tbody><tr><td style=\"background-color: #ffffff; border: 0;\"><p>Encontre o e-mail do Spotify com o t\u00edtulo \"O seu hist\u00f3rico de streaming alargado est\u00e1 pronto para ser transferido\".<\/p><p>Descarregue os seus dados para o seu computador. A \"pasta de transfer\u00eancias\" \u00e9 o local habitual onde estes dados ficar\u00e3o guardados no seu computador.<\/p><\/td><\/tr><tr><td style=\"background-color: #ffffff; border: 0;\"><img loading=\"lazy\" decoding=\"async\" class=\"wp-image-1436 size-full aligncenter\" src=\"https:\/\/portal.fairmuse.eu\/wp-content\/uploads\/2023\/11\/Step-5.5-Spotify.jpg\" alt=\"\" width=\"549\" height=\"738\" srcset=\"https:\/\/portal.fairmuse.eu\/wp-content\/uploads\/2023\/11\/Step-5.5-Spotify.jpg 549w, https:\/\/portal.fairmuse.eu\/wp-content\/uploads\/2023\/11\/Step-5.5-Spotify-223x300.jpg 223w\" sizes=\"(max-width: 549px) 100vw, 549px\" \/><\/td><\/tr><tr><td style=\"background-color: #ffffff; border: 0;\">\u00a0<\/td><\/tr><\/tbody><\/table><\/div>\n                <\/div><div class=\"eael-accordion-list\">\n                <div id=\"5-upload-your-spotify-data\" class=\"elementor-tab-title eael-accordion-header\" tabindex=\"0\" data-tab=\"5\" aria-controls=\"elementor-tab-content-1435\"><p class=\"eael-accordion-tab-title\">5. Carregue os seus dados Spotify<\/p><i aria-hidden=\"true\" class=\"fa-toggle fas fa-arrow-right\"><\/i><\/div><div id=\"elementor-tab-content-1435\" class=\"eael-accordion-content clearfix\" data-tab=\"5\" aria-labelledby=\"5-upload-your-spotify-data\"><p style=\"text-align: center;\">Quando tiver descarregado os dados do Spotify, est\u00e1 pronto para os enviar para o projeto de investiga\u00e7\u00e3o Fair MusE. O ficheiro a carregar chama-se \"SpotifyExtendedStreamingHistory.zip\".<\/p><p>\u00a0<\/p><p style=\"text-align: center;\">Iremos filtrar e remover todos os dados que n\u00e3o estejam relacionados com os seus h\u00e1bitos de audi\u00e7\u00e3o de m\u00fasica.<\/p><p style=\"text-align: center;\">Prima o bot\u00e3o abaixo para carregar os seus dados musicais.<\/p><p style=\"text-align: center;\">Obrigado por ter conclu\u00eddo o processo de pedido de dados!<\/p><\/div>\n                <\/div><\/div>\t\t\t\t<\/div>\n\t\t\t\t<\/div>\n\t\t\t\t<div class=\"elementor-element elementor-element-917afc0 elementor-align-center elementor-widget elementor-widget-button\" data-id=\"917afc0\" data-element_type=\"widget\" data-widget_type=\"button.default\">\n\t\t\t\t<div class=\"elementor-widget-container\">\n\t\t\t\t\t\t\t\t\t<div class=\"elementor-button-wrapper\">\n\t\t\t\t\t<a class=\"elementor-button elementor-button-link elementor-size-sm\" href=\"https:\/\/portal.fairmuse.eu\/pt\/carregar\/\" target=\"_blank\">\n\t\t\t\t\t\t<span class=\"elementor-button-content-wrapper\">\n\t\t\t\t\t\t\t\t\t<span class=\"elementor-button-text\">Carregar os seus dados<\/span>\n\t\t\t\t\t<\/span>\n\t\t\t\t\t<\/a>\n\t\t\t\t<\/div>\n\t\t\t\t\t\t\t\t<\/div>\n\t\t\t\t<\/div>\n\t\t\t\t<\/div>\n\t\t\t\t<\/div>\n\t\t<div class=\"elementor-element elementor-element-3c5d548 e-con-full e-flex e-con e-parent\" data-id=\"3c5d548\" data-element_type=\"container\">\n\t\t\t\t<div class=\"elementor-element elementor-element-d63599b elementor-widget elementor-widget-spacer\" data-id=\"d63599b\" data-element_type=\"widget\" data-widget_type=\"spacer.default\">\n\t\t\t\t<div class=\"elementor-widget-container\">\n\t\t\t\t\t\t\t<div class=\"elementor-spacer\">\n\t\t\t<div class=\"elementor-spacer-inner\"><\/div>\n\t\t<\/div>\n\t\t\t\t\t\t<\/div>\n\t\t\t\t<\/div>\n\t\t\t\t<\/div>\n\t\t\t\t<\/div>","protected":false},"excerpt":{"rendered":"<p>Obter o seu hist\u00f3rico de audi\u00e7\u00e3o do Spotify Se utiliza o Spotify, siga os passos abaixo para pedir os seus dados. Recomendamos a utiliza\u00e7\u00e3o de um computador, porque n\u00e3o \u00e9 poss\u00edvel fazer isto atrav\u00e9s da aplica\u00e7\u00e3o Spotify. Se tiveres d\u00favidas ou problemas t\u00e9cnicos, escreve-nos uma mensagem! 1. Iniciar sess\u00e3o no Spotify 1. Acede a: https:\/\/accounts.spotify.com\/ 2. [...]<\/p>","protected":false},"author":2,"featured_media":0,"parent":0,"menu_order":0,"comment_status":"closed","ping_status":"closed","template":"","meta":{"_acf_changed":false,"footnotes":""},"class_list":["post-974","page","type-page","status-publish","hentry"],"acf":[],"_links":{"self":[{"href":"https:\/\/portal.fairmuse.eu\/pt\/wp-json\/wp\/v2\/pages\/974","targetHints":{"allow":["GET"]}}],"collection":[{"href":"https:\/\/portal.fairmuse.eu\/pt\/wp-json\/wp\/v2\/pages"}],"about":[{"href":"https:\/\/portal.fairmuse.eu\/pt\/wp-json\/wp\/v2\/types\/page"}],"author":[{"embeddable":true,"href":"https:\/\/portal.fairmuse.eu\/pt\/wp-json\/wp\/v2\/users\/2"}],"replies":[{"embeddable":true,"href":"https:\/\/portal.fairmuse.eu\/pt\/wp-json\/wp\/v2\/comments?post=974"}],"version-history":[{"count":736,"href":"https:\/\/portal.fairmuse.eu\/pt\/wp-json\/wp\/v2\/pages\/974\/revisions"}],"predecessor-version":[{"id":9096,"href":"https:\/\/portal.fairmuse.eu\/pt\/wp-json\/wp\/v2\/pages\/974\/revisions\/9096"}],"wp:attachment":[{"href":"https:\/\/portal.fairmuse.eu\/pt\/wp-json\/wp\/v2\/media?parent=974"}],"curies":[{"name":"wp","href":"https:\/\/api.w.org\/{rel}","templated":true}]}}